{"id":454,"date":"2015-03-08T17:56:44","date_gmt":"2015-03-08T16:56:44","guid":{"rendered":"http:\/\/pages.pedf.cuni.cz\/kddd\/?page_id=454"},"modified":"2021-02-10T17:43:22","modified_gmt":"2021-02-10T16:43:22","slug":"erasmus-vyjizdejici-studenti","status":"publish","type":"page","link":"https:\/\/pages.pedf.cuni.cz\/kddd\/studenti\/erasmus-vyjizdejici-studenti\/","title":{"rendered":"Erasmus &#8211; vyj\u00ed\u017ed\u011bj\u00edc\u00ed studenti"},"content":{"rendered":"<ul>\n<li><a href=\"http:\/\/www.cuni.cz\/UK-229.html\" target=\"_blank\" rel=\"noopener noreferrer\">V\u0161eobecn\u00e9 informace o studiu v r\u00e1mci programu Erasmus+ na UK<\/a><\/li>\n<li><a href=\"http:\/\/www.pedf.cuni.cz\/PEDF-170.html\" target=\"_blank\" rel=\"noopener noreferrer\">Z\u00e1kladn\u00ed informace o studiu v r\u00e1mci programu Erasmus+ na Pedagogick\u00e9 fakult\u011b<\/a><\/li>\n<li><a title=\"Erasmus+ 2015\/16\" href=\"http:\/\/www.cuni.cz\/UK-7475.html\">Dal\u0161\u00ed informace<\/a><\/li>\n<li><a href=\"https:\/\/pedf.cuni.cz\/PEDF-61.html?event=20790&amp;lang=cz\">Registrace pro v\u00fdjezd do zahrani\u010d\u00ed v r\u00e1mci rogramu ERASMUS+ v roce 2020\/21<\/a><\/li>\n<\/ul>\n<p><b>Program Erasmus+ na Kated\u0159e d\u011bjin a didaktiky d\u011bjepisu<br \/>\n<\/b>Katedr\u00e1ln\u00ed koordin\u00e1tor: PhDr. Iva Ber\u00e1nkov\u00e1 ( <a class=\"spamspan\" href=\"mailto:iva.berankova@pedf.cuni.cz\">iva.berankova@pedf.cuni.cz<\/a> ).<\/p>\n<p>Katedra d\u011bjin a didaktiky d\u011bjepisu se \u00fa\u010dastn\u00ed na programu Erasmus od roku 2001. Pro roky 2014-2021 m\u00e1me uzav\u0159eny n\u00e1sleduj\u00edc\u00ed bilater\u00e1ln\u00ed smlouvy: s francouzskou Universit\u00e9 de <b>Nantes<\/b> a v<b> Perpignanu<\/b>, n\u011bmeckou v <a href=\"https:\/\/www.youtube.com\/watch?v=lvtEG61YLy4\"><b>Mannheimu <\/b><\/a>a Ludwig-Maximilians-Universit\u00e4t v <b>Mnichov\u011b<\/b>, se slovinskou univerzitou v <b>Koperu <\/b>a <b>Lublani<\/b>, polskou univerzitou v <b>Rzeszow\u011b<\/b>, <b>Poznani,<\/b> <b>Krakov\u011b<\/b>, ve <strong>Vratislavi<\/strong>, s tureckou univerzitou v <b>Konyi<\/b>, rakouskou univerzitou ve <b>V\u00eddni<\/b> a univerzitou <b>du Luxembourg<\/b>. Od roku 2015 je uzav\u0159ena smlouva s <b>Bratislavou,<\/b> <b>B\u00e1nskou Bystric\u00ed,<\/b> \u0161pan\u011blsk\u00fdm <strong>Oviedem<\/strong><strong>. <\/strong>Od roku 2016 budete moci vyjet do<strong> Frankfurtu nad Mohanem. <\/strong>D\u00e1le m\u00e1me smlouvu s makedonskou<strong> Skopj\u00ed<\/strong>, \u0161v\u00e9dskou <strong>Uppsalou<\/strong> a ma\u010farskou <strong>Budape\u0161t\u00ed<\/strong>. Nov\u011b jsme uzav\u0159eli smlouvu s univerzitou v n\u011bmeck\u00e9m <strong>Bambergu<\/strong>. Tento seznam je jen<strong> r\u00e1mcov\u00fd<\/strong> &#8211; aktu\u00e1ln\u00ed seznam bilater\u00e1ln\u00edch dohod v\u0161ech kateder\u00a0je vyv\u011b\u0161en ve <a href=\"https:\/\/is.cuni.cz\/webapps\/\"><strong>webov\u00fdch aplikac\u00edch UK<\/strong><\/a>, kam se mus\u00edte p\u0159ihl\u00e1sit.<\/p>\n<p><b>PROS\u00cdM V\u0160ECHNY Z\u00c1JEMCE, ABY SI P\u0158ED POD\u00c1N\u00cdM \u017d\u00c1DOSTI D\u016eKLADN\u011a P\u0158E\u010cETLI VE\u0160KER\u00c9 INFORMACE A POKYNY NA <a href=\"http:\/\/www.cuni.cz\/UK-231.html\" target=\"_blank\" rel=\"noopener noreferrer\">REKTOR\u00c1TN\u00cdCH STR\u00c1NK\u00c1CH ERASMU<\/a>. UP\u0158\u00cdMN\u011a DOPORU\u010cUJEME, ABY SE STUDENTI <span style=\"text-decoration: underline\">P\u0158ED POD\u00c1N\u00cdM P\u0158IHL\u00c1\u0160KY<\/span> SEZN\u00c1MILI S NAB\u00cdDKOU P\u0158EDM\u011aT\u016e, KTER\u00c9 JSOU NA DAN\u00c9 UNIVERZIT\u011a UR\u010cENY STUDENT\u016eM ERASMU A P\u0158EDB\u011a\u017dN\u011a SI VYBRALI MIN. 1-2 <span style=\"text-decoration: underline\">povinn\u00fdch,<\/span> 1-2 <span style=\"text-decoration: underline\">povinn\u011b voliteln\u00fdch<\/span> a zbytek <span style=\"text-decoration: underline\">voliteln\u00fdch<\/span> p\u0159edm\u011bt\u016f, kter\u00e9 jim takto na UK mohou b\u00fdzt uzn\u00e1ny (na obou katedr\u00e1ch, pod kter\u00e9 na PedF spadaj\u00ed).<br \/>\n<\/b><\/p>\n<p>Pros\u00edm studenty, kte\u0159\u00ed o studium v zahrani\u010d\u00ed maj\u00ed z\u00e1jem, aby <span style=\"color: #ff0000\">p\u0159edem kontaktovali katedr\u00e1ln\u00ed koordin\u00e1torku a prohovo\u0159ili s n\u00ed detaily<\/span>. V z\u00e1sad\u011b plat\u00ed, \u017ee vyj\u00ed\u017ed\u011bj\u00edc\u00ed student by se m\u011bl zapsat v SIS na\u0161\u00ed Pedagogick\u00e9 fakulty do p\u0159edm\u011btu, kter\u00fd mu zde m\u00e1 b\u00fdt uzn\u00e1n jako kompatibiln\u00ed. P\u0159i s\u010d\u00edt\u00e1n\u00ed kredit\u016f se pros\u00edm \u0159i\u010fte \u010desk\u00fdm kreditn\u00edm ohodnocen\u00edm, nikoli po\u010dtem kredit\u016f z\u00edskan\u00fdm za p\u0159edm\u011bt v zahrani\u010d\u00ed. O zapo\u010dten\u00ed zahrani\u010dn\u00edch kredit\u016f mus\u00edte po\u017e\u00e1dat &#8211; formul\u00e1\u0159 je na str\u00e1nk\u00e1ch studijn\u00edho odd\u011blen\u00ed. Tak\u00e9 o zaps\u00e1n\u00ed kredit\u016f za p\u0159\u00edpravu bakal\u00e1\u0159sk\u00e9 \u010di diplomov\u00e9 pr\u00e1ce v zahrani\u010d\u00ed mus\u00edte po\u017e\u00e1dat p\u0159es studijn\u00ed odd\u011blen\u00ed.<\/p>\n<h3>P\u0159ihla\u0161ov\u00e1n\u00ed ke studijn\u00edm pobyt\u016fm Erasmus+\u00a0 se d\u011bje p\u0159es aplikaci <a href=\"https:\/\/is.cuni.cz\/webapps\" target=\"_blank\" rel=\"noopener noreferrer\">https:\/\/is.cuni.cz\/webapps<\/a>.<\/h3>\n<p>V\u00fdb\u011brov\u00e9 \u0159\u00edzen\u00ed programu Erasmus+ pro vyj\u00ed\u017ed\u011bj\u00edc\u00ed studenty na v\u0161echny univerzity prob\u00edhaj\u00ed na KDDD v\u017edy na ja\u0159e roku, v n\u011bm\u017e student na podzim vyj\u00ed\u017ed\u00ed. KDDD preferuje dvousemestr\u00e1ln\u00ed v\u00fdjezdy, p\u0159edev\u0161\u00edm z d\u016fvod\u016f dvousemestr\u00e1ln\u00edch kurz\u016f v na\u0161em kurikulu a uzn\u00e1v\u00e1n\u00ed absolvov\u00e1n\u00ed srovnateln\u00fdch kurz\u016f v zahrani\u010d\u00ed, nevylu\u010duje v\u0161ak v\u00fdjezdy jednosemestr\u00e1ln\u00ed, p\u0159edev\u0161\u00edm u student\u016f, kte\u0159\u00ed vyj\u00ed\u017ed\u011bj\u00ed za \u00fa\u010delem p\u0159\u00edpravy bakal\u00e1\u0159sk\u00e9, diplomov\u00e9 \u010di doktorsk\u00e9 pr\u00e1ce.<\/p>\n<p>Ke konkurzu je zapot\u0159eb\u00ed p\u0159edem odevzdat<\/p>\n<p>1. <b>motiva\u010dn\u00ed dopis<\/b> v jazyce zem\u011b, kam student vyj\u00ed\u017ed\u00ed, pop\u0159. v angli\u010dtin\u011b,<br \/>\n2. <b>n\u00e1vrh projektu<\/b>, na n\u011bm\u017e chce v zahrani\u010d\u00ed participovat a <strong>seznam p\u0159edm\u011bt\u016f<\/strong>, kter\u00e9 chce student v zahrani\u010d\u00ed absolvovat.<br \/>\n3. <b>doporu\u010den\u00ed pedagoga<\/b>, kter\u00fd zn\u00e1 studenta\u00a0nap\u0159. ze semin\u00e1\u0159e \u010di z veden\u00ed jeho bakal\u00e1\u0159sk\u00e9, magistersk\u00e9, diplomov\u00e9 \u010di doktorsk\u00e9 pr\u00e1ce. Samoz\u0159ejm\u011b v \u010de\u0161tin\u011b, formul\u00e1\u0159 neexistuje. Doporu\u010den\u00ed pros\u00edm odevzdejte s ostatn\u00edmi podklady <span style=\"text-decoration: underline\">na sekretari\u00e1t\u011b katedry<\/span>.<\/p>\n<h2>Po n\u00e1vratu<\/h2>\n<p>mohou studenti \u017e\u00e1dat o uzn\u00e1n\u00ed p\u0159edm\u011btu jako <span style=\"text-decoration: underline\">voliteln\u00e9ho<\/span>\u00a0p\u0159edm\u011btu vykonan\u00e9ho v r\u00e1mci studijn\u00edho pobytu Erasmus+.<\/p>\n<ul>\n<li><a href=\"http:\/\/www.pedf.cuni.cz\/PEDF-782.html\" target=\"_blank\" rel=\"noopener noreferrer\">U\u017eite\u010dn\u00e1 str\u00e1nka zahrani\u010dn\u00edho odd\u011blen\u00ed, pro formul\u00e1\u0159 o uzn\u00e1n\u00ed p\u0159edm\u011btu kontaktujte pros\u00edm studijn\u00ed odd\u011blen\u00ed<\/a><\/li>\n<\/ul>\n<p>Jako <span style=\"text-decoration: underline\">povinn\u011b-voliteln\u00fd<\/span> p\u0159edm\u011bt je mo\u017eno zapsat kter\u00fdkoli kurz absolvovan\u00fd v zahrani\u010d\u00ed &#8211; je to vn\u00edm\u00e1no jako dal\u0161\u00ed vypsan\u00fd povinn\u011b voliteln\u00fd semin\u00e1\u0159 na\u0161\u00ed katedry. V SISu si v takov\u00e9m p\u0159\u00edpad\u011b zapi\u0161te takov\u00fd PV kurz, kter\u00fd se obdob\u00edm nebo t\u00e9matem co nejv\u00edce bl\u00ed\u017e\u00ed zahrani\u010dn\u00edmu kurzu a v\u00fdsledek v\u00e1m do SISu zap\u00ed\u0161e relevantn\u00ed vyu\u010duj\u00edc\u00ed na z\u00e1klad\u011b dokladu o absolutoriu kurzu v zahrani\u010d\u00ed nebo na z\u00e1klad\u011b dodate\u010dn\u011b dodan\u00e9 p\u00edsemn\u00e9 pr\u00e1ce.<\/p>\n<p>P\u0159edm\u011bt <span style=\"text-decoration: underline\">P\u0159\u00edprava bakal\u00e1\u0159sk\u00e9\/magistersk\u00e9 pr\u00e1ce<\/span> do SISu zapisuje vedouc\u00ed pr\u00e1ce.<\/p>\n<h3>P\u0159\u00edlohy<\/h3>\n<ul>\n<li><a href=\"https:\/\/pages.pedf.cuni.cz\/kddd\/files\/2015\/03\/Zapocitavani_kreditu_ziskanych_v_Erasmu1.doc\">Zapo\u010d\u00edt\u00e1v\u00e1n\u00ed kredit\u016f v Erasmu<\/a> (PDF)<\/li>\n<li><a href=\"https:\/\/pages.pedf.cuni.cz\/kddd\/files\/2015\/03\/Erasmus_individ_stud.doc\">Formul\u00e1\u0159 pro individu\u00e1ln\u00ed studium po dobu Erasmus Mobility<\/a>\u00a0(doc)<\/li>\n<li>Learning Agreement je sou\u010d\u00e1st\u00ed p\u0159ihl\u00e1\u0161ky do zahrani\u010d\u00ed<\/li>\n<li><a href=\"https:\/\/pages.pedf.cuni.cz\/kddd\/files\/2018\/09\/UK-780-LA_changes.docx\">LA_changes<\/a><\/li>\n<li><a href=\"https:\/\/pages.pedf.cuni.cz\/kddd\/files\/2018\/09\/UK-780-Transcript-of-records.doc\">Transcript of records<\/a><\/li>\n<\/ul>\n","protected":false},"excerpt":{"rendered":"<p><a href=\"http:\/\/www.cuni.cz\/UK-229.html\" target=\"_blank\" rel=\"noopener noreferrer\">V\u0161eobecn\u00e9 informace o studiu v r\u00e1mci programu Erasmus+ na UK<\/a> <a href=\"http:\/\/www.pedf.cuni.cz\/PEDF-170.html\" target=\"_blank\" rel=\"noopener noreferrer\">Z\u00e1kladn\u00ed informace o studiu v r\u00e1mci programu Erasmus+ na Pedagogick\u00e9 fakult\u011b<\/a> <a title=\"Erasmus+ 2015\/16\" href=\"http:\/\/www.cuni.cz\/UK-7475.html\">Dal\u0161\u00ed informace<\/a> <a href=\"https:\/\/pedf.cuni.cz\/PEDF-61.html?event=20790&amp;lang=cz\">Registrace pro v\u00fdjezd do zahrani\u010d\u00ed v r\u00e1mci rogramu ERASMUS+ v roce 2020\/21<\/a> Program Erasmus+ na Kated\u0159e d\u011bjin a didaktiky d\u011bjepisu Katedr\u00e1ln\u00ed koordin\u00e1tor: PhDr. Iva Ber\u00e1nkov\u00e1 ( <a class=\"spamspan\" href=\"mailto:iva.berankova@pedf.cuni.cz\">iva.berankova@pedf.cuni.cz<\/a> ). Katedra d\u011bjin a didaktiky d\u011bjepisu se \u00fa\u010dastn\u00ed na programu Erasmus od roku 2001. Pro roky 2014-2021 m\u00e1me uzav\u0159eny n\u00e1sleduj\u00edc\u00ed bilater\u00e1ln\u00ed<strong>&#8230;<\/strong><\/p>\n","protected":false},"author":402,"featured_media":0,"parent":56,"menu_order":28,"comment_status":"closed","ping_status":"closed","template":"","meta":{"_mc_calendar":[],"footnotes":""},"class_list":["post-454","page","type-page","status-publish","hentry"],"_links":{"self":[{"href":"https:\/\/pages.pedf.cuni.cz\/kddd\/wp-json\/wp\/v2\/pages\/454","targetHints":{"allow":["GET"]}}],"collection":[{"href":"https:\/\/pages.pedf.cuni.cz\/kddd\/wp-json\/wp\/v2\/pages"}],"about":[{"href":"https:\/\/pages.pedf.cuni.cz\/kddd\/wp-json\/wp\/v2\/types\/page"}],"author":[{"embeddable":true,"href":"https:\/\/pages.pedf.cuni.cz\/kddd\/wp-json\/wp\/v2\/users\/402"}],"replies":[{"embeddable":true,"href":"https:\/\/pages.pedf.cuni.cz\/kddd\/wp-json\/wp\/v2\/comments?post=454"}],"version-history":[{"count":10,"href":"https:\/\/pages.pedf.cuni.cz\/kddd\/wp-json\/wp\/v2\/pages\/454\/revisions"}],"predecessor-version":[{"id":6734,"href":"https:\/\/pages.pedf.cuni.cz\/kddd\/wp-json\/wp\/v2\/pages\/454\/revisions\/6734"}],"up":[{"embeddable":true,"href":"https:\/\/pages.pedf.cuni.cz\/kddd\/wp-json\/wp\/v2\/pages\/56"}],"wp:attachment":[{"href":"https:\/\/pages.pedf.cuni.cz\/kddd\/wp-json\/wp\/v2\/media?parent=454"}],"curies":[{"name":"wp","href":"https:\/\/api.w.org\/{rel}","templated":true}]}}