{"id":525,"date":"2015-03-10T18:49:52","date_gmt":"2015-03-10T17:49:52","guid":{"rendered":"http:\/\/pages.pedf.cuni.cz\/kddd\/?page_id=525"},"modified":"2025-05-28T21:10:58","modified_gmt":"2025-05-28T19:10:58","slug":"cskhd","status":"publish","type":"page","link":"https:\/\/pages.pedf.cuni.cz\/kddd\/centra-katedry\/cskhd\/","title":{"rendered":"Centrum pro studium kulturn\u011b historick\u00e9ho d\u011bdictv\u00ed"},"content":{"rendered":"<p>Centrum pro studium kulturn\u011b historick\u00e9ho d\u011bdictv\u00ed bylo zalo\u017eeno p\u0159i Kated\u0159e d\u011bjin a didaktiky d\u011bjepisu 31. 5. 2012. Vzniklo jako d\u016fsledek p\u0159edchoz\u00edch aktivit katedry, kter\u00e1 se od roku 2006 za\u010dala intenzivn\u011b zab\u00fdvat t\u00e9matem kulturn\u00edho d\u011bdictv\u00ed ve v\u00fduce.<\/p>\n<p><a href=\"https:\/\/pages.pedf.cuni.cz\/kddd\/files\/2016\/10\/Realizovan\u00e9-projekty.pdf\" target=\"_blank\" rel=\"noopener\">Grantov\u00e1 \u010dinnost\u00a0(PDF)<\/a><\/p>\n<p><strong>Person\u00e1ln\u00ed slo\u017een\u00ed:<\/strong><\/p>\n<ul>\n<li>Vedouc\u00ed centra: prof. PhDr. Kate\u0159ina Charv\u00e1tov\u00e1, CSc.<\/li>\n<li>Z\u00e1stupce vedouc\u00edho: PhDr. Hana Havl\u016fjov\u00e1, Ph.D.<\/li>\n<\/ul>\n<p><strong>Dal\u0161\u00ed \u010dlenov\u00e9:<\/strong><\/p>\n<ul>\n<li>PhDr. Ji\u0159\u00ed Hnilica, Ph.D.<\/li>\n<li>Mgr. Du\u0161an Folt\u00fdn<\/li>\n<li>Mgr. Kate\u0159ina Sl\u00e1dkov\u00e1<\/li>\n<li>prof. PhDr. V\u00edt Vlnas, Ph.D.<\/li>\n<\/ul>\n<p><strong>P\u0159idru\u017een\u00ed badatel\u00e9<\/strong>:<\/p>\n<ul>\n<li>Mgr. Petr Hudec<\/li>\n<li>MgA. Na\u010fa Rezkov\u00e1-P\u0159ibylov\u00e1<\/li>\n<li>Mgr. Vladim\u00edra Sehnal\u00edkov\u00e1<\/li>\n<li>Mgr. Radka Ranochov\u00e1, Ph.D.<\/li>\n<li>Mgr. Tom\u00e1\u0161 Wizovsk\u00fd<\/li>\n<\/ul>\n<p><strong>Partnersk\u00e9 instituce:<\/strong><\/p>\n<ul>\n<li>Gymn\u00e1zium P\u0159\u00edrodn\u00ed \u0161kola<\/li>\n<li>N\u00e1rodn\u00ed galerie<\/li>\n<li>N\u00e1rodn\u00ed pam\u00e1tkov\u00fd \u00fastav \u2013 Metodick\u00e9 centrum pro vzd\u011bl\u00e1v\u00e1n\u00ed v\u00a0Tel\u010di, hrad Be\u010dov, z\u00e1mek \u010cerven\u00e1 Lhota, b\u00fdval\u00fd kl\u00e1\u0161ter Zlat\u00e1 Koruna<\/li>\n<li>Um\u011bleckopr\u016fmyslov\u00e9 muzeum<\/li>\n<li>Universit\u00e9 de Nantes<\/li>\n<li>Univerza na Primorskem, Koper<\/li>\n<li>Univerzita Mateja Bela v\u00a0Bansk\u00e9 Bystrici<\/li>\n<li>\u017didovsk\u00e9 muzeum v Praze<\/li>\n<\/ul>\n<p>&nbsp;<\/p>\n<p>Centrum pro studium kulturn\u011b historick\u00e9ho d\u011bdictv\u00ed si klade za c\u00edl prohlubovat vzd\u011bl\u00e1v\u00e1n\u00ed v oblasti \u201ev\u00fdchovy ke vztahu ke kulturn\u011b historick\u00e9mu d\u011bdictv\u00ed\u201c (d\u00e1le VVKHD). Spole\u010dn\u011b s \u017e\u00e1ky a u\u010diteli z\u00e1kladn\u00edch a st\u0159edn\u00edch \u0161kol hled\u00e1 cesty, jak prost\u0159ednictv\u00edm kulturn\u011b historick\u00e9ho d\u011bdictv\u00ed a partnersk\u00e9 spolupr\u00e1ce s mimo\u0161koln\u00edm prost\u0159ed\u00edm posilovat udr\u017eiteln\u00fd rozvoj m\u00edstn\u00edch komunit. V tomto sm\u011bru chce p\u0159isp\u011bt p\u0159edev\u0161\u00edm ke zkvalitn\u011bn\u00ed didaktick\u00e9 p\u0159\u00edpravy u\u010ditel\u016f, a to jak v\u00a0r\u00e1mci didaktiky d\u011bjepisu, tak i prost\u0159ednictv\u00edm dal\u0161\u00edho vzd\u011bl\u00e1v\u00e1n\u00ed pedagog\u016f. M\u00e1 z\u00e1jem na spolupr\u00e1ci se v\u0161emi subjekty, kter\u00e9 se zab\u00fdvaj\u00ed studiem, ochranou a prezentac\u00ed kulturn\u011b historick\u00e9ho d\u011bdictv\u00ed, stejn\u011b jako na vytv\u00e1\u0159en\u00ed s\u00edt\u00ed instituc\u00ed i jednotlivc\u016f, kte\u0159\u00ed se pod\u00edlej\u00ed na studiu, ochran\u011b\u00a0 a prezentaci kulturn\u00edho d\u011bdictv\u00ed v \u010cesk\u00e9 republice.<\/p>\n<p>N\u00e1pln\u00ed centra je:<\/p>\n<ul>\n<li>v\u011bdeck\u00fd v\u00fdzkum v oblasti VVKHD<\/li>\n<li>vytv\u00e1\u0159en\u00ed syst\u00e9mu metodick\u00e9 podpory pro u\u010ditele<\/li>\n<li>po\u0159\u00e1d\u00e1n\u00ed kurz\u016f pro u\u010ditele a zainteresovanou ve\u0159ejnost<\/li>\n<li>koordinace zad\u00e1v\u00e1n\u00ed bakal\u00e1\u0159sk\u00fdch, diplomov\u00fdch prac\u00ed a doktorsk\u00fdch prac\u00ed s\u00a0t\u00e9matikou VVKHD<\/li>\n<\/ul>\n<p>&nbsp;<\/p>\n<p>V\u00a0letech 2012-2015 se v\u00fdznamn\u00fdm zp\u016fsobem rozvinula spolupr\u00e1ce s\u00a0N\u00e1rodn\u00edm pam\u00e1tkov\u00fdm \u00fastavem, kter\u00e1 zapo\u010dala na z\u00e1klad\u011b spole\u010dn\u00e9ho projektu \u00a0\u201eVzd\u011bl\u00e1vac\u00ed role N\u00e1rodn\u00edho pam\u00e1tkov\u00e9ho \u00fastavu: Edukace jako kl\u00ed\u010dov\u00fd n\u00e1stroj zkvalitn\u011bn\u00ed p\u00e9\u010de o kulturn\u00ed d\u011bdictv\u00ed \u010cesk\u00e9 republiky. V\u00a0r\u00e1mci spolupr\u00e1ce s\u00a0NP\u00da byly mimo jin\u00e9 uzav\u0159eny t\u0159i partnersk\u00e9 smlouvy s konkr\u00e9tn\u00edmi pam\u00e1tkov\u00fdmi objekty: Be\u010dovem, \u010cervenou Lhotou a\u00a0 Zlatou Korunou, kter\u00e9 tak z\u00edskaly statut fakultn\u00edho hradu, fakultn\u00edho z\u00e1mku a fakultn\u00edho kl\u00e1\u0161tera.<\/p>\n","protected":false},"excerpt":{"rendered":"<p>Centrum pro studium kulturn\u011b historick\u00e9ho d\u011bdictv\u00ed bylo zalo\u017eeno p\u0159i Kated\u0159e d\u011bjin a didaktiky d\u011bjepisu 31. 5. 2012. Vzniklo jako d\u016fsledek p\u0159edchoz\u00edch aktivit katedry, kter\u00e1 se od roku 2006 za\u010dala intenzivn\u011b zab\u00fdvat t\u00e9matem kulturn\u00edho d\u011bdictv\u00ed ve<strong>&#8230;<\/strong><\/p>\n","protected":false},"author":402,"featured_media":0,"parent":178,"menu_order":10,"comment_status":"closed","ping_status":"closed","template":"","meta":{"_mc_calendar":[],"footnotes":""},"class_list":["post-525","page","type-page","status-publish","hentry"],"_links":{"self":[{"href":"https:\/\/pages.pedf.cuni.cz\/kddd\/wp-json\/wp\/v2\/pages\/525","targetHints":{"allow":["GET"]}}],"collection":[{"href":"https:\/\/pages.pedf.cuni.cz\/kddd\/wp-json\/wp\/v2\/pages"}],"about":[{"href":"https:\/\/pages.pedf.cuni.cz\/kddd\/wp-json\/wp\/v2\/types\/page"}],"author":[{"embeddable":true,"href":"https:\/\/pages.pedf.cuni.cz\/kddd\/wp-json\/wp\/v2\/users\/402"}],"replies":[{"embeddable":true,"href":"https:\/\/pages.pedf.cuni.cz\/kddd\/wp-json\/wp\/v2\/comments?post=525"}],"version-history":[{"count":8,"href":"https:\/\/pages.pedf.cuni.cz\/kddd\/wp-json\/wp\/v2\/pages\/525\/revisions"}],"predecessor-version":[{"id":8023,"href":"https:\/\/pages.pedf.cuni.cz\/kddd\/wp-json\/wp\/v2\/pages\/525\/revisions\/8023"}],"up":[{"embeddable":true,"href":"https:\/\/pages.pedf.cuni.cz\/kddd\/wp-json\/wp\/v2\/pages\/178"}],"wp:attachment":[{"href":"https:\/\/pages.pedf.cuni.cz\/kddd\/wp-json\/wp\/v2\/media?parent=525"}],"curies":[{"name":"wp","href":"https:\/\/api.w.org\/{rel}","templated":true}]}}