{"id":529,"date":"2015-03-10T18:55:09","date_gmt":"2015-03-10T17:55:09","guid":{"rendered":"http:\/\/pages.pedf.cuni.cz\/kddd\/?page_id=529"},"modified":"2023-07-29T11:28:06","modified_gmt":"2023-07-29T09:28:06","slug":"cndsv","status":"publish","type":"page","link":"https:\/\/pages.pedf.cuni.cz\/kddd\/centra-katedry\/cndsv\/","title":{"rendered":"Centrum pro nov\u00e9 d\u011bjiny \u0161kolstv\u00ed a vzd\u011blanosti"},"content":{"rendered":"<p>bylo p\u0159i Kated\u0159e d\u011bjin a didaktiky d\u011bjepisu Pedagogick\u00e9 fakulty Univerzity Karlovy ustaveno s platnost\u00ed od 1.2.2013.<\/p>\n<p><strong>Person\u00e1ln\u00ed slo\u017een\u00ed:<\/strong><\/p>\n<ul>\n<li>Vedouc\u00ed centra: prof. PhDr. Ji\u0159\u00ed\u00a0Pokorn\u00fd, CSc.<\/li>\n<li>Z\u00e1stupce vedouc\u00edho: doc. PhDr. Ji\u0159\u00ed Hnilica, Ph.D.<\/li>\n<\/ul>\n<p><strong>Dal\u0161\u00ed \u010dlenov\u00e9:<\/strong><\/p>\n<ul>\n<li>doc. PhDr. Magdalena Pokorn\u00e1, CSc.<\/li>\n<li>doc. PhDr. Jana Kepartov\u00e1, CSc.<\/li>\n<li>PhDr. Hana Havl\u016fjov\u00e1, Ph.D.<\/li>\n<li>PhDr. Jitka B\u00edlkov\u00e1<\/li>\n<li>PhDr. Karla Vym\u011btalov\u00e1, Ph.D.<\/li>\n<li>Mgr. Tom\u00e1\u0161 Mikeska<\/li>\n<li>PaedDr. Franti\u0161ek Parkan<\/li>\n<li>PhDr. Pavl\u00edna Kourov\u00e1, Ph.D.<\/li>\n<li>Mgr. Jaroslav Pinkas, Ph.D.<\/li>\n<\/ul>\n<p>&nbsp;<\/p>\n<p><strong>P\u0159idru\u017een\u00ed badatel\u00e9<\/strong><\/p>\n<ul>\n<li>P\u0159idru\u017een\u00ed u\u010ditel\u00e9 st\u0159edn\u00edch \u0161kol<\/li>\n<\/ul>\n<p><strong>Partnersk\u00e9 instituce<\/strong><\/p>\n<p>Liter\u00e1rn\u00ed archiv Pam\u00e1tn\u00edku n\u00e1rodn\u00edho p\u00edsemnictv\u00ed<br \/>\nKatedra hudebn\u00ed v\u00fdchovy Pedagogick\u00e9 fakulty Univerzity Karlovy<br \/>\nN\u00e1rodn\u00ed pedagogick\u00e9 muzeum a knihovna J. A. Komensk\u00e9ho<br \/>\nMuzeum Komensk\u00e9ho v\u00a0P\u0159erov\u011b<br \/>\nFF UK, Univerzita Pardubice, \u00fastavy AV \u010cR<\/p>\n<p><b>Centrum <\/b>pro nov\u00e9 d\u011bjiny \u0161kolstv\u00ed a vzd\u011blanosti chce poskytnout organiza\u010dn\u00ed r\u00e1mec nejen pro v\u011bdeck\u00e9 pracovn\u00edky a studenty Katedry d\u011bjin a didaktiky d\u011bjepisu Pedagogick\u00e9 fakulty Univerzity Karlovy, ale je i pr\u016f\u0159ezovou organizac\u00ed, sdru\u017euj\u00edc\u00ed odborn\u00edky a z\u00e1jemce z\u00a0jin\u00fdch vzd\u011bl\u00e1vac\u00edch, badatelsk\u00fdch a pam\u011b\u0165ov\u00fdch instituc\u00ed, kte\u0159\u00ed se zab\u00fdvaj\u00ed d\u011bjinami v\u011bdy, pedagogiky a v\u00fdvojem ml\u00e1de\u017ee jako specifick\u00e9 soci\u00e1ln\u00ed skupiny.<\/p>\n<p>Centrum bude propojovat poznatky soci\u00e1ln\u00edch i kulturn\u00edch a politick\u00fdch d\u011bjin. P\u0159edpokl\u00e1d\u00e1me, \u017ee se stane rovn\u011b\u017e platformou setk\u00e1v\u00e1n\u00ed instituc\u00ed i jednotlivc\u016f, m\u00edstem pro v\u00fdm\u011bnu informac\u00ed a zprost\u0159edkov\u00e1n\u00ed kontakt\u016f, badatelsk\u00fdm centrem schopn\u00fdm zapojen\u00ed do evropsk\u00fdch, p\u0159\u00edpadn\u011b sv\u011btov\u00fdch struktur. V\u00a0neposledn\u00ed \u0159ad\u011b by m\u011blo centrum plnit \u00fakoly usnad\u0148uj\u00edc\u00ed dal\u0161\u00ed v\u00fdzkum (bibliografie, vydavatelsk\u00e1 \u010dinnost). Dlouhodob\u00fdm c\u00edlem je vyd\u00e1v\u00e1n\u00ed edi\u010dn\u00ed \u0159ady <i>Prameny k\u00a0d\u011bjin\u00e1m \u0161kolstv\u00ed a vzd\u011blanosti<\/i>.<br \/>\nCentrum chce tak\u00e9 koordinovat \u0159e\u0161en\u00ed zad\u00e1v\u00e1n\u00ed bakal\u00e1\u0159sk\u00fdch, diplomov\u00fdch prac\u00ed a doktorsk\u00fdch prac\u00ed.<\/p>\n<p>Z\u00a0hlediska v\u00fdzkumu bude \u010dinnost centra zam\u011b\u0159ena na problematiku \u0161kolstv\u00ed a vzd\u011blanosti jako ned\u00edln\u00e9 a v\u00a0mnoh\u00e9m kl\u00ed\u010dov\u00e9 oblasti modernizace, vytv\u00e1\u0159en\u00ed a upev\u0148ov\u00e1n\u00ed n\u00e1rodn\u00ed identity, profesionalizace, kultivace spole\u010dnosti a profilace politick\u00e9ho uv\u011bdom\u011bn\u00ed. Sledov\u00e1ny budou ot\u00e1zky, kter\u00e9 zapojuj\u00ed \u0161kolstv\u00ed a jeho protagonisty \u2013 u\u010ditele, \u017e\u00e1ky, studenty \u2013 do kontextu celospole\u010densk\u00e9ho v\u00fdvoje (st\u0159edn\u00ed) Evropy.<\/p>\n<p>Prim\u00e1rn\u011b se centrum zam\u011b\u0159\u00ed na tyto oblasti v\u00fdzkumu:<\/p>\n<h3><span style=\"text-decoration: underline\">U\u010ditel\u00e9 v\u0161ech stup\u0148\u016f \u0161kol<\/span><\/h3>\n<p>K\u00a0u\u010ditel\u016fm budeme p\u0159istupovat jako k\u00a0profesn\u00ed skupin\u011b, inspiruj\u00edc\u00edmi n\u00e1m jsou metody soci\u00e1ln\u00edch d\u011bjin, gendrov\u00e1 studia, prosopografie, biografie v\u00fdznamn\u00fdch jedinc\u016f. Sledujeme u\u010ditele jako d\u016fle\u017eit\u00e9ho \u010dinitele p\u0159i formov\u00e1n\u00ed modern\u00edho n\u00e1roda, u\u010ditele jako osv\u011btov\u00e9ho a kulturn\u00edho \u010dinitele i jako v\u00fdznamn\u00e9ho p\u0159edstavitele lok\u00e1ln\u00edch elit. Zvl\u00e1\u0161tn\u00ed z\u00e1jem v\u011bnujeme specifick\u00fdm p\u0159edstavitel\u016fm \u017eivota \u0161koly: \u0159editel, inspektor, \u0161koln\u00edk. Pozornost soust\u0159ed\u00edme na z\u00e1jmov\u00e9 a profesn\u00ed sdru\u017een\u00ed a spolky u\u010ditel\u016f.<\/p>\n<h3><span style=\"text-decoration: underline\"><br \/>\nStudentstvo<\/span><\/h3>\n<p>Ve vztahu u\u010ditele a \u017e\u00e1ka se nesoust\u0159ed\u00edme pouze na vzd\u011bl\u00e1vac\u00ed a v\u00fdchovn\u00e9 metody, zaj\u00edm\u00e1 n\u00e1s \u0161koln\u00ed ritu\u00e1l (v\u00edt\u00e1n\u00ed prv\u0148\u00e1\u010dk\u016f, posledn\u00ed zvon\u011bn\u00ed, maturita, sjezd abiturient\u016f), zrovna tak jako ka\u017edodennost studenta (nap\u0159. problematika \u0161koln\u00edch j\u00eddelen) i \u010das, kter\u00fd tr\u00e1v\u00ed mimo \u0161kolu.<\/p>\n<h3><span style=\"text-decoration: underline\"><br \/>\nVzd\u011bl\u00e1vac\u00ed instituce<\/span><\/h3>\n<p>\u0160kola nen\u00ed jen m\u00edstem v\u00fduky, je pr\u016fse\u010d\u00edkem politick\u00e9ho a kulturn\u00edho \u017eivota na \u00farovni region\u00e1ln\u00ed i celon\u00e1rodn\u00ed. Je to m\u00edsto pam\u011bti m\u00edstn\u00ed komunity, v\u00fdznamn\u00e9 politikum, prostor st\u0159et\u00e1v\u00e1n\u00ed n\u00e1rodn\u00edch societ a politick\u00fdch koncepc\u00ed. M\u00edsto, kde se setk\u00e1vaj\u00ed u\u010ditel\u00e9 a \u017e\u00e1ci, ale tak\u00e9 jejich rodi\u010de. Krom\u011b obvykl\u00fdch institucion\u00e1ln\u00edch pramen\u016f a ego-dokument\u016f chceme v\u011bnovat p\u0159\u00edslu\u0161nou pozornost tak\u00e9 u\u010debnic\u00edm, metodick\u00fdm text\u016fm apod.<\/p>\n<h3><span style=\"text-decoration: underline\">Mimo\u0161koln\u00ed v\u00fdchova<\/span><\/h3>\n<p>V\u00fdchova, prob\u00edhaj\u00edc\u00ed mimo \u0161kolu, a\u0165 ve form\u011b osobn\u00edho sebevzd\u011bl\u00e1v\u00e1n\u00ed \u010di organizovan\u00e9 lidov\u00e9 v\u00fdchovy, hr\u00e1la v\u00fdznamnou roli v\u00a0procesu zvy\u0161ov\u00e1n\u00ed kvalifikace i sv\u011bton\u00e1zorov\u00e9 orientace. Do t\u00e9to oblasti zahrnujeme zkoum\u00e1n\u00ed vzd\u011bl\u00e1vac\u00edch spolk\u016f a podobn\u00fdch za\u0159\u00edzen\u00ed, d\u00e1le knihoven v\u0161ech typ\u016f, nejv\u00edce p\u0159irozen\u011b u\u010ditelsk\u00fdch, \u017e\u00e1kovsk\u00fdch a \u0161koln\u00edch, literatury pro d\u011bti a ml\u00e1de\u017e, \u010dasopis\u016f. Zaj\u00edmat n\u00e1s budou auto\u0159i a \u010dten\u00e1\u0159i t\u011bchto text\u016f, jejich \u00fapravy a prom\u011bny.<\/p>\n","protected":false},"excerpt":{"rendered":"<p>bylo p\u0159i Kated\u0159e d\u011bjin a didaktiky d\u011bjepisu Pedagogick\u00e9 fakulty Univerzity Karlovy ustaveno s platnost\u00ed od 1.2.2013. Person\u00e1ln\u00ed slo\u017een\u00ed: Vedouc\u00ed centra: prof. PhDr. Ji\u0159\u00ed\u00a0Pokorn\u00fd, CSc. Z\u00e1stupce vedouc\u00edho: doc. PhDr. Ji\u0159\u00ed Hnilica, Ph.D. Dal\u0161\u00ed \u010dlenov\u00e9: doc. PhDr.<strong>&#8230;<\/strong><\/p>\n","protected":false},"author":402,"featured_media":0,"parent":178,"menu_order":20,"comment_status":"closed","ping_status":"closed","template":"","meta":{"_mc_calendar":[],"footnotes":""},"class_list":["post-529","page","type-page","status-publish","hentry"],"_links":{"self":[{"href":"https:\/\/pages.pedf.cuni.cz\/kddd\/wp-json\/wp\/v2\/pages\/529","targetHints":{"allow":["GET"]}}],"collection":[{"href":"https:\/\/pages.pedf.cuni.cz\/kddd\/wp-json\/wp\/v2\/pages"}],"about":[{"href":"https:\/\/pages.pedf.cuni.cz\/kddd\/wp-json\/wp\/v2\/types\/page"}],"author":[{"embeddable":true,"href":"https:\/\/pages.pedf.cuni.cz\/kddd\/wp-json\/wp\/v2\/users\/402"}],"replies":[{"embeddable":true,"href":"https:\/\/pages.pedf.cuni.cz\/kddd\/wp-json\/wp\/v2\/comments?post=529"}],"version-history":[{"count":10,"href":"https:\/\/pages.pedf.cuni.cz\/kddd\/wp-json\/wp\/v2\/pages\/529\/revisions"}],"predecessor-version":[{"id":7439,"href":"https:\/\/pages.pedf.cuni.cz\/kddd\/wp-json\/wp\/v2\/pages\/529\/revisions\/7439"}],"up":[{"embeddable":true,"href":"https:\/\/pages.pedf.cuni.cz\/kddd\/wp-json\/wp\/v2\/pages\/178"}],"wp:attachment":[{"href":"https:\/\/pages.pedf.cuni.cz\/kddd\/wp-json\/wp\/v2\/media?parent=529"}],"curies":[{"name":"wp","href":"https:\/\/api.w.org\/{rel}","templated":true}]}}