{"id":533,"date":"2015-03-10T18:57:42","date_gmt":"2015-03-10T17:57:42","guid":{"rendered":"http:\/\/pages.pedf.cuni.cz\/kddd\/?page_id=533"},"modified":"2025-05-28T21:09:40","modified_gmt":"2025-05-28T19:09:40","slug":"cod","status":"publish","type":"page","link":"https:\/\/pages.pedf.cuni.cz\/kddd\/centra-katedry\/cod\/","title":{"rendered":"Centrum pro oborovou didaktiku"},"content":{"rendered":"<p>Centrum pro oborovou didaktiku bylo p\u0159i Kated\u0159e d\u011bjin a didaktiky d\u011bjepisu Pedagogick\u00e9 fakulty Univerzity Karlovy ustaveno s platnost\u00ed od 1.4.2014.<\/p>\n<p><strong>Person\u00e1ln\u00ed slo\u017een\u00ed:<\/strong><\/p>\n<ul>\n<li>Vedouc\u00ed centra: Mgr. Tom\u00e1\u0161 Mikeska<\/li>\n<li>Z\u00e1stupce vedouc\u00edho: PaedDr. Franti\u0161ek Parkan<\/li>\n<\/ul>\n<p><strong>Dal\u0161\u00ed \u010dlenov\u00e9:<\/strong><\/p>\n<ul>\n<li>PhDr. Hana Havl\u016fjov\u00e1, Ph.D.<\/li>\n<li>Ph.Dr. V\u00e1clava Kofr\u00e1nkov\u00e1, Ph.D.<\/li>\n<li>PhDr. Jaroslav Najbert, Ph.D.<\/li>\n<li>PhDr. Jaroslav Pinkas, Ph.D.<\/li>\n<li>Mgr. David Vencl\u00edk, Ph.D.<\/li>\n<\/ul>\n<h3>Materi\u00e1ly &#8211; UPOZOR\u0147UJEME U\u017dIVATELE, \u017dE MATERI\u00c1LY JSOU HISTORICK\u00ddMI DOKUMENTY A SLOU\u017d\u00cd K DISKUSI, PROTO JSOU ZDE I TAKOV\u00c9, KTER\u00c9 ODSUZUJEME. Dokument nacistick\u00e1 \u010d\u00edtanka m\u00e1 uvnit\u0159 metodiku a pou\u010den\u00ed, jak s textem pracovat.<\/h3>\n<ul>\n<li><a href=\"https:\/\/pages.pedf.cuni.cz\/kddd\/files\/2020\/01\/D\u011bjepisn\u00e1_\u010d\u00edtanka.pdf\">D\u011bjepisn\u00e1 \u010d\u00edtanka<\/a><\/li>\n<li id=\"menu-item-1188\" class=\"menu-item menu-item-type-post_type menu-item-object-page menu-item-1188\"><a href=\"https:\/\/pages.pedf.cuni.cz\/kddd\/centra-katedry\/cod\/ucitel-a-provoz-skoly\/\">U\u010ditel a provoz \u0161koly<\/a><\/li>\n<li id=\"menu-item-1189\" class=\"menu-item menu-item-type-post_type menu-item-object-page menu-item-1189\"><a href=\"https:\/\/pages.pedf.cuni.cz\/kddd\/centra-katedry\/cod\/manual-zacinajiciho-ucitele\/\">Manu\u00e1l za\u010d\u00ednaj\u00edc\u00edho u\u010ditele<\/a><\/li>\n<li id=\"menu-item-1197\" class=\"menu-item menu-item-type-post_type menu-item-object-page menu-item-1197\"><a href=\"https:\/\/pages.pedf.cuni.cz\/kddd\/centra-katedry\/cod\/metodiky\/\">Metodiky<\/a><\/li>\n<li id=\"menu-item-1198\" class=\"menu-item menu-item-type-post_type menu-item-object-page menu-item-1198\"><a href=\"https:\/\/pages.pedf.cuni.cz\/kddd\/centra-katedry\/cod\/projekty\/\">Projekty<\/a><\/li>\n<li id=\"menu-item-1404\" class=\"menu-item menu-item-type-post_type menu-item-object-page menu-item-1404\"><a href=\"https:\/\/pages.pedf.cuni.cz\/kddd\/centra-katedry\/cod\/skolni-exkurze\/\">\u0160koln\u00ed exkurze<\/a><\/li>\n<li id=\"menu-item-1199\" class=\"menu-item menu-item-type-post_type menu-item-object-page menu-item-1199\"><a href=\"https:\/\/pages.pedf.cuni.cz\/kddd\/centra-katedry\/cod\/testy\/\">Testy<\/a><\/li>\n<li><a href=\"https:\/\/pages.pedf.cuni.cz\/kddd\/files\/2021\/02\/Online_vyuka-a-pomoc-pri-ni.docx\">Online v\u00fduka a pomoc p\u0159i n\u00ed<\/a><\/li>\n<li><span style=\"text-decoration: underline\">Otev\u0159en\u00fd d\u011bjepisn\u00fd kabinet<\/span> &#8211; Online setk\u00e1v\u00e1n\u00ed ur\u010den\u00e1 sd\u00edlen\u00ed zku\u0161enost\u00ed a materi\u00e1l\u016f, kter\u00e1 po\u0159\u00e1d\u00e1 Katedra d\u011bjin a didaktiky d\u011bjepisu Pedagogick\u00e9 fakulty UK &#8211; Organiz\u00e1to\u0159i: Mgr. Tom\u00e1\u0161 Mikeska (Katedra d\u011bjin a didaktiky d\u011bjepisu PedF UK, gymn\u00e1zium Evolution), Mgr. David Vencl\u00edk, Ph.D. (Katedra d\u011bjin a didaktiky d\u011bjepisu PedF UK, \u0161kola Nov\u00fd PORG Praha) &#8211; p\u0159ipojen\u00ed p\u0159es FB (<strong>https:\/\/www.facebook.com\/Otev\u0159en\u00fd-d\u011bjepisn\u00fd-kabinet-105005304910434\/?ref=page_internal<\/strong>)<\/li>\n<li>Doc. PhDr. Magdal\u00e9na Pokorn\u00e1, CSc. p\u0159ipravila pro u\u010ditele d\u011bjepisu\u00a0<strong> cyklus t\u0159iceti pokra\u010dov\u00e1n\u00ed komentovan\u00fdch v\u00fdrok\u016f: https:\/\/www.hiu.cas.cz\/pro-ucitele-dejepisu.<\/strong><\/li>\n<\/ul>\n<p>&nbsp;<\/p>\n<p>.<\/p>\n","protected":false},"excerpt":{"rendered":"<p>Centrum pro oborovou didaktiku bylo p\u0159i Kated\u0159e d\u011bjin a didaktiky d\u011bjepisu Pedagogick\u00e9 fakulty Univerzity Karlovy ustaveno s platnost\u00ed od 1.4.2014. Person\u00e1ln\u00ed slo\u017een\u00ed: Vedouc\u00ed centra: Mgr. Tom\u00e1\u0161 Mikeska Z\u00e1stupce vedouc\u00edho: PaedDr. Franti\u0161ek Parkan Dal\u0161\u00ed \u010dlenov\u00e9: PhDr.<strong>&#8230;<\/strong><\/p>\n","protected":false},"author":402,"featured_media":0,"parent":178,"menu_order":30,"comment_status":"closed","ping_status":"closed","template":"","meta":{"_mc_calendar":[],"footnotes":""},"class_list":["post-533","page","type-page","status-publish","hentry"],"_links":{"self":[{"href":"https:\/\/pages.pedf.cuni.cz\/kddd\/wp-json\/wp\/v2\/pages\/533","targetHints":{"allow":["GET"]}}],"collection":[{"href":"https:\/\/pages.pedf.cuni.cz\/kddd\/wp-json\/wp\/v2\/pages"}],"about":[{"href":"https:\/\/pages.pedf.cuni.cz\/kddd\/wp-json\/wp\/v2\/types\/page"}],"author":[{"embeddable":true,"href":"https:\/\/pages.pedf.cuni.cz\/kddd\/wp-json\/wp\/v2\/users\/402"}],"replies":[{"embeddable":true,"href":"https:\/\/pages.pedf.cuni.cz\/kddd\/wp-json\/wp\/v2\/comments?post=533"}],"version-history":[{"count":10,"href":"https:\/\/pages.pedf.cuni.cz\/kddd\/wp-json\/wp\/v2\/pages\/533\/revisions"}],"predecessor-version":[{"id":8022,"href":"https:\/\/pages.pedf.cuni.cz\/kddd\/wp-json\/wp\/v2\/pages\/533\/revisions\/8022"}],"up":[{"embeddable":true,"href":"https:\/\/pages.pedf.cuni.cz\/kddd\/wp-json\/wp\/v2\/pages\/178"}],"wp:attachment":[{"href":"https:\/\/pages.pedf.cuni.cz\/kddd\/wp-json\/wp\/v2\/media?parent=533"}],"curies":[{"name":"wp","href":"https:\/\/api.w.org\/{rel}","templated":true}]}}