{"id":7550,"date":"2023-10-27T21:08:03","date_gmt":"2023-10-27T19:08:03","guid":{"rendered":"https:\/\/pages.pedf.cuni.cz\/kddd\/?page_id=7550"},"modified":"2023-12-12T14:05:44","modified_gmt":"2023-12-12T13:05:44","slug":"tricet-let-kddd","status":"publish","type":"page","link":"https:\/\/pages.pedf.cuni.cz\/kddd\/katedra\/dejiny-kddd\/tricet-let-kddd\/","title":{"rendered":"T\u0159icet let KDDD"},"content":{"rendered":"<p><a href=\"https:\/\/pages.pedf.cuni.cz\/kddd\/files\/2023\/12\/SMALLKDDD_banner_vedouci.png\"><img loading=\"lazy\" decoding=\"async\" class=\"alignnone size-medium wp-image-7572\" src=\"https:\/\/pages.pedf.cuni.cz\/kddd\/files\/2023\/12\/SMALLKDDD_banner_vedouci-142x300.png\" alt=\"\" width=\"142\" height=\"300\" srcset=\"https:\/\/pages.pedf.cuni.cz\/kddd\/files\/2023\/12\/SMALLKDDD_banner_vedouci-142x300.png 142w, https:\/\/pages.pedf.cuni.cz\/kddd\/files\/2023\/12\/SMALLKDDD_banner_vedouci-485x1024.png 485w, https:\/\/pages.pedf.cuni.cz\/kddd\/files\/2023\/12\/SMALLKDDD_banner_vedouci-768x1620.png 768w, https:\/\/pages.pedf.cuni.cz\/kddd\/files\/2023\/12\/SMALLKDDD_banner_vedouci-728x1536.png 728w, https:\/\/pages.pedf.cuni.cz\/kddd\/files\/2023\/12\/SMALLKDDD_banner_vedouci-971x2048.png 971w, https:\/\/pages.pedf.cuni.cz\/kddd\/files\/2023\/12\/SMALLKDDD_banner_vedouci-473x999.png 473w, https:\/\/pages.pedf.cuni.cz\/kddd\/files\/2023\/12\/SMALLKDDD_banner_vedouci-260x549.png 260w, https:\/\/pages.pedf.cuni.cz\/kddd\/files\/2023\/12\/SMALLKDDD_banner_vedouci-160x338.png 160w, https:\/\/pages.pedf.cuni.cz\/kddd\/files\/2023\/12\/SMALLKDDD_banner_vedouci.png 1575w\" sizes=\"auto, (max-width: 142px) 100vw, 142px\" \/>\u00a0\u00a0 <\/a><a href=\"https:\/\/pages.pedf.cuni.cz\/kddd\/files\/2023\/12\/SMALLKDDD_banner_pregrad-1.png\"><img loading=\"lazy\" decoding=\"async\" class=\"alignnone size-medium wp-image-7574\" src=\"https:\/\/pages.pedf.cuni.cz\/kddd\/files\/2023\/12\/SMALLKDDD_banner_pregrad-1-142x300.png\" alt=\"Pregradu\u00e1ln\u00ed studium\" width=\"142\" height=\"300\" srcset=\"https:\/\/pages.pedf.cuni.cz\/kddd\/files\/2023\/12\/SMALLKDDD_banner_pregrad-1-142x300.png 142w, https:\/\/pages.pedf.cuni.cz\/kddd\/files\/2023\/12\/SMALLKDDD_banner_pregrad-1-485x1024.png 485w, https:\/\/pages.pedf.cuni.cz\/kddd\/files\/2023\/12\/SMALLKDDD_banner_pregrad-1-768x1620.png 768w, https:\/\/pages.pedf.cuni.cz\/kddd\/files\/2023\/12\/SMALLKDDD_banner_pregrad-1-728x1536.png 728w, https:\/\/pages.pedf.cuni.cz\/kddd\/files\/2023\/12\/SMALLKDDD_banner_pregrad-1-971x2048.png 971w, https:\/\/pages.pedf.cuni.cz\/kddd\/files\/2023\/12\/SMALLKDDD_banner_pregrad-1-473x999.png 473w, https:\/\/pages.pedf.cuni.cz\/kddd\/files\/2023\/12\/SMALLKDDD_banner_pregrad-1-260x549.png 260w, https:\/\/pages.pedf.cuni.cz\/kddd\/files\/2023\/12\/SMALLKDDD_banner_pregrad-1-160x338.png 160w, https:\/\/pages.pedf.cuni.cz\/kddd\/files\/2023\/12\/SMALLKDDD_banner_pregrad-1.png 1575w\" sizes=\"auto, (max-width: 142px) 100vw, 142px\" \/>\u00a0 <\/a><a href=\"https:\/\/pages.pedf.cuni.cz\/kddd\/files\/2023\/12\/SMALLKDDD_banner_postgrad.png\"><img loading=\"lazy\" decoding=\"async\" class=\"alignnone size-medium wp-image-7575\" src=\"https:\/\/pages.pedf.cuni.cz\/kddd\/files\/2023\/12\/SMALLKDDD_banner_postgrad-142x300.png\" alt=\"Postgradu\u00e1ln\u00ed studium\" width=\"142\" height=\"300\" srcset=\"https:\/\/pages.pedf.cuni.cz\/kddd\/files\/2023\/12\/SMALLKDDD_banner_postgrad-142x300.png 142w, https:\/\/pages.pedf.cuni.cz\/kddd\/files\/2023\/12\/SMALLKDDD_banner_postgrad-485x1024.png 485w, https:\/\/pages.pedf.cuni.cz\/kddd\/files\/2023\/12\/SMALLKDDD_banner_postgrad-768x1620.png 768w, https:\/\/pages.pedf.cuni.cz\/kddd\/files\/2023\/12\/SMALLKDDD_banner_postgrad-728x1536.png 728w, https:\/\/pages.pedf.cuni.cz\/kddd\/files\/2023\/12\/SMALLKDDD_banner_postgrad-971x2048.png 971w, https:\/\/pages.pedf.cuni.cz\/kddd\/files\/2023\/12\/SMALLKDDD_banner_postgrad-473x999.png 473w, https:\/\/pages.pedf.cuni.cz\/kddd\/files\/2023\/12\/SMALLKDDD_banner_postgrad-260x549.png 260w, https:\/\/pages.pedf.cuni.cz\/kddd\/files\/2023\/12\/SMALLKDDD_banner_postgrad-160x338.png 160w, https:\/\/pages.pedf.cuni.cz\/kddd\/files\/2023\/12\/SMALLKDDD_banner_postgrad.png 1575w\" sizes=\"auto, (max-width: 142px) 100vw, 142px\" \/><\/a><a href=\"https:\/\/pages.pedf.cuni.cz\/kddd\/files\/2023\/12\/SMALLKDDD_banner_CZV.png\"><img loading=\"lazy\" decoding=\"async\" class=\"alignnone size-medium wp-image-7576\" src=\"https:\/\/pages.pedf.cuni.cz\/kddd\/files\/2023\/12\/SMALLKDDD_banner_CZV-142x300.png\" alt=\"Celo\u017eivotn\u00ed vzd\u011bl\u00e1v\u00e1n\u00ed\" width=\"142\" height=\"300\" srcset=\"https:\/\/pages.pedf.cuni.cz\/kddd\/files\/2023\/12\/SMALLKDDD_banner_CZV-142x300.png 142w, https:\/\/pages.pedf.cuni.cz\/kddd\/files\/2023\/12\/SMALLKDDD_banner_CZV-485x1024.png 485w, https:\/\/pages.pedf.cuni.cz\/kddd\/files\/2023\/12\/SMALLKDDD_banner_CZV-768x1620.png 768w, https:\/\/pages.pedf.cuni.cz\/kddd\/files\/2023\/12\/SMALLKDDD_banner_CZV-728x1536.png 728w, https:\/\/pages.pedf.cuni.cz\/kddd\/files\/2023\/12\/SMALLKDDD_banner_CZV-971x2048.png 971w, https:\/\/pages.pedf.cuni.cz\/kddd\/files\/2023\/12\/SMALLKDDD_banner_CZV-473x999.png 473w, https:\/\/pages.pedf.cuni.cz\/kddd\/files\/2023\/12\/SMALLKDDD_banner_CZV-260x549.png 260w, https:\/\/pages.pedf.cuni.cz\/kddd\/files\/2023\/12\/SMALLKDDD_banner_CZV-160x338.png 160w, https:\/\/pages.pedf.cuni.cz\/kddd\/files\/2023\/12\/SMALLKDDD_banner_CZV.png 1575w\" sizes=\"auto, (max-width: 142px) 100vw, 142px\" \/><\/a><\/p>\n","protected":false},"excerpt":{"rendered":"<p><a href=\"https:\/\/pages.pedf.cuni.cz\/kddd\/files\/2023\/12\/SMALLKDDD_banner_vedouci.png\">\u00a0\u00a0 <\/a> <a href=\"https:\/\/pages.pedf.cuni.cz\/kddd\/files\/2023\/12\/SMALLKDDD_banner_pregrad-1.png\">\u00a0 <\/a> <a href=\"https:\/\/pages.pedf.cuni.cz\/kddd\/files\/2023\/12\/SMALLKDDD_banner_postgrad.png\"><\/a> <a href=\"https:\/\/pages.pedf.cuni.cz\/kddd\/files\/2023\/12\/SMALLKDDD_banner_CZV.png\"><\/a><\/p>\n","protected":false},"author":402,"featured_media":0,"parent":612,"menu_order":0,"comment_status":"closed","ping_status":"closed","template":"","meta":{"_mc_calendar":[],"footnotes":""},"class_list":["post-7550","page","type-page","status-publish","hentry"],"_links":{"self":[{"href":"https:\/\/pages.pedf.cuni.cz\/kddd\/wp-json\/wp\/v2\/pages\/7550","targetHints":{"allow":["GET"]}}],"collection":[{"href":"https:\/\/pages.pedf.cuni.cz\/kddd\/wp-json\/wp\/v2\/pages"}],"about":[{"href":"https:\/\/pages.pedf.cuni.cz\/kddd\/wp-json\/wp\/v2\/types\/page"}],"author":[{"embeddable":true,"href":"https:\/\/pages.pedf.cuni.cz\/kddd\/wp-json\/wp\/v2\/users\/402"}],"replies":[{"embeddable":true,"href":"https:\/\/pages.pedf.cuni.cz\/kddd\/wp-json\/wp\/v2\/comments?post=7550"}],"version-history":[{"count":4,"href":"https:\/\/pages.pedf.cuni.cz\/kddd\/wp-json\/wp\/v2\/pages\/7550\/revisions"}],"predecessor-version":[{"id":7577,"href":"https:\/\/pages.pedf.cuni.cz\/kddd\/wp-json\/wp\/v2\/pages\/7550\/revisions\/7577"}],"up":[{"embeddable":true,"href":"https:\/\/pages.pedf.cuni.cz\/kddd\/wp-json\/wp\/v2\/pages\/612"}],"wp:attachment":[{"href":"https:\/\/pages.pedf.cuni.cz\/kddd\/wp-json\/wp\/v2\/media?parent=7550"}],"curies":[{"name":"wp","href":"https:\/\/api.w.org\/{rel}","templated":true}]}}