{"id":84,"date":"2015-03-06T16:52:25","date_gmt":"2015-03-06T15:52:25","guid":{"rendered":"http:\/\/pages.pedf.cuni.cz\/kddd\/?page_id=84"},"modified":"2025-08-07T17:27:07","modified_gmt":"2025-08-07T15:27:07","slug":"vyucujici","status":"publish","type":"page","link":"https:\/\/pages.pedf.cuni.cz\/kddd\/katedra\/lide\/vyucujici\/","title":{"rendered":"Vyu\u010duj\u00edc\u00ed"},"content":{"rendered":"<h4>T\u00e9mata bakal\u00e1\u0159sk\u00fdch a diplomov\u00fdch prac\u00ed se do SISu zad\u00e1vaj\u00ed po dohod\u011b s vedouc\u00edm pr\u00e1ce. Studenti se specifick\u00fdmi pot\u0159ebami se obracej\u00ed na PaedDr. Franti\u0161ka Parkana.<\/h4>\n<h2><span style=\"text-decoration: underline\">Profeso\u0159i<\/span><\/h2>\n<table class=\"alignleft\" style=\"border: 0px !important\">\n<tbody style=\"vertical-align: top\">\n<tr>\n<td style=\"width: 50%;border: 0 !important\"><strong>prof. PhDr. Kate\u0159ina Charv\u00e1tov\u00e1, CSc.<\/strong><\/p>\n<ul>\n<li>Vedouc\u00ed <em>Centra pro studium kulturn\u011b historick\u00e9ho d\u011bdictv\u00ed <\/em>p\u0159i KDDD<\/li>\n<li><a href=\"mailto:katerina.charvatova@pedf.cuni.cz\">katerina.charvatova@pedf.cuni.cz<\/a><\/li>\n<li><a href=\"https:\/\/pages.pedf.cuni.cz\/kddd\/files\/2023\/09\/Katerina-Charvatova_zari-2023.pdf\">Kate\u0159ina Charv\u00e1tov\u00e1 CV a bibliografie<\/a> 2023 (PDF)<\/li>\n<li>Profil na profesn\u00edch webech: <a href=\"https:\/\/cuni.academia.edu\/Kate%C5%99inaCharv%C3%A1tov%C3%A1\">academia.edu<\/a><\/li>\n<\/ul>\n<\/td>\n<td style=\"border: 0 !important\"><b>prof. PhDr. Ji\u0159\u00ed Pokorn\u00fd, CSc.<br \/>\n<\/b><\/p>\n<ul>\n<li>Vedouc\u00ed <em>Centra pro nov\u00e9 d\u011bjiny \u0161kolstv\u00ed a vzd\u011blanosti<\/em> p\u0159i KDDD<\/li>\n<li>Garant magistersk\u00e9ho a doktorsk\u00e9ho programu na kated\u0159e<\/li>\n<li>P\u0159edseda oborov\u00e9 rady doktorsk\u00e9ho studia<\/li>\n<li><a href=\"mailto:jiri.pokorny@pedf.cuni.cz\">jiri.pokorny@pedf.cuni.cz<\/a><\/li>\n<li><a href=\"https:\/\/pages.pedf.cuni.cz\/kddd\/files\/2023\/09\/Jiri_Pokorny_zari-2023.pdf\">Ji\u0159\u00ed Pokorn\u00fd CV a bibliografie<\/a> 2023\u00a0(PDF)<\/li>\n<\/ul>\n<\/td>\n<\/tr>\n<tr>\n<td style=\"border: 0 !important\"><b>prof. PhDr. Ji\u0159\u00ed Mikulec, CSc.<br \/>\n<\/b><\/p>\n<ul>\n<li><a href=\"mailto:jiri.mikulec@pedf.cuni.cz\">jiri.mikulec@pedf.cuni.cz<\/a><\/li>\n<li><a href=\"https:\/\/pages.pedf.cuni.cz\/kddd\/files\/2023\/08\/Jiri-Mikulec-CV-a-biblio_srpen-2023.pdf\">Jiri Mikulec &#8211; CV a bibliografie <\/a>2023<\/li>\n<\/ul>\n<\/td>\n<td style=\"border: 0 !important\"><b>prof.\u00a0PhDr. V\u00edt Vlnas, Ph.D.<\/b><\/p>\n<ul>\n<li><a href=\"mailto:vlnas@ngprague.cz\">vit.vlnas@pedf.cuni.cz<\/a><\/li>\n<li><a href=\"https:\/\/pages.pedf.cuni.cz\/kddd\/files\/2019\/11\/Vit_Vlnas_listopad_2019.pdf\">V\u00edt Vlnas &#8211; CV a bibliografie<\/a> (PDF)<\/li>\n<li><a href=\"https:\/\/pages.pedf.cuni.cz\/kddd\/files\/2023\/10\/Vit-Vlnas-BIBLIOGRAFIE-PERS-2023.pdf\">V\u00edt Vlnas &#8211; bibliografie 2023<\/a> (PDF)<\/li>\n<li>Profil na profesn\u00edch webech: <a href=\"https:\/\/cuni.academia.edu\/JanZdichynec\">academia.edu<\/a><\/li>\n<\/ul>\n<\/td>\n<\/tr>\n<tr>\n<td style=\"border: 0 !important\"><\/td>\n<\/tr>\n<\/tbody>\n<\/table>\n<h2><span style=\"text-decoration: underline\">Docenti<\/span><\/h2>\n<table class=\"alignleft\" style=\"border: 0px !important\">\n<tbody style=\"vertical-align: top\">\n<tr>\n<td style=\"width: 50%;border: 0 !important\"><b>doc. PhDr. Ji\u0159\u00ed Hnilica, Ph.D.<\/b><\/p>\n<ul>\n<li><a href=\"mailto:jiri.hnilica@pedf.cuni.cz\">jiri.hnilica@pedf.cuni.cz<\/a><\/li>\n<li><a href=\"https:\/\/pages.pedf.cuni.cz\/kddd\/files\/2020\/01\/Jiri-Hnilica_listopad_2019.pdf\">Ji\u0159\u00ed Hnilica &#8211; CV a bibliografie<\/a>\u00a0(PDF)<\/li>\n<\/ul>\n<\/td>\n<td style=\"border: 0 !important\"><b>doc. PhDr. Jana Kepartov\u00e1, CSc.<\/b><\/p>\n<ul>\n<li>Z\u00e1stupce vedouc\u00edho\u00a0katedry<\/li>\n<li><a href=\"mailto:jana.kepartova@pedf.cuni.cz\">jana.kepartova@pedf.cuni.cz<\/a><\/li>\n<li><a href=\"https:\/\/pages.pedf.cuni.cz\/kddd\/files\/2024\/06\/Jana_Kepartova_LEDEN-2024-1.pdf\">Jana_Kepartova CV a bibliografie\u00a02023<\/a><\/li>\n<li>Profil na profesn\u00edch webech: <a href=\"https:\/\/www.academia.edu\/people\/search?utf8=%E2%9C%93&amp;q=Jana+Kepartov%C3%A1\">academia.edu<\/a><br \/>\n<a href=\"https:\/\/www.researchgate.net\/profile\/Jana_Kepartova\">researchgate<\/a><\/li>\n<\/ul>\n<\/td>\n<\/tr>\n<tr>\n<td style=\"width: 50%;border: 0 !important\"><b>doc. PhDr. Petr Koura, Ph.D.<\/b><\/p>\n<ul>\n<li><a href=\"mailto:kpetr.koura@pedf.cuni.cz\">petr.koura@pedf.cuni.cz<\/a><\/li>\n<li><a href=\"https:\/\/pages.pedf.cuni.cz\/kddd\/files\/2019\/11\/Petr_Koura_listopad_2019-1.pdf\">Garant bakal\u00e1\u0159sk\u00e9ho programu u\u010ditelstv\u00ed a navazuj\u00edc\u00edho magistersk\u00e9ho programu Edukace<\/a><\/li>\n<li><a href=\"https:\/\/pages.pedf.cuni.cz\/kddd\/studenti\/celozivotni-vzdelavani\/\">Garant Celo\u017eivotn\u00edho vzd\u011bl\u00e1v\u00e1n\u00ed<\/a><\/li>\n<li><a href=\"https:\/\/pages.pedf.cuni.cz\/kddd\/files\/2023\/10\/Petr_Koura-rijen_2023.pdf\">Petr Koura \u2013 CV a bibliografie<\/a> 2023\u00a0(PDF)<\/li>\n<\/ul>\n<\/td>\n<td style=\"border: 0 !important\">&nbsp;<\/p>\n<p>&nbsp;<\/td>\n<\/tr>\n<\/tbody>\n<\/table>\n<h2><span style=\"text-decoration: underline\">Odborn\u00ed asistenti<\/span><\/h2>\n<table class=\"alignleft\" style=\"border: 0px !important\">\n<tbody style=\"vertical-align: top\">\n<tr>\n<td style=\"border: 0 !important\"><strong>PhDr. Jan Zdichynec, Ph.D.<\/strong><\/p>\n<ul>\n<li><a href=\"mailto:jan.zdichynec@pedf.cuni.cz\">jan.zdichynec@pedf.cuni.cz<\/a><\/li>\n<li><a href=\"https:\/\/pages.pedf.cuni.cz\/kddd\/files\/2023\/10\/Jan-Zdichynec_zari-2023.pdf\">Jan Zdichynec &#8211; CV a bibliografie<\/a> 2023 (PDF)<\/li>\n<li>Profil na profesn\u00edch webech: <a href=\"https:\/\/cuni.academia.edu\/JanZdichynec\">academia.edu<\/a><\/li>\n<\/ul>\n<\/td>\n<td style=\"border: 0 !important\"><b>PhDr. Iva Ber\u00e1nkov\u00e1<\/b><\/p>\n<ul>\n<li>Koordin\u00e1tor zahrani\u010dn\u00ed agendy<\/li>\n<li>Koordin\u00e1tor programu ERASMUS+<\/li>\n<li>+420 221 900 237<\/li>\n<li><a href=\"mailto:iva.berankova@pedf.cuni.cz\" target=\"_blank\" rel=\"noopener noreferrer\">iva.berankova@pedf.cuni.cz<\/a><\/li>\n<\/ul>\n<\/td>\n<\/tr>\n<tr>\n<td style=\"border: 0 !important\"><b>Mgr. Du\u0161an Folt\u00fdn<\/b><\/p>\n<ul>\n<li><a href=\"mailto:dusan.foltyn@pedf.cuni.cz\">dusan.foltyn@pedf.cuni.cz<\/a><\/li>\n<li><a href=\"https:\/\/pages.pedf.cuni.cz\/kddd\/files\/2015\/03\/dusan-foltyn-unor-2017.doc.pdf\">Du\u0161an Folt\u00fdn &#8211; CV a bibliografie<\/a>\u00a0(PDF)<\/li>\n<\/ul>\n<\/td>\n<td style=\"border: 0 !important\"><b>Mgr. Kate\u0159ina Sl\u00e1dkov\u00e1<\/b><\/p>\n<ul>\n<li><a href=\"mailto:Katerina.Sladkova@pedf.cuni.cz\">Katerina.Sladkova@pedf.cuni.cz<\/a><\/li>\n<li><a href=\"https:\/\/pages.pedf.cuni.cz\/kddd\/files\/2023\/09\/Katerina-Sladkova_CV_biblio_2023.pdf\">Katerina Sladkova_CV a bibliografie<\/a> 2023 (PDF)<\/li>\n<\/ul>\n<\/td>\n<\/tr>\n<tr>\n<td style=\"width: 50%;border: 0 !important\"><b>PhDr. Hana Havl\u016fjov\u00e1, Ph.D.<\/b><\/p>\n<ul>\n<li><a href=\"mailto:hana.havlujova@pedf.cuni.cz\">hana.havlujova@pedf.cuni.cz<\/a><\/li>\n<li><a href=\"https:\/\/pages.pedf.cuni.cz\/kddd\/files\/2021\/03\/Hana_Havlujova_brezen_2021.pdf\">Havl\u016fjov\u00e1 CV a bibliografie<\/a> 2021 (PDF)<\/li>\n<\/ul>\n<\/td>\n<td style=\"border: 0 !important\"><b>Mgr. Tom\u00e1\u0161 Mikeska<\/b><\/p>\n<ul>\n<li>Z\u00e1stupce vedouc\u00edho <em>Centra pro oborovou didaktiku<\/em> p\u0159i kated\u0159e<\/li>\n<li><a href=\"mailto:tomas.mikeska@pedf.cuni.cz\">tomas.mikeska@pedf.cuni.cz<\/a><\/li>\n<li><a href=\"https:\/\/pages.pedf.cuni.cz\/kddd\/files\/2023\/10\/Tomas-MIkeska_rijen-2023.pdf\">Tom\u00e1\u0161 Mikeska \u2013 CV a bibliografie<\/a> 2023 (PDF)<\/li>\n<\/ul>\n<\/td>\n<\/tr>\n<tr>\n<td style=\"border: 0 !important\"><b>PaedDr. Franti\u0161ek Parkan<\/b><\/p>\n<ul>\n<li>Kontaktn\u00ed osoba pro studenty se specifick\u00fdmi pot\u0159ebami<\/li>\n<li><a href=\"mailto:frantisek.parkan@pedf.cuni.cz\">frantisek.parkan@pedf.cuni.cz<\/a><\/li>\n<li><a href=\"https:\/\/pages.pedf.cuni.cz\/kddd\/files\/2023\/08\/Frantisek-Parkan_srpen-2023.pdf\">Frantisek Parkan_cv a bibliografie<\/a> 2023 (PDF)<\/li>\n<\/ul>\n<\/td>\n<td style=\"border: 0 !important\"><strong>Mgr. Jaroslav Pinkas, Ph.D.<br \/>\n<\/strong><\/p>\n<ul>\n<li>jaroslav.pinkas@pedf.cuni.cz<\/li>\n<li>\n<a href=\"https:\/\/pages.pedf.cuni.cz\/kddd\/files\/2025\/08\/Jaroslav_Pinkas_srpen_2025.pdf\">Jaroslav_Pinkas &#8211; CV a bibliografie_2025<\/a><\/li>\n<\/ul>\n<\/td>\n<\/tr>\n<tr>\n<td style=\"border: 0 !important\"><strong>PhDr. V\u00e1clava Kofr\u00e1nkov\u00e1, Ph.D.<br \/>\n<\/strong><\/p>\n<ul>\n<li><a href=\"mailto:vaclava.kofrankova@pedf.cuni.cz\">vaclava.kofrankova@pedf.cuni.cz<\/a><\/li>\n<li><a href=\"https:\/\/pages.pedf.cuni.cz\/kddd\/files\/2024\/03\/V.Kofrankova_CV_2-2024_s_konferencemi-1-1.pdf\">V.Kofrankova_CV a bibliografie 2024<\/a><\/li>\n<\/ul>\n<\/td>\n<\/tr>\n<\/tbody>\n<\/table>\n<p>&nbsp;<\/p>\n<h2><span style=\"text-decoration: underline\">Externist\u00e9<\/span><\/h2>\n<table class=\"alignleft\" style=\"border: 0px !important\">\n<tbody style=\"vertical-align: top\">\n<tr>\n<td style=\"border: 0 !important\"><strong>PhDr. Jaroslav Najbert, Ph.D.<\/strong><\/p>\n<ul>\n<li>jaroslav.najbert@pedf.cuni.cz<\/li>\n<li><a href=\"https:\/\/pages.pedf.cuni.cz\/kddd\/files\/2019\/11\/Jaroslav_Najbert_listopad_2019.pdf\">Jaroslav Najbert \u2013 CV a bibliografie<\/a>\u00a0(PDF)<\/li>\n<\/ul>\n<\/td>\n<td style=\"width: 50%;border: 0 !important\"><strong>Mgr. Josef Kales<\/strong><\/p>\n<ul>\n<li><a title=\"e-mail\" href=\"mailto:JosefKales@seznam.cz\">JosefKales@seznam.cz<\/a><\/li>\n<\/ul>\n<\/td>\n<\/tr>\n<tr>\n<td style=\"width: 50%;border: 0 !important\"><strong>Mgr. David Vencl\u00edk, Ph.D.<\/strong><\/p>\n<ul>\n<li><a title=\"e-mail\" href=\"mailto:david.venclik@seznam.cz\">david.venclik@seznam.cz<\/a><\/li>\n<\/ul>\n<\/td>\n<\/tr>\n<\/tbody>\n<\/table>\n<h2><span style=\"text-decoration: underline\">Vyu\u010duj\u00edc\u00ed v oboru Edukace a interpretace v oblasti kulturn\u00edho d\u011bdictv\u00ed<\/span><\/h2>\n<table class=\"alignleft\" style=\"border: 0px !important\">\n<tbody style=\"vertical-align: top\">\n<tr>\n<td style=\"width: 50%;border: 0 !important\"><strong>PhDr. Martina Indrov\u00e1<br \/>\n<\/strong><\/p>\n<ul>\n<li>Pam\u00e1tkov\u00e1 p\u00e9\u010de I., II.<\/li>\n<li>martina.indrova@pedf.cuni.cz<\/li>\n<li><a href=\"https:\/\/pages.pedf.cuni.cz\/kddd\/files\/2023\/09\/Martina-INDROVA_zari-2023.pdf\">Martina Indrov\u00e1 &#8211; CV a bibliografie<\/a> 2023 (PDF)<\/li>\n<\/ul>\n<\/td>\n<td style=\"width: 50%;border: 0 !important\"><strong>Mgr. Iva Vachkov\u00e1, Ph.D.<\/strong><\/p>\n<ul>\n<li>Edukace a m\u00e9dia I., II.<\/li>\n<li>Muzejn\u00ed a galerijn\u00ed studia I., II.<\/li>\n<li>iva.vachkova@pedf.cuni.cz<\/li>\n<\/ul>\n<\/td>\n<\/tr>\n<tr>\n<td style=\"width: 50%;border: 0 !important\"><strong>MgA. Ji\u0159\u00ed Rezek<br \/>\n<\/strong><\/p>\n<ul>\n<li>Drama diversa I., II.<\/li>\n<li><a href=\"mailto:rezek.jiri@centrum.cz\">rezek.jiri@centrum.cz<\/a><\/li>\n<\/ul>\n<\/td>\n<td style=\"width: 50%;border: 0 !important\"><strong>Mg.A Jan Ryb\u00e1\u0159, PhD.<\/strong><\/p>\n<ul>\n<li>Hudebn\u00ed jazyk I., II.<\/li>\n<li>honza.rybar@seznam.cz<\/li>\n<\/ul>\n<\/td>\n<\/tr>\n<tr>\n<td style=\"width: 50%;border: 0 !important\"><strong>Mgr. Lucie \u0160t\u016flov\u00e1 Vobo\u0159ilov\u00e1<\/strong><\/p>\n<ul>\n<li>Praktika z projektov\u00e9ho manegementu I., II.<\/li>\n<\/ul>\n<\/td>\n<\/tr>\n<\/tbody>\n<\/table>\n<p style=\"text-align: left\"><span style=\"font-size: 16px\">Rozpis konzulta\u010dn\u00edch hodin naleznete <a title=\"Konzultace\" href=\"https:\/\/pages.pedf.cuni.cz\/kddd\/katedra\/lide\/konzultace\/\">zde<\/a>.<\/span><\/p>\n","protected":false},"excerpt":{"rendered":"<p>T\u00e9mata bakal\u00e1\u0159sk\u00fdch a diplomov\u00fdch prac\u00ed se do SISu zad\u00e1vaj\u00ed po dohod\u011b s vedouc\u00edm pr\u00e1ce. Studenti se specifick\u00fdmi pot\u0159ebami se obracej\u00ed na PaedDr. Franti\u0161ka Parkana. Profeso\u0159i prof. PhDr. Kate\u0159ina Charv\u00e1tov\u00e1, CSc. Vedouc\u00ed Centra pro studium kulturn\u011b<strong>&#8230;<\/strong><\/p>\n","protected":false},"author":402,"featured_media":0,"parent":53,"menu_order":20,"comment_status":"closed","ping_status":"closed","template":"","meta":{"_mc_calendar":[],"footnotes":""},"class_list":["post-84","page","type-page","status-publish","hentry"],"_links":{"self":[{"href":"https:\/\/pages.pedf.cuni.cz\/kddd\/wp-json\/wp\/v2\/pages\/84","targetHints":{"allow":["GET"]}}],"collection":[{"href":"https:\/\/pages.pedf.cuni.cz\/kddd\/wp-json\/wp\/v2\/pages"}],"about":[{"href":"https:\/\/pages.pedf.cuni.cz\/kddd\/wp-json\/wp\/v2\/types\/page"}],"author":[{"embeddable":true,"href":"https:\/\/pages.pedf.cuni.cz\/kddd\/wp-json\/wp\/v2\/users\/402"}],"replies":[{"embeddable":true,"href":"https:\/\/pages.pedf.cuni.cz\/kddd\/wp-json\/wp\/v2\/comments?post=84"}],"version-history":[{"count":11,"href":"https:\/\/pages.pedf.cuni.cz\/kddd\/wp-json\/wp\/v2\/pages\/84\/revisions"}],"predecessor-version":[{"id":8080,"href":"https:\/\/pages.pedf.cuni.cz\/kddd\/wp-json\/wp\/v2\/pages\/84\/revisions\/8080"}],"up":[{"embeddable":true,"href":"https:\/\/pages.pedf.cuni.cz\/kddd\/wp-json\/wp\/v2\/pages\/53"}],"wp:attachment":[{"href":"https:\/\/pages.pedf.cuni.cz\/kddd\/wp-json\/wp\/v2\/media?parent=84"}],"curies":[{"name":"wp","href":"https:\/\/api.w.org\/{rel}","templated":true}]}}