{"id":88,"date":"2015-03-06T16:53:15","date_gmt":"2015-03-06T15:53:15","guid":{"rendered":"http:\/\/pages.pedf.cuni.cz\/kddd\/?page_id=88"},"modified":"2025-03-09T21:00:57","modified_gmt":"2025-03-09T20:00:57","slug":"doktorandi","status":"publish","type":"page","link":"https:\/\/pages.pedf.cuni.cz\/kddd\/katedra\/lide\/doktorandi\/","title":{"rendered":"Doktorandi"},"content":{"rendered":"<h1><span style=\"text-decoration: underline;font-size: 16px\">Prob\u00edhaj\u00edc\u00ed studium<\/span><\/h1>\n<p><span style=\"font-size: 16px\"><strong>PhDr. Iva Ber\u00e1nkov\u00e1<\/strong> (doc. PhDr. Ivana \u010cornejov\u00e1, CSc.): Bernard Ign\u00e1c z Martinic a c\u00edrkev<br \/>\n<\/span><\/p>\n<p><strong>Mgr. Vojt\u011bch Bernacik<\/strong> (doc. PhDr. Ivana \u010cornejov\u00e1, CSc.): <span style=\"color: #000000;background-color: #ffffff\">Stevinova Aritmetika v kontextu jeho \u017eivota a doby.<\/span><\/p>\n<p><span style=\"font-size: 16px\"><strong>Mgr. Krist\u00fdna Bernardov\u00e1<\/strong> (PhDr. Petr Koura, Ph.D.): Rud\u00e9 vdovy: Osudy \u017een, kter\u00e9 pom\u00e1haly budovat socialismus v \u010ceskoslovensku.<\/span><\/p>\n<p><span style=\"font-size: 16px\"><strong>Bohumila Cymbalak-Jankovsk\u00e1<\/strong> (prof. PhDr. K. Charv\u00e1tov\u00e1, CSc.): Klatovsko na p\u0159elomu 14. a 15. stolet\u00ed<\/span><\/p>\n<p><span style=\"font-size: 16px\"><strong>Mgr. V\u00e1clav \u010cada<\/strong> (doc. PhDr. Ji\u0159\u00ed Hnilica, Ph.D.): <\/span><\/p>\n<p><span style=\"font-size: 16px\"><strong>Mgr. Ing. Dykastov\u00e1 Gabriela <\/strong>(prof. PhDr. Kate\u0159ina Charv\u00e1tov\u00e1, CSc.):\u00a0Pra\u017esk\u00fd\u00a0biskup\u00a0Tobi\u00e1\u0161\u00a0(1278-1296)<\/span><\/p>\n<p><span style=\"font-size: 16px\"><strong>Mgr. Marek Fap\u0161o\u00a0 <\/strong>(prof. PhDr. Ji\u0159\u00ed Pokorn\u00fd, CSc.):\u00a0Slep\u00fd Belisar mezi V\u00eddn\u00ed a Prahou. P\u0159\u00edsp\u011bvek k v\u00fduce zrakov\u011b posti\u017een\u00fdch v rakousk\u00e9 monarchii na po\u010d\u00e1tku 19. stolet\u00ed<\/span><\/p>\n<p><span style=\"font-size: 16px\"><strong>Mgr. Mark\u00e9ta Formanov\u00e1<\/strong> (prof. PhDr. Ji\u0159\u00ed Pokorn\u00fd, Ph.D.): Dior\u00e1ma jako forma prezentace historick\u00fdch ud\u00e1lost\u00ed a vyu\u017eit\u00ed t\u00e9to formy v sou\u010dasn\u00e9 muzejn\u00ed pedagogice<\/span><\/p>\n<p><span style=\"font-size: 16px\"><strong>Mgr. Josef Hais <\/strong>(prof. PhDr. Ji\u0159\u00ed Pokorn\u00fd, CSc.): Prom\u011bna forem podnik\u00e1n\u00ed v jihoz\u00e1padn\u00edch \u010cech\u00e1ch na p\u0159\u00edkladu skl\u00e1\u0159sk\u00e9 rodiny Ziegler\u016f &#8211; p\u0159eru\u0161eno<br \/>\n<\/span><\/p>\n<p><span style=\"font-size: 16px\"><strong>PhDr. Vojt\u011bch H\u00e1jek<\/strong> (prof.\u00a0PhDr.\u00a0V\u00edt\u00a0Vlnas,\u00a0Ph.D.): Mezi z\u00e1bavou, prac\u00ed a obranou vlasti \u2013 P\u0159\u00edprava z\u00e1lo\u017en\u00edch pilot\u016f vrtuln\u00edk\u016f \u010cSLA v letech 1963\u20131989<\/span><\/p>\n<p><span style=\"font-size: 16px\"><strong>Mgr. Eva Hock\u00e1<\/strong> (<span style=\"color: #000000\">doc. PhDr. Petr Koura, Ph.D.<\/span>): V\u00fdvoj proti\u017eidovsk\u00e9 legislativy v Protektor\u00e1tu \u010cechy a Morava, faktory ovliv\u0148uj\u00edc\u00ed vyd\u00e1v\u00e1n\u00ed vyhl\u00e1\u0161ek a na\u0159\u00edzen\u00ed pro nearijsk\u00e9 obyvatelstvo ve ve\u0159ejn\u00e9m styku a proti\u017eidovsk\u00e1 propaganda souvisej\u00edc\u00ed s vyd\u00e1v\u00e1n\u00edm proti\u017eidovsk\u00fdch na\u0159\u00edzen\u00ed<\/span><\/p>\n<p><span style=\"font-size: 16px\"><strong>PhDr. Filip Jirou\u0161ek<\/strong> (doc. PhDr. Petr Koura, Ph.D.): Region\u00e1ln\u00ed disent na pomez\u00ed N\u00e1chodska a Trutnovska v letech 1977-1989<\/span><\/p>\n<p><span style=\"font-size: 16px\"><strong>Mgr. Anna Jon\u00e1kov\u00e1 <\/strong>(prof. PhDr. Ji\u0159\u00ed Pokorn\u00fd, CSc.): V\u00fdvoj st\u0159edn\u00ed t\u0159\u00eddy m\u011b\u0161\u0165anstva v pr\u016fb\u011bhu druh\u00e9 poloviny 19. stolet\u00ed na p\u0159\u00edkladu rodiny \u0160vagrovsk\u00fdch, \u0160pindler\u016f, Fri\u010d\u016f a Zeyer\u016f<\/span><\/p>\n<p><span style=\"font-size: 16px\"><strong>Mgr. Roman K\u00e1\u010derek<\/strong> (doc. PhDr. Ivana \u010cornejov\u00e1, CSc.): Mari\u00e1nsk\u00e9 kulty a lidov\u00e1 zbo\u017enost doby barokn\u00ed &#8211; p\u0159eru\u0161eno<br \/>\n<\/span><\/p>\n<p><span style=\"font-size: 16px\"><strong>Mgr. Josef Kales <\/strong>(doc. PhDr. Ivana \u010cornejov\u00e1, CSc.): P\u0159edindustri\u00e1ln\u00ed os\u00eddlen\u00ed Brdsk\u00e9 vrchoviny<strong><br \/>\n<\/strong><\/span><\/p>\n<p><span style=\"font-size: 16px\"><strong>Mgr. Milo\u0161 Kr\u010dm\u00e1\u0159<\/strong> (prof. PhDr. Ji\u0159\u00ed Pokorn\u00fd, Ph.D.): Pomn\u00edky Velk\u00e9 v\u00e1lky ve ve\u0159ejn\u00e9m prostoru<\/span><\/p>\n<p><span style=\"font-size: 16px\"><strong>Mgr. Jan Kremer<\/strong> (prof. PhDr. Kate\u0159ina Charv\u00e1tov\u00e1, CSc.): Premonstr\u00e1tsk\u00fd \u0159\u00e1d ve st\u0159edov\u00fdchodn\u00ed Evrop\u011b do po\u010d\u00e1tku 14. stolet\u00ed &#8211; Komunikace, transfer lid\u00ed a kulturn\u00edch vzorc\u016f<\/span><\/p>\n<p><span style=\"font-size: 16px\"><strong>Mgr. Josef Pavl\u00ed\u010dek<\/strong> (PhDr. Jan Zdichynec, Ph.D.): Ka\u017edodenn\u00ed \u017eivot v \u017eensk\u00fdch kl\u00e1\u0161terech ve vybran\u00fdch st\u0159edoevropsk\u00fdch regionech v obdob\u00ed vrcholn\u00e9ho st\u0159edov\u011bku &#8211; p\u0159eru\u0161eno<br \/>\n<\/span><\/p>\n<p><span style=\"color: #000000;background-color: #ffffff\"><strong>Mgr. Krist\u00fdna Pinkrov\u00e1<\/strong> (Mgr. Jakub Jare\u0161, Ph.D.): Expozice jako m\u00edsto pro porozum\u011bn\u00ed. Metody tvorby v\u00fdstav a hodnocen\u00ed jejich efektivity.<\/span><\/p>\n<p><span style=\"font-size: 16px\"><strong>Mgr. Mat\u011bj Pros<\/strong> (prof. PhDr. Kate\u0159ina Charv\u00e1tov\u00e1, CSc.): Voln\u00fd \u010das ve st\u0159edov\u011bku<\/span><\/p>\n<p><span style=\"font-size: 16px\"><strong>Ing. Ji\u0159\u00ed Sissak <\/strong>(prof.\u00a0PhDr.\u00a0V\u00edt\u00a0Vlnas,\u00a0Ph.D.): \u017divot voj\u00e1ka habsbursk\u00e9 monarchie v letech 1757-1762<\/span><\/p>\n<p><span style=\"font-size: 16px\"><strong>Mgr. Kate\u0159ina Sl\u00e1dkov\u00e1<\/strong>\u00a0(prof. PhDr. Kate\u0159ina Charv\u00e1tov\u00e1, CSc.): \u017densk\u00e1 zbo\u017enost na st\u0159edoevropsk\u00fdch panovnick\u00fdch dvorech ve 13. stolet\u00ed<\/span><\/p>\n<p><span style=\"font-size: 16px\"><strong>PhDr. Pavla S\u00fdkorov\u00e1<\/strong> (Mgr. Jaroslav Pinkas, Ph.D.): Historick\u00e1 gramotnost optikou HistoryLabu<\/span><\/p>\n<p><span style=\"font-size: 16px\"><b>PhDr. Jan \u0160indel\u00e1\u0159 <\/b>(prof. PhDr. Ji\u0159\u00ed Pokorn\u00fd, CSc.): Pomn\u00edky jako ideologick\u00fd n\u00e1stroj ve ve\u0159ejn\u00e9m prostoru komunistick\u00e9ho \u010ceskoslovenska<\/span><\/p>\n<p><span style=\"font-size: 16px\"><strong>Mgr. Kry\u0161tof Zeman<\/strong> (PhDr. Petr Koura, Ph.D.): Prohra bez l\u00edtosti aneb neohro\u017een\u00e1 \u0161pion\u00e1\u017en\u00ed \u010dinnost Josefa Poto\u010dka, V\u00e1clava Kv\u00ed\u010dery a spol. proti komunistick\u00e9mu re\u017eimu v \u010ceskoslovensku, jej\u00ed odhalen\u00ed a d\u016fsledky<\/span><\/p>\n<h1><span style=\"text-decoration: underline;font-size: 16px\">\u00dasp\u011b\u0161n\u011b uzav\u0159en\u00e9 studium<\/span><\/h1>\n<p><span style=\"font-size: 16px\"><strong>Mgr. Ji\u0159\u00ed Ba\u0161ta<\/strong> (doc. PhDr. Alena M\u00ed\u0161kov\u00e1, Ph.D.): Lidov\u00e9 milice 1948-1969<\/span><\/p>\n<p><span style=\"font-size: 16px\"><strong>Mgr. Pavla Bechnerov\u00e1, roz. \u0160t\u011bp\u00e1nkov\u00e1 <\/strong>(doc. PhDr. Ji\u0159\u00ed Pokorn\u00fd, CSc.): Spole\u010dnost pro obnovu Lidic ve vztahu k \u00fast\u0159edn\u00edm i m\u00edstn\u00edm \u00fa\u0159ad\u016fm st\u00e1tn\u00ed spr\u00e1vy a ve vztahu k ideologii komunistick\u00e9 strany v obdob\u00ed 1945\/6-1960<\/span><\/p>\n<p><span style=\"font-size: 16px\"><strong>Mgr. Kate\u0159ina Bl\u00e1hov\u00e1<\/strong> (prof. PhDr. Petr \u010cornej, DrSc.): \u010cesk\u00e1 historiografie p\u0159elomu stolet\u00ed v dialogu s Evropou (1890-1914)<\/span><\/p>\n<p><span style=\"font-size: 16px\"><strong>Mgr. Ond\u0159ej Bla\u017eek<\/strong> (doc. Mgr. Jaroslav \u0160ebek, Ph.D.): Prom\u011bny diskurz\u016f \u010desk\u00e9ho katolick\u00e9ho exilu v It\u00e1lii 1962-1969<\/span><\/p>\n<p><strong>Mgr. Jakub Bronec <\/strong>(<span lang=\"EN-US\">PhDr. Petr Koura Ph.D.\/Ass-prof. Denis Scuto, Universit\u00e9 du Luxembourg<\/span>)<strong>: <\/strong><span lang=\"EN-US\">Cultural and educational activities of the Jewish minority in Czechoslovakia and Francophone regions of Luxembourg, and Alsace-Lorraine in (1960-1989): Comparative study<\/span><\/p>\n<p><span style=\"font-size: 16px\"><strong>PhDr. Eduard Burget<\/strong> (prof. PhDr. Ji\u0159\u00ed Pokorn\u00fd, CSc.): Spisovatel a dramatik Franti\u0161ek Zav\u0159el (1884-1947) v ideov\u00fdch a kulturn\u00edch souvislostech prvn\u00ed poloviny 20. stolet\u00ed<\/span><\/p>\n<p><span style=\"font-size: 16px\"><strong>Mgr. Vojt\u011bch \u010curda<\/strong> (doc. PhDr. Ivana \u010cornejov\u00e1, CSc.): Pod\u00edl Ladislava \u0160tolla na formov\u00e1n\u00ed \u010deskoslovensk\u00e9 kultury<\/span><\/p>\n<p><span style=\"font-size: 16px\"><strong>Mgr. Mark\u00e9ta Dev\u00e1t\u00e1<\/strong> (doc. PhDr. Alena M\u00ed\u0161kov\u00e1, Ph.D.): Kulturn\u011b-v\u011bdn\u00ed politika KS\u010c a ideologizace spole\u010densk\u00fdch obor\u016f v letech 1945-1960<\/span><\/p>\n<p><span style=\"font-size: 16px\"><strong>PhDr. Milan Duch\u00e1\u010dek<\/strong> (doc. PhDr. Ivana \u010cornejov\u00e1, CSc.): V\u00e1clav Chaloupeck\u00fd. \u010ceskoslovensk\u00fd historik a archiv\u00e1\u0159 (1882-1951)<\/span><\/p>\n<p><span style=\"font-size: 16px\"><strong>Mgr. V\u00e1clav Fronk<\/strong> (doc. PhDr. Ji\u0159\u00ed Pokorn\u00fd, CSc.): Sebereflexe \u010desk\u00e9 spole\u010dnosti. P\u0159elom 19. a 20. stolet\u00ed v perspektiv\u011b humoristick\u00fdch \u010dasopis\u016f<\/span><\/p>\n<p><span style=\"font-size: 16px\"><strong>PhDr. Tom\u00e1\u0161 Habermann <\/strong>(prof. PhDr. Kate\u0159ina Charv\u00e1tov\u00e1, CSc., konzultant prof. PhDr. Ji\u0159\u00ed Pokorn\u00fd, CSc.): \u010ceskoslovensko-sionismus-antisemitismus-Izrael<\/span><\/p>\n<p><span style=\"font-size: 16px\"><strong>Mgr. Ji\u0159\u00ed Havl\u00edk<\/strong> (doc. PhDr. Ivana \u010cornejov\u00e1, CSc.): Jan Bed\u0159ich z Vald\u0161tejna a jeho spory o dan\u011b na tureck\u00e9 v\u00e1lky (1682-1694)<\/span><\/p>\n<p><span style=\"font-size: 16px\"><strong>PhDr. Hana Havl\u016fjov\u00e1<\/strong> (doc. PhDr. Alena M\u00ed\u0161kov\u00e1, Ph.D.): Na okraji z\u00e1jmu? \u010cesk\u00e9 modern\u00ed \u017eeny a Orient v prvn\u00ed polovin\u011b 20. stolet\u00ed<\/span><\/p>\n<p><span style=\"font-size: 16px\"><strong>PhDr. Ji\u0159\u00ed Hnilica<\/strong> (prof. PhDr. Ji\u0159\u00ed Pokorn\u00fd, CSc., prof. Antoine Mares z Universit\u00e9 Paris I, Pantheon &#8211; Sorbonne): La France dans la formation des \u00e9lites Tch\u00e9coslovaques (1900-1950)<\/span><\/p>\n<p><span style=\"font-size: 16px\"><strong>Mgr. Libor Hru\u0161ka<\/strong> (doc. PhDr. Ji\u0159\u00ed Pokorn\u00fd, CSc.): Pivovarnictv\u00ed 1869-1914. \u017d\u00edze\u0148, nebo vlastenectv\u00ed?<\/span><\/p>\n<p><strong>Mgr. Helena Chalupov\u00e1<\/strong> (prof. PhDr. V\u00edt Vlnas): \u010cesk\u00e9 zem\u011b a oblast dne\u0161n\u00edho Rumunska na p\u0159elomu 16. a 17. stolet\u00ed<\/p>\n<p><span style=\"font-size: 16px\"><strong>Mgr. Barbora Ji\u0159incov\u00e1, roz. Hanu\u0161ov\u00e1<\/strong> (prof. PhDr. V\u00edt Vlnas, Ph.D.): \u017deny v rekatolizaci \u010desk\u00fdch zem\u00ed<\/span><\/p>\n<p><span style=\"font-size: 16px\"><strong>PhDr. Milena Josefi\u010dov\u00e1<\/strong> (doc. PhDr. Alena M\u00ed\u0161kov\u00e1, Ph.D.): N\u011bmeck\u00e1 vysok\u00e1 \u0161kola technick\u00e1 v Praze 1938-1945<\/span><\/p>\n<p><span style=\"font-size: 16px\"><strong>Mgr. V\u00e1clava Kofr\u00e1nkov\u00e1 <\/strong>(prof. PhDr. Petr \u010cornej, DrSc.): Prom\u011bny otakarsk\u00e9ho m\u00fdtu v galerii n\u00e1rodn\u00edch d\u011bjin<\/span><\/p>\n<p><span style=\"font-size: 16px\"><strong>PhDr. Stanislav Koko\u0161ka<\/strong> (doc. PhDr. Alena M\u00ed\u0161kov\u00e1, Ph.D.): Prag im Mai 1945, Die Geschichte eines Aufstandes<\/span><\/p>\n<p><span style=\"font-size: 16px\"><strong>Mgr. Franti\u0161ek Kolouch<\/strong> (doc. PhDr. Alena M\u00ed\u0161kov\u00e1, Ph.D.): Internace biskup\u016f Josefa Hloucha a Karla Skoup\u00e9ho v dob\u011b komunismu<\/span><\/p>\n<p><span style=\"font-size: 16px\"><strong>PhDr. Olga Kotkov\u00e1<\/strong> (prof. PhDr. V\u00edt Vlnas, Ph.D.): Sb\u011bratelstv\u00ed n\u011bmeck\u00fdch a rakousk\u00fdch deskov\u00fdch obraz\u016f 14.-16. stolet\u00ed v N\u00e1rodn\u00ed galerii v Praze<\/span><\/p>\n<p><span style=\"font-size: 16px\"><strong>Mgr. Pavl\u00edna Kourov\u00e1, roz. Form\u00e1nkov\u00e1 <\/strong>(doc. PhDr. Ji\u0159\u00ed Pokorn\u00fd, CSc.) : Propagandistick\u00e9 kampan\u011b v \u010ceskoslovensku v letech 1948-1953<\/span><\/p>\n<p><span style=\"font-size: 16px\"><strong>Mgr. Olga Kova\u0159\u00edkov\u00e1, roz. Kuthanov\u00e1<\/strong> (doc. PhDr. Alena M\u00ed\u0161kov\u00e1, Ph.D.): Cenzura a jej\u00ed vliv na divadeln\u00ed \u017eivot v Protektor\u00e1tu \u010cechy a Morava<\/span><\/p>\n<p><strong>Mgr. Jaroslav\u00a0Kr\u00e1tk\u00fd, Ph.D.<\/strong> (prof. PhDr. V\u00edt Vlnas, Ph.D.): Zaitsek von Egbell \u2013 rakousk\u00e1 d\u016fstojnick\u00e1 rodina ve dvou generac\u00edch<\/p>\n<p><span style=\"font-size: 16px\"><strong>PhDr. Dita K\u0159i\u0161\u0165anov\u00e1<\/strong> (prof. doc. PhDr. V\u00edt Vlnas, Ph.D.): Historick\u00fd m\u00fdtus v d\u00edle Julia Zeyera<\/span><\/p>\n<p><strong>Mgr. Dagmar Martinkov\u00e1<\/strong>\u00a0(doc. PhDr. Ivana \u010cornejov\u00e1, CSc.): N\u00e1vraty voly\u0148sk\u00fdch \u010cech\u016f a jejich asimilace, se zvl\u00e1\u0161tn\u00edm z\u0159etelem k Vy\u0161kovsku<\/p>\n<p><span style=\"font-size: 16px\"><strong>Mgr. V\u00e1clav N\u00e1jemn\u00edk<\/strong> (doc. PhDr. Ivana \u010cornejov\u00e1, CSc.): Druh\u00fd \u017eivot Zde\u0148ka Nejedl\u00e9ho<\/span><\/p>\n<p><strong>PhDr. Tamara Nov\u00e1kov\u00e1<\/strong> (prof. PhDr. Ji\u0159\u00ed Pokorn\u00fd, CSc.): Osidlov\u00e1n\u00ed okresu Trutnov od roku 1945<\/p>\n<p><span style=\"font-size: 16px\"><strong>Mgr. Robert Novotn\u00fd<\/strong> (prof. PhDr. Petr \u010cornej, DrSc.): Soci\u00e1ln\u00ed, institucion\u00e1ln\u00ed a konfesion\u00e1ln\u00ed aspekty v\u00fdvoje \u010desk\u00e9 \u0161lechty v pozdn\u00edm st\u0159edov\u011bku<\/span><\/p>\n<p><span style=\"font-size: 16px\"><strong>Mgr. Doubravka Ol\u0161\u00e1kov\u00e1<\/strong> (doc. PhDr. V\u00edt Vlnas, Ph.D., prof. Xavier Galmiche z Universit\u00e9 Paris IV, Sorbonne &#8211; Institut d\u00b4\u00c9tudes Slave): Formov\u00e1n\u00ed n\u00e1rodn\u00ed identity v multinacion\u00e1ln\u00edm prost\u0159ed\u00ed: pa\u0159\u00ed\u017e\u0161t\u00ed imigranti v letech 1848-1900<\/span><\/p>\n<p><span style=\"font-size: 16px\"><strong>Mgr. Tom\u00e1\u0161 Pavl\u00ed\u010dek<\/strong> (doc. PhDr. Ji\u0159\u00ed Pokorn\u00fd, CSc.): Z liter\u00e1rn\u00edho \u017eivota Druh\u00e9 republiky (1938-1939)<\/span><\/p>\n<p><strong>Mgr. Bohuslav Rejzl <\/strong>(doc. PhDr. Ji\u0159\u00ed Hnilica, Ph.D.): V\u00e1le\u010dn\u00e9 uprchlictv\u00ed a nucen\u00e9 vys\u00eddlen\u00ed v \u010desk\u00fdch zem\u00edch v letech 1914-1920<\/p>\n<p><span style=\"font-size: 16px\"><strong class=\"link8\">Mgr. Petr Svoboda<\/strong> (doc. PhDr. Ji\u0159\u00ed Hnilica, Ph.D.): Provokace StB prov\u00e1d\u011bn\u00e9 proti ileg\u00e1ln\u00edm skupin\u00e1m t\u0159et\u00edho odboje v r\u00e1mci \u201eakce SKAUT\u201c. Provokace jako syst\u00e9m operativn\u00ed pr\u00e1ce StB na p\u0159\u00edkladu skupiny \u201eZa svobodu\u201c v letech 1948-1951.<\/span><\/p>\n<p><span style=\"font-size: 16px\"><strong>PhDr. Jan Tilsch<\/strong> (doc. PhDr. Alena M\u00ed\u0161kov\u00e1, Ph.D.): Proces s ileg\u00e1ln\u00ed protist\u00e1tn\u00ed skupinou KDS (od po\u010d\u00e1tku do konce 50-t\u00fdch let)<\/span><\/p>\n<p><span style=\"font-size: 16px\"><strong>PhDr. Vratislav Van\u00ed\u010dek<\/strong> (prof. PhDr. Kate\u0159ina Charv\u00e1tov\u00e1, CSc.): Velk\u00e9 d\u011bjiny zem\u00ed Koruny \u010desk\u00e9 III<\/span><\/p>\n<p><strong>Mgr. Teresa Urb\u00e1\u0159<\/strong> (prof. PhDr. Ji\u0159\u00ed Pokorn\u00fd, CSc.): <span style=\"background-color: #ffffff;color: #000000\">Studie k pov\u00e1le\u010dn\u00fdm d\u011bjin\u00e1m \u010desko-n\u011bmeck\u00e9ho sou\u017eit\u00ed na \u00fazem\u00ed jihlavsk\u00e9ho jazykov\u00e9ho ostrova<\/span><\/p>\n<p><span style=\"font-size: 16px\"><strong>Mgr. Filip Vel\u00edmsk\u00fd<\/strong> (doc. PhDr. Petr Charv\u00e1t, DrSc.): Ran\u011b st\u0159edov\u011bk\u00e9 os\u00eddlen\u00ed Kutnohorska s p\u0159ihl\u00e9dnut\u00edm k s\u00eddeln\u00edmu v\u00fdvoji centr\u00e1ln\u00edho hradi\u0161t\u011b v Mal\u00edn\u011b a v\u00fdvoji vesnick\u00e9ho os\u00eddlen\u00ed v Bylanech u Kutn\u00e9 Hory<\/span><\/p>\n<p><span style=\"font-size: 16px\"><strong>Mgr. David Vencl\u00edk<\/strong> (prof. doc. PhDr. V\u00edt Vlnas, Ph.D.): Prom\u011bny vn\u00edm\u00e1n\u00ed hradu Karl\u0161tejna \u010cechy a N\u011bmci v \u010cech\u00e1ch v 19. a na po\u010d\u00e1tku 20. stolet\u00ed<\/span><\/p>\n<p><span style=\"font-size: 16px\"><strong>PhDr. Jakub Zouhar<\/strong> (doc. PhDr. Ivana \u010cornejov\u00e1, CSc.): \u010cesk\u00e1 dominik\u00e1nsk\u00e1 provincie v ran\u00e9m novov\u011bku (1435-1790)<\/span><\/p>\n<p>&nbsp;<\/p>\n<p>&nbsp;<\/p>\n<p>&nbsp;<\/p>\n<p>&nbsp;<\/p>\n<p>&nbsp;<\/p>\n<p>&nbsp;<\/p>\n","protected":false},"excerpt":{"rendered":"<p>Prob\u00edhaj\u00edc\u00ed studium PhDr. Iva Ber\u00e1nkov\u00e1 (doc. PhDr. Ivana \u010cornejov\u00e1, CSc.): Bernard Ign\u00e1c z Martinic a c\u00edrkev Mgr. Vojt\u011bch Bernacik (doc. PhDr. Ivana \u010cornejov\u00e1, CSc.): Stevinova Aritmetika v kontextu jeho \u017eivota a doby. Mgr. Krist\u00fdna Bernardov\u00e1<strong>&#8230;<\/strong><\/p>\n","protected":false},"author":402,"featured_media":0,"parent":53,"menu_order":30,"comment_status":"closed","ping_status":"closed","template":"","meta":{"_mc_calendar":[],"footnotes":""},"class_list":["post-88","page","type-page","status-publish","hentry"],"_links":{"self":[{"href":"https:\/\/pages.pedf.cuni.cz\/kddd\/wp-json\/wp\/v2\/pages\/88","targetHints":{"allow":["GET"]}}],"collection":[{"href":"https:\/\/pages.pedf.cuni.cz\/kddd\/wp-json\/wp\/v2\/pages"}],"about":[{"href":"https:\/\/pages.pedf.cuni.cz\/kddd\/wp-json\/wp\/v2\/types\/page"}],"author":[{"embeddable":true,"href":"https:\/\/pages.pedf.cuni.cz\/kddd\/wp-json\/wp\/v2\/users\/402"}],"replies":[{"embeddable":true,"href":"https:\/\/pages.pedf.cuni.cz\/kddd\/wp-json\/wp\/v2\/comments?post=88"}],"version-history":[{"count":11,"href":"https:\/\/pages.pedf.cuni.cz\/kddd\/wp-json\/wp\/v2\/pages\/88\/revisions"}],"predecessor-version":[{"id":7969,"href":"https:\/\/pages.pedf.cuni.cz\/kddd\/wp-json\/wp\/v2\/pages\/88\/revisions\/7969"}],"up":[{"embeddable":true,"href":"https:\/\/pages.pedf.cuni.cz\/kddd\/wp-json\/wp\/v2\/pages\/53"}],"wp:attachment":[{"href":"https:\/\/pages.pedf.cuni.cz\/kddd\/wp-json\/wp\/v2\/media?parent=88"}],"curies":[{"name":"wp","href":"https:\/\/api.w.org\/{rel}","templated":true}]}}