{"id":91,"date":"2015-03-06T16:54:15","date_gmt":"2015-03-06T15:54:15","guid":{"rendered":"http:\/\/pages.pedf.cuni.cz\/kddd\/?page_id=91"},"modified":"2025-05-28T21:05:46","modified_gmt":"2025-05-28T19:05:46","slug":"konzultace","status":"publish","type":"page","link":"https:\/\/pages.pedf.cuni.cz\/kddd\/katedra\/lide\/konzultace\/","title":{"rendered":"Konzultace \/ Consultation hours"},"content":{"rendered":"<p style=\"text-align: center\"><b><span style=\"color: #800080\">Kontaktn\u00ed osobou pro studenty se speci\u00e1ln\u00edmi pot\u0159ebami je PaedDr. Franti\u0161ek Parkan.<\/span><br \/>\n<\/b>Konzultace si pros\u00edm domluvte individu\u00e1ln\u011b, konaj\u00ed se P\u0158ECHODN\u011a v m\u00edstnosti 111, na adrese Sp\u00e1len\u00e1 14 (budova \u010cesk\u00e9 poji\u0161\u0165ovny), 1. patro \/pros\u00edm, zvo\u0148te\/.<\/p>\n<p style=\"text-align: center\"><strong><span style=\"font-size: 22px;color: #ff0000\"><span style=\"color: #800080\">Konzultace se mohou konat prezen\u010dn\u011b, online nebo po telefonu, <span style=\"text-decoration: underline\">v\u017edy ale po p\u0159edchoz\u00ed domluv\u011b<\/span>. \/<\/span>\/ Consultations can be held either in person, or online or by phone, <u>however always after prior agreement<\/u>.<\/span><\/strong><\/p>\n<table id=\"konzultace\">\n<tbody>\n<tr>\n<td style=\"width: 25%\"><strong>Jm\u00e9no<\/strong><\/td>\n<td><strong>M\u00edstnost &#8211; v\u0161echny na adrese Sp\u00e1len\u00e1 14, 1. patro<\/strong><\/td>\n<td><strong>Kontakt<\/strong><\/td>\n<\/tr>\n<tr>\n<td><strong>PhDr. Iva Ber\u00e1nkov\u00e1<\/strong><\/p>\n<p>tajemn\u00edk SIS<\/td>\n<td>\u010d. 110<\/td>\n<td>tel.:221 900 237<\/p>\n<p>iva.berankova@pedf.cuni.cz<\/td>\n<\/tr>\n<tr>\n<td><strong>Mgr. Vojt\u011bch \u010curda, Ph.D.<\/strong><\/td>\n<td><span style=\"color: #000000\">kontakt pouze na mail\u00a0<\/span><\/td>\n<td>vojtechcurda@seznam.cz<\/td>\n<\/tr>\n<tr>\n<td><strong>Mgr. Du\u0161an Folt\u00fdn<\/strong><\/td>\n<td><span style=\"color: #800080\">\u010d. 111<\/span><\/td>\n<td>dusan.foltyn@pedf.cuni.cz<\/p>\n<p>tel.: 222 222 146<\/td>\n<\/tr>\n<tr>\n<td><strong>Mgr. Ji\u0159\u00ed Havl\u00edk, Ph.D.<\/strong><\/td>\n<td><span style=\"color: #000000\"><strong>&#8212;-<\/strong><\/span><\/td>\n<td>havlikjiri@seznam.cz<\/td>\n<\/tr>\n<tr>\n<td><strong>PhDr. Hana Havl\u016fjov\u00e1, Ph.D.<\/strong><\/td>\n<td>\u010d. 111<\/td>\n<td>tel.:\u00a0221 900 103<\/p>\n<p><a href=\"mailto:hana.havlujova@pedf.cuni.cz\">hana.havlujova@pedf.cuni.cz<\/a><\/td>\n<\/tr>\n<tr>\n<td><strong>PhDr. Ji\u0159\u00ed Hnilica, Ph.D.<\/strong><\/td>\n<td>\u010d. 111<\/td>\n<td><a href=\"mailto:jiri.hnilica@pedf.cuni.cz\">jiri.hnilica@pedf.cuni.cz<\/a><\/p>\n<p>tel. +420 731 027 553<\/td>\n<\/tr>\n<tr>\n<td><strong>Mgr. Helena Chalupov\u00e1<\/strong><\/td>\n<td>&nbsp;<\/p>\n<p>&#8212;-<\/td>\n<td><a href=\"mailto:Helena.Chalupova@pedf.cuni.cz\" rel=\"noreferrer\">Helena.Chalupova@pedf.cuni.cz<\/a><\/td>\n<\/tr>\n<tr>\n<td><strong>prof. PhDr. Kate\u0159ina Charv\u00e1tov\u00e1, CSc.<\/strong><\/td>\n<td>\u010d. 111<\/td>\n<td>tel.:\u00a0221 900 195<\/p>\n<p><a href=\"mailto:katerina.charvatova@pedf.cuni.cz\">katerina.charvatova@pedf.cuni.cz<\/a><\/td>\n<\/tr>\n<tr>\n<td><strong>prof. PhDr. Petr Charv\u00e1t, DrSc.<\/strong><\/td>\n<td>&#8212;-<\/td>\n<td>tel.:\u00a0221 900 195<\/p>\n<p><a href=\"mailto:petr.charvat@pedf.cuni.cz\">petr.charvat@pedf.cuni.cz<\/a><\/td>\n<\/tr>\n<tr>\n<td><strong>Mgr. Barbora Ji\u0159incov\u00e1<\/strong><\/td>\n<td>&#8212;-<\/td>\n<td>barbora.jirincova@gmail.com<\/td>\n<\/tr>\n<tr>\n<td><strong>Mgr. Josef Kales<\/strong><\/td>\n<td>\u010d. 111<\/td>\n<td>josef.kales@pedf.cuni.cz<\/td>\n<\/tr>\n<tr>\n<td><strong>doc. PhDr. Jana Kepartov\u00e1, CSc.<\/strong><\/td>\n<td>\u010d. 111<\/td>\n<td>tel.:\u00a0221 900 244<\/p>\n<p><a href=\"mailto:jana.kepartova@pedf.cuni.cz\">jana.kepartova@pedf.cuni.cz<\/a><\/td>\n<\/tr>\n<tr>\n<td><strong>doc. PhDr. Petr Koura, Ph.D.<\/strong><\/td>\n<td>\u010d. 111<\/td>\n<td>tel. 221 900 244<\/p>\n<p><a href=\"mailto:koura.petr@seznam.cz\">petr.koura@pedf.cuni.cz<\/a><\/td>\n<\/tr>\n<tr>\n<td><strong>Mgr. Tom\u00e1\u0161 Mikeska<\/strong><\/td>\n<td>\u010d. 111<\/td>\n<td>tel.:\u00a0777 840 575<\/p>\n<p><a href=\"mailto:tomas.mikeska@pedf.cuni.cz\">tomas.mikeska@pedf.cuni.cz<\/a><br \/>\ntomas.mikeska@gevo.cz<\/td>\n<\/tr>\n<tr>\n<td><strong>prof. PhDr. Ji\u0159\u00ed Mikulec, CSc.<\/strong><\/td>\n<td>\u010d. 111<\/td>\n<td>jiri.mikulec@pedf.cuni.cz<\/td>\n<\/tr>\n<tr>\n<td><strong>PhDr. Jaroslav Najbert<\/strong><\/td>\n<td>kontakt pouze mailem<\/td>\n<td><a title=\"e-mail\" href=\"mailto:jaroslav.najbert@ustrcr.cz\">jaroslav.najbert@ustrcr.cz<\/a><\/td>\n<\/tr>\n<tr>\n<td><strong>PaedDr. Franti\u0161ek Parkan<\/strong><\/td>\n<td>\u010d. 111<\/td>\n<td>tel.:\u00a0221 900 229<\/p>\n<p><a href=\"mailto:frantisek.parkan@pedf.cuni.cz\">frantisek.parkan@pedf.cuni.cz<\/a><\/td>\n<\/tr>\n<tr>\n<td><strong>Mgr. Jaroslav Pinkas, Ph.D.<\/strong><\/td>\n<td>\u010d. 111<\/td>\n<td>jaroslav.pinkas@pedf.cuni.cz<\/td>\n<\/tr>\n<tr>\n<td><strong>doc. PhDr. Magdalena Pokorn\u00e1, CSc<\/strong><\/td>\n<td>&#8212;-<\/td>\n<td>tel.: 221 900 101<\/p>\n<p>magdalena.pokorna@pedf.cuni.cz<\/td>\n<\/tr>\n<tr>\n<td><strong>prof. PhDr. Ji\u0159\u00ed Pokorn\u00fd, CSc.<\/strong><\/td>\n<td>\u010d. 111<\/td>\n<td>tel.:\u00a0221 900 103<\/p>\n<p><a href=\"mailto:jiri.pokorny@pedf.cuni.cz\">jiri.pokorny@pedf.cuni.cz<\/a><\/td>\n<\/tr>\n<tr>\n<td><strong>Mgr. Petr Svoboda, Ph.D.<\/strong><\/td>\n<td>&#8212;-<\/td>\n<td>tel.:\u00a0221 900 103<\/p>\n<p>svobodaxpetr@seznam.cz<\/td>\n<\/tr>\n<tr>\n<td><strong>Mgr. Kate\u0159ina Sl\u00e1dkov\u00e1<\/strong><\/td>\n<td>\u010d. 111<\/td>\n<td>katerina.sladkova@pedf.cuni.cz<\/td>\n<\/tr>\n<tr>\n<td><strong>doc. Petr Sl\u00e1ma, Th.D.<\/strong><\/td>\n<td>&#8212;-<\/td>\n<td>slama@etf.cuni.cz<\/td>\n<\/tr>\n<tr>\n<td><strong>Mgr. David Vencl\u00edk, Ph.D. <\/strong><\/td>\n<td><span style=\"background-color: #00ff00\"><span style=\"background-color: #ffffff\">\u010d. 111<\/span><\/span><\/td>\n<td>David.Venclik@seznam.cz<\/td>\n<\/tr>\n<tr>\n<td><strong>prof. PhDr. V\u00edt Vlnas, Ph.D.<\/strong><\/td>\n<td>\u00dastav d\u011bjin k\u0159es\u0165ansk\u00e9ho um\u011bn\u00ed KTF UK, <strong>Th\u00e1kurova 3, Praha 6<\/strong>\u00a0\u2013 Institute of Christian Art History of the Catholic Theological Faculty of the Charles University,<\/p>\n<p>kabinet \u010d. 1072<\/td>\n<td>tel.: 221 900 103<\/p>\n<p>(PedF) vit.vlnas@pedf.cuni.cz<\/p>\n<p>tel.: 220 181 279 or 374 (ICAH)<\/td>\n<\/tr>\n<tr>\n<td><strong>PhDr. Jan Zdichynec, Ph.D.<\/strong><\/td>\n<td>\u010d. 111<\/td>\n<td>tel.: 221 900 103<\/p>\n<p>jan.zdichynec@pedf.cuni.cz<\/td>\n<\/tr>\n<\/tbody>\n<\/table>\n<p>&nbsp;<\/p>\n","protected":false},"excerpt":{"rendered":"<p>Kontaktn\u00ed osobou pro studenty se speci\u00e1ln\u00edmi pot\u0159ebami je PaedDr. Franti\u0161ek Parkan. Konzultace si pros\u00edm domluvte individu\u00e1ln\u011b, konaj\u00ed se P\u0158ECHODN\u011a v m\u00edstnosti 111, na adrese Sp\u00e1len\u00e1 14 (budova \u010cesk\u00e9 poji\u0161\u0165ovny), 1. patro \/pros\u00edm, zvo\u0148te\/. Konzultace se<strong>&#8230;<\/strong><\/p>\n","protected":false},"author":402,"featured_media":0,"parent":53,"menu_order":50,"comment_status":"closed","ping_status":"closed","template":"","meta":{"_mc_calendar":[],"footnotes":""},"class_list":["post-91","page","type-page","status-publish","hentry"],"_links":{"self":[{"href":"https:\/\/pages.pedf.cuni.cz\/kddd\/wp-json\/wp\/v2\/pages\/91","targetHints":{"allow":["GET"]}}],"collection":[{"href":"https:\/\/pages.pedf.cuni.cz\/kddd\/wp-json\/wp\/v2\/pages"}],"about":[{"href":"https:\/\/pages.pedf.cuni.cz\/kddd\/wp-json\/wp\/v2\/types\/page"}],"author":[{"embeddable":true,"href":"https:\/\/pages.pedf.cuni.cz\/kddd\/wp-json\/wp\/v2\/users\/402"}],"replies":[{"embeddable":true,"href":"https:\/\/pages.pedf.cuni.cz\/kddd\/wp-json\/wp\/v2\/comments?post=91"}],"version-history":[{"count":10,"href":"https:\/\/pages.pedf.cuni.cz\/kddd\/wp-json\/wp\/v2\/pages\/91\/revisions"}],"predecessor-version":[{"id":8021,"href":"https:\/\/pages.pedf.cuni.cz\/kddd\/wp-json\/wp\/v2\/pages\/91\/revisions\/8021"}],"up":[{"embeddable":true,"href":"https:\/\/pages.pedf.cuni.cz\/kddd\/wp-json\/wp\/v2\/pages\/53"}],"wp:attachment":[{"href":"https:\/\/pages.pedf.cuni.cz\/kddd\/wp-json\/wp\/v2\/media?parent=91"}],"curies":[{"name":"wp","href":"https:\/\/api.w.org\/{rel}","templated":true}]}}