{"id":93,"date":"2015-03-06T16:54:41","date_gmt":"2015-03-06T15:54:41","guid":{"rendered":"http:\/\/pages.pedf.cuni.cz\/kddd\/?page_id=93"},"modified":"2026-02-02T11:40:16","modified_gmt":"2026-02-02T10:40:16","slug":"sekretariat","status":"publish","type":"page","link":"https:\/\/pages.pedf.cuni.cz\/kddd\/katedra\/lide\/sekretariat\/","title":{"rendered":"Sekretari\u00e1t"},"content":{"rendered":"<p><strong>Magdalena H. Selingerov\u00e1<\/strong><\/p>\n<ul>\n<li>Sp\u00e1len\u00e1 14 (budova \u010cesk\u00e9 poji\u0161\u0165ovny)<\/li>\n<li>m\u00edstnost \u010d. 111\/P209 (1. patro) &#8211; zvonit<\/li>\n<li>tel.: 221 900 229<\/li>\n<li>e-mail: magdalena.holanselingerova@pedf.cuni.cz<\/li>\n<\/ul>\n<p>&nbsp;<\/p>\n<p><strong>\u00da\u0159edn\u00ed hodiny\u00a0 (<\/strong>od 1.2.2026<strong>)<br \/>\n<\/strong><\/p>\n<p>Pond\u011bl\u00ed\u00a0 \u00a0 9:00 &#8211; 12:00<\/p>\n<p>\u00dater\u00fd\u00a0 \u00a0 \u00a0 \u00a012:30 &#8211; 16:00<\/p>\n<p>\u010ctvrtek\u00a0 \u00a0 10:00 &#8211; 12:00 a 12:30 &#8211; 16:00<\/p>\n<p>ostatn\u00ed dny po p\u0159edchoz\u00ed domluv\u011b<\/p>\n<p>&nbsp;<\/p>\n<p>&nbsp;<\/p>\n<p>&nbsp;<\/p>\n<p>&nbsp;<\/p>\n<p>&nbsp;<\/p>\n","protected":false},"excerpt":{"rendered":"<p>Magdalena H. Selingerov\u00e1 Sp\u00e1len\u00e1 14 (budova \u010cesk\u00e9 poji\u0161\u0165ovny) m\u00edstnost \u010d. 111\/P209 (1. patro) &#8211; zvonit tel.: 221 900 229 e-mail: magdalena.holanselingerova@pedf.cuni.cz &nbsp; \u00da\u0159edn\u00ed hodiny\u00a0 (od 1.2.2026) Pond\u011bl\u00ed\u00a0 \u00a0 9:00 &#8211; 12:00 \u00dater\u00fd\u00a0 \u00a0 \u00a0 \u00a012:30<strong>&#8230;<\/strong><\/p>\n","protected":false},"author":402,"featured_media":0,"parent":53,"menu_order":60,"comment_status":"closed","ping_status":"closed","template":"","meta":{"_mc_calendar":[],"footnotes":""},"class_list":["post-93","page","type-page","status-publish","hentry"],"_links":{"self":[{"href":"https:\/\/pages.pedf.cuni.cz\/kddd\/wp-json\/wp\/v2\/pages\/93","targetHints":{"allow":["GET"]}}],"collection":[{"href":"https:\/\/pages.pedf.cuni.cz\/kddd\/wp-json\/wp\/v2\/pages"}],"about":[{"href":"https:\/\/pages.pedf.cuni.cz\/kddd\/wp-json\/wp\/v2\/types\/page"}],"author":[{"embeddable":true,"href":"https:\/\/pages.pedf.cuni.cz\/kddd\/wp-json\/wp\/v2\/users\/402"}],"replies":[{"embeddable":true,"href":"https:\/\/pages.pedf.cuni.cz\/kddd\/wp-json\/wp\/v2\/comments?post=93"}],"version-history":[{"count":12,"href":"https:\/\/pages.pedf.cuni.cz\/kddd\/wp-json\/wp\/v2\/pages\/93\/revisions"}],"predecessor-version":[{"id":8163,"href":"https:\/\/pages.pedf.cuni.cz\/kddd\/wp-json\/wp\/v2\/pages\/93\/revisions\/8163"}],"up":[{"embeddable":true,"href":"https:\/\/pages.pedf.cuni.cz\/kddd\/wp-json\/wp\/v2\/pages\/53"}],"wp:attachment":[{"href":"https:\/\/pages.pedf.cuni.cz\/kddd\/wp-json\/wp\/v2\/media?parent=93"}],"curies":[{"name":"wp","href":"https:\/\/api.w.org\/{rel}","templated":true}]}}