{"id":18,"date":"2024-09-02T17:36:52","date_gmt":"2024-09-02T17:36:52","guid":{"rendered":"https:\/\/pages.pedf.cuni.cz\/kdykdeco\/?page_id=18"},"modified":"2024-09-26T09:25:49","modified_gmt":"2024-09-26T09:25:49","slug":"vstup-do-studia","status":"publish","type":"page","link":"https:\/\/pages.pedf.cuni.cz\/kdykdeco\/vstup-do-studia\/","title":{"rendered":"Vstup do studia"},"content":{"rendered":"\n<p>1. Z\u00e1pis do studia<br>2. \u00davodn\u00ed soust\u0159ed\u011bn\u00ed<br>3. Imatrikulace<\/p>\n\n\n\n<p class=\"has-background\" style=\"background:linear-gradient(90deg,rgb(229,59,81) 0%,rgba(250,250,250,0.17) 100%)\"><strong>Z\u00e1pis do studia<\/strong><\/p>\n\n\n\n<p class=\"has-background\" style=\"background:linear-gradient(90deg,rgb(85,195,220) 0%,rgba(250,250,250,0.15) 100%)\"><strong>KDY<\/strong><\/p>\n\n\n\n<p>Harmonogram akademick\u00e9ho roku<\/p>\n\n\n\n<p><a href=\"https:\/\/pedf.cuni.cz\/PEDF-606.html\">https:\/\/pedf.cuni.cz\/PEDF-606.html<\/a><\/p>\n\n\n\n<p><br>Informace pro 1 ro\u010dn\u00edky<\/p>\n\n\n\n<p><a href=\"https:\/\/pedf.cuni.cz\/PEDF-214.html\">https:\/\/pedf.cuni.cz\/PEDF-214.html<\/a><\/p>\n\n\n\n<p class=\"has-background\" style=\"background:linear-gradient(90deg,rgb(85,195,220) 0%,rgba(250,250,250,0.15) 100%)\"><strong>Z\u00e1pis do studia \/ studijn\u00ed odd\u011blen\u00ed &#8230;info<\/strong><\/p>\n\n\n\n<p>Dokumenty k odevzd\u00e1n\u00ed <\/p>\n\n\n\n<p><a href=\"https:\/\/pedf.cuni.cz\/PEDF-223.html\">https:\/\/pedf.cuni.cz\/PEDF-223.html<\/a><br>&#8211; Z\u00e1pisov\u00fd list<br>&#8211; Doklad o dosa\u017een\u00e9m vzd\u011bl\u00e1n\u00ed (pokud ji\u017e nen\u00ed odevzd\u00e1no)<br>&#8211; BOZP a PO<br>&#8211; Imatrikula\u010dn\u00ed slib<br>&#8211; Potvrzen\u00ed o studiu<\/p>\n\n\n\n<p class=\"has-background\" style=\"background:linear-gradient(90deg,rgb(85,195,220) 0%,rgba(250,250,250,0.15) 100%)\"><strong>Registrace v SIS<\/strong><\/p>\n\n\n\n<p><em>v\u00fddejn\u00ed centrum UK, info pro 1. ro\u010dn\u00edky<\/em> &#8230;<a href=\"https:\/\/cuni.cz\/UK-1444.html\" data-type=\"link\" data-id=\"https:\/\/cuni.cz\/UK-1444.html\" target=\"_blank\" rel=\"noreferrer noopener\">info<\/a><br>&#8211; Pr\u016fkaz studenta<br>&#8211; P\u0159\u00edstupov\u00e9 \u00fadaje<\/p>\n\n\n\n<p class=\"has-background\" style=\"background:linear-gradient(90deg,rgb(85,195,220) 0%,rgba(250,250,250,0.15) 100%)\"><strong>P\u0159id\u011blen\u00ed studijn\u00edho pl\u00e1nu<\/strong><\/p>\n\n\n\n<p><em>SIS, studijn\u00ed odd\u011blen\u00ed<\/em><br>&#8211; Karol\u00ednka &#8230;<a href=\"https:\/\/pedf.cuni.cz\/PEDF-216.html\" data-type=\"link\" data-id=\"https:\/\/pedf.cuni.cz\/PEDF-216.html\" target=\"_blank\" rel=\"noreferrer noopener\">info<\/a><br>&#8211; SIS &#8230;<a href=\"https:\/\/is.cuni.cz\/studium\/\" data-type=\"link\" data-id=\"https:\/\/is.cuni.cz\/studium\/\" target=\"_blank\" rel=\"noreferrer noopener\">info<\/a><\/p>\n\n\n\n<p class=\"has-background\" style=\"background:linear-gradient(90deg,rgb(85,195,220) 0%,rgba(250,250,250,0.15) 100%)\"><strong>Info ke studiu<\/strong><\/p>\n\n\n\n<p>Pedinfo, specinfo, pro kombinovan\u00e9 studium &#8230;<a href=\"https:\/\/pedf.cuni.cz\/PEDF-214.html\" data-type=\"link\" data-id=\"https:\/\/pedf.cuni.cz\/PEDF-214.html\" target=\"_blank\" rel=\"noreferrer noopener\">info<\/a><br>&#8211; D\u00e9lka studia<br>&#8211; Standardn\u00ed doba studia (dle druhu studia)<br>&#8211; Poplatky za studium (od kdy, v\u00fd\u0161e poplatku) &#8230;<a href=\"https:\/\/pedf.cuni.cz\/PEDF-380.html\" target=\"_blank\" rel=\"noreferrer noopener\">info<\/a><br>&#8211; kredity celkem<br>&#8211; a dal\u0161\u00ed<br><a href=\"https:\/\/pedf.cuni.cz\/PEDF-226.html\" data-type=\"link\" data-id=\"https:\/\/pedf.cuni.cz\/PEDF-226.html\" target=\"_blank\" rel=\"noreferrer noopener\">Rozcestn\u00edk informac\u00ed o<\/a>&#8230;<\/p>\n\n\n\n<p class=\"has-background\" style=\"background:linear-gradient(90deg,rgb(229,59,81) 0%,rgba(250,250,250,0.17) 100%)\"><strong>\u00davodn\u00ed soust\u0159ed\u011bn\u00ed<\/strong><\/p>\n\n\n\n<p>Harmonogram &#8230;<a href=\"https:\/\/pedf.cuni.cz\/PEDF-224.html\" data-type=\"link\" data-id=\"https:\/\/pedf.cuni.cz\/PEDF-224.html\" target=\"_blank\" rel=\"noreferrer noopener\">info<\/a><\/p>\n\n\n\n<p class=\"has-background\" style=\"background:linear-gradient(90deg,rgb(229,59,81) 0%,rgba(250,250,250,0.17) 100%)\"><strong>Imatrikulace<\/strong><\/p>\n\n\n\n<p>Harmonogram &#8230;<a href=\"https:\/\/pedf.cuni.cz\/PEDF-225.html\" data-type=\"link\" data-id=\"https:\/\/pedf.cuni.cz\/PEDF-224.html\" target=\"_blank\" rel=\"noreferrer noopener\">info<\/a><\/p>\n","protected":false},"excerpt":{"rendered":"<p>1. Z\u00e1pis do studia2. \u00davodn\u00ed soust\u0159ed\u011bn\u00ed3. Imatrikulace Z\u00e1pis do studia KDY Harmonogram akademick\u00e9ho roku https:\/\/pedf.cuni.cz\/PEDF-606.html Informace pro 1 ro\u010dn\u00edky https:\/\/pedf.cuni.cz\/PEDF-214.html Z\u00e1pis do studia \/ studijn\u00ed odd\u011blen\u00ed &#8230;info Dokumenty k odevzd\u00e1n\u00ed https:\/\/pedf.cuni.cz\/PEDF-223.html&#8211; Z\u00e1pisov\u00fd list&#8211; Doklad o dosa\u017een\u00e9m vzd\u011bl\u00e1n\u00ed (pokud ji\u017e nen\u00ed odevzd\u00e1no)&#8211; BOZP a PO&#8211; Imatrikula\u010dn\u00ed slib&#8211; Potvrzen\u00ed o studiu Registrace v SIS v\u00fddejn\u00ed centrum UK, &hellip; <a href=\"https:\/\/pages.pedf.cuni.cz\/kdykdeco\/vstup-do-studia\/\" class=\"more-link\">Pokra\u010dov\u00e1n\u00ed textu <span class=\"screen-reader-text\">Vstup do studia<\/span><\/a><\/p>\n","protected":false},"author":920,"featured_media":0,"parent":0,"menu_order":0,"comment_status":"closed","ping_status":"closed","template":"","meta":{"footnotes":""},"class_list":["post-18","page","type-page","status-publish","hentry"],"_links":{"self":[{"href":"https:\/\/pages.pedf.cuni.cz\/kdykdeco\/wp-json\/wp\/v2\/pages\/18","targetHints":{"allow":["GET"]}}],"collection":[{"href":"https:\/\/pages.pedf.cuni.cz\/kdykdeco\/wp-json\/wp\/v2\/pages"}],"about":[{"href":"https:\/\/pages.pedf.cuni.cz\/kdykdeco\/wp-json\/wp\/v2\/types\/page"}],"author":[{"embeddable":true,"href":"https:\/\/pages.pedf.cuni.cz\/kdykdeco\/wp-json\/wp\/v2\/users\/920"}],"replies":[{"embeddable":true,"href":"https:\/\/pages.pedf.cuni.cz\/kdykdeco\/wp-json\/wp\/v2\/comments?post=18"}],"version-history":[{"count":17,"href":"https:\/\/pages.pedf.cuni.cz\/kdykdeco\/wp-json\/wp\/v2\/pages\/18\/revisions"}],"predecessor-version":[{"id":91,"href":"https:\/\/pages.pedf.cuni.cz\/kdykdeco\/wp-json\/wp\/v2\/pages\/18\/revisions\/91"}],"wp:attachment":[{"href":"https:\/\/pages.pedf.cuni.cz\/kdykdeco\/wp-json\/wp\/v2\/media?parent=18"}],"curies":[{"name":"wp","href":"https:\/\/api.w.org\/{rel}","templated":true}]}}