{"id":20,"date":"2024-09-02T17:39:44","date_gmt":"2024-09-02T17:39:44","guid":{"rendered":"https:\/\/pages.pedf.cuni.cz\/kdykdeco\/?page_id=20"},"modified":"2024-09-25T19:53:43","modified_gmt":"2024-09-25T19:53:43","slug":"prubeh-studia","status":"publish","type":"page","link":"https:\/\/pages.pedf.cuni.cz\/kdykdeco\/prubeh-studia\/","title":{"rendered":"Pr\u016fb\u011bh studia"},"content":{"rendered":"\n<p id=\"hore\">1. Z\u00e1pis do dal\u0161\u00edho roku studia<br><a href=\"#2\">2. Z\u00e1pis do p\u0159edm\u011bt\u016f<\/a><br><a href=\"#3\">3. Zkou\u0161ky<\/a><br><a href=\"#4\">4. Kontroly<\/a><br><a href=\"#5\">5. Uzn\u00e1n\u00ed p\u0159edm\u011btu (uzn\u00e1n\u00ed spln\u011bn\u00ed kontrol p\u0159edm\u011btu)<\/a><br><a href=\"#6\">6. Erasmus + uzn\u00e1n\u00ed<\/a><br><a href=\"#7\">7. Individu\u00e1ln\u00ed studijn\u00ed pl\u00e1n<\/a><br><a href=\"#8\">8. Uznan\u00e1 doba rodi\u010dovstv\u00ed<\/a><br><a href=\"#9\">9. Stipendia<\/a><br><a href=\"#10\">10. Poplatky<\/a><br><a href=\"#11\">11. P\u0159eru\u0161en\u00ed studia<\/a><br><a href=\"#12\">12. Zanech\u00e1n\u00ed \/ ukon\u010den\u00ed studia<\/a><\/p>\n\n\n\n<hr class=\"wp-block-separator has-text-color has-bright-blue-color has-alpha-channel-opacity has-bright-blue-background-color has-background is-style-wide\" \/>\n\n\n\n<p class=\"has-background\" style=\"background:linear-gradient(90deg,rgb(229,59,81) 0%,rgba(255,255,255,0.07) 100%)\"><strong>Z\u00e1pis do dal\u0161\u00edho roku studia<\/strong><\/p>\n\n\n\n<p>Povinnost z\u00e1pisu do dal\u0161\u00edho roku studia pouze p\u0159es SIS <\/p>\n\n\n\n<p><a href=\"https:\/\/pedf.cuni.cz\/PEDF-1657.html\">https:\/\/pedf.cuni.cz\/PEDF-1657.html<\/a><\/p>\n\n\n\n<p class=\"has-text-align-right\"><a href=\"#hore\">Zp\u011bt<\/a><\/p>\n\n\n\n<hr class=\"wp-block-separator has-text-color has-bright-blue-color has-alpha-channel-opacity has-bright-blue-background-color has-background is-style-wide\" \/>\n\n\n\n<p class=\"has-background\" id=\"2\" style=\"background:linear-gradient(90deg,rgb(229,59,81) 0%,rgba(255,255,255,0.07) 100%)\"><strong>Z\u00e1pis do p\u0159edm\u011bt\u016f<\/strong><\/p>\n\n\n\n<p class=\"has-background\" style=\"background:linear-gradient(90deg,rgb(85,195,220) 0%,rgba(255,255,255,0.14) 100%)\"><strong>KDY CO JAK <\/strong>zapsat<\/p>\n\n\n\n<p><a href=\"https:\/\/pages.pedf.cuni.cz\/zapisdopredmetu\">https:\/\/pages.pedf.cuni.cz\/zapisdopredmetu<\/a><\/p>\n\n\n\n<p class=\"has-background\" style=\"background:linear-gradient(90deg,rgb(85,195,220) 0%,rgba(255,255,255,0.14) 100%)\"><strong>Zdroje<\/strong><\/p>\n\n\n\n<p><strong>Harmonogram <\/strong>(web)&nbsp; <a href=\"https:\/\/pedf.cuni.cz\/PEDF-606.html\">https:\/\/pedf.cuni.cz\/PEDF-606.html<\/a><\/p>\n\n\n\n<p><strong>Karol\u00ednka<\/strong> (web)&nbsp; <a href=\"https:\/\/pedf.cuni.cz\/PEDF-216.html\">https:\/\/<\/a><a href=\"https:\/\/pedf.cuni.cz\/PEDF-216.html\">pedf.cuni.cz<\/a><a href=\"https:\/\/pedf.cuni.cz\/PEDF-216.html\">\/PEDF-<\/a><a href=\"https:\/\/pedf.cuni.cz\/PEDF-216.html\">216.html<\/a><\/p>\n\n\n\n<p><strong>SIS<\/strong> (anonymn\u00ed p\u0159\u00edstup) <a href=\"https:\/\/is.cuni.cz\/studium\/predmety\/index.php?do=prohl&amp;oborplan=&amp;fak=11410\">https<\/a><a href=\"https:\/\/is.cuni.cz\/studium\/predmety\/index.php?do=prohl&amp;oborplan=&amp;fak=11410\">:\/\/<\/a><a href=\"https:\/\/is.cuni.cz\/studium\/predmety\/index.php?do=prohl&amp;oborplan=&amp;fak=11410\">is.cuni.cz<\/a><a href=\"https:\/\/is.cuni.cz\/studium\/predmety\/index.php?do=prohl&amp;oborplan=&amp;fak=11410\">\/studium\/<\/a><a href=\"https:\/\/is.cuni.cz\/studium\/predmety\/index.php?do=prohl&amp;oborplan=&amp;fak=11410\">predmety<\/a><a href=\"https:\/\/is.cuni.cz\/studium\/predmety\/index.php?do=prohl&amp;oborplan=&amp;fak=11410\">\/<\/a><a href=\"https:\/\/is.cuni.cz\/studium\/predmety\/index.php?do=prohl&amp;oborplan=&amp;fak=11410\">index.php?do<\/a><a href=\"https:\/\/is.cuni.cz\/studium\/predmety\/index.php?do=prohl&amp;oborplan=&amp;fak=11410\">=<\/a><a href=\"https:\/\/is.cuni.cz\/studium\/predmety\/index.php?do=prohl&amp;oborplan=&amp;fak=11410\">prohl&amp;oborplan<\/a><a href=\"https:\/\/is.cuni.cz\/studium\/predmety\/index.php?do=prohl&amp;oborplan=&amp;fak=11410\">=&amp;<\/a><a href=\"https:\/\/is.cuni.cz\/studium\/predmety\/index.php?do=prohl&amp;oborplan=&amp;fak=11410\">fak<\/a><a href=\"https:\/\/is.cuni.cz\/studium\/predmety\/index.php?do=prohl&amp;oborplan=&amp;fak=11410\">=11410<\/a><\/p>\n\n\n\n<p><strong>SIS <\/strong><strong>modul <\/strong><strong>Z\u00e1pis p\u0159edm\u011bt\u016f a rozvrhu <\/strong>(pro p\u0159ihl\u00e1\u0161en\u00e9)<\/p>\n\n\n\n<p class=\"has-text-align-right\"><a href=\"#hore\">Zp\u011bt<\/a><\/p>\n\n\n\n<hr class=\"wp-block-separator has-text-color has-bright-blue-color has-alpha-channel-opacity has-bright-blue-background-color has-background is-style-wide\" \/>\n\n\n\n<p class=\"has-background\" id=\"3\" style=\"background:linear-gradient(90deg,rgb(229,59,81) 0%,rgba(255,255,255,0.07) 100%)\"><strong>Zkou\u0161ky<\/strong><\/p>\n\n\n\n<p class=\"has-background\" style=\"background:linear-gradient(90deg,rgb(85,195,220) 0%,rgba(255,255,255,0.14) 100%)\"><strong>Harmonogram (web)<\/strong><\/p>\n\n\n\n<p><a href=\"https:\/\/pedf.cuni.cz\/PEDF-606.html\">https:\/\/<\/a><a href=\"https:\/\/pedf.cuni.cz\/PEDF-606.html\">pedf.cuni.cz<\/a><a href=\"https:\/\/pedf.cuni.cz\/PEDF-606.html\">\/PEDF-<\/a><a href=\"https:\/\/pedf.cuni.cz\/PEDF-606.html\">606.html<\/a><\/p>\n\n\n\n<p class=\"has-background\" style=\"background:linear-gradient(90deg,rgb(85,195,220) 0%,rgba(255,255,255,0.14) 100%)\"><strong>P\u0159ihla\u0161ov\u00e1n\u00ed na term\u00edny (SIS)<\/strong><\/p>\n\n\n\n<p><a href=\"https:\/\/pages.pedf.cuni.cz\/pedinfo\/predmety-jejich-zapis-a-plneni\/\">https:\/\/pages.pedf.cuni.cz\/pedinfo\/prihlasovani-na-zkousky\/<\/a><\/p>\n\n\n\n<p class=\"has-background\" style=\"background:linear-gradient(90deg,rgb(85,195,220) 0%,rgba(255,255,255,0.14) 100%)\"><strong>Pln\u011bn\u00ed<\/strong><\/p>\n\n\n\n<p>podm\u00ednky<br>pokusy<br>propadl\u00fd term\u00edn<br>omluvy<\/p>\n\n\n\n<p>Studijn\u00ed a zku\u0161ebn\u00ed \u0159\u00e1d UK<\/p>\n\n\n\n<p>Pravidla pro organizaci studia na PedF UK<\/p>\n\n\n\n<p><a href=\"https:\/\/pedf.cuni.cz\/PEDF-890.html\">https:\/\/pedf.cuni.cz\/PEDF-890.html<\/a><\/p>\n\n\n\n<p class=\"has-text-align-right\"><a href=\"#hore\">Zp\u011bt<\/a><\/p>\n\n\n\n<hr class=\"wp-block-separator has-text-color has-bright-blue-color has-alpha-channel-opacity has-bright-blue-background-color has-background is-style-wide\" \/>\n\n\n\n<p class=\"has-background\" id=\"4\" style=\"background:linear-gradient(90deg,rgb(229,59,81) 0%,rgba(255,255,255,0.07) 100%)\"><strong>Kontroly<\/strong><\/p>\n\n\n\n<p class=\"has-background\" style=\"background:linear-gradient(90deg,rgb(85,195,220) 0%,rgba(255,255,255,0.14) 100%)\"><strong>Postup do dal\u0161\u00edho \u00faseku studia (z\u00e1pisov\u00fd list, SIS)<\/strong><\/p>\n\n\n\n<p><a href=\"https:\/\/pedf.cuni.cz\/PEDF-1657.html\">https:\/\/<\/a><a href=\"https:\/\/pedf.cuni.cz\/PEDF-1657.html\">pedf.cuni.cz<\/a><a href=\"https:\/\/pedf.cuni.cz\/PEDF-1657.html\">\/PEDF-<\/a><a href=\"https:\/\/pedf.cuni.cz\/PEDF-1657.html\">1657.html<\/a><\/p>\n\n\n\n<p class=\"has-background\" style=\"background:linear-gradient(90deg,rgb(85,195,220) 0%,rgba(255,255,255,0.14) 100%)\"><strong>Po\u010det kredit\u016f (standardn\u00ed, minim\u00e1ln\u00ed)<\/strong><\/p>\n\n\n\n<p class=\"has-background\" style=\"background:linear-gradient(90deg,rgb(85,195,220) 0%,rgba(255,255,255,0.14) 100%)\"><strong>Spln\u011bn\u00ed \/ nespln\u011bn\u00ed p\u0159edm\u011btu<\/strong><\/p>\n\n\n\n<p>Studijn\u00ed a zku\u0161ebn\u00ed \u0159\u00e1d UK<\/p>\n\n\n\n<p>Pravidla pro organizaci studia na PedF UK<\/p>\n\n\n\n<p><a href=\"https:\/\/pages.pedf.cuni.cz\/pedinfo\/predmety-jejich-zapis-a-plneni\">https:\/\/pages.pedf.cuni.cz\/pedinfo\/predmety-kredity-vyuka-uznani-predmetu\/<\/a><\/p>\n\n\n\n<p><a href=\"https:\/\/pedf.cuni.cz\/PEDF-890.html\">https:\/\/pedf.cuni.cz\/PEDF-890.html<\/a><\/p>\n\n\n\n<p class=\"has-text-align-right\"><a href=\"#hore\">Zp\u011bt<\/a><\/p>\n\n\n\n<hr class=\"wp-block-separator has-text-color has-bright-blue-color has-alpha-channel-opacity has-bright-blue-background-color has-background is-style-wide\" \/>\n\n\n\n<p class=\"has-background\" id=\"5\" style=\"background:linear-gradient(90deg,rgb(229,59,81) 0%,rgba(255,255,255,0.07) 100%)\"><strong>Uzn\u00e1n\u00ed spln\u011bn\u00ed kontrol p\u0159edm\u011btu<\/strong><\/p>\n\n\n\n<p class=\"has-background\" style=\"background:linear-gradient(90deg,rgb(85,195,220) 0%,rgba(255,255,255,0.14) 100%)\"><strong>Uzn\u00e1n\u00ed<\/strong><\/p>\n\n\n\n<p>Studijn\u00ed a zku\u0161ebn\u00ed \u0159\u00e1d UK<\/p>\n\n\n\n<p>Pravidla pro organizaci studia na PedF UK<\/p>\n\n\n\n<p><a href=\"https:\/\/pages.pedf.cuni.cz\/pedinfo\/predmety-jejich-zapis-a-plneni\">https:\/\/pages.pedf.cuni.cz\/pedinfo\/predmety-jejich-zapis-a-plneni<\/a><\/p>\n\n\n\n<p><a href=\"https:\/\/pedf.cuni.cz\/PEDF-890.html\">https:\/\/pedf.cuni.cz\/PEDF-890.html<\/a><\/p>\n\n\n\n<p class=\"has-background\" style=\"background:linear-gradient(90deg,rgb(85,195,220) 0%,rgba(255,255,255,0.14) 100%)\"><strong>Formul\u00e1\u0159e<\/strong><\/p>\n\n\n\n<p><a href=\"https:\/\/pedf.cuni.cz\/PEDF-241.html\">https:\/\/pedf.cuni.cz\/PEDF-241.html<\/a><\/p>\n\n\n\n<p class=\"has-text-align-right\"><a href=\"#hore\">Zp\u011bt<\/a><\/p>\n\n\n\n<hr class=\"wp-block-separator has-text-color has-bright-blue-color has-alpha-channel-opacity has-bright-blue-background-color has-background is-style-wide\" \/>\n\n\n\n<p class=\"has-background\" id=\"6\" style=\"background:linear-gradient(90deg,rgb(229,59,81) 0%,rgba(255,255,255,0.07) 100%)\"><strong>Erasmus + uzn\u00e1n\u00ed<\/strong><\/p>\n\n\n\n<p class=\"has-background\" style=\"background:linear-gradient(90deg,rgb(85,195,220) 0%,rgba(255,255,255,0.14) 100%)\"><strong>Studentsk\u00e9 mobility (Odd\u011blen\u00ed pro zahrani\u010dn\u00ed vztahy)<\/strong><\/p>\n\n\n\n<p><a href=\"https:\/\/pedf.cuni.cz\/PEDF-2651.html\">https:\/\/pedf.cuni.cz\/PEDF-2651.html<\/a><\/p>\n\n\n\n<p class=\"has-background\" style=\"background:linear-gradient(90deg,rgb(85,195,220) 0%,rgba(255,255,255,0.14) 100%)\"><strong>Formul\u00e1\u0159e pro uzn\u00e1n\u00ed<\/strong><\/p>\n\n\n\n<p><a href=\"https:\/\/pedf.cuni.cz\/PEDF-1258.html\">https:\/\/pedf.cuni.cz\/PEDF-1258.html<\/a><\/p>\n\n\n\n<p class=\"has-text-align-right\"><a href=\"#hore\">Zp\u011bt<\/a><\/p>\n\n\n\n<hr class=\"wp-block-separator has-text-color has-bright-blue-color has-alpha-channel-opacity has-bright-blue-background-color has-background is-style-wide\" \/>\n\n\n\n<p class=\"has-background\" id=\"7\" style=\"background:linear-gradient(90deg,rgb(229,59,81) 0%,rgba(255,255,255,0.07) 100%)\"><strong>Individu\u00e1ln\u00ed studijn\u00ed pl\u00e1n<\/strong><\/p>\n\n\n\n<p class=\"has-background\" style=\"background:linear-gradient(90deg,rgb(85,195,220) 0%,rgba(255,255,255,0.14) 100%)\"><strong>Studijn\u00ed a zku\u0161ebn\u00ed \u0159\u00e1d UK<\/strong><\/p>\n\n\n\n<p><a href=\"https:\/\/pedf.cuni.cz\/PEDF-890.html\">https:\/\/pedf.cuni.cz\/PEDF-890.html<\/a><\/p>\n\n\n\n<p class=\"has-background\" style=\"background:linear-gradient(90deg,rgb(85,195,220) 0%,rgba(255,255,255,0.14) 100%)\"><strong>\u017d\u00e1dost o individu\u00e1ln\u00ed studijn\u00ed pl\u00e1n<\/strong><\/p>\n\n\n\n<p><a href=\"https:\/\/pedf.cuni.cz\/PEDF-240.html\">https:\/\/pedf.cuni.cz\/PEDF-240.html<\/a><\/p>\n\n\n\n<p class=\"has-text-align-right\"><a href=\"#hore\">Zp\u011bt<\/a><\/p>\n\n\n\n<hr class=\"wp-block-separator has-text-color has-bright-blue-color has-alpha-channel-opacity has-bright-blue-background-color has-background is-style-wide\" \/>\n\n\n\n<p class=\"has-background\" id=\"8\" style=\"background:linear-gradient(90deg,rgb(229,59,81) 0%,rgba(255,255,255,0.07) 100%)\"><strong>Uznan\u00e1 doba rodi\u010dovstv\u00ed<\/strong><\/p>\n\n\n\n<p class=\"has-background\" style=\"background:linear-gradient(90deg,rgb(85,195,220) 0%,rgba(255,255,255,0.14) 100%)\"><strong>Z\u00e1kladn\u00ed informace<\/strong><\/p>\n\n\n\n<p>&nbsp; evidence<\/p>\n\n\n\n<p>&nbsp; maxim\u00e1ln\u00ed doba studia<\/p>\n\n\n\n<p>&nbsp; p\u0159eru\u0161en\u00ed studia<\/p>\n\n\n\n<p>&nbsp; poplatky za studium<\/p>\n\n\n\n<p><a href=\"https:\/\/pedf.cuni.cz\/PEDF-1737.html\">https:\/\/pedf.cuni.cz\/PEDF-1737.html<\/a><\/p>\n\n\n\n<p class=\"has-text-align-right\"><a href=\"#hore\">Zp\u011bt<\/a><\/p>\n\n\n\n<hr class=\"wp-block-separator has-text-color has-bright-blue-color has-alpha-channel-opacity has-bright-blue-background-color has-background is-style-wide\" \/>\n\n\n\n<p class=\"has-background\" id=\"9\" style=\"background:linear-gradient(90deg,rgb(229,59,81) 0%,rgba(255,255,255,0.07) 100%)\"><strong>Stipendia<\/strong><\/p>\n\n\n\n<p id=\"8\">\u0159\u00e1d UK&nbsp; Pravidla pro<br>p\u0159izn\u00e1v\u00e1n\u00ed stipendi\u00ed na PedF<\/p>\n\n\n<p id=\"8\"><a href=\"https:\/\/pedf.cuni.cz\/PEDF-1520.html\">https:\/\/pedf.cuni.cz\/PEDF-1520.html<\/a><p style=\"margin-top:0pt;margin-bottom:0pt;margin-left:0in;text-align:left;direction:ltr\"><\/p><p style=\"margin-top:0pt;margin-bottom:0pt;margin-left:0in;text-align:left;direction:ltr\"><u><span style=\"font-size:18.0pt;font-family:Calibri;color:black\"><\/span><\/u><\/p><\/p>\n\n\n<p class=\"has-text-align-right\"><a href=\"#hore\">Zp\u011bt<\/a><\/p>\n\n\n\n<hr class=\"wp-block-separator has-text-color has-bright-blue-color has-alpha-channel-opacity has-bright-blue-background-color has-background is-style-wide\" \/>\n\n\n\n<p class=\"has-background\" id=\"10\" style=\"background:linear-gradient(90deg,rgb(229,59,81) 0%,rgba(255,255,255,0.07) 100%)\"><strong>Poplatky<\/strong><\/p>\n\n\n\n<p>vznik<br>v\u00fd\u0161e poplatku\u00a0 \u00a0<\/p>\n\n\n\n<p>https:\/\/pedf.cuni.cz\/PEDF-380.html<\/p>\n\n\n\n<p class=\"has-text-align-right\"><a href=\"#hore\">Zp\u011bt<\/a><\/p>\n\n\n\n<hr class=\"wp-block-separator has-text-color has-bright-blue-color has-alpha-channel-opacity has-bright-blue-background-color has-background is-style-wide\" \/>\n\n\n\n<p class=\"has-background\" id=\"11\" style=\"background:linear-gradient(90deg,rgb(229,59,81) 0%,rgba(255,255,255,0.07) 100%)\"><strong>P\u0159eru\u0161en\u00ed studia<\/strong><\/p>\n\n\n\n<p class=\"has-background\" style=\"background:linear-gradient(90deg,rgb(85,195,220) 0%,rgba(255,255,255,0.14) 100%)\"><strong>Z\u00e1kladn\u00ed informace<\/strong><\/p>\n\n\n\n<p>podm\u00ednky<br>d\u016fvody<br>vliv na maxim\u00e1ln\u00ed dobu studia<br>poplatky<br>poji\u0161t\u011bn\u00ed<br>Studijn\u00ed a zku\u0161ebn\u00ed \u0159\u00e1d UK<br>Pravidla pro organizaci studia na PedF UK<\/p>\n\n\n\n<p><a href=\"https:\/\/pages.pedf.cuni.cz\/pedinfo\/predmety-jejich-zapis-a-plneni\">https:\/\/pages.pedf.cuni.cz\/pedinfo\/predmety-jejich-zapis-a-plneni<\/a><\/p>\n\n\n\n<p><a href=\"https:\/\/pedf.cuni.cz\/PEDF-890.html\">https:\/\/pedf.cuni.cz\/PEDF-890.html<\/a><\/p>\n\n\n\n<p class=\"has-background\" style=\"background:linear-gradient(90deg,rgb(85,195,220) 0%,rgba(255,255,255,0.14) 100%)\"><strong>Formul\u00e1\u0159<\/strong><\/p>\n\n\n\n<p> <a href=\"https:\/\/pedf.cuni.cz\/PEDF-241.html\">https:\/\/<\/a><a href=\"https:\/\/pedf.cuni.cz\/PEDF-241.html\">pedf.cuni.cz<\/a><a href=\"https:\/\/pedf.cuni.cz\/PEDF-241.html\">\/PEDF-<\/a><a href=\"https:\/\/pedf.cuni.cz\/PEDF-241.html\">241.html<\/a><\/p>\n\n\n\n<p class=\"has-text-align-right\"><a href=\"#hore\">Zp\u011bt<\/a><\/p>\n\n\n\n<hr class=\"wp-block-separator has-text-color has-bright-blue-color has-alpha-channel-opacity has-bright-blue-background-color has-background is-style-wide\" \/>\n\n\n\n<p class=\"has-background\" id=\"12\" style=\"background:linear-gradient(90deg,rgb(229,59,81) 0%,rgba(255,255,255,0.07) 100%)\"><strong>Zanech\u00e1n\u00ed \/ ukon\u010den\u00ed studia<\/strong><\/p>\n\n\n\n<p class=\"has-background\" style=\"background:linear-gradient(90deg,rgb(85,195,220) 0%,rgba(255,255,255,0.14) 100%)\"><strong>Ozn\u00e1men\u00ed o ukon\u010den\u00ed studia<\/strong><\/p>\n\n\n\n<p>Prohl\u00e1\u0161en\u00ed o ukon\u010den\u00ed studia (ze strany studenta)<\/p>\n\n\n\n<p><a href=\"https:\/\/pedf.cuni.cz\/PEDF-241.html\">https:\/\/pedf.cuni.cz\/PEDF-241.html<\/a><\/p>\n\n\n\n<p class=\"has-background\" style=\"background:linear-gradient(90deg,rgb(85,195,220) 0%,rgba(255,255,255,0.14) 100%)\"><strong>Nespln\u011bn\u00ed stanoven\u00fdch podm\u00ednek pro studium<\/strong><\/p>\n\n\n\n<p>M\u00e1lo kredit\u016f<br>Nespln\u011bn\u00ed p\u0159edm\u011btu (viz <a href=\"#3\">Zkou\u0161ky<\/a>)<br>Nezaps\u00e1n\u00ed po p\u0159eru\u0161en\u00ed<br>Maxim\u00e1ln\u00ed doba studia<br>Studijn\u00ed a zku\u0161ebn\u00ed \u0159\u00e1d UK<br>Pravidla pro organizaci studia na PedF UK\u00a0 \u00a0 <\/p>\n\n\n\n<p><a href=\"https:\/\/pages.pedf.cuni.cz\/pedinfo\/predmety-jejich-zapis-a-plneni\/\">https:\/\/pages.pedf.cuni.cz\/pedinfo\/predmety-jejich-zapis-a-plneni\/<\/a>&nbsp;&nbsp; &nbsp; <\/p>\n\n\n\n<p><a href=\"https:\/\/pedf.cuni.cz\/PEDF-890.html\">https:\/\/pedf.cuni.cz\/PEDF-890.html<\/a><\/p>\n\n\n\n<p class=\"has-text-align-right\"><a href=\"#hore\">Zp\u011bt<\/a><\/p>\n\n\n\n<hr class=\"wp-block-separator has-text-color has-bright-blue-color has-alpha-channel-opacity has-bright-blue-background-color has-background is-style-wide\" \/>\n\n\n\n<p><\/p>\n","protected":false},"excerpt":{"rendered":"<p>1. Z\u00e1pis do dal\u0161\u00edho roku studia2. Z\u00e1pis do p\u0159edm\u011bt\u016f3. Zkou\u0161ky4. Kontroly5. Uzn\u00e1n\u00ed p\u0159edm\u011btu (uzn\u00e1n\u00ed spln\u011bn\u00ed kontrol p\u0159edm\u011btu)6. Erasmus + uzn\u00e1n\u00ed7. Individu\u00e1ln\u00ed studijn\u00ed pl\u00e1n8. Uznan\u00e1 doba rodi\u010dovstv\u00ed9. Stipendia10. Poplatky11. P\u0159eru\u0161en\u00ed studia12. Zanech\u00e1n\u00ed \/ ukon\u010den\u00ed studia Z\u00e1pis do dal\u0161\u00edho roku studia Povinnost z\u00e1pisu do dal\u0161\u00edho roku studia pouze p\u0159es SIS https:\/\/pedf.cuni.cz\/PEDF-1657.html Zp\u011bt Z\u00e1pis do p\u0159edm\u011bt\u016f KDY CO &hellip; <a href=\"https:\/\/pages.pedf.cuni.cz\/kdykdeco\/prubeh-studia\/\" class=\"more-link\">Pokra\u010dov\u00e1n\u00ed textu <span class=\"screen-reader-text\">Pr\u016fb\u011bh studia<\/span><\/a><\/p>\n","protected":false},"author":920,"featured_media":0,"parent":0,"menu_order":0,"comment_status":"closed","ping_status":"closed","template":"","meta":{"footnotes":""},"class_list":["post-20","page","type-page","status-publish","hentry"],"_links":{"self":[{"href":"https:\/\/pages.pedf.cuni.cz\/kdykdeco\/wp-json\/wp\/v2\/pages\/20","targetHints":{"allow":["GET"]}}],"collection":[{"href":"https:\/\/pages.pedf.cuni.cz\/kdykdeco\/wp-json\/wp\/v2\/pages"}],"about":[{"href":"https:\/\/pages.pedf.cuni.cz\/kdykdeco\/wp-json\/wp\/v2\/types\/page"}],"author":[{"embeddable":true,"href":"https:\/\/pages.pedf.cuni.cz\/kdykdeco\/wp-json\/wp\/v2\/users\/920"}],"replies":[{"embeddable":true,"href":"https:\/\/pages.pedf.cuni.cz\/kdykdeco\/wp-json\/wp\/v2\/comments?post=20"}],"version-history":[{"count":27,"href":"https:\/\/pages.pedf.cuni.cz\/kdykdeco\/wp-json\/wp\/v2\/pages\/20\/revisions"}],"predecessor-version":[{"id":82,"href":"https:\/\/pages.pedf.cuni.cz\/kdykdeco\/wp-json\/wp\/v2\/pages\/20\/revisions\/82"}],"wp:attachment":[{"href":"https:\/\/pages.pedf.cuni.cz\/kdykdeco\/wp-json\/wp\/v2\/media?parent=20"}],"curies":[{"name":"wp","href":"https:\/\/api.w.org\/{rel}","templated":true}]}}