{"id":22,"date":"2024-09-02T17:40:52","date_gmt":"2024-09-02T17:40:52","guid":{"rendered":"https:\/\/pages.pedf.cuni.cz\/kdykdeco\/?page_id=22"},"modified":"2024-09-25T20:01:43","modified_gmt":"2024-09-25T20:01:43","slug":"zaver-studia","status":"publish","type":"page","link":"https:\/\/pages.pedf.cuni.cz\/kdykdeco\/zaver-studia\/","title":{"rendered":"Z\u00e1v\u011br studia"},"content":{"rendered":"\n<p id=\"hore\">1. St\u00e1tn\u00ed zkou\u0161ky<br>2. <a href=\"#absolvovani\" data-type=\"internal\" data-id=\"#absolvovani\">Absolvov\u00e1n\u00ed<\/a><br>3. <a href=\"#promoce\" data-type=\"internal\" data-id=\"#promoce\">Promoce<\/a><\/p>\n\n\n\n<p class=\"has-background\" style=\"background:linear-gradient(90deg,rgb(229,59,81) 0%,rgba(255,255,255,0.07) 100%)\"><strong>St\u00e1tn\u00ed zkou\u0161ky<\/strong><\/p>\n\n\n\n<p class=\"has-background\" style=\"background:linear-gradient(90deg,rgb(85,195,220) 0%,rgba(255,255,255,0.14) 100%)\"><strong>Podm\u00ednky pro kon\u00e1n\u00ed SZ<\/strong><\/p>\n\n\n\n<p>&nbsp; Stanov\u00ed studijn\u00ed pl\u00e1n (SIS, Karol\u00ednka) <a href=\"https:\/\/pedf.cuni.cz\/PEDF-216.html\">https:\/\/pedf.cuni.cz\/PEDF-216.html<\/a><\/p>\n\n\n\n<p>&nbsp; Posledn\u00ed \u010d\u00e1st SZ &#8211; kredity za cel\u00e9 studium dle druhu studia (P, PV, V)<\/p>\n\n\n\n<p>&nbsp; Kontrola spln\u011bn\u00ed podm\u00ednek pro kon\u00e1n\u00ed SZ <a href=\"https:\/\/helpdesksis.pedf.cuni.cz\/mod\/wiki\/view.php?pageid=24\">https:\/\/helpdesksis.pedf.cuni.cz\/mod\/wiki\/view.php?pageid=24<\/a><\/p>\n\n\n\n<p class=\"has-background\" style=\"background:linear-gradient(90deg,rgb(85,195,220) 0%,rgba(255,255,255,0.14) 100%)\"><strong>P\u0159ihla\u0161ov\u00e1n\u00ed k&nbsp;SZ<\/strong><\/p>\n\n\n\n<p>&nbsp; Harmonogram SZ (web), \u00fa\u0159edn\u00ed deska<\/p>\n\n\n\n<p>&nbsp; Harmonogram akademick\u00e9ho roku <a href=\"https:\/\/pedf.cuni.cz\/PEDF-606.html\">https:\/\/pedf.cuni.cz\/PEDF-606.html<\/a><\/p>\n\n\n\n<p>&nbsp; P\u0159ihla\u0161ov\u00e1n\u00ed pouze p\u0159es SIS&nbsp;<a href=\"https:\/\/helpdesksis.pedf.cuni.cz\/mod\/wiki\/view.php?pageid=24\">https<\/a><a href=\"https:\/\/helpdesksis.pedf.cuni.cz\/mod\/wiki\/view.php?pageid=24\">:\/\/<\/a><a href=\"https:\/\/helpdesksis.pedf.cuni.cz\/mod\/wiki\/view.php?pageid=24\">helpdesksis.pedf.cuni.cz<\/a><a href=\"https:\/\/helpdesksis.pedf.cuni.cz\/mod\/wiki\/view.php?pageid=24\">\/<\/a><a href=\"https:\/\/helpdesksis.pedf.cuni.cz\/mod\/wiki\/view.php?pageid=24\">mod<\/a><a href=\"https:\/\/helpdesksis.pedf.cuni.cz\/mod\/wiki\/view.php?pageid=24\">\/wiki\/<\/a><a href=\"https:\/\/helpdesksis.pedf.cuni.cz\/mod\/wiki\/view.php?pageid=24\">view.php?pageid<\/a><a href=\"https:\/\/helpdesksis.pedf.cuni.cz\/mod\/wiki\/view.php?pageid=24\">=24<\/a><\/p>\n\n\n\n<p>&nbsp; Pokusy<\/p>\n\n\n\n<p>&nbsp; Omluvy<\/p>\n\n\n\n<p class=\"has-background\" style=\"background:linear-gradient(90deg,rgb(85,195,220) 0%,rgba(255,255,255,0.14) 100%)\"><strong>Bakal\u00e1\u0159sk\u00e1 <\/strong><strong>\/ diplomov\u00e1 pr\u00e1ce<\/strong><\/p>\n\n\n\n<p><strong>Zad\u00e1n\u00ed<\/strong><\/p>\n\n\n\n<p><strong>Odevzd\u00e1n\u00ed <\/strong><br>harmonogram<br>n\u00e1le\u017eitosti<br>kontrola na plagi\u00e1t<br>form\u00e1t pdf\/A<br>\u017e\u00e1dost o odevzd\u00e1n\u00ed v\u00a0jin\u00e9m form\u00e1tu<br>\u017e\u00e1dost o odklad zve\u0159ejn\u011bn\u00ed<\/p>\n\n\n\n<p><strong>Odstoupen\u00ed od obhajoby<\/strong><\/p>\n\n\n\n<p><strong>Zm\u011bna pr\u00e1ce<\/strong> (z major na minor)<\/p>\n\n\n\n<p><a href=\"https:\/\/helpdesksis.pedf.cuni.cz\/mod\/wiki\/view.php?pageid=24\">https:\/\/helpdesksis.pedf.cuni.cz\/mod\/wiki\/view.php?pageid=24<\/a><\/p>\n\n\n\n<p><strong>Finalizace<\/strong> <br>ulo\u017een\u00ed<br>zve\u0159ejn\u011bn\u00ed pr\u00e1ce<br>repozit\u00e1\u0159 UK<\/p>\n\n\n\n<p><a href=\"https:\/\/dspace.cuni.cz\">https:\/\/dspace.cuni.cz<\/a><\/p>\n\n\n\n<p class=\"has-text-align-right\"><a href=\"#hore\" data-type=\"page\" data-id=\"22\">Zp\u011bt<\/a><\/p>\n\n\n\n<hr class=\"wp-block-separator has-text-color has-bright-blue-color has-alpha-channel-opacity has-bright-blue-background-color has-background is-style-wide\" \/>\n\n\n\n<p class=\"has-background\" id=\"absolvovani\" style=\"background:linear-gradient(90deg,rgb(229,59,81) 0%,rgba(255,255,255,0.07) 100%)\"><strong>Absolvov\u00e1n\u00ed<\/strong><\/p>\n\n\n\n<p class=\"has-background\" style=\"background:linear-gradient(90deg,rgb(85,195,220) 0%,rgba(250,250,250,0.18) 100%)\"><strong>Vykon\u00e1n\u00ed posledn\u00ed \u010d\u00e1sti SZ <\/strong><\/p>\n\n\n\n<p>viz studijn\u00ed pl\u00e1n<br>kontrola spln\u011bn\u00ed podm\u00ednek:<br>SIS<br>Karol\u00ednka<\/p>\n\n\n\n<p><a href=\"https:\/\/pedf.cuni.cz\/PEDF-216.html\">https:\/\/pedf.cuni.cz\/PEDF-216.html<\/a><\/p>\n\n\n\n<p class=\"has-background\" style=\"background:linear-gradient(90deg,rgb(85,195,220) 0%,rgba(250,250,250,0.18) 100%)\"><strong>Vyznamen\u00e1n\u00ed \u2013 podm\u00ednky<\/strong><\/p>\n\n\n\n<p>Studijn\u00ed a zku\u0161ebn\u00ed \u0159\u00e1d UK<\/p>\n\n\n\n<p>Pravidla pro organizaci studia na PedF UK<\/p>\n\n\n\n<p><a href=\"https:\/\/pages.pedf.cuni.cz\/pedinfo\/predmety-jejich-zapis-a-plneni\">https:\/\/pages.pedf.cuni.cz\/pedinfo\/predmety-jejich-zapis-a-plneni<\/a><\/p>\n\n\n\n<p><a href=\"https:\/\/pedf.cuni.cz\/PEDF-890.html\">https:\/\/pedf.cuni.cz\/PEDF-890.html<\/a><\/p>\n\n\n\n<p class=\"has-background\" style=\"background:linear-gradient(90deg,rgb(85,195,220) 0%,rgba(250,250,250,0.18) 100%)\"><strong>Diplom + Dodatek k&nbsp;diplomu<\/strong><\/p>\n\n\n\n<p><a href=\"https:\/\/pedf.cuni.cz\/PEDF-234.html\">https:\/\/pedf.cuni.cz\/PEDF-234.html<\/a><\/p>\n\n\n\n<p class=\"has-text-align-right\"><a href=\"#hore\" data-type=\"page\" data-id=\"22\">Zp\u011bt<\/a><\/p>\n\n\n\n<hr class=\"wp-block-separator has-text-color has-bright-blue-color has-alpha-channel-opacity has-bright-blue-background-color has-background is-style-wide\" \/>\n\n\n\n<p class=\"has-background\" id=\"promoce\" style=\"background:linear-gradient(90deg,rgb(229,59,81) 0%,rgba(255,255,255,0.07) 100%)\"><strong>Promoce<\/strong><\/p>\n\n\n\n<p><a href=\"https:\/\/pedf.cuni.cz\/PEDF-219.html\">https:\/\/pedf.cuni.cz\/PEDF-219.html<\/a><\/p>\n\n\n\n<p class=\"has-text-align-right\"><a href=\"#hore\" data-type=\"page\" data-id=\"22\">Zp\u011bt<\/a><\/p>\n\n\n\n<p><\/p>\n","protected":false},"excerpt":{"rendered":"<p>1. St\u00e1tn\u00ed zkou\u0161ky2. Absolvov\u00e1n\u00ed3. Promoce St\u00e1tn\u00ed zkou\u0161ky Podm\u00ednky pro kon\u00e1n\u00ed SZ &nbsp; Stanov\u00ed studijn\u00ed pl\u00e1n (SIS, Karol\u00ednka) https:\/\/pedf.cuni.cz\/PEDF-216.html &nbsp; Posledn\u00ed \u010d\u00e1st SZ &#8211; kredity za cel\u00e9 studium dle druhu studia (P, PV, V) &nbsp; Kontrola spln\u011bn\u00ed podm\u00ednek pro kon\u00e1n\u00ed SZ https:\/\/helpdesksis.pedf.cuni.cz\/mod\/wiki\/view.php?pageid=24 P\u0159ihla\u0161ov\u00e1n\u00ed k&nbsp;SZ &nbsp; Harmonogram SZ (web), \u00fa\u0159edn\u00ed deska &nbsp; Harmonogram akademick\u00e9ho roku https:\/\/pedf.cuni.cz\/PEDF-606.html &nbsp; &hellip; <a href=\"https:\/\/pages.pedf.cuni.cz\/kdykdeco\/zaver-studia\/\" class=\"more-link\">Pokra\u010dov\u00e1n\u00ed textu <span class=\"screen-reader-text\">Z\u00e1v\u011br studia<\/span><\/a><\/p>\n","protected":false},"author":920,"featured_media":0,"parent":0,"menu_order":0,"comment_status":"closed","ping_status":"closed","template":"","meta":{"footnotes":""},"class_list":["post-22","page","type-page","status-publish","hentry"],"_links":{"self":[{"href":"https:\/\/pages.pedf.cuni.cz\/kdykdeco\/wp-json\/wp\/v2\/pages\/22","targetHints":{"allow":["GET"]}}],"collection":[{"href":"https:\/\/pages.pedf.cuni.cz\/kdykdeco\/wp-json\/wp\/v2\/pages"}],"about":[{"href":"https:\/\/pages.pedf.cuni.cz\/kdykdeco\/wp-json\/wp\/v2\/types\/page"}],"author":[{"embeddable":true,"href":"https:\/\/pages.pedf.cuni.cz\/kdykdeco\/wp-json\/wp\/v2\/users\/920"}],"replies":[{"embeddable":true,"href":"https:\/\/pages.pedf.cuni.cz\/kdykdeco\/wp-json\/wp\/v2\/comments?post=22"}],"version-history":[{"count":14,"href":"https:\/\/pages.pedf.cuni.cz\/kdykdeco\/wp-json\/wp\/v2\/pages\/22\/revisions"}],"predecessor-version":[{"id":85,"href":"https:\/\/pages.pedf.cuni.cz\/kdykdeco\/wp-json\/wp\/v2\/pages\/22\/revisions\/85"}],"wp:attachment":[{"href":"https:\/\/pages.pedf.cuni.cz\/kdykdeco\/wp-json\/wp\/v2\/media?parent=22"}],"curies":[{"name":"wp","href":"https:\/\/api.w.org\/{rel}","templated":true}]}}