{"id":93,"date":"2025-03-04T12:58:31","date_gmt":"2025-03-04T12:58:31","guid":{"rendered":"https:\/\/pages.pedf.cuni.cz\/kdykdeco\/?page_id=93"},"modified":"2025-03-06T14:28:45","modified_gmt":"2025-03-06T14:28:45","slug":"ctecka-e-dokladu","status":"publish","type":"page","link":"https:\/\/pages.pedf.cuni.cz\/kdykdeco\/ctecka-e-dokladu\/","title":{"rendered":"\u010cTE\u010cKA E-DOKLAD\u016e"},"content":{"rendered":"\n<p class=\"has-medium-pink-color has-text-color has-link-color wp-elements-f90c3aee9795e4254f711b0a33140190\" id=\"start\">!! POUZE PRO REGISTROVAN\u00c9 OV\u011a\u0158OVATELE NA UK !!<\/p>\n\n\n\n<hr class=\"wp-block-separator has-alpha-channel-opacity\" \/>\n\n\n\n<div class=\"wp-block-buttons is-layout-flex wp-block-buttons-is-layout-flex\">\n<div class=\"wp-block-button\"><a class=\"wp-block-button__link has-yellow-background-color has-background wp-element-button\">pc<\/a><\/div>\n<\/div>\n\n\n\n<p>Pracovat lze na <strong>libovoln\u00e9m PC<\/strong> s webov\u00fdm prohl\u00ed\u017ee\u010dem<\/p>\n\n\n\n<div class=\"wp-block-buttons is-layout-flex wp-block-buttons-is-layout-flex\">\n<div class=\"wp-block-button\"><a class=\"wp-block-button__link has-bright-blue-background-color has-background wp-element-button\">MOBIL<\/a><\/div>\n<\/div>\n\n\n\n<p>Pracovat lze na <strong>mobilu \u010di tabletu<\/strong><\/p>\n\n\n\n<ul class=\"wp-block-list\">\n<li>Pou\u017eijte <strong>pouze webov\u00e9 rozhr\u00e1n\u00ed<\/strong><\/li>\n\n\n\n<li>Nesm\u00edte pou\u017e\u00edt mobiln\u00ed aplikaci!<\/li>\n<\/ul>\n\n\n\n<ul class=\"wp-block-list\">\n<li><strong>P\u0159ipoj\u00edm se k ov\u011b\u0159ov\u00e1n\u00ed<\/strong><\/li>\n<\/ul>\n\n\n\n<div class=\"wp-block-buttons is-layout-flex wp-block-buttons-is-layout-flex\">\n<div class=\"wp-block-button\"><a class=\"wp-block-button__link has-purple-color has-light-pink-background-color has-text-color has-background has-link-color wp-element-button\" href=\"https:\/\/ctecka.edoklady.gov.cz\/prihlaseni\" target=\"_blank\" rel=\"noreferrer noopener\">zde se p\u0159ihla\u0161te<\/a><\/div>\n<\/div>\n\n\n\n<ul class=\"wp-block-list\">\n<li><strong>Potvrd\u00edm volbu: LOK\u00c1LN\u00cd \u00da\u010cET<\/strong><\/li>\n<\/ul>\n\n\n\n<figure class=\"wp-block-image size-medium\"><img loading=\"lazy\" decoding=\"async\" width=\"258\" height=\"300\" src=\"https:\/\/pages.pedf.cuni.cz\/kdykdeco\/files\/2025\/03\/ctecka1-258x300.png\" alt=\"\" class=\"wp-image-95\" srcset=\"https:\/\/pages.pedf.cuni.cz\/kdykdeco\/files\/2025\/03\/ctecka1-258x300.png 258w, https:\/\/pages.pedf.cuni.cz\/kdykdeco\/files\/2025\/03\/ctecka1.png 684w\" sizes=\"auto, (max-width: 258px) 100vw, 258px\" \/><\/figure>\n\n\n\n<ul class=\"wp-block-list\">\n<li><strong>P\u0159ihl\u00e1s\u00edm se \u00fadaji z\u00edskan\u00fdmi p\u0159i registraci<\/strong><\/li>\n<\/ul>\n\n\n\n<figure class=\"wp-block-image size-medium\"><img loading=\"lazy\" decoding=\"async\" width=\"300\" height=\"273\" src=\"https:\/\/pages.pedf.cuni.cz\/kdykdeco\/files\/2025\/03\/ctecka2-300x273.png\" alt=\"\" class=\"wp-image-96\" srcset=\"https:\/\/pages.pedf.cuni.cz\/kdykdeco\/files\/2025\/03\/ctecka2-300x273.png 300w, https:\/\/pages.pedf.cuni.cz\/kdykdeco\/files\/2025\/03\/ctecka2.png 653w\" sizes=\"auto, (max-width: 300px) 100vw, 300px\" \/><\/figure>\n\n\n\n<ul class=\"wp-block-list\">\n<li><strong>Zvol\u00edm volnou p\u0159ep\u00e1\u017eku<\/strong><\/li>\n<\/ul>\n\n\n\n<figure class=\"wp-block-image size-medium\"><img loading=\"lazy\" decoding=\"async\" width=\"300\" height=\"204\" src=\"https:\/\/pages.pedf.cuni.cz\/kdykdeco\/files\/2025\/03\/ctecka3-300x204.png\" alt=\"\" class=\"wp-image-97\" srcset=\"https:\/\/pages.pedf.cuni.cz\/kdykdeco\/files\/2025\/03\/ctecka3-300x204.png 300w, https:\/\/pages.pedf.cuni.cz\/kdykdeco\/files\/2025\/03\/ctecka3.png 656w\" sizes=\"auto, (max-width: 300px) 100vw, 300px\" \/><\/figure>\n\n\n\n<ul class=\"wp-block-list\">\n<li>Vyberu<strong> Skupina: PedF p\u0159ij\u00edmac\u00ed zkou\u0161ky + P\u0159ij\u00edmac\u00ed \u0159\u00edzen\u00ed<\/strong><\/li>\n\n\n\n<li><strong>Vygeneruji nov\u00fd QR k\u00f3d<\/strong> (nemus\u00ed se na jedno sezen\u00ed generovat znovu)<\/li>\n\n\n\n<li><strong>St\u00e1hnu k vytisknut\u00ed<\/strong><\/li>\n<\/ul>\n\n\n\n<figure class=\"wp-block-image size-medium\"><img loading=\"lazy\" decoding=\"async\" width=\"243\" height=\"300\" src=\"https:\/\/pages.pedf.cuni.cz\/kdykdeco\/files\/2025\/03\/ctecka4b-243x300.png\" alt=\"\" class=\"wp-image-116\" srcset=\"https:\/\/pages.pedf.cuni.cz\/kdykdeco\/files\/2025\/03\/ctecka4b-243x300.png 243w, https:\/\/pages.pedf.cuni.cz\/kdykdeco\/files\/2025\/03\/ctecka4b.png 649w\" sizes=\"auto, (max-width: 243px) 100vw, 243px\" \/><\/figure>\n\n\n\n<ul class=\"wp-block-list\">\n<li><strong>QR k\u00f3d je v pdf<\/strong><\/li>\n\n\n\n<li><strong>Jde vytisknout \u010di nechat na monitoru<\/strong> (nap\u0159. ve zmen\u0161en\u00e9m okn\u011b, nebo p\u0159ep\u00ednat mezi okny na plo\u0161e)<\/li>\n<\/ul>\n\n\n\n<figure class=\"wp-block-image size-medium\"><img loading=\"lazy\" decoding=\"async\" width=\"300\" height=\"171\" src=\"https:\/\/pages.pedf.cuni.cz\/kdykdeco\/files\/2025\/03\/ctecka8-300x171.png\" alt=\"\" class=\"wp-image-102\" srcset=\"https:\/\/pages.pedf.cuni.cz\/kdykdeco\/files\/2025\/03\/ctecka8-300x171.png 300w, https:\/\/pages.pedf.cuni.cz\/kdykdeco\/files\/2025\/03\/ctecka8-1024x583.png 1024w, https:\/\/pages.pedf.cuni.cz\/kdykdeco\/files\/2025\/03\/ctecka8-768x437.png 768w, https:\/\/pages.pedf.cuni.cz\/kdykdeco\/files\/2025\/03\/ctecka8-1536x875.png 1536w, https:\/\/pages.pedf.cuni.cz\/kdykdeco\/files\/2025\/03\/ctecka8.png 1615w\" sizes=\"auto, (max-width: 300px) 100vw, 300px\" \/><\/figure>\n\n\n\n<ul class=\"wp-block-list\">\n<li><strong>V mobilu lze p\u0159ep\u00ednat mezi otev\u0159en\u00fdmi okny<\/strong><\/li>\n<\/ul>\n\n\n\n<figure class=\"wp-block-image size-medium\"><img loading=\"lazy\" decoding=\"async\" width=\"139\" height=\"300\" src=\"https:\/\/pages.pedf.cuni.cz\/kdykdeco\/files\/2025\/03\/ctecka9-139x300.png\" alt=\"\" class=\"wp-image-132\" srcset=\"https:\/\/pages.pedf.cuni.cz\/kdykdeco\/files\/2025\/03\/ctecka9-139x300.png 139w, https:\/\/pages.pedf.cuni.cz\/kdykdeco\/files\/2025\/03\/ctecka9.png 376w\" sizes=\"auto, (max-width: 139px) 100vw, 139px\" \/><\/figure>\n\n\n\n<ul class=\"wp-block-list\">\n<li>Kliknu na<strong> Zkontrolovat: P\u0159ij\u00edmac\u00ed zkou\u0161ky<\/strong><\/li>\n<\/ul>\n\n\n\n<figure class=\"wp-block-image size-medium\"><img loading=\"lazy\" decoding=\"async\" width=\"270\" height=\"300\" src=\"https:\/\/pages.pedf.cuni.cz\/kdykdeco\/files\/2025\/03\/ctecka5b-270x300.png\" alt=\"\" class=\"wp-image-118\" srcset=\"https:\/\/pages.pedf.cuni.cz\/kdykdeco\/files\/2025\/03\/ctecka5b-270x300.png 270w, https:\/\/pages.pedf.cuni.cz\/kdykdeco\/files\/2025\/03\/ctecka5b.png 611w\" sizes=\"auto, (max-width: 270px) 100vw, 270px\" \/><\/figure>\n\n\n\n<ul class=\"wp-block-list\">\n<li><strong>Vyzvu ob\u010dana, aby naskenoval QR k\u00f3d do sv\u00e9 aplikace<\/strong><\/li>\n\n\n\n<li><strong>QR k\u00f3d mu uk\u00e1\u017eu bu\u010f na monitoru nebo vyti\u0161t\u011bn\u00fd<\/strong><\/li>\n<\/ul>\n\n\n\n<figure class=\"wp-block-image size-medium\"><img loading=\"lazy\" decoding=\"async\" width=\"300\" height=\"221\" src=\"https:\/\/pages.pedf.cuni.cz\/kdykdeco\/files\/2025\/03\/ctecka6-300x221.png\" alt=\"\" class=\"wp-image-100\" srcset=\"https:\/\/pages.pedf.cuni.cz\/kdykdeco\/files\/2025\/03\/ctecka6-300x221.png 300w, https:\/\/pages.pedf.cuni.cz\/kdykdeco\/files\/2025\/03\/ctecka6.png 630w\" sizes=\"auto, (max-width: 300px) 100vw, 300px\" \/><\/figure>\n\n\n\n<ul class=\"wp-block-list\">\n<li><strong>Ob\u010dan do sv\u00e9 aplikace obdr\u017e\u00ed \u017e\u00e1dost o poskytnut\u00ed \u00fadaj\u016f<\/strong><\/li>\n\n\n\n<li><strong>Kdy\u017e v aplikaci ud\u011bl\u00ed souhlas, tak se mi zobraz\u00ed po\u017eadovan\u00e9 \u00fadaje<\/strong><\/li>\n<\/ul>\n\n\n\n<figure class=\"wp-block-image size-medium\"><img loading=\"lazy\" decoding=\"async\" width=\"241\" height=\"300\" src=\"https:\/\/pages.pedf.cuni.cz\/kdykdeco\/files\/2025\/03\/ctecka7-241x300.png\" alt=\"\" class=\"wp-image-101\" srcset=\"https:\/\/pages.pedf.cuni.cz\/kdykdeco\/files\/2025\/03\/ctecka7-241x300.png 241w, https:\/\/pages.pedf.cuni.cz\/kdykdeco\/files\/2025\/03\/ctecka7.png 432w\" sizes=\"auto, (max-width: 241px) 100vw, 241px\" \/><\/figure>\n\n\n\n<p><\/p>\n\n\n\n<ul class=\"wp-block-list\">\n<li><strong>Po ukon\u010den\u00ed pr\u00e1ce s ov\u011b\u0159ov\u00e1n\u00edm se nezapome\u0148te odhl\u00e1sit<\/strong><\/li>\n<\/ul>\n\n\n\n<p class=\"has-text-align-right\"><a href=\"https:\/\/pages.pedf.cuni.cz\/kdykdeco\/ctecka-e-dokladu\/#start\" data-type=\"page\" data-id=\"93\">Zp\u011bt<\/a><\/p>\n\n\n\n<p><\/p>\n","protected":false},"excerpt":{"rendered":"<p>!! POUZE PRO REGISTROVAN\u00c9 OV\u011a\u0158OVATELE NA UK !! Pracovat lze na libovoln\u00e9m PC s webov\u00fdm prohl\u00ed\u017ee\u010dem Pracovat lze na mobilu \u010di tabletu Zp\u011bt<\/p>\n","protected":false},"author":920,"featured_media":0,"parent":0,"menu_order":0,"comment_status":"closed","ping_status":"closed","template":"","meta":{"footnotes":""},"class_list":["post-93","page","type-page","status-publish","hentry"],"_links":{"self":[{"href":"https:\/\/pages.pedf.cuni.cz\/kdykdeco\/wp-json\/wp\/v2\/pages\/93","targetHints":{"allow":["GET"]}}],"collection":[{"href":"https:\/\/pages.pedf.cuni.cz\/kdykdeco\/wp-json\/wp\/v2\/pages"}],"about":[{"href":"https:\/\/pages.pedf.cuni.cz\/kdykdeco\/wp-json\/wp\/v2\/types\/page"}],"author":[{"embeddable":true,"href":"https:\/\/pages.pedf.cuni.cz\/kdykdeco\/wp-json\/wp\/v2\/users\/920"}],"replies":[{"embeddable":true,"href":"https:\/\/pages.pedf.cuni.cz\/kdykdeco\/wp-json\/wp\/v2\/comments?post=93"}],"version-history":[{"count":31,"href":"https:\/\/pages.pedf.cuni.cz\/kdykdeco\/wp-json\/wp\/v2\/pages\/93\/revisions"}],"predecessor-version":[{"id":136,"href":"https:\/\/pages.pedf.cuni.cz\/kdykdeco\/wp-json\/wp\/v2\/pages\/93\/revisions\/136"}],"wp:attachment":[{"href":"https:\/\/pages.pedf.cuni.cz\/kdykdeco\/wp-json\/wp\/v2\/media?parent=93"}],"curies":[{"name":"wp","href":"https:\/\/api.w.org\/{rel}","templated":true}]}}