{"id":1012,"date":"2016-03-10T21:25:37","date_gmt":"2016-03-10T20:25:37","guid":{"rendered":"http:\/\/pages.pedf.cuni.cz\/khv\/?page_id=1012"},"modified":"2025-11-25T14:26:01","modified_gmt":"2025-11-25T13:26:01","slug":"klavir","status":"publish","type":"page","link":"https:\/\/pages.pedf.cuni.cz\/khv\/en\/jine\/klavir\/","title":{"rendered":"Vyu\u017eit\u00ed klav\u00edr\u016f ke cvi\u010den\u00ed"},"content":{"rendered":"\n<p><\/p>\n\n\n\n<p><\/p>\n\n\n\n<p><\/p>\n\n\n<p>V\u00e1\u017een\u00ed studenti,<\/p>\n<p>pokud chcete vyu\u017e\u00edt klav\u00edry KHV ke cvi\u010den\u00ed, vypl\u0148te <strong><a href=\"https:\/\/pages.pedf.cuni.cz\/khv\/files\/2025\/09\/Potvrzeni-cviceni-na-klaviru-na-KHV.docx\">Potvrzen\u00ed pro cvi\u010den\u00ed na klav\u00edr na KHV<\/a><\/strong> (<strong><a href=\"https:\/\/pages.pedf.cuni.cz\/khv\/files\/2025\/09\/CONFIRMATION-AJ.docx\">CONFIRMATION &#8211; English version<\/a><\/strong>) a po\u017e\u00e1dejte vedouc\u00edho katedry pana doc. Val\u00e1\u0161ka nebo pan\u00ed dr. St\u0159\u00edteskou o podpis a vyzna\u010den\u00ed u\u010deben, kter\u00e9 m\u016f\u017eete vyu\u017e\u00edvat.<\/p>\n<ol>\n<li><strong><span style=\"font-size: 11.0pt\">PODEPSAN\u00c9 ZA\u0160LETE \u00a0NA ADRESU <span style=\"color: #0000ff\">MILENA.SEJVLOVA@PEDF.CUNI.CZ<\/span>, \u00a0<\/span><\/strong><\/li>\n<li><strong><span style=\"font-size: 11.0pt\">ORIGIN\u00c1L POTVRZEN\u00cd P\u0158EDEJTE NA RECEPCI,<\/span><\/strong><\/li>\n<li><strong><span style=\"font-size: 11.0pt\">1 V\u00ddTISK NOSTE S SEBOU (STA\u010c\u00cd FOTO V MOBILU) P\u0158I P\u016eJ\u010cOV\u00c1N\u00cd KL\u00cd\u010cE OD U\u010cEBNY. BEZ TOHO V\u00c1M ZAP\u016eJ\u010cEN NEBUDE.<\/span><\/strong><\/li>\n<li><strong><span style=\"font-size: 11.0pt\">O REZERVACE U\u010cEBEN LZE \u017d\u00c1DAT MAXIM\u00c1LN\u011a S 3 T\u00ddDENN\u00cdM P\u0158EDSTIHEM (S V\u00ddJIMKOU ABSOLVENTSK\u00ddCH KONCERT\u016e).<\/span><\/strong><\/li>\n<li><strong><span style=\"font-size: 11.0pt\">NELZE \u017d\u00c1DAT O PRAVIDELN\u00c9 DLOUHODOB\u00c9 REZERVACE.<\/span><\/strong><\/li>\n<\/ol>\n<p><strong><span style=\"font-size: 11.0pt\">\u017d\u00c1DOSTI O REZERVACE KONKR\u00c9TN\u00cd U\u010cEBNY V P\u0158ESN\u00c9M \u010cASOV\u00c9M ROZSAHU ZAS\u00cdLEJTE\u00a0 <span style=\"color: #ff0000\">S DOSTATE\u010cN\u00ddM P\u0158EDSTIHEM <\/span><\/span><\/strong><\/p>\n<p><strong><span style=\"font-size: 11.0pt\">NA ADRESU <span style=\"color: #0000ff\">MILENA.SEJVLOVA@PEDF.CUNI.CZ<\/span> . <\/span><span style=\"font-size: 11.0pt\">OBSAZENOST U\u010cEBEN JE CELORO\u010cN\u011a VIDITELN\u00c1 V SIS, P\u0158ED ZASL\u00c1N\u00cdM \u017d\u00c1DOSTI SI OV\u011a\u0158TE.<br \/><\/span><\/strong><\/p>\n<p>V SOUVISLOSTI S REKONSTRUKC\u00cd HLAVN\u00cd BUDOVY FAKULTY JSOU MO\u017dN\u00c9 REZERVACE DO CELETN\u00c9 , R107 A BRAND\u00ddSA.<\/p>\n\n\n<p><\/p>\n","protected":false},"excerpt":{"rendered":"<p><a href=\"https:\/\/pages.pedf.cuni.cz\/khv\/files\/2023\/05\/Potvrzeni-cviceni-na-klaviru-na-KHV.docx\">Potvrzeni-cviceni-na-klaviru-na-KHV<\/a><\/p>\n","protected":false},"author":422,"featured_media":0,"parent":684,"menu_order":0,"comment_status":"closed","ping_status":"closed","template":"","meta":{"footnotes":""},"class_list":["post-1012","page","type-page","status-publish","hentry"],"_links":{"self":[{"href":"https:\/\/pages.pedf.cuni.cz\/khv\/en\/wp-json\/wp\/v2\/pages\/1012","targetHints":{"allow":["GET"]}}],"collection":[{"href":"https:\/\/pages.pedf.cuni.cz\/khv\/en\/wp-json\/wp\/v2\/pages"}],"about":[{"href":"https:\/\/pages.pedf.cuni.cz\/khv\/en\/wp-json\/wp\/v2\/types\/page"}],"author":[{"embeddable":true,"href":"https:\/\/pages.pedf.cuni.cz\/khv\/en\/wp-json\/wp\/v2\/users\/422"}],"replies":[{"embeddable":true,"href":"https:\/\/pages.pedf.cuni.cz\/khv\/en\/wp-json\/wp\/v2\/comments?post=1012"}],"version-history":[{"count":55,"href":"https:\/\/pages.pedf.cuni.cz\/khv\/en\/wp-json\/wp\/v2\/pages\/1012\/revisions"}],"predecessor-version":[{"id":6409,"href":"https:\/\/pages.pedf.cuni.cz\/khv\/en\/wp-json\/wp\/v2\/pages\/1012\/revisions\/6409"}],"up":[{"embeddable":true,"href":"https:\/\/pages.pedf.cuni.cz\/khv\/en\/wp-json\/wp\/v2\/pages\/684"}],"wp:attachment":[{"href":"https:\/\/pages.pedf.cuni.cz\/khv\/en\/wp-json\/wp\/v2\/media?parent=1012"}],"curies":[{"name":"wp","href":"https:\/\/api.w.org\/{rel}","templated":true}]}}