{"id":207,"date":"2015-05-22T21:17:30","date_gmt":"2015-05-22T19:17:30","guid":{"rendered":"http:\/\/pages.pedf.cuni.cz\/khv\/?page_id=207"},"modified":"2022-02-22T09:25:52","modified_gmt":"2022-02-22T08:25:52","slug":"erasmus","status":"publish","type":"page","link":"https:\/\/pages.pedf.cuni.cz\/khv\/en\/erasmus\/","title":{"rendered":"Erasmus"},"content":{"rendered":"<ul class=\"list-pages-shortcode child-pages\"><li class=\"page_item page-item-1706\"><a href=\"https:\/\/pages.pedf.cuni.cz\/khv\/en\/erasmus\/studijni-pobyty-v-ramci-programu-erasmus-v-akademickem-roce-20172018\/\">Studijn\u00ed pobyty v r\u00e1mci programu Erasmus+ v akademick\u00e9m roce 2018\/2019<\/a><\/li>\n<li class=\"page_item page-item-1082\"><a href=\"https:\/\/pages.pedf.cuni.cz\/khv\/en\/erasmus\/vstupni-informace\/\">Vstupn\u00ed informace<\/a><\/li>\n<li class=\"page_item page-item-1080\"><a href=\"https:\/\/pages.pedf.cuni.cz\/khv\/en\/erasmus\/prehled-partnerskych-univerzit\/\">P\u0159ehled partnersk\u00fdch univerzit<\/a><\/li>\n<\/ul>\n\n\n<p><\/p>\n","protected":false},"excerpt":{"rendered":"","protected":false},"author":422,"featured_media":0,"parent":0,"menu_order":0,"comment_status":"closed","ping_status":"closed","template":"","meta":{"footnotes":""},"class_list":["post-207","page","type-page","status-publish","hentry"],"_links":{"self":[{"href":"https:\/\/pages.pedf.cuni.cz\/khv\/en\/wp-json\/wp\/v2\/pages\/207","targetHints":{"allow":["GET"]}}],"collection":[{"href":"https:\/\/pages.pedf.cuni.cz\/khv\/en\/wp-json\/wp\/v2\/pages"}],"about":[{"href":"https:\/\/pages.pedf.cuni.cz\/khv\/en\/wp-json\/wp\/v2\/types\/page"}],"author":[{"embeddable":true,"href":"https:\/\/pages.pedf.cuni.cz\/khv\/en\/wp-json\/wp\/v2\/users\/422"}],"replies":[{"embeddable":true,"href":"https:\/\/pages.pedf.cuni.cz\/khv\/en\/wp-json\/wp\/v2\/comments?post=207"}],"version-history":[{"count":1,"href":"https:\/\/pages.pedf.cuni.cz\/khv\/en\/wp-json\/wp\/v2\/pages\/207\/revisions"}],"predecessor-version":[{"id":4416,"href":"https:\/\/pages.pedf.cuni.cz\/khv\/en\/wp-json\/wp\/v2\/pages\/207\/revisions\/4416"}],"wp:attachment":[{"href":"https:\/\/pages.pedf.cuni.cz\/khv\/en\/wp-json\/wp\/v2\/media?parent=207"}],"curies":[{"name":"wp","href":"https:\/\/api.w.org\/{rel}","templated":true}]}}