{"id":27,"date":"2015-03-25T10:18:59","date_gmt":"2015-03-25T10:18:59","guid":{"rendered":"http:\/\/pages.pedf.cuni.cz\/khv\/?page_id=27"},"modified":"2015-05-23T09:37:42","modified_gmt":"2015-05-23T07:37:42","slug":"studium","status":"publish","type":"page","link":"https:\/\/pages.pedf.cuni.cz\/khv\/en\/studium\/","title":{"rendered":"Studium"},"content":{"rendered":"<ul class=\"list-pages-shortcode child-pages\"><li class=\"page_item page-item-30 page_item_has_children\"><a href=\"https:\/\/pages.pedf.cuni.cz\/khv\/en\/studium\/bc-studium\/\">Bakal\u00e1\u0159sk\u00e9 studium<\/a>\n<ul class='children'>\n\t<li class=\"page_item page-item-420 page_item_has_children\"><a href=\"https:\/\/pages.pedf.cuni.cz\/khv\/en\/studium\/bc-studium\/hudebni-vychova\/\">Hudebn\u00ed v\u00fdchova<\/a>\n\t<ul class='children'>\n\t\t<li class=\"page_item page-item-490\"><a href=\"https:\/\/pages.pedf.cuni.cz\/khv\/en\/studium\/bc-studium\/hudebni-vychova\/statni-bakalarska-zkouska\/\">St\u00e1tn\u00ed bakal\u00e1\u0159sk\u00e1 zkou\u0161ka &#8211; HV<\/a><\/li>\n\t<\/ul>\n<\/li>\n\t<li class=\"page_item page-item-422 page_item_has_children\"><a href=\"https:\/\/pages.pedf.cuni.cz\/khv\/en\/studium\/bc-studium\/hra-na-nastroj\/\">Hra na n\u00e1stroj<\/a>\n\t<ul class='children'>\n\t\t<li class=\"page_item page-item-852\"><a href=\"https:\/\/pages.pedf.cuni.cz\/khv\/en\/studium\/bc-studium\/hra-na-nastroj\/hra-na-housle-ramcove-pokyny-pro-sestaveni-isp\/\">Hra na housle &#8211; r\u00e1mcov\u00e9 pokyny pro sestavov\u00e1n\u00ed ISP<\/a><\/li>\n\t\t<li class=\"page_item page-item-848\"><a href=\"https:\/\/pages.pedf.cuni.cz\/khv\/en\/studium\/bc-studium\/hra-na-nastroj\/hra-na-klavir-ramcove-pokyny-pro-isp\/\">Hra na klav\u00edr &#8211; r\u00e1mcov\u00e9 pokyny pro sestavov\u00e1n\u00ed ISP<\/a><\/li>\n\t\t<li class=\"page_item page-item-494\"><a href=\"https:\/\/pages.pedf.cuni.cz\/khv\/en\/studium\/bc-studium\/hra-na-nastroj\/statni-bakalarska-zkouska\/\">St\u00e1tn\u00ed bakal\u00e1\u0159sk\u00e1 zkou\u0161ka<\/a><\/li>\n\t<\/ul>\n<\/li>\n\t<li class=\"page_item page-item-424 page_item_has_children\"><a href=\"https:\/\/pages.pedf.cuni.cz\/khv\/en\/studium\/bc-studium\/sbormistrovstvi\/\">Sbormistrovstv\u00ed<\/a>\n\t<ul class='children'>\n\t\t<li class=\"page_item page-item-496\"><a href=\"https:\/\/pages.pedf.cuni.cz\/khv\/en\/studium\/bc-studium\/sbormistrovstvi\/statni-bakalarska-zkouska\/\">St\u00e1tn\u00ed bakal\u00e1\u0159sk\u00e1 zkou\u0161ka<\/a><\/li>\n\t<\/ul>\n<\/li>\n<\/ul>\n<\/li>\n<li class=\"page_item page-item-431 page_item_has_children\"><a href=\"https:\/\/pages.pedf.cuni.cz\/khv\/en\/studium\/navazujici-mgr-studium\/\">Navazuj\u00edc\u00ed Mgr. studium<\/a>\n<ul class='children'>\n\t<li class=\"page_item page-item-466 page_item_has_children\"><a href=\"https:\/\/pages.pedf.cuni.cz\/khv\/en\/studium\/navazujici-mgr-studium\/hudebni-vychova\/\">Hudebn\u00ed v\u00fdchova<\/a>\n\t<ul class='children'>\n\t\t<li class=\"page_item page-item-2004\"><a href=\"https:\/\/pages.pedf.cuni.cz\/khv\/en\/studium\/navazujici-mgr-studium\/hudebni-vychova\/tematicke-okruhy-ke-zkousce-z-hudebni-psychologie\/\">Tematick\u00e9 okruhy ke zkou\u0161ce z hudebn\u00ed psychologie<\/a><\/li>\n\t\t<li class=\"page_item page-item-473\"><a href=\"https:\/\/pages.pedf.cuni.cz\/khv\/en\/studium\/navazujici-mgr-studium\/hudebni-vychova\/statni-zaverecni-zkouska\/\">St\u00e1tn\u00ed z\u00e1v\u011bre\u010dn\u00e1 zkou\u0161ka<\/a><\/li>\n\t<\/ul>\n<\/li>\n\t<li class=\"page_item page-item-469 page_item_has_children\"><a href=\"https:\/\/pages.pedf.cuni.cz\/khv\/en\/studium\/navazujici-mgr-studium\/hra-na-nastroj\/\">Hra na n\u00e1stroj<\/a>\n\t<ul class='children'>\n\t\t<li class=\"page_item page-item-477 page_item_has_children\"><a href=\"https:\/\/pages.pedf.cuni.cz\/khv\/en\/studium\/navazujici-mgr-studium\/hra-na-nastroj\/statni-zaverecni-zkouska\/\">St\u00e1tn\u00ed z\u00e1v\u011bre\u010dn\u00e1 zkou\u0161ka<\/a>\n\t\t<ul class='children'>\n\t\t\t<li class=\"page_item page-item-486\"><a href=\"https:\/\/pages.pedf.cuni.cz\/khv\/en\/studium\/navazujici-mgr-studium\/hra-na-nastroj\/statni-zaverecni-zkouska\/hra-na-klavir\/\">Hra na klav\u00edr<\/a><\/li>\n\t\t\t<li class=\"page_item page-item-488\"><a href=\"https:\/\/pages.pedf.cuni.cz\/khv\/en\/studium\/navazujici-mgr-studium\/hra-na-nastroj\/statni-zaverecni-zkouska\/hra-na-housle\/\">Hra na housle<\/a><\/li>\n\t\t<\/ul>\n<\/li>\n\t<\/ul>\n<\/li>\n\t<li class=\"page_item page-item-471 page_item_has_children\"><a href=\"https:\/\/pages.pedf.cuni.cz\/khv\/en\/studium\/navazujici-mgr-studium\/sbormistrovstvi\/\">Sbormistrovstv\u00ed<\/a>\n\t<ul class='children'>\n\t\t<li class=\"page_item page-item-479\"><a href=\"https:\/\/pages.pedf.cuni.cz\/khv\/en\/studium\/navazujici-mgr-studium\/sbormistrovstvi\/statni-zaverecna-zkouska\/\">St\u00e1tn\u00ed z\u00e1v\u011bre\u010dn\u00e1 zkou\u0161ka<\/a><\/li>\n\t<\/ul>\n<\/li>\n<\/ul>\n<\/li>\n<li class=\"page_item page-item-247 page_item_has_children\"><a href=\"https:\/\/pages.pedf.cuni.cz\/khv\/en\/studium\/doktorske-studium\/\">Doktorsk\u00e9 studium<\/a>\n<ul class='children'>\n\t<li class=\"page_item page-item-1391\"><a href=\"https:\/\/pages.pedf.cuni.cz\/khv\/en\/studium\/doktorske-studium\/obecne-informace\/\">Obecn\u00e9 informace<\/a><\/li>\n\t<li class=\"page_item page-item-188\"><a href=\"https:\/\/pages.pedf.cuni.cz\/khv\/en\/studium\/doktorske-studium\/externi-doktorandi\/\">Extern\u00ed doktorandi<\/a><\/li>\n<\/ul>\n<\/li>\n<li class=\"page_item page-item-770 page_item_has_children\"><a href=\"https:\/\/pages.pedf.cuni.cz\/khv\/en\/studium\/magisterske-studium\/\">U\u010ditelstv\u00ed pro 1. st. Z\u0160<\/a>\n<ul class='children'>\n\t<li class=\"page_item page-item-892\"><a href=\"https:\/\/pages.pedf.cuni.cz\/khv\/en\/studium\/magisterske-studium\/prehravky-a-verejna-vystoupeni\/\">P\u0159ehr\u00e1vky a ve\u0159ejn\u00e1 vystoupen\u00ed<\/a><\/li>\n\t<li class=\"page_item page-item-1094\"><a href=\"https:\/\/pages.pedf.cuni.cz\/khv\/en\/studium\/magisterske-studium\/specializace-hv\/\">Zam\u011b\u0159en\u00ed HV<\/a><\/li>\n\t<li class=\"page_item page-item-779\"><a href=\"https:\/\/pages.pedf.cuni.cz\/khv\/en\/studium\/magisterske-studium\/statni-zaverecna-zkouska\/\">St\u00e1tn\u00ed z\u00e1v\u011bre\u010dn\u00e1 zkou\u0161ka<\/a><\/li>\n\t<li class=\"page_item page-item-1267\"><a href=\"https:\/\/pages.pedf.cuni.cz\/khv\/en\/studium\/magisterske-studium\/tematicke-okruhy-ke-zkousce-z-didaktiky-hudebni-vychovy-specializace-hv\/\">Tematick\u00e9 okruhy ke zkou\u0161ce z didaktiky HV \u2013 specializace HV<\/a><\/li>\n\t<li class=\"page_item page-item-783\"><a href=\"https:\/\/pages.pedf.cuni.cz\/khv\/en\/studium\/magisterske-studium\/pedagogicka-praxe\/\">Pedagogick\u00e1 praxe<\/a><\/li>\n<\/ul>\n<\/li>\n<li class=\"page_item page-item-773 page_item_has_children\"><a href=\"https:\/\/pages.pedf.cuni.cz\/khv\/en\/studium\/predskolni-pedagogika-a-vychovatelstvi\/\">P\u0159ed\u0161koln\u00ed pedagogika a Vychovatelstv\u00ed<\/a>\n<ul class='children'>\n\t<li class=\"page_item page-item-819 page_item_has_children\"><a href=\"https:\/\/pages.pedf.cuni.cz\/khv\/en\/studium\/predskolni-pedagogika-a-vychovatelstvi\/ucitelstvi-pro-ms\/\">Bakal\u00e1\u0159sk\u00e9 studium &#8211; U\u010ditelstv\u00ed pro M\u0160<\/a>\n\t<ul class='children'>\n\t\t<li class=\"page_item page-item-821\"><a href=\"https:\/\/pages.pedf.cuni.cz\/khv\/en\/studium\/predskolni-pedagogika-a-vychovatelstvi\/ucitelstvi-pro-ms\/studijni-materialy-ke-stazeni\/\">Studijn\u00ed materi\u00e1ly ke sta\u017een\u00ed<\/a><\/li>\n\t<\/ul>\n<\/li>\n<\/ul>\n<\/li>\n<\/ul>\n","protected":false},"excerpt":{"rendered":"","protected":false},"author":421,"featured_media":0,"parent":0,"menu_order":0,"comment_status":"closed","ping_status":"closed","template":"","meta":{"footnotes":""},"class_list":["post-27","page","type-page","status-publish","hentry"],"_links":{"self":[{"href":"https:\/\/pages.pedf.cuni.cz\/khv\/en\/wp-json\/wp\/v2\/pages\/27","targetHints":{"allow":["GET"]}}],"collection":[{"href":"https:\/\/pages.pedf.cuni.cz\/khv\/en\/wp-json\/wp\/v2\/pages"}],"about":[{"href":"https:\/\/pages.pedf.cuni.cz\/khv\/en\/wp-json\/wp\/v2\/types\/page"}],"author":[{"embeddable":true,"href":"https:\/\/pages.pedf.cuni.cz\/khv\/en\/wp-json\/wp\/v2\/users\/421"}],"replies":[{"embeddable":true,"href":"https:\/\/pages.pedf.cuni.cz\/khv\/en\/wp-json\/wp\/v2\/comments?post=27"}],"version-history":[{"count":0,"href":"https:\/\/pages.pedf.cuni.cz\/khv\/en\/wp-json\/wp\/v2\/pages\/27\/revisions"}],"wp:attachment":[{"href":"https:\/\/pages.pedf.cuni.cz\/khv\/en\/wp-json\/wp\/v2\/media?parent=27"}],"curies":[{"name":"wp","href":"https:\/\/api.w.org\/{rel}","templated":true}]}}