{"id":684,"date":"2015-09-16T00:03:21","date_gmt":"2015-09-15T22:03:21","guid":{"rendered":"http:\/\/pages.pedf.cuni.cz\/khv\/?page_id=684"},"modified":"2016-03-21T13:27:23","modified_gmt":"2016-03-21T12:27:23","slug":"jine","status":"publish","type":"page","link":"https:\/\/pages.pedf.cuni.cz\/khv\/en\/jine\/","title":{"rendered":"Pro studenty"},"content":{"rendered":"<ul class=\"list-pages-shortcode child-pages\"><li class=\"page_item page-item-517 page_item_has_children\"><a href=\"https:\/\/pages.pedf.cuni.cz\/khv\/en\/jine\/bakalarske-a-diplomove-prace\/\">Bakal\u00e1\u0159sk\u00e9 a diplomov\u00e9 pr\u00e1ce<\/a>\n<ul class='children'>\n\t<li class=\"page_item page-item-520\"><a href=\"https:\/\/pages.pedf.cuni.cz\/khv\/en\/jine\/bakalarske-a-diplomove-prace\/pokyny-pro-zadani-tema-prace\/\">Pokyny pro zad\u00e1n\u00ed t\u00e9matu<\/a><\/li>\n\t<li class=\"page_item page-item-1785\"><a href=\"https:\/\/pages.pedf.cuni.cz\/khv\/en\/jine\/bakalarske-a-diplomove-prace\/pokyny-pro-vyhotoveni-prace-2\/\">Pokyny pro vyhotoven\u00ed pr\u00e1ce<\/a><\/li>\n\t<li class=\"page_item page-item-525\"><a href=\"https:\/\/pages.pedf.cuni.cz\/khv\/en\/jine\/bakalarske-a-diplomove-prace\/temata-bakalarskych-a-diplomovych-praci\/\">T\u00e9mata bakal\u00e1\u0159sk\u00fdch a diplomov\u00fdch prac\u00ed<\/a><\/li>\n<\/ul>\n<\/li>\n<li class=\"page_item page-item-1074 page_item_has_children\"><a href=\"https:\/\/pages.pedf.cuni.cz\/khv\/en\/jine\/nabidky-seminaru-a-kurzu\/\">Nab\u00eddky semin\u00e1\u0159\u016f, kurz\u016f a pracovn\u00edch p\u0159\u00edle\u017eitost\u00ed<\/a>\n<ul class='children'>\n\t<li class=\"page_item page-item-1076\"><a href=\"https:\/\/pages.pedf.cuni.cz\/khv\/en\/jine\/nabidky-seminaru-a-kurzu\/seminar-pro-sbormistry-peveckych-sboru\/\">Semin\u00e1\u0159 pro sbormistry p\u011bveck\u00fdch sbor\u016f<\/a><\/li>\n\t<li class=\"page_item page-item-1568\"><a href=\"https:\/\/pages.pedf.cuni.cz\/khv\/en\/jine\/nabidky-seminaru-a-kurzu\/umelecke-a-didakticke-kurzy\/\">Um\u011bleck\u00e9 a didaktick\u00e9 kurzy<\/a><\/li>\n\t<li class=\"page_item page-item-3116\"><a href=\"https:\/\/pages.pedf.cuni.cz\/khv\/en\/jine\/nabidky-seminaru-a-kurzu\/nabidky-pracovnich-prilezitosti\/\">Nab\u00eddky pracovn\u00edch p\u0159\u00edle\u017eitost\u00ed<\/a><\/li>\n<\/ul>\n<\/li>\n<li class=\"page_item page-item-1384\"><a href=\"https:\/\/pages.pedf.cuni.cz\/khv\/en\/jine\/protokol-pro-evidenci-ped-praxe-uc-1-st-zs\/\">Protokol pro evidenci ped. praxe &#8211; U\u010d. 1. st. Z\u0160<\/a><\/li>\n<li class=\"page_item page-item-1059\"><a href=\"https:\/\/pages.pedf.cuni.cz\/khv\/en\/jine\/studentske-pomocne-sily\/\">Studentsk\u00e9 pomocn\u00e9 s\u00edly<\/a><\/li>\n<li class=\"page_item page-item-2546 page_item_has_children\"><a href=\"https:\/\/pages.pedf.cuni.cz\/khv\/en\/jine\/studijni-materialy\/\">Studijn\u00ed materi\u00e1ly<\/a>\n<ul class='children'>\n\t<li class=\"page_item page-item-2715\"><a href=\"https:\/\/pages.pedf.cuni.cz\/khv\/en\/jine\/studijni-materialy\/e-book-metodika-suchankova\/\">E-book metodika element\u00e1rn\u00ed v\u00fduky hry na klav\u00edr 5-7let\u00fdch d\u011bt\u00ed<\/a><\/li>\n\t<li class=\"page_item page-item-2549\"><a href=\"https:\/\/pages.pedf.cuni.cz\/khv\/en\/jine\/studijni-materialy\/holas-testy\/\">Holas &#8211; testy<\/a><\/li>\n\t<li class=\"page_item page-item-4377\"><a href=\"https:\/\/pages.pedf.cuni.cz\/khv\/en\/jine\/studijni-materialy\/sbornik\/\">Sborn\u00edk Teorie a praxe hudebn\u00ed v\u00fdchovy VII &#8211; p\u0159\u00edlohy<\/a><\/li>\n\t<li class=\"page_item page-item-3007\"><a href=\"https:\/\/pages.pedf.cuni.cz\/khv\/en\/jine\/studijni-materialy\/tembrovy-sluch\/\">T\u00e9mbrov\u00fd sluch<\/a><\/li>\n<\/ul>\n<\/li>\n<li class=\"page_item page-item-1012\"><a href=\"https:\/\/pages.pedf.cuni.cz\/khv\/en\/jine\/klavir\/\">Vyu\u017eit\u00ed klav\u00edr\u016f ke cvi\u010den\u00ed<\/a><\/li>\n<\/ul>\n","protected":false},"excerpt":{"rendered":"","protected":false},"author":422,"featured_media":0,"parent":0,"menu_order":0,"comment_status":"closed","ping_status":"closed","template":"","meta":{"footnotes":""},"class_list":["post-684","page","type-page","status-publish","hentry"],"_links":{"self":[{"href":"https:\/\/pages.pedf.cuni.cz\/khv\/en\/wp-json\/wp\/v2\/pages\/684","targetHints":{"allow":["GET"]}}],"collection":[{"href":"https:\/\/pages.pedf.cuni.cz\/khv\/en\/wp-json\/wp\/v2\/pages"}],"about":[{"href":"https:\/\/pages.pedf.cuni.cz\/khv\/en\/wp-json\/wp\/v2\/types\/page"}],"author":[{"embeddable":true,"href":"https:\/\/pages.pedf.cuni.cz\/khv\/en\/wp-json\/wp\/v2\/users\/422"}],"replies":[{"embeddable":true,"href":"https:\/\/pages.pedf.cuni.cz\/khv\/en\/wp-json\/wp\/v2\/comments?post=684"}],"version-history":[{"count":0,"href":"https:\/\/pages.pedf.cuni.cz\/khv\/en\/wp-json\/wp\/v2\/pages\/684\/revisions"}],"wp:attachment":[{"href":"https:\/\/pages.pedf.cuni.cz\/khv\/en\/wp-json\/wp\/v2\/media?parent=684"}],"curies":[{"name":"wp","href":"https:\/\/api.w.org\/{rel}","templated":true}]}}