{"id":1059,"date":"2016-03-21T13:23:16","date_gmt":"2016-03-21T12:23:16","guid":{"rendered":"http:\/\/pages.pedf.cuni.cz\/khv\/?page_id=1059"},"modified":"2025-03-04T13:10:43","modified_gmt":"2025-03-04T12:10:43","slug":"studentske-pomocne-sily","status":"publish","type":"page","link":"https:\/\/pages.pedf.cuni.cz\/khv\/jine\/studentske-pomocne-sily\/","title":{"rendered":"Studentsk\u00e9 pomocn\u00e9 s\u00edly"},"content":{"rendered":"\n<p><\/p>\n\n\n\n<p><strong>Pomocn\u00e1 pedagogick\u00e1 s\u00edla<\/strong><\/p>\n\n\n\n<p>Zuzana Richterov\u00e1&nbsp;&nbsp;&nbsp; &#8211; &nbsp;klav\u00edrn\u00ed doprovody<\/p>\n\n\n\n<p>Kontakt:&nbsp; <a href=\"mailto:zuzana.richterova99@gmail.com\">zuzana.richterova99@gmail.com<\/a><\/p>\n\n\n\n<p>Konzulta\u010dn\u00ed hodiny pro LS 24\/25:<\/p>\n\n\n\n<p>R415<\/p>\n\n\n\n<p>Pond\u011bl\u00ed &#8211; 8:55 &#8211; 9:40<\/p>\n\n\n\n<p>St\u0159eda &#8211;&nbsp;&nbsp; 8:00 &#8211; 8:45<\/p>\n\n\n\n<p><\/p>\n\n\n<p><strong>KATEDRA HUDEBN\u00cd V\u00ddCHOVY<br \/>\n<\/strong><\/p>\n<p>Upozorn\u011bn\u00ed:<\/p>\n<p>Stipendium nelze p\u0159iznat studentovi, kter\u00fd:<br \/>\n&#8211; m\u00e1 studium p\u0159eru\u0161eno<br \/>\n&#8211; p\u0159ekro\u010dil standardn\u00ed dobu studia nav\u00fd\u0161enou o 1 rok<br \/>\n&#8211; v dob\u011b p\u0159izn\u00e1n\u00ed stipendia ji\u017e nen\u00ed studentem. PedF UK<br \/>\nViz p\u0159ek\u00e1\u017eky poskytnut\u00ed stipendia, \u010dl. 8 Stip. \u0159\u00e1du UK.<\/p>","protected":false},"excerpt":{"rendered":"<p>Pomocn\u00e1 pedagogick\u00e1 s\u00edla Zuzana Richterov\u00e1&nbsp;&nbsp;&nbsp; &#8211; &nbsp;klav\u00edrn\u00ed doprovody Kontakt:&nbsp; zuzana.richterova99@gmail.com Konzulta\u010dn\u00ed hodiny pro LS 24\/25: R415 Pond\u011bl\u00ed &#8211; 8:55 &#8211; 9:40 St\u0159eda &#8211;&nbsp;&nbsp; 8:00 &#8211; 8:45 KATEDRA HUDEBN\u00cd V\u00ddCHOVY Upozorn\u011bn\u00ed: Stipendium nelze p\u0159iznat studentovi, kter\u00fd: &#8211; m\u00e1 studium p\u0159eru\u0161eno &#8211; p\u0159ekro\u010dil standardn\u00ed dobu studia nav\u00fd\u0161enou o 1 rok &#8211; v dob\u011b p\u0159izn\u00e1n\u00ed stipendia ji\u017e nen\u00ed [&hellip;]<\/p>\n","protected":false},"author":422,"featured_media":0,"parent":684,"menu_order":0,"comment_status":"closed","ping_status":"closed","template":"","meta":{"footnotes":""},"class_list":["post-1059","page","type-page","status-publish","hentry"],"_links":{"self":[{"href":"https:\/\/pages.pedf.cuni.cz\/khv\/wp-json\/wp\/v2\/pages\/1059","targetHints":{"allow":["GET"]}}],"collection":[{"href":"https:\/\/pages.pedf.cuni.cz\/khv\/wp-json\/wp\/v2\/pages"}],"about":[{"href":"https:\/\/pages.pedf.cuni.cz\/khv\/wp-json\/wp\/v2\/types\/page"}],"author":[{"embeddable":true,"href":"https:\/\/pages.pedf.cuni.cz\/khv\/wp-json\/wp\/v2\/users\/422"}],"replies":[{"embeddable":true,"href":"https:\/\/pages.pedf.cuni.cz\/khv\/wp-json\/wp\/v2\/comments?post=1059"}],"version-history":[{"count":8,"href":"https:\/\/pages.pedf.cuni.cz\/khv\/wp-json\/wp\/v2\/pages\/1059\/revisions"}],"predecessor-version":[{"id":6104,"href":"https:\/\/pages.pedf.cuni.cz\/khv\/wp-json\/wp\/v2\/pages\/1059\/revisions\/6104"}],"up":[{"embeddable":true,"href":"https:\/\/pages.pedf.cuni.cz\/khv\/wp-json\/wp\/v2\/pages\/684"}],"wp:attachment":[{"href":"https:\/\/pages.pedf.cuni.cz\/khv\/wp-json\/wp\/v2\/media?parent=1059"}],"curies":[{"name":"wp","href":"https:\/\/api.w.org\/{rel}","templated":true}]}}