{"id":1074,"date":"2016-03-23T08:29:55","date_gmt":"2016-03-23T07:29:55","guid":{"rendered":"http:\/\/pages.pedf.cuni.cz\/khv\/?page_id=1074"},"modified":"2020-01-01T12:05:15","modified_gmt":"2020-01-01T11:05:15","slug":"nabidky-seminaru-a-kurzu","status":"publish","type":"page","link":"https:\/\/pages.pedf.cuni.cz\/khv\/jine\/nabidky-seminaru-a-kurzu\/","title":{"rendered":"Nab\u00eddky semin\u00e1\u0159\u016f, kurz\u016f a pracovn\u00edch p\u0159\u00edle\u017eitost\u00ed"},"content":{"rendered":"<ul class=\"list-pages-shortcode child-pages\"><li class=\"page_item page-item-1076\"><a href=\"https:\/\/pages.pedf.cuni.cz\/khv\/jine\/nabidky-seminaru-a-kurzu\/seminar-pro-sbormistry-peveckych-sboru\/\">Semin\u00e1\u0159 pro sbormistry p\u011bveck\u00fdch sbor\u016f<\/a><\/li>\n<li class=\"page_item page-item-1568\"><a href=\"https:\/\/pages.pedf.cuni.cz\/khv\/jine\/nabidky-seminaru-a-kurzu\/umelecke-a-didakticke-kurzy\/\">Um\u011bleck\u00e9 a didaktick\u00e9 kurzy<\/a><\/li>\n<li class=\"page_item page-item-3116\"><a href=\"https:\/\/pages.pedf.cuni.cz\/khv\/jine\/nabidky-seminaru-a-kurzu\/nabidky-pracovnich-prilezitosti\/\">Nab\u00eddky pracovn\u00edch p\u0159\u00edle\u017eitost\u00ed<\/a><\/li>\n<\/ul>\n","protected":false},"excerpt":{"rendered":"","protected":false},"author":422,"featured_media":0,"parent":684,"menu_order":0,"comment_status":"closed","ping_status":"closed","template":"","meta":{"footnotes":""},"class_list":["post-1074","page","type-page","status-publish","hentry"],"_links":{"self":[{"href":"https:\/\/pages.pedf.cuni.cz\/khv\/wp-json\/wp\/v2\/pages\/1074","targetHints":{"allow":["GET"]}}],"collection":[{"href":"https:\/\/pages.pedf.cuni.cz\/khv\/wp-json\/wp\/v2\/pages"}],"about":[{"href":"https:\/\/pages.pedf.cuni.cz\/khv\/wp-json\/wp\/v2\/types\/page"}],"author":[{"embeddable":true,"href":"https:\/\/pages.pedf.cuni.cz\/khv\/wp-json\/wp\/v2\/users\/422"}],"replies":[{"embeddable":true,"href":"https:\/\/pages.pedf.cuni.cz\/khv\/wp-json\/wp\/v2\/comments?post=1074"}],"version-history":[{"count":2,"href":"https:\/\/pages.pedf.cuni.cz\/khv\/wp-json\/wp\/v2\/pages\/1074\/revisions"}],"predecessor-version":[{"id":3108,"href":"https:\/\/pages.pedf.cuni.cz\/khv\/wp-json\/wp\/v2\/pages\/1074\/revisions\/3108"}],"up":[{"embeddable":true,"href":"https:\/\/pages.pedf.cuni.cz\/khv\/wp-json\/wp\/v2\/pages\/684"}],"wp:attachment":[{"href":"https:\/\/pages.pedf.cuni.cz\/khv\/wp-json\/wp\/v2\/media?parent=1074"}],"curies":[{"name":"wp","href":"https:\/\/api.w.org\/{rel}","templated":true}]}}