{"id":1076,"date":"2016-03-23T08:32:23","date_gmt":"2016-03-23T07:32:23","guid":{"rendered":"http:\/\/pages.pedf.cuni.cz\/khv\/?page_id=1076"},"modified":"2020-01-23T10:43:46","modified_gmt":"2020-01-23T09:43:46","slug":"seminar-pro-sbormistry-peveckych-sboru","status":"publish","type":"page","link":"https:\/\/pages.pedf.cuni.cz\/khv\/jine\/nabidky-seminaru-a-kurzu\/seminar-pro-sbormistry-peveckych-sboru\/","title":{"rendered":"Semin\u00e1\u0159 pro sbormistry p\u011bveck\u00fdch sbor\u016f"},"content":{"rendered":"<h3><strong>\u00a01) Semin\u00e1\u0159e NIPOS ARTAMA pro rok 2020<br \/>\n<\/strong><\/h3>\n<p>Info <a href=\"https:\/\/www.nipos.cz\/seminare-2020\/\">zde<\/a><\/p>\n<h3><strong>2) CHORALIA PRAHA 2020 &#8211; nov\u00e1 p\u0159ehl\u00eddka pro sborov\u00fd zp\u011bv dosp\u011bl\u00fdch<\/strong><\/h3>\n<p lang=\"cs\">info <a href=\"https:\/\/www.nipos.cz\/o-prehlidce-5\/\">zde<\/a><\/p>\n","protected":false},"excerpt":{"rendered":"<p>\u00a01) Semin\u00e1\u0159e NIPOS ARTAMA pro rok 2020 Info zde 2) CHORALIA PRAHA 2020 &#8211; nov\u00e1 p\u0159ehl\u00eddka pro sborov\u00fd zp\u011bv dosp\u011bl\u00fdch info zde<\/p>\n","protected":false},"author":422,"featured_media":0,"parent":1074,"menu_order":0,"comment_status":"closed","ping_status":"closed","template":"","meta":{"footnotes":""},"class_list":["post-1076","page","type-page","status-publish","hentry"],"_links":{"self":[{"href":"https:\/\/pages.pedf.cuni.cz\/khv\/wp-json\/wp\/v2\/pages\/1076","targetHints":{"allow":["GET"]}}],"collection":[{"href":"https:\/\/pages.pedf.cuni.cz\/khv\/wp-json\/wp\/v2\/pages"}],"about":[{"href":"https:\/\/pages.pedf.cuni.cz\/khv\/wp-json\/wp\/v2\/types\/page"}],"author":[{"embeddable":true,"href":"https:\/\/pages.pedf.cuni.cz\/khv\/wp-json\/wp\/v2\/users\/422"}],"replies":[{"embeddable":true,"href":"https:\/\/pages.pedf.cuni.cz\/khv\/wp-json\/wp\/v2\/comments?post=1076"}],"version-history":[{"count":5,"href":"https:\/\/pages.pedf.cuni.cz\/khv\/wp-json\/wp\/v2\/pages\/1076\/revisions"}],"predecessor-version":[{"id":3220,"href":"https:\/\/pages.pedf.cuni.cz\/khv\/wp-json\/wp\/v2\/pages\/1076\/revisions\/3220"}],"up":[{"embeddable":true,"href":"https:\/\/pages.pedf.cuni.cz\/khv\/wp-json\/wp\/v2\/pages\/1074"}],"wp:attachment":[{"href":"https:\/\/pages.pedf.cuni.cz\/khv\/wp-json\/wp\/v2\/media?parent=1076"}],"curies":[{"name":"wp","href":"https:\/\/api.w.org\/{rel}","templated":true}]}}