{"id":1082,"date":"2016-03-23T10:02:18","date_gmt":"2016-03-23T09:02:18","guid":{"rendered":"http:\/\/pages.pedf.cuni.cz\/khv\/?page_id=1082"},"modified":"2016-03-23T10:05:46","modified_gmt":"2016-03-23T09:05:46","slug":"vstupni-informace","status":"publish","type":"page","link":"https:\/\/pages.pedf.cuni.cz\/khv\/erasmus\/vstupni-informace\/","title":{"rendered":"Vstupn\u00ed informace"},"content":{"rendered":"<p><u>Organiza\u010dn\u00ed p\u0159ipom\u00ednky<\/u>:<\/p>\n<div class=\"entry-content\">\n<ol>\n<li>Seznam partnersk\u00fdch \u0161kol<\/li>\n<li>Je vhodn\u00e9, aby se z\u00e1jemci p\u0159edem sezn\u00e1mili s\u00a0podm\u00ednkami studentsk\u00e9 mobility, kter\u00e9 jsou uvedeny na webov\u00fdch str\u00e1nk\u00e1ch fakulty.<\/li>\n<\/ol>\n<p>P\u0159ihl\u00e1\u0161ku na voln\u00e9m list\u011b s\u00a0uveden\u00edm jm\u00e9na, studijn\u00edho oboru, ro\u010dn\u00edku studia a \u0161koly, na ni\u017e se uchaze\u010d hl\u00e1s\u00ed (lze uv\u00e9st i v\u00edce mo\u017enost\u00ed), je mo\u017en\u00e9 odevzdat osobn\u011b nebo prost\u0159ednictv\u00edm podatelny.<\/p>\n<ol>\n<li>Pobyt na partnersk\u00e9 \u0161kole lze volit v\u00a0zimn\u00edm i letn\u00edm semestru.<\/li>\n<li>Uchaze\u010d mus\u00ed m\u00edt v\u00a0dob\u011b, kdy hodl\u00e1 vycestovat, uzav\u0159en alespo\u0148 prvn\u00ed ro\u010dn\u00edk studia na zdej\u0161\u00ed fakult\u011b.<\/li>\n<li>Na zahrani\u010dn\u00ed univerzit\u011b lze studovat i p\u0159edm\u011bty druh\u00e9ho aproba\u010dn\u00edho oboru a p\u0159edm\u011bty, kter\u00e9 odpov\u00eddaj\u00ed tzv. univerzitn\u00edmu z\u00e1kladu.<\/li>\n<\/ol>\n<p><u>Po\u017eadavky ke konkurzu<\/u>:<\/p>\n<ol>\n<li>\u010cetba a p\u0159eklad nebo interpretace odborn\u00e9ho textu v\u00a0ciz\u00edm jazyce.<\/li>\n<li>P\u0159ipraven\u00e9 vypr\u00e1v\u011bn\u00ed v\u00a0ciz\u00edm jazyce o vlastn\u00edch hudebn\u00edch zku\u0161enostech a o pl\u00e1nech do budoucna.<\/li>\n<li>Zvl\u00e1dnut\u00ed z\u00e1kladn\u00ed hudebn\u00ed terminologie v\u00a0ciz\u00edm jazyce.<\/li>\n<\/ol>\n<p><u>Pozn\u00e1mka<\/u>:<br \/>\nNa univerzit\u011b v\u00a0Polsku lze studovat n\u011bkter\u00e9 kurzy v\u00a0ru\u0161tin\u011b, francouz\u0161tin\u011b, angli\u010dtin\u011b \u010di n\u011bm\u010din\u011b.<\/p>\n<\/div>\n","protected":false},"excerpt":{"rendered":"<p>Organiza\u010dn\u00ed p\u0159ipom\u00ednky: Seznam partnersk\u00fdch \u0161kol Je vhodn\u00e9, aby se z\u00e1jemci p\u0159edem sezn\u00e1mili s\u00a0podm\u00ednkami studentsk\u00e9 mobility, kter\u00e9 jsou uvedeny na webov\u00fdch str\u00e1nk\u00e1ch fakulty. P\u0159ihl\u00e1\u0161ku na voln\u00e9m list\u011b s\u00a0uveden\u00edm jm\u00e9na, studijn\u00edho oboru, ro\u010dn\u00edku studia a \u0161koly, na ni\u017e se uchaze\u010d hl\u00e1s\u00ed (lze uv\u00e9st i v\u00edce mo\u017enost\u00ed), je mo\u017en\u00e9 odevzdat osobn\u011b nebo prost\u0159ednictv\u00edm podatelny. Pobyt na partnersk\u00e9 \u0161kole [&hellip;]<\/p>\n","protected":false},"author":422,"featured_media":0,"parent":207,"menu_order":1,"comment_status":"closed","ping_status":"closed","template":"","meta":{"footnotes":""},"class_list":["post-1082","page","type-page","status-publish","hentry"],"_links":{"self":[{"href":"https:\/\/pages.pedf.cuni.cz\/khv\/wp-json\/wp\/v2\/pages\/1082","targetHints":{"allow":["GET"]}}],"collection":[{"href":"https:\/\/pages.pedf.cuni.cz\/khv\/wp-json\/wp\/v2\/pages"}],"about":[{"href":"https:\/\/pages.pedf.cuni.cz\/khv\/wp-json\/wp\/v2\/types\/page"}],"author":[{"embeddable":true,"href":"https:\/\/pages.pedf.cuni.cz\/khv\/wp-json\/wp\/v2\/users\/422"}],"replies":[{"embeddable":true,"href":"https:\/\/pages.pedf.cuni.cz\/khv\/wp-json\/wp\/v2\/comments?post=1082"}],"version-history":[{"count":0,"href":"https:\/\/pages.pedf.cuni.cz\/khv\/wp-json\/wp\/v2\/pages\/1082\/revisions"}],"up":[{"embeddable":true,"href":"https:\/\/pages.pedf.cuni.cz\/khv\/wp-json\/wp\/v2\/pages\/207"}],"wp:attachment":[{"href":"https:\/\/pages.pedf.cuni.cz\/khv\/wp-json\/wp\/v2\/media?parent=1082"}],"curies":[{"name":"wp","href":"https:\/\/api.w.org\/{rel}","templated":true}]}}