{"id":1391,"date":"2016-10-15T19:55:28","date_gmt":"2016-10-15T17:55:28","guid":{"rendered":"http:\/\/pages.pedf.cuni.cz\/khv\/?page_id=1391"},"modified":"2016-10-15T20:33:07","modified_gmt":"2016-10-15T18:33:07","slug":"obecne-informace","status":"publish","type":"page","link":"https:\/\/pages.pedf.cuni.cz\/khv\/studium\/doktorske-studium\/obecne-informace\/","title":{"rendered":"Obecn\u00e9 informace"},"content":{"rendered":"<p>Obor Hudebn\u00ed teorie a pedagogika vych\u00e1z\u00ed ve sv\u00e9 koncepci z takov\u00e9ho v\u00fdb\u011bru a synt\u00e9zy muzikologick\u00fdch a hudebn\u011b pedagogick\u00fdch discipl\u00edn, kter\u00e9 umo\u017en\u00ed vyv\u00e1\u017eenou p\u0159\u00edpravu vysoce kvalifikovan\u00fdch odborn\u00edk\u016f po str\u00e1nce v\u011bdeck\u00e9 a pedagogick\u00e9. V souladu s \u0161irok\u00fdm spektrem p\u016fsobnosti hudebn\u00ed pedagogiky sleduje toto studium odpov\u00eddaj\u00edc\u00ed c\u00edl: p\u0159\u00edpravu specialist\u016f v oblasti v\u00fdzkumn\u00e9 pr\u00e1ce pro sf\u00e9ru v\u0161eobecn\u00e9ho \u010di odborn\u00e9ho hudebn\u00edho vzd\u011bl\u00e1v\u00e1n\u00ed a pro dal\u0161\u00ed \u010dinnosti, je\u017e takovou specializaci vy\u017eaduj\u00ed.<\/p>\n<p align=\"left\"><b>P\u0159ehled tematick\u00fdch oblast\u00ed pro \u0159e\u0161en\u00ed v diserta\u010dn\u00edch prac\u00edch v\u010detn\u011b \u0161kolitel\u016f, kte\u0159\u00ed tato \u0159e\u0161en\u00ed zaji\u0161\u0165uj\u00ed:<\/b><\/p>\n<table>\n<tbody>\n<tr>\n<td>\u0160kolitel:<\/td>\n<td>T\u00e9matick\u00e1 oblast:<\/td>\n<\/tr>\n<tr>\n<td><b>doc. PaedDr. Milo\u0161 Kodej\u0161ka, CSc.<br \/>\n<\/b><a href=\"mailto:milos.kodejska@pedf.cuni.cz\" target=\"_blank\">milos.kodejska@pedf.cuni.cz<\/a><b><br \/>\n<\/b><\/td>\n<td>\n<ul>\n<li>Hudebn\u011b psychologick\u00e9 a pedagogick\u00e9 aspekty hudebn\u00edho vzd\u011bl\u00e1v\u00e1n\u00ed v p\u0159ed\u0161koln\u00edm v\u011bku.<\/li>\n<li>Hudebn\u011b psychologick\u00e9 a pedagogick\u00e9 aspekty hudebn\u00edho vzd\u011bl\u00e1v\u00e1n\u00ed v mlad\u0161\u00edm \u0161koln\u00edm v\u011bku.<\/li>\n<li>Problematika v\u0161eobecn\u00e9ho hudebn\u00edho vzd\u011bl\u00e1v\u00e1n\u00ed v evropsk\u00e9m kontextu.<\/li>\n<\/ul>\n<\/td>\n<\/tr>\n<tr>\n<td><b>prof. PaedDr. Michal Ned\u011blka, Dr.<br \/>\n<\/b><a href=\"mailto:michal.nedelka@pedf.cuni.cz\" target=\"_blank\">michal.nedelka@pedf.cuni.cz<\/a><b><br \/>\n<\/b><\/td>\n<td>\n<ul>\n<li>Komplexn\u00ed anal\u00fdza a pedagogick\u00e1 interpretace soudob\u00e9ho d\u00edla.<\/li>\n<li>Hudebn\u011bv\u00fdchovn\u00e9 impulsy soudob\u00e9 hudebn\u00ed tvorby.<\/li>\n<li>Liturgick\u00e1 hudba v sou\u010dasn\u00e9m kulturn\u00edm a pedagogick\u00e9m kontextu.<\/li>\n<\/ul>\n<\/td>\n<\/tr>\n<tr>\n<td><b>doc. MgA. Jana Palkovsk\u00e1<br \/>\n<\/b><a href=\"mailto:jana.palkovska@pedf.cuni.cz\" target=\"_blank\">jana.palkovska@pedf.cuni.cz<\/a><\/td>\n<td>\n<ul>\n<li>N\u00e1strojov\u00e9 interpreta\u010dn\u00ed um\u011bn\u00ed ve v\u00fdchov\u011b a ve vzd\u011bl\u00e1n\u00ed.<\/li>\n<li>Klav\u00edrn\u00ed d\u00edlo v\u00fdznamn\u00e9ho autora a jeho didaktick\u00e1 anal\u00fdza.<\/li>\n<\/ul>\n<\/td>\n<\/tr>\n<tr>\n<td><b>prof. PhDr. Stanislav Pech\u00e1\u010dek, Ph.D.<\/b><br \/>\n<a href=\"mailto:stanislav.pechacek@pedf.cuni.cz\" target=\"_blank\">stanislav.pechacek@pedf.cuni.cz<\/a><\/td>\n<td>\n<ul>\n<li>Sborov\u00e9 um\u011bn\u00ed z hlediska historick\u00e9ho v\u00fdvoje, hudebn\u00ed tvorby, estetiky interpretace, sborov\u00e9ho \u017eivota a metodick\u00e9 problematiky.<\/li>\n<li>Lidov\u00e1 p\u00edse\u0148, jej\u00ed reflexe v artifici\u00e1ln\u00ed hudb\u011b a v r\u016fzn\u00fdch form\u00e1ch spole\u010densk\u00e9ho \u017eivota.<\/li>\n<\/ul>\n<\/td>\n<\/tr>\n<tr>\n<td><b>doc. MgA. Libu\u0161e Tich\u00e1, Ph.D.<br \/>\n<\/b><a href=\"mailto:libu%c5%a1e.ticha@pedf.cuni.cz\" target=\"_blank\">libu\u0161e.ticha@pedf.cuni.cz<\/a><\/td>\n<td>\n<ul>\n<li>Didaktika klav\u00edrn\u00ed hry.<\/li>\n<li>Teorie interpretace v klav\u00edrn\u00ed pedagogice.<\/li>\n<\/ul>\n<\/td>\n<\/tr>\n<tr>\n<td><b>doc. PaedDr. Hana V\u00e1\u0148ov\u00e1, CSc.<br \/>\n<\/b><a href=\"mailto:hana.vanova@pedf.cuni.cz\" target=\"_blank\">hana.vanova@pedf.cuni.cz<\/a><\/td>\n<td>\n<ul>\n<li>Hudebnost \u017e\u00e1ka a jej\u00ed diagnostika.<\/li>\n<li>D\u011btsk\u00e1 hudebn\u00ed tvo\u0159ivost a jej\u00ed \u0159\u00edzen\u00fd rozvoj.<\/li>\n<li>Tvo\u0159iv\u00e1 intonace jako prost\u0159edek rozvoje hudebnosti.<\/li>\n<li>Didaktick\u00e9 probl\u00e9my v\u00fduky HV na 1. st. Z\u0160 a hudebn\u00edch nauk na ZU\u0160.<\/li>\n<li>Obsahov\u00e1 a metodologick\u00e1 v\u00fdchodiska v\u00fdzkumu vybran\u00fdch hudebn\u011b pedagogick\u00fdch jev\u016f.<\/li>\n<\/ul>\n<\/td>\n<\/tr>\n<\/tbody>\n<\/table>\n","protected":false},"excerpt":{"rendered":"<p>Obor Hudebn\u00ed teorie a pedagogika vych\u00e1z\u00ed ve sv\u00e9 koncepci z takov\u00e9ho v\u00fdb\u011bru a synt\u00e9zy muzikologick\u00fdch a hudebn\u011b pedagogick\u00fdch discipl\u00edn, kter\u00e9 umo\u017en\u00ed vyv\u00e1\u017eenou p\u0159\u00edpravu vysoce kvalifikovan\u00fdch odborn\u00edk\u016f po str\u00e1nce v\u011bdeck\u00e9 a pedagogick\u00e9. V souladu s \u0161irok\u00fdm spektrem p\u016fsobnosti hudebn\u00ed pedagogiky sleduje toto studium odpov\u00eddaj\u00edc\u00ed c\u00edl: p\u0159\u00edpravu specialist\u016f v oblasti v\u00fdzkumn\u00e9 pr\u00e1ce pro sf\u00e9ru v\u0161eobecn\u00e9ho \u010di odborn\u00e9ho [&hellip;]<\/p>\n","protected":false},"author":422,"featured_media":0,"parent":247,"menu_order":0,"comment_status":"closed","ping_status":"closed","template":"","meta":{"footnotes":""},"class_list":["post-1391","page","type-page","status-publish","hentry"],"_links":{"self":[{"href":"https:\/\/pages.pedf.cuni.cz\/khv\/wp-json\/wp\/v2\/pages\/1391","targetHints":{"allow":["GET"]}}],"collection":[{"href":"https:\/\/pages.pedf.cuni.cz\/khv\/wp-json\/wp\/v2\/pages"}],"about":[{"href":"https:\/\/pages.pedf.cuni.cz\/khv\/wp-json\/wp\/v2\/types\/page"}],"author":[{"embeddable":true,"href":"https:\/\/pages.pedf.cuni.cz\/khv\/wp-json\/wp\/v2\/users\/422"}],"replies":[{"embeddable":true,"href":"https:\/\/pages.pedf.cuni.cz\/khv\/wp-json\/wp\/v2\/comments?post=1391"}],"version-history":[{"count":5,"href":"https:\/\/pages.pedf.cuni.cz\/khv\/wp-json\/wp\/v2\/pages\/1391\/revisions"}],"predecessor-version":[{"id":1396,"href":"https:\/\/pages.pedf.cuni.cz\/khv\/wp-json\/wp\/v2\/pages\/1391\/revisions\/1396"}],"up":[{"embeddable":true,"href":"https:\/\/pages.pedf.cuni.cz\/khv\/wp-json\/wp\/v2\/pages\/247"}],"wp:attachment":[{"href":"https:\/\/pages.pedf.cuni.cz\/khv\/wp-json\/wp\/v2\/media?parent=1391"}],"curies":[{"name":"wp","href":"https:\/\/api.w.org\/{rel}","templated":true}]}}