{"id":145,"date":"2015-05-22T18:36:30","date_gmt":"2015-05-22T16:36:30","guid":{"rendered":"http:\/\/pages.pedf.cuni.cz\/khv\/?page_id=145"},"modified":"2019-11-20T17:34:55","modified_gmt":"2019-11-20T16:34:55","slug":"https-is-cuni-cz-studium-prijimacky-index-phpdooboryfakulta11410fstddruhstuprobor17504r233obor2nazevjazykdelkazobrazzobrazit9polo%c5%beek","status":"publish","type":"page","link":"https:\/\/pages.pedf.cuni.cz\/khv\/pro-uchazece\/https-is-cuni-cz-studium-prijimacky-index-phpdooboryfakulta11410fstddruhstuprobor17504r233obor2nazevjazykdelkazobrazzobrazit9polo%c5%beek\/","title":{"rendered":"P\u0159ij\u00edmac\u00ed \u0159\u00edzen\u00ed"},"content":{"rendered":"<p><a href=\"https:\/\/is.cuni.cz\/studium\/prijimacky\/index.php?do=obory&amp;fakulta=11410&amp;fst=D&amp;druh=&amp;stupr=&amp;obor1=7504R233&amp;obor2=&amp;nazev=&amp;jazyk=&amp;delka=&amp;zobraz=Zobrazit+9+polo%C5%BEek\">P\u0158IJ\u00cdMAC\u00cd \u0158\u00cdZEN\u00cd<\/a><\/p>\n","protected":false},"excerpt":{"rendered":"<p>P\u0158IJ\u00cdMAC\u00cd \u0158\u00cdZEN\u00cd<\/p>\n","protected":false},"author":422,"featured_media":0,"parent":3073,"menu_order":0,"comment_status":"closed","ping_status":"closed","template":"","meta":{"footnotes":""},"class_list":["post-145","page","type-page","status-publish","hentry"],"_links":{"self":[{"href":"https:\/\/pages.pedf.cuni.cz\/khv\/wp-json\/wp\/v2\/pages\/145","targetHints":{"allow":["GET"]}}],"collection":[{"href":"https:\/\/pages.pedf.cuni.cz\/khv\/wp-json\/wp\/v2\/pages"}],"about":[{"href":"https:\/\/pages.pedf.cuni.cz\/khv\/wp-json\/wp\/v2\/types\/page"}],"author":[{"embeddable":true,"href":"https:\/\/pages.pedf.cuni.cz\/khv\/wp-json\/wp\/v2\/users\/422"}],"replies":[{"embeddable":true,"href":"https:\/\/pages.pedf.cuni.cz\/khv\/wp-json\/wp\/v2\/comments?post=145"}],"version-history":[{"count":4,"href":"https:\/\/pages.pedf.cuni.cz\/khv\/wp-json\/wp\/v2\/pages\/145\/revisions"}],"predecessor-version":[{"id":3055,"href":"https:\/\/pages.pedf.cuni.cz\/khv\/wp-json\/wp\/v2\/pages\/145\/revisions\/3055"}],"up":[{"embeddable":true,"href":"https:\/\/pages.pedf.cuni.cz\/khv\/wp-json\/wp\/v2\/pages\/3073"}],"wp:attachment":[{"href":"https:\/\/pages.pedf.cuni.cz\/khv\/wp-json\/wp\/v2\/media?parent=145"}],"curies":[{"name":"wp","href":"https:\/\/api.w.org\/{rel}","templated":true}]}}