{"id":152,"date":"2015-05-22T18:50:33","date_gmt":"2015-05-22T16:50:33","guid":{"rendered":"http:\/\/pages.pedf.cuni.cz\/khv\/?page_id=152"},"modified":"2015-05-24T14:35:10","modified_gmt":"2015-05-24T12:35:10","slug":"celozivotni-vzdelavani","status":"publish","type":"page","link":"https:\/\/pages.pedf.cuni.cz\/khv\/celozivotni-vzdelavani\/","title":{"rendered":"Celo\u017eivotn\u00ed vzd\u011bl\u00e1v\u00e1n\u00ed"},"content":{"rendered":"<ul class=\"list-pages-shortcode child-pages\"><li class=\"page_item page-item-329\"><a href=\"https:\/\/pages.pedf.cuni.cz\/khv\/celozivotni-vzdelavani\/czv\/\">C\u017dV &#8211; nab\u00eddka kurz\u016f<\/a><\/li>\n<\/ul>\n","protected":false},"excerpt":{"rendered":"","protected":false},"author":422,"featured_media":0,"parent":0,"menu_order":0,"comment_status":"closed","ping_status":"closed","template":"","meta":{"footnotes":""},"class_list":["post-152","page","type-page","status-publish","hentry"],"_links":{"self":[{"href":"https:\/\/pages.pedf.cuni.cz\/khv\/wp-json\/wp\/v2\/pages\/152","targetHints":{"allow":["GET"]}}],"collection":[{"href":"https:\/\/pages.pedf.cuni.cz\/khv\/wp-json\/wp\/v2\/pages"}],"about":[{"href":"https:\/\/pages.pedf.cuni.cz\/khv\/wp-json\/wp\/v2\/types\/page"}],"author":[{"embeddable":true,"href":"https:\/\/pages.pedf.cuni.cz\/khv\/wp-json\/wp\/v2\/users\/422"}],"replies":[{"embeddable":true,"href":"https:\/\/pages.pedf.cuni.cz\/khv\/wp-json\/wp\/v2\/comments?post=152"}],"version-history":[{"count":0,"href":"https:\/\/pages.pedf.cuni.cz\/khv\/wp-json\/wp\/v2\/pages\/152\/revisions"}],"wp:attachment":[{"href":"https:\/\/pages.pedf.cuni.cz\/khv\/wp-json\/wp\/v2\/media?parent=152"}],"curies":[{"name":"wp","href":"https:\/\/api.w.org\/{rel}","templated":true}]}}