{"id":161,"date":"2015-05-22T18:53:13","date_gmt":"2015-05-22T16:53:13","guid":{"rendered":"http:\/\/pages.pedf.cuni.cz\/khv\/?page_id=161"},"modified":"2020-06-13T11:32:54","modified_gmt":"2020-06-13T09:32:54","slug":"ze-zivota-katedry","status":"publish","type":"page","link":"https:\/\/pages.pedf.cuni.cz\/khv\/profil-katedry\/ze-zivota-katedry\/","title":{"rendered":"Sou\u010dasnost katedry"},"content":{"rendered":"<p>Katedra hudebn\u00ed v\u00fdchovy Pedagogick\u00e9 fakulty Univerzity Karlovy v Praze se specializuje na profesn\u00ed p\u0159\u00edpravu u\u010ditel\u016f hudebn\u00ed v\u00fdchovy na Z\u0160 a S\u0160, u\u010ditel\u016f n\u00e1strojov\u00e9 hry a hudebn\u00ed nauky na ZU\u0160 a na p\u0159\u00edpravu sbormistr\u016f. V\u011bt\u0161ina \u010dlen\u016f katedry pat\u0159\u00ed mezi uzn\u00e1van\u00e9 specialisty ve sv\u00fdch teoretick\u00fdch \u010di um\u011bleck\u00fdch oborech. Ve spolupr\u00e1ci s\u00a0p\u0159edn\u00edmi odborn\u00edky a \u0161koln\u00ed prax\u00ed vytv\u00e1\u0159\u00edme kvalitn\u00ed oborovou z\u00e1kladnu pro teoretick\u00e1 i praktick\u00e1 studia v\u00a0oborech hudebn\u011b didaktick\u00fdch, hudebn\u011b teoretick\u00fdch a um\u011blecko pedagogick\u00fdch.<\/p>\n<p><strong>Pedagogick\u00e1 \u010dinnost<\/strong><\/p>\n<p>Katedra hudebn\u00ed v\u00fdchovy vzd\u011bl\u00e1v\u00e1 budouc\u00ed u\u010ditele hudby ve t\u0159\u00edlet\u00e9m bakal\u00e1\u0159sk\u00e9m a dvoulet\u00e9m navazuj\u00edc\u00edm magistersk\u00e9m studijn\u00edm programu v oborech Hudebn\u00ed v\u00fdchova, Hra na n\u00e1stroj a Sbormistrovstv\u00ed. Tyto programy jsou akreditov\u00e1ny i v anglick\u00e9m jazyce pro studium zahrani\u010dn\u00edch student\u016f. Katedra HV se t\u00e9\u017e pod\u00edl\u00ed na p\u0159\u00edprav\u011b u\u010ditel\u016f 1. stupn\u011b z\u00e1kladn\u00edch \u0161kol a mate\u0159sk\u00fdch \u0161kol, a to jak v prezen\u010dn\u00ed tak v kombinovan\u00e9 form\u011b studia. D\u00e1le zaji\u0161\u0165uje rigor\u00f3zn\u00ed \u0159\u00edzen\u00ed (PhDr.) a nab\u00edz\u00ed doktorsk\u00e9 studium v programu Hudebn\u00ed teorie a pedagogika (Ph.D.). Katedra spolupracuje s evropsk\u00fdmi univerzitami (nap\u0159. Irsko, Norsko, Polsko, N\u011bmecko, Slovensko, Rusko) a zaji\u0161\u0165uje studentskou i u\u010ditelskou mobilitu v r\u00e1mci LLP Erasmus.<\/p>\n<p><strong>V\u011bdeck\u00e1 \u010dinnost<\/strong><\/p>\n<p>V\u011bdeck\u00e1 a um\u011bleck\u00e1 \u010dinnost pracovn\u00edk\u016f katedry je velmi obs\u00e1hl\u00e1, zahrnuje jak \u010dinnost publika\u010dn\u00ed, organizaci odborn\u00fdch konferenc\u00ed dom\u00e1c\u00edch i zahrani\u010dn\u00edch, tak bohatou \u010dinnost koncertn\u00ed. Pracovn\u00edci katedry se \u00fasp\u011b\u0161n\u011b zapojuj\u00ed do \u010detn\u00fdch v\u00fdzkumn\u00fdch a um\u011bleck\u00fdch projekt\u016f. Katedra je vydavatelem \u010dasopisu Hudebn\u00ed v\u00fdchova.<\/p>\n","protected":false},"excerpt":{"rendered":"<p>Katedra hudebn\u00ed v\u00fdchovy Pedagogick\u00e9 fakulty Univerzity Karlovy v Praze se specializuje na profesn\u00ed p\u0159\u00edpravu u\u010ditel\u016f hudebn\u00ed v\u00fdchovy na Z\u0160 a S\u0160, u\u010ditel\u016f n\u00e1strojov\u00e9 hry a hudebn\u00ed nauky na ZU\u0160 a na p\u0159\u00edpravu sbormistr\u016f. V\u011bt\u0161ina \u010dlen\u016f katedry pat\u0159\u00ed mezi uzn\u00e1van\u00e9 specialisty ve sv\u00fdch teoretick\u00fdch \u010di um\u011bleck\u00fdch oborech. Ve spolupr\u00e1ci s\u00a0p\u0159edn\u00edmi odborn\u00edky a \u0161koln\u00ed prax\u00ed vytv\u00e1\u0159\u00edme kvalitn\u00ed [&hellip;]<\/p>\n","protected":false},"author":422,"featured_media":0,"parent":288,"menu_order":1,"comment_status":"closed","ping_status":"closed","template":"","meta":{"footnotes":""},"class_list":["post-161","page","type-page","status-publish","hentry"],"_links":{"self":[{"href":"https:\/\/pages.pedf.cuni.cz\/khv\/wp-json\/wp\/v2\/pages\/161","targetHints":{"allow":["GET"]}}],"collection":[{"href":"https:\/\/pages.pedf.cuni.cz\/khv\/wp-json\/wp\/v2\/pages"}],"about":[{"href":"https:\/\/pages.pedf.cuni.cz\/khv\/wp-json\/wp\/v2\/types\/page"}],"author":[{"embeddable":true,"href":"https:\/\/pages.pedf.cuni.cz\/khv\/wp-json\/wp\/v2\/users\/422"}],"replies":[{"embeddable":true,"href":"https:\/\/pages.pedf.cuni.cz\/khv\/wp-json\/wp\/v2\/comments?post=161"}],"version-history":[{"count":2,"href":"https:\/\/pages.pedf.cuni.cz\/khv\/wp-json\/wp\/v2\/pages\/161\/revisions"}],"predecessor-version":[{"id":3471,"href":"https:\/\/pages.pedf.cuni.cz\/khv\/wp-json\/wp\/v2\/pages\/161\/revisions\/3471"}],"up":[{"embeddable":true,"href":"https:\/\/pages.pedf.cuni.cz\/khv\/wp-json\/wp\/v2\/pages\/288"}],"wp:attachment":[{"href":"https:\/\/pages.pedf.cuni.cz\/khv\/wp-json\/wp\/v2\/media?parent=161"}],"curies":[{"name":"wp","href":"https:\/\/api.w.org\/{rel}","templated":true}]}}