{"id":165,"date":"2015-05-22T19:54:08","date_gmt":"2015-05-22T17:54:08","guid":{"rendered":"http:\/\/pages.pedf.cuni.cz\/khv\/?page_id=165"},"modified":"2022-05-01T16:04:38","modified_gmt":"2022-05-01T14:04:38","slug":"absolventske-koncerty","status":"publish","type":"page","link":"https:\/\/pages.pedf.cuni.cz\/khv\/absolventske-koncerty\/","title":{"rendered":"Absolventsk\u00e9 koncerty"},"content":{"rendered":"<ul class=\"list-pages-shortcode child-pages\"><li class=\"page_item page-item-1034 page_item_has_children\"><a href=\"https:\/\/pages.pedf.cuni.cz\/khv\/absolventske-koncerty\/bc_koncerty\/\">Bakal\u00e1\u0159sk\u00e9 koncerty<\/a>\n<ul class='children'>\n\t<li class=\"page_item page-item-3425\"><a href=\"https:\/\/pages.pedf.cuni.cz\/khv\/absolventske-koncerty\/bc_koncerty\/hra-na-nastroj\/\">Hra na n\u00e1stroj<\/a><\/li>\n\t<li class=\"page_item page-item-3420\"><a href=\"https:\/\/pages.pedf.cuni.cz\/khv\/absolventske-koncerty\/bc_koncerty\/sbormistrovstvi\/\">Sbormistrovstv\u00ed<\/a><\/li>\n<\/ul>\n<\/li>\n<li class=\"page_item page-item-1042 page_item_has_children\"><a href=\"https:\/\/pages.pedf.cuni.cz\/khv\/absolventske-koncerty\/mgr_koncerty\/\">Magistersk\u00e9 koncerty<\/a>\n<ul class='children'>\n\t<li class=\"page_item page-item-3453\"><a href=\"https:\/\/pages.pedf.cuni.cz\/khv\/absolventske-koncerty\/mgr_koncerty\/hra-na-nastroj\/\">Hra na n\u00e1stroj<\/a><\/li>\n\t<li class=\"page_item page-item-1040\"><a href=\"https:\/\/pages.pedf.cuni.cz\/khv\/absolventske-koncerty\/mgr_koncerty\/sbormistrovstvi\/\">Sbormistrovstv\u00ed<\/a><\/li>\n<\/ul>\n<\/li>\n<\/ul>\n","protected":false},"excerpt":{"rendered":"","protected":false},"author":422,"featured_media":0,"parent":0,"menu_order":0,"comment_status":"closed","ping_status":"closed","template":"","meta":{"footnotes":""},"class_list":["post-165","page","type-page","status-publish","hentry"],"_links":{"self":[{"href":"https:\/\/pages.pedf.cuni.cz\/khv\/wp-json\/wp\/v2\/pages\/165","targetHints":{"allow":["GET"]}}],"collection":[{"href":"https:\/\/pages.pedf.cuni.cz\/khv\/wp-json\/wp\/v2\/pages"}],"about":[{"href":"https:\/\/pages.pedf.cuni.cz\/khv\/wp-json\/wp\/v2\/types\/page"}],"author":[{"embeddable":true,"href":"https:\/\/pages.pedf.cuni.cz\/khv\/wp-json\/wp\/v2\/users\/422"}],"replies":[{"embeddable":true,"href":"https:\/\/pages.pedf.cuni.cz\/khv\/wp-json\/wp\/v2\/comments?post=165"}],"version-history":[{"count":4,"href":"https:\/\/pages.pedf.cuni.cz\/khv\/wp-json\/wp\/v2\/pages\/165\/revisions"}],"predecessor-version":[{"id":4649,"href":"https:\/\/pages.pedf.cuni.cz\/khv\/wp-json\/wp\/v2\/pages\/165\/revisions\/4649"}],"wp:attachment":[{"href":"https:\/\/pages.pedf.cuni.cz\/khv\/wp-json\/wp\/v2\/media?parent=165"}],"curies":[{"name":"wp","href":"https:\/\/api.w.org\/{rel}","templated":true}]}}