{"id":1653,"date":"2017-02-23T09:49:39","date_gmt":"2017-02-23T08:49:39","guid":{"rendered":"http:\/\/pages.pedf.cuni.cz\/khv\/?page_id=1653"},"modified":"2023-09-30T16:55:58","modified_gmt":"2023-09-30T14:55:58","slug":"bachelor-state-exam-bse","status":"publish","type":"page","link":"https:\/\/pages.pedf.cuni.cz\/khv\/english-version\/bachelor-state-exam-bse\/","title":{"rendered":"Bachelor State Exam (BSE) &#8211; Music Education"},"content":{"rendered":"<p><span style=\"color: #ff0000\"><strong>Valid from 2023\/2024<\/strong><\/span><\/p>\n<p>BSE has two parts:<\/p>\n<p>1)\u00a0\u00a0\u00a0\u00a0\u00a0 Oral exam (History of Music, Harmony, Theory of Musical Instruments, Musical Forms, Composition Analysis) in a form of a student\u00b4s talk followed with a discussion.<\/p>\n<p>2)\u00a0\u00a0\u00a0\u00a0\u00a0 Practical exam of Voice education, Instrumental Study and <span style=\"color: #ff6600\">Conducting.<\/span><\/p>\n<p><u>Ad 1) Oral Exam<\/u><\/p>\n<ol>\n<li>Song forms \u2013 chamber music in the early romanticism. (Schubert, Schumann, Chopin, Mendelssohn, Smetana \u2013 songs and piano compositions)<\/li>\n<\/ol>\n<ol start=\"2\">\n<li>Sonata form \u2013 from Scarlatti to the Vienna classicism. (Clementi, Dus\u00edk, Kuhlau, Haydn, Mozart, Beethoven, Myslive\u010dek \u2013 a movement in a sonata form)<\/li>\n<\/ol>\n<ol start=\"3\">\n<li>Symphonie \u2013 sonata cycle in an orchestral music. Programme music. (Berlioz, Smetana, Dvo\u0159\u00e1k \u2013 a part of a short score of a symphonic composition)<\/li>\n<\/ol>\n<ol start=\"4\">\n<li>Opera \u2013 the origin and the most important reformers \u2013 Monteverdi, Gluck, Wagner. (An aria from a short score)<\/li>\n<\/ol>\n<ol start=\"5\">\n<li>The basic tectonics principles of music (repetition and contrast) and their explication in the forms of rondo and variations. (Couperin \u2013 rondeau, H\u00e4ndel \u2013 ciacona, Mozart, Beethoven \u2013 rondo movements from sonatas, variations, Brahms)<\/li>\n<\/ol>\n<ol start=\"6\">\n<li>Fugue \u2013 the top of a counterpoint composition. (Bach or other composers \u2013 a fugue)<\/li>\n<\/ol>\n<ol start=\"7\">\n<li>The development of dances \u2013 from Baroque suite to idealized dances. (Bach \u2013 a dance movement from an English, French or German suite, Chopin \u2013 a valse or a mazurka, Smetana \u2013 a polka)<\/li>\n<\/ol>\n<ol start=\"8\">\n<li>Atonal music and serial music. (Basic possibilities to work with a dodecaphony row, Sch\u00f6nberg \u2013 F\u00fcnf Orchesterst\u00fccke)<\/li>\n<\/ol>\n<ol start=\"9\">\n<li>Impressionism and its means of expression. (Debussy, Nov\u00e1k, Suk)<\/li>\n<\/ol>\n<ol start=\"10\">\n<li>Concert\u00a0 &#8211; concerto grosso and solo concert. (Bach, Mozart, Beethoven, \u010cajkovskij)<\/li>\n<\/ol>\n<ol start=\"11\">\n<li>Neoclassicism. (Prokofjev, Hindemith, Krej\u010d\u00ed)<\/li>\n<\/ol>\n<ol start=\"12\">\n<li>Liturgical music \u2013 gregorian chant, a mass, protestant choral, choral prelude. (Gregorian chant, liturgical song, part of an mass ordinarium, Mozart \u2013 Requiem, Smetana \u2013 T\u00e1bor, Blan\u00edk)<\/li>\n<\/ol>\n<p>Notices:<\/p>\n<p>&#8211;\u00a0\u00a0\u00a0\u00a0\u00a0\u00a0\u00a0\u00a0\u00a0 student prepares to each theme a lecture in cca 10 minutes which is supplied with a practical illustration (vocal or instrumental).<\/p>\n<p>&#8211;\u00a0\u00a0\u00a0\u00a0\u00a0\u00a0\u00a0\u00a0\u00a0 the most of musical material is possible to find in Herden, J.: Rozbor skladeb (\u010c\u00edtanka p\u0159\u00edklad\u016f).<\/p>\n<p><u>Ad 2) Practical Exam <\/u><\/p>\n<p>Demonstration of instrumental (piano or violin) and vocal skills.<\/p>\n<p>The program in the length of cca 10 min. is necessary to consult with teachers.<\/p>\n<p><span style=\"color: #ff6600\">Singing, playing and conducting a folk or popular of your choice.<\/span><\/p>\n","protected":false},"excerpt":{"rendered":"<p>Valid from 2023\/2024 BSE has two parts: 1)\u00a0\u00a0\u00a0\u00a0\u00a0 Oral exam (History of Music, Harmony, Theory of Musical Instruments, Musical Forms, Composition Analysis) in a form of a student\u00b4s talk followed with a discussion. 2)\u00a0\u00a0\u00a0\u00a0\u00a0 Practical exam of Voice education, Instrumental Study and Conducting. Ad 1) Oral Exam Song forms \u2013 chamber music in the early [&hellip;]<\/p>\n","protected":false},"author":422,"featured_media":0,"parent":4400,"menu_order":3,"comment_status":"closed","ping_status":"closed","template":"","meta":{"footnotes":""},"class_list":["post-1653","page","type-page","status-publish","hentry"],"_links":{"self":[{"href":"https:\/\/pages.pedf.cuni.cz\/khv\/wp-json\/wp\/v2\/pages\/1653","targetHints":{"allow":["GET"]}}],"collection":[{"href":"https:\/\/pages.pedf.cuni.cz\/khv\/wp-json\/wp\/v2\/pages"}],"about":[{"href":"https:\/\/pages.pedf.cuni.cz\/khv\/wp-json\/wp\/v2\/types\/page"}],"author":[{"embeddable":true,"href":"https:\/\/pages.pedf.cuni.cz\/khv\/wp-json\/wp\/v2\/users\/422"}],"replies":[{"embeddable":true,"href":"https:\/\/pages.pedf.cuni.cz\/khv\/wp-json\/wp\/v2\/comments?post=1653"}],"version-history":[{"count":8,"href":"https:\/\/pages.pedf.cuni.cz\/khv\/wp-json\/wp\/v2\/pages\/1653\/revisions"}],"predecessor-version":[{"id":5526,"href":"https:\/\/pages.pedf.cuni.cz\/khv\/wp-json\/wp\/v2\/pages\/1653\/revisions\/5526"}],"up":[{"embeddable":true,"href":"https:\/\/pages.pedf.cuni.cz\/khv\/wp-json\/wp\/v2\/pages\/4400"}],"wp:attachment":[{"href":"https:\/\/pages.pedf.cuni.cz\/khv\/wp-json\/wp\/v2\/media?parent=1653"}],"curies":[{"name":"wp","href":"https:\/\/api.w.org\/{rel}","templated":true}]}}