{"id":175,"date":"2015-05-22T20:08:25","date_gmt":"2015-05-22T18:08:25","guid":{"rendered":"http:\/\/pages.pedf.cuni.cz\/khv\/?page_id=175"},"modified":"2016-01-05T14:15:25","modified_gmt":"2016-01-05T13:15:25","slug":"publikacni-cinnost","status":"publish","type":"page","link":"https:\/\/pages.pedf.cuni.cz\/khv\/profil-katedry\/cinnost-katedry\/publikacni-cinnost\/","title":{"rendered":"V\u011bdecko-publika\u010dn\u00ed \u010dinnost"},"content":{"rendered":"<ul class=\"list-pages-shortcode child-pages\"><li class=\"page_item page-item-172\"><a href=\"https:\/\/pages.pedf.cuni.cz\/khv\/profil-katedry\/cinnost-katedry\/publikacni-cinnost\/vedecka-cinnost\/\">Granty<\/a><\/li>\n<li class=\"page_item page-item-297\"><a href=\"https:\/\/pages.pedf.cuni.cz\/khv\/profil-katedry\/cinnost-katedry\/publikacni-cinnost\/konference\/\">Konference<\/a><\/li>\n<li class=\"page_item page-item-305\"><a href=\"https:\/\/pages.pedf.cuni.cz\/khv\/profil-katedry\/cinnost-katedry\/publikacni-cinnost\/publikace\/\">Publikace<\/a><\/li>\n<\/ul>\n","protected":false},"excerpt":{"rendered":"","protected":false},"author":422,"featured_media":0,"parent":512,"menu_order":3,"comment_status":"closed","ping_status":"closed","template":"","meta":{"footnotes":""},"class_list":["post-175","page","type-page","status-publish","hentry"],"_links":{"self":[{"href":"https:\/\/pages.pedf.cuni.cz\/khv\/wp-json\/wp\/v2\/pages\/175","targetHints":{"allow":["GET"]}}],"collection":[{"href":"https:\/\/pages.pedf.cuni.cz\/khv\/wp-json\/wp\/v2\/pages"}],"about":[{"href":"https:\/\/pages.pedf.cuni.cz\/khv\/wp-json\/wp\/v2\/types\/page"}],"author":[{"embeddable":true,"href":"https:\/\/pages.pedf.cuni.cz\/khv\/wp-json\/wp\/v2\/users\/422"}],"replies":[{"embeddable":true,"href":"https:\/\/pages.pedf.cuni.cz\/khv\/wp-json\/wp\/v2\/comments?post=175"}],"version-history":[{"count":0,"href":"https:\/\/pages.pedf.cuni.cz\/khv\/wp-json\/wp\/v2\/pages\/175\/revisions"}],"up":[{"embeddable":true,"href":"https:\/\/pages.pedf.cuni.cz\/khv\/wp-json\/wp\/v2\/pages\/512"}],"wp:attachment":[{"href":"https:\/\/pages.pedf.cuni.cz\/khv\/wp-json\/wp\/v2\/media?parent=175"}],"curies":[{"name":"wp","href":"https:\/\/api.w.org\/{rel}","templated":true}]}}