{"id":1785,"date":"2017-04-04T15:39:51","date_gmt":"2017-04-04T13:39:51","guid":{"rendered":"http:\/\/pages.pedf.cuni.cz\/khv\/?page_id=1785"},"modified":"2025-04-01T07:47:51","modified_gmt":"2025-04-01T05:47:51","slug":"pokyny-pro-vyhotoveni-prace-2","status":"publish","type":"page","link":"https:\/\/pages.pedf.cuni.cz\/khv\/jine\/bakalarske-a-diplomove-prace\/pokyny-pro-vyhotoveni-prace-2\/","title":{"rendered":"Pokyny pro vyhotoven\u00ed pr\u00e1ce"},"content":{"rendered":"<p>Vzor\u00a0pro\u00a0strukturu\u00a0a\u00a0grafickou\u00a0podobu\u00a0pr\u00e1ce &#8211; viz <a id=\"LPlnkOWA94bdf1f2-eec5-dda4-23cc-82cf3ae8607c\" class=\"x_OWAAutoLink x_elementToProof\" title=\"https:\/\/wwwmod.pedf.cuni.cz\/udeska\/files\/opatreni_dekana\/opad_28_2024_prace_opr.pdf\" href=\"https:\/\/wwwmod.pedf.cuni.cz\/udeska\/files\/opatreni_dekana\/opad_28_2024_prace_opr.pdf\" target=\"_blank\" rel=\"noopener noreferrer\" data-auth=\"NotApplicable\" data-linkindex=\"1\" data-olk-copy-source=\"MessageBody\">wwwmod.pedf.cuni.cz\/udeska\/files\/opatreni_dekana\/opad_28_2024_prace_opr.pdf<\/a><\/p>\n<p>&nbsp;<\/p>\n<p>\u0160ablona pro bakal\u00e1\u0159skou pr\u00e1ci &#8211; viz <a id=\"LPlnkOWA8e588240-3234-9854-8fbb-101417541774\" class=\"x_OWAAutoLink x_elementToProof\" title=\"https:\/\/view.officeapps.live.com\/op\/view.aspx?src=https%3A%2F%2Fwwwmod.pedf.cuni.cz%2Fudeska%2Ffiles%2Fopatreni_dekana%2Fopad_28_2024_priloha_1_bakalarska_prace.docx&amp;wdOrigin=BROWSELINK\" href=\"https:\/\/view.officeapps.live.com\/op\/view.aspx?src=https%3A%2F%2Fwwwmod.pedf.cuni.cz%2Fudeska%2Ffiles%2Fopatreni_dekana%2Fopad_28_2024_priloha_1_bakalarska_prace.docx&amp;wdOrigin=BROWSELINK\" target=\"_blank\" rel=\"noopener noreferrer\" data-auth=\"NotApplicable\" data-linkindex=\"2\">opad_28_2024_priloha_1_bakalarska_prace.docx<\/a><\/p>\n<p>\u0160ablona pro diplomovou pr\u00e1ci &#8211; viz <a id=\"LPlnkOWA12459d53-8650-a7f5-af8a-4c664528faf0\" class=\"x_OWAAutoLink x_elementToProof\" title=\"https:\/\/view.officeapps.live.com\/op\/view.aspx?src=https%3A%2F%2Fwwwmod.pedf.cuni.cz%2Fudeska%2Ffiles%2Fopatreni_dekana%2Fopad_28_2024_priloha_2_diplomova_prace.docx&amp;wdOrigin=BROWSELINK\" href=\"https:\/\/view.officeapps.live.com\/op\/view.aspx?src=https%3A%2F%2Fwwwmod.pedf.cuni.cz%2Fudeska%2Ffiles%2Fopatreni_dekana%2Fopad_28_2024_priloha_2_diplomova_prace.docx&amp;wdOrigin=BROWSELINK\" target=\"_blank\" rel=\"noopener noreferrer\" data-auth=\"NotApplicable\" data-linkindex=\"3\" data-olk-copy-source=\"MessageBody\">opad_28_2024_priloha_2_diplomova_prace.docx<\/a><\/p>\n<p>&nbsp;<\/p>\n<p>Ti\u0161t\u011bn\u00e1 forma pr\u00e1ce na z\u00e1klad\u011b individu\u00e1ln\u00ed domluvy studenta s vedouc\u00edm pr\u00e1ce a oponentem. Tento v\u00fdtisk pot\u00e9 bude k dispozici u obhajoby bakal\u00e1\u0159sk\u00e9\/diplomov\u00e9 pr\u00e1ce. Pokud vedouc\u00ed pr\u00e1ce nebo oponent ti\u0161t\u011bnou formu nebude po\u017eadovat, student p\u0159inese k obhajob\u011b jeden samostatn\u00fd v\u00fdtisk pr\u00e1ce (nap\u0159. v krou\u017ekov\u00e9 vazb\u011b), kter\u00fd bude komisi SZZ k dispozici.<\/p>\n","protected":false},"excerpt":{"rendered":"<p>Vzor\u00a0pro\u00a0strukturu\u00a0a\u00a0grafickou\u00a0podobu\u00a0pr\u00e1ce &#8211; viz wwwmod.pedf.cuni.cz\/udeska\/files\/opatreni_dekana\/opad_28_2024_prace_opr.pdf &nbsp; \u0160ablona pro bakal\u00e1\u0159skou pr\u00e1ci &#8211; viz opad_28_2024_priloha_1_bakalarska_prace.docx \u0160ablona pro diplomovou pr\u00e1ci &#8211; viz opad_28_2024_priloha_2_diplomova_prace.docx &nbsp; Ti\u0161t\u011bn\u00e1 forma pr\u00e1ce na z\u00e1klad\u011b individu\u00e1ln\u00ed domluvy studenta s vedouc\u00edm pr\u00e1ce a oponentem. Tento v\u00fdtisk pot\u00e9 bude k dispozici u obhajoby bakal\u00e1\u0159sk\u00e9\/diplomov\u00e9 pr\u00e1ce. Pokud vedouc\u00ed pr\u00e1ce nebo oponent ti\u0161t\u011bnou formu nebude po\u017eadovat, student p\u0159inese k [&hellip;]<\/p>\n","protected":false},"author":422,"featured_media":0,"parent":517,"menu_order":2,"comment_status":"closed","ping_status":"closed","template":"","meta":{"footnotes":""},"class_list":["post-1785","page","type-page","status-publish","hentry"],"_links":{"self":[{"href":"https:\/\/pages.pedf.cuni.cz\/khv\/wp-json\/wp\/v2\/pages\/1785","targetHints":{"allow":["GET"]}}],"collection":[{"href":"https:\/\/pages.pedf.cuni.cz\/khv\/wp-json\/wp\/v2\/pages"}],"about":[{"href":"https:\/\/pages.pedf.cuni.cz\/khv\/wp-json\/wp\/v2\/types\/page"}],"author":[{"embeddable":true,"href":"https:\/\/pages.pedf.cuni.cz\/khv\/wp-json\/wp\/v2\/users\/422"}],"replies":[{"embeddable":true,"href":"https:\/\/pages.pedf.cuni.cz\/khv\/wp-json\/wp\/v2\/comments?post=1785"}],"version-history":[{"count":12,"href":"https:\/\/pages.pedf.cuni.cz\/khv\/wp-json\/wp\/v2\/pages\/1785\/revisions"}],"predecessor-version":[{"id":6141,"href":"https:\/\/pages.pedf.cuni.cz\/khv\/wp-json\/wp\/v2\/pages\/1785\/revisions\/6141"}],"up":[{"embeddable":true,"href":"https:\/\/pages.pedf.cuni.cz\/khv\/wp-json\/wp\/v2\/pages\/517"}],"wp:attachment":[{"href":"https:\/\/pages.pedf.cuni.cz\/khv\/wp-json\/wp\/v2\/media?parent=1785"}],"curies":[{"name":"wp","href":"https:\/\/api.w.org\/{rel}","templated":true}]}}