{"id":2004,"date":"2017-10-24T17:15:54","date_gmt":"2017-10-24T15:15:54","guid":{"rendered":"http:\/\/pages.pedf.cuni.cz\/khv\/?page_id=2004"},"modified":"2017-10-24T22:16:37","modified_gmt":"2017-10-24T20:16:37","slug":"tematicke-okruhy-ke-zkousce-z-hudebni-psychologie","status":"publish","type":"page","link":"https:\/\/pages.pedf.cuni.cz\/khv\/studium\/navazujici-mgr-studium\/hudebni-vychova\/tematicke-okruhy-ke-zkousce-z-hudebni-psychologie\/","title":{"rendered":"Tematick\u00e9 okruhy ke zkou\u0161ce z hudebn\u00ed psychologie"},"content":{"rendered":"<p><strong>pro kurz <em>pro Hudebn\u00ed psychologie a diagnostika<\/em>\u00a0ON2308101<br \/>\n<\/strong><\/p>\n<p>1. Hudebn\u00ed psychologie jako hrani\u010dn\u00ed v\u011bdn\u00ed discipl\u00edna a jej\u00ed metodologick\u00e9 probl\u00e9my.<br \/>\n2. V\u00fdzkumn\u00e9 metody v hudebn\u00ed psychologii.<br \/>\n3. Historick\u00fd v\u00fdvoj hudebn\u00ed psychologie v zahrani\u010d\u00ed (hlavn\u00ed p\u0159edstavitel\u00e9 a d\u00edla).<br \/>\n4. V\u00fdvoj \u010desk\u00e9 hudebn\u00ed psychologie (hlavn\u00ed p\u0159edstavitel\u00e9 a d\u00edla).<br \/>\n5. Hudebn\u00ed vlohy, schopnosti, dovednosti a n\u00e1vyky, hudebn\u00ed \u010dinnosti &#8211; vymezen\u00ed pojm\u016f.<br \/>\n6. Hudebnost (n\u00e1zory na hudebnost), hudebn\u00ed nad\u00e1n\u00ed, talent, genialita &#8211; vymezen\u00ed pojm\u016f.<br \/>\n7. Klasifikace hudebn\u00edch schopnost\u00ed.<br \/>\n8. Diagnostika hudebnosti.<br \/>\n9. Nedostate\u010dn\u00fd rozvoj hudebnosti, am\u00fazie.<br \/>\n10. Hudebn\u00ed ontogeneze &#8211; periodizace a charakteristika jednotliv\u00fdch etap.<br \/>\n11.\u00a0Hudebn\u00ed sluch.<br \/>\n12\u00a0\u00a0Rytmick\u00e9 c\u00edt\u011bn\u00ed.<br \/>\n13.\u00a0Ton\u00e1ln\u00ed c\u00edt\u011bn\u00ed.\u00ad<br \/>\n14.\u00a0Harmonick\u00e9 c\u00edt\u011bn\u00ed.<br \/>\n15.\u00a0Hudebn\u00ed pam\u011b\u0165<br \/>\n16.\u00a0Hudebn\u00ed p\u0159edstavivost.<br \/>\n17.\u00a0Hudebn\u00ed my\u0161len\u00ed.<br \/>\n18.\u00a0Hudebn\u011b tvo\u0159iv\u00e9 schopnosti.<br \/>\n19.\u00a0Psychologie formov\u00e1n\u00ed hudebn\u00edch dovednost\u00ed.<br \/>\n20. Psychologie hudebn\u00edho vn\u00edm\u00e1n\u00ed.<br \/>\n21.\u00a0Psychologie p\u011bveck\u00fdch \u010dinnost\u00ed.<br \/>\n22.\u00a0Psychologie instrument\u00e1ln\u00ed hry.<br \/>\n23.\u00a0Psychologie hudebn\u00ed tvo\u0159ivosti.<br \/>\n24.\u00a0Psychologie hudebn\u00edho pro\u017eitku.<br \/>\n25.\u00a0Motivace k hudebn\u00edm \u010dinnostem.<\/p>\n<p>&nbsp;<\/p>\n<p><strong><em>Z\u00e1kladn\u00ed studijn\u00ed literatura:<\/em><\/strong><\/p>\n<p>SEDL\u00c1K, F., V\u00c1\u0147OV\u00c1, H. <em>Hudebn\u00ed psychologie pro u\u010ditele.<\/em> Praha : Karolinum 2013. ISBN 978-80-246-2060-2. ISBN 978-80-246-2303-0 (online: pdf)<\/p>\n<p><strong><em>Dal\u0161\u00ed doporu\u010den\u00e1 literatura:<\/em><\/strong><\/p>\n<p>Sedl\u00e1k, F. <em>Z\u00e1klady hudebn\u00ed psychologie<\/em>. Praha : SPN, 1990.<br \/>\nSedl\u00e1k, F. <em>\u00davod do psychologie hudby<\/em>. Praha, 1. d\u00edl 1981, 2. d\u00edl1986.<br \/>\nSedl\u00e1k, F. <em>Hudebn\u00ed v\u00fdvoj d\u00edt\u011bte<\/em>. Praha : Supraphon, 1974.<br \/>\nSedl\u00e1k, F. <em>Psychologie hudebn\u00edch schopnost\u00ed a dovednost\u00ed<\/em>. Praha : Supraphon, 1989.<br \/>\nPoled\u0148\u00e1k, I. <em>Stru\u010dn\u00fd slovn\u00edk hudebn\u00ed psychologie<\/em>. Praha : Supraphon, 1984.<br \/>\nHolas, M. <em>Psychologie hudby v profesion\u00e1ln\u00ed hudebn\u00ed v\u00fdchov\u011b<\/em>. Praha : SPN, 1991.<br \/>\nHolas, M. <em>\u00davod do psychologie hudby<\/em>. Praha : SPN, 1989.<br \/>\nFran\u011bk, M. <em>Hudebn\u00ed psychologie.<\/em> Praha : Karolinum, 2005.<\/p>\n<p>&nbsp;<\/p>\n<p>&nbsp;<\/p>\n","protected":false},"excerpt":{"rendered":"<p>pro kurz pro Hudebn\u00ed psychologie a diagnostika\u00a0ON2308101 1. Hudebn\u00ed psychologie jako hrani\u010dn\u00ed v\u011bdn\u00ed discipl\u00edna a jej\u00ed metodologick\u00e9 probl\u00e9my. 2. V\u00fdzkumn\u00e9 metody v hudebn\u00ed psychologii. 3. Historick\u00fd v\u00fdvoj hudebn\u00ed psychologie v zahrani\u010d\u00ed (hlavn\u00ed p\u0159edstavitel\u00e9 a d\u00edla). 4. V\u00fdvoj \u010desk\u00e9 hudebn\u00ed psychologie (hlavn\u00ed p\u0159edstavitel\u00e9 a d\u00edla). 5. Hudebn\u00ed vlohy, schopnosti, dovednosti a n\u00e1vyky, hudebn\u00ed \u010dinnosti &#8211; vymezen\u00ed [&hellip;]<\/p>\n","protected":false},"author":422,"featured_media":0,"parent":466,"menu_order":0,"comment_status":"closed","ping_status":"closed","template":"","meta":{"footnotes":""},"class_list":["post-2004","page","type-page","status-publish","hentry"],"_links":{"self":[{"href":"https:\/\/pages.pedf.cuni.cz\/khv\/wp-json\/wp\/v2\/pages\/2004","targetHints":{"allow":["GET"]}}],"collection":[{"href":"https:\/\/pages.pedf.cuni.cz\/khv\/wp-json\/wp\/v2\/pages"}],"about":[{"href":"https:\/\/pages.pedf.cuni.cz\/khv\/wp-json\/wp\/v2\/types\/page"}],"author":[{"embeddable":true,"href":"https:\/\/pages.pedf.cuni.cz\/khv\/wp-json\/wp\/v2\/users\/422"}],"replies":[{"embeddable":true,"href":"https:\/\/pages.pedf.cuni.cz\/khv\/wp-json\/wp\/v2\/comments?post=2004"}],"version-history":[{"count":2,"href":"https:\/\/pages.pedf.cuni.cz\/khv\/wp-json\/wp\/v2\/pages\/2004\/revisions"}],"predecessor-version":[{"id":2009,"href":"https:\/\/pages.pedf.cuni.cz\/khv\/wp-json\/wp\/v2\/pages\/2004\/revisions\/2009"}],"up":[{"embeddable":true,"href":"https:\/\/pages.pedf.cuni.cz\/khv\/wp-json\/wp\/v2\/pages\/466"}],"wp:attachment":[{"href":"https:\/\/pages.pedf.cuni.cz\/khv\/wp-json\/wp\/v2\/media?parent=2004"}],"curies":[{"name":"wp","href":"https:\/\/api.w.org\/{rel}","templated":true}]}}