{"id":229,"date":"2015-05-23T09:06:29","date_gmt":"2015-05-23T07:06:29","guid":{"rendered":"http:\/\/pages.pedf.cuni.cz\/khv\/?page_id=229"},"modified":"2026-01-29T14:35:49","modified_gmt":"2026-01-29T13:35:49","slug":"kontakt-2","status":"publish","type":"page","link":"https:\/\/pages.pedf.cuni.cz\/khv\/kontakt-2\/","title":{"rendered":"Kontakty a konzulta\u010dn\u00ed hodiny"},"content":{"rendered":"<p><strong><span style=\"color: #ff0000\">Vzhledem k prob\u00edhaj\u00edc\u00ed rekonstrukci budovy PedF v Rettigov\u00e9 si domlouvejte konzulta\u010dn\u00ed hodiny individu\u00e1ln\u011b s jednotliv\u00fdmi vyu\u010duj\u00edc\u00edmi emailem.<\/span><\/strong><\/p>\n","protected":false},"excerpt":{"rendered":"<p>Vzhledem k prob\u00edhaj\u00edc\u00ed rekonstrukci budovy PedF v Rettigov\u00e9 si domlouvejte konzulta\u010dn\u00ed hodiny individu\u00e1ln\u011b s jednotliv\u00fdmi vyu\u010duj\u00edc\u00edmi emailem.<\/p>\n","protected":false},"author":422,"featured_media":0,"parent":0,"menu_order":0,"comment_status":"closed","ping_status":"closed","template":"","meta":{"footnotes":""},"class_list":["post-229","page","type-page","status-publish","hentry"],"_links":{"self":[{"href":"https:\/\/pages.pedf.cuni.cz\/khv\/wp-json\/wp\/v2\/pages\/229","targetHints":{"allow":["GET"]}}],"collection":[{"href":"https:\/\/pages.pedf.cuni.cz\/khv\/wp-json\/wp\/v2\/pages"}],"about":[{"href":"https:\/\/pages.pedf.cuni.cz\/khv\/wp-json\/wp\/v2\/types\/page"}],"author":[{"embeddable":true,"href":"https:\/\/pages.pedf.cuni.cz\/khv\/wp-json\/wp\/v2\/users\/422"}],"replies":[{"embeddable":true,"href":"https:\/\/pages.pedf.cuni.cz\/khv\/wp-json\/wp\/v2\/comments?post=229"}],"version-history":[{"count":63,"href":"https:\/\/pages.pedf.cuni.cz\/khv\/wp-json\/wp\/v2\/pages\/229\/revisions"}],"predecessor-version":[{"id":6470,"href":"https:\/\/pages.pedf.cuni.cz\/khv\/wp-json\/wp\/v2\/pages\/229\/revisions\/6470"}],"wp:attachment":[{"href":"https:\/\/pages.pedf.cuni.cz\/khv\/wp-json\/wp\/v2\/media?parent=229"}],"curies":[{"name":"wp","href":"https:\/\/api.w.org\/{rel}","templated":true}]}}