{"id":2549,"date":"2019-02-21T09:39:40","date_gmt":"2019-02-21T08:39:40","guid":{"rendered":"http:\/\/pages.pedf.cuni.cz\/khv\/?page_id=2549"},"modified":"2019-02-21T09:58:30","modified_gmt":"2019-02-21T08:58:30","slug":"holas-testy","status":"publish","type":"page","link":"https:\/\/pages.pedf.cuni.cz\/khv\/jine\/studijni-materialy\/holas-testy\/","title":{"rendered":"Holas &#8211; testy"},"content":{"rendered":"<p><a href=\"https:\/\/pages.pedf.cuni.cz\/khv\/files\/2019\/02\/HolasPopisCD.pdf\">HolasPopisCD<\/a><\/p>\n<p><a href=\"https:\/\/pages.pedf.cuni.cz\/khv\/files\/2019\/02\/HolasTabulkaProAdministraciTestu.xlsx\">HolasTabulkaProAdministraciTestu<\/a><\/p>\n<p>&nbsp;<\/p>\n<p><strong>Test hudebn\u011b sluchov\u00fdch schopnost\u00ed<\/strong><\/p>\n<p>A01<\/p>\n<audio class=\"wp-audio-shortcode\" id=\"audio-2549-1\" preload=\"none\" style=\"width: 100%;\" controls=\"controls\"><source type=\"audio\/mpeg\" src=\"https:\/\/pages.pedf.cuni.cz\/khv\/files\/2019\/02\/A01.mp3?_=1\" \/><a href=\"https:\/\/pages.pedf.cuni.cz\/khv\/files\/2019\/02\/A01.mp3\">https:\/\/pages.pedf.cuni.cz\/khv\/files\/2019\/02\/A01.mp3<\/a><\/audio>\n<p>A02<\/p>\n<audio class=\"wp-audio-shortcode\" id=\"audio-2549-2\" preload=\"none\" style=\"width: 100%;\" controls=\"controls\"><source type=\"audio\/mpeg\" src=\"https:\/\/pages.pedf.cuni.cz\/khv\/files\/2019\/02\/A02.mp3?_=2\" \/><a href=\"https:\/\/pages.pedf.cuni.cz\/khv\/files\/2019\/02\/A02.mp3\">https:\/\/pages.pedf.cuni.cz\/khv\/files\/2019\/02\/A02.mp3<\/a><\/audio>\n<p>A03<\/p>\n<audio class=\"wp-audio-shortcode\" id=\"audio-2549-3\" preload=\"none\" style=\"width: 100%;\" controls=\"controls\"><source type=\"audio\/mpeg\" src=\"https:\/\/pages.pedf.cuni.cz\/khv\/files\/2019\/02\/A03.mp3?_=3\" \/><a href=\"https:\/\/pages.pedf.cuni.cz\/khv\/files\/2019\/02\/A03.mp3\">https:\/\/pages.pedf.cuni.cz\/khv\/files\/2019\/02\/A03.mp3<\/a><\/audio>\n<p>A04<\/p>\n<audio class=\"wp-audio-shortcode\" id=\"audio-2549-4\" preload=\"none\" style=\"width: 100%;\" controls=\"controls\"><source type=\"audio\/mpeg\" src=\"https:\/\/pages.pedf.cuni.cz\/khv\/files\/2019\/02\/A04.mp3?_=4\" \/><a href=\"https:\/\/pages.pedf.cuni.cz\/khv\/files\/2019\/02\/A04.mp3\">https:\/\/pages.pedf.cuni.cz\/khv\/files\/2019\/02\/A04.mp3<\/a><\/audio>\n<p>A05<\/p>\n<audio class=\"wp-audio-shortcode\" id=\"audio-2549-5\" preload=\"none\" style=\"width: 100%;\" controls=\"controls\"><source type=\"audio\/mpeg\" src=\"https:\/\/pages.pedf.cuni.cz\/khv\/files\/2019\/02\/A05.mp3?_=5\" \/><a href=\"https:\/\/pages.pedf.cuni.cz\/khv\/files\/2019\/02\/A05.mp3\">https:\/\/pages.pedf.cuni.cz\/khv\/files\/2019\/02\/A05.mp3<\/a><\/audio>\n<p>A06<\/p>\n<audio class=\"wp-audio-shortcode\" id=\"audio-2549-6\" preload=\"none\" style=\"width: 100%;\" controls=\"controls\"><source type=\"audio\/mpeg\" src=\"https:\/\/pages.pedf.cuni.cz\/khv\/files\/2019\/02\/A06.mp3?_=6\" \/><a href=\"https:\/\/pages.pedf.cuni.cz\/khv\/files\/2019\/02\/A06.mp3\">https:\/\/pages.pedf.cuni.cz\/khv\/files\/2019\/02\/A06.mp3<\/a><\/audio>\n<p>A07<\/p>\n<audio class=\"wp-audio-shortcode\" id=\"audio-2549-7\" preload=\"none\" style=\"width: 100%;\" controls=\"controls\"><source type=\"audio\/mpeg\" src=\"https:\/\/pages.pedf.cuni.cz\/khv\/files\/2019\/02\/A06.mp3?_=7\" \/><a href=\"https:\/\/pages.pedf.cuni.cz\/khv\/files\/2019\/02\/A06.mp3\">https:\/\/pages.pedf.cuni.cz\/khv\/files\/2019\/02\/A06.mp3<\/a><\/audio>\n<p>A08<\/p>\n<audio class=\"wp-audio-shortcode\" id=\"audio-2549-8\" preload=\"none\" style=\"width: 100%;\" controls=\"controls\"><source type=\"audio\/mpeg\" src=\"https:\/\/pages.pedf.cuni.cz\/khv\/files\/2019\/02\/A08.mp3?_=8\" \/><a href=\"https:\/\/pages.pedf.cuni.cz\/khv\/files\/2019\/02\/A08.mp3\">https:\/\/pages.pedf.cuni.cz\/khv\/files\/2019\/02\/A08.mp3<\/a><\/audio>\n<p>A09<\/p>\n<audio class=\"wp-audio-shortcode\" id=\"audio-2549-9\" preload=\"none\" style=\"width: 100%;\" controls=\"controls\"><source type=\"audio\/mpeg\" src=\"https:\/\/pages.pedf.cuni.cz\/khv\/files\/2019\/02\/A09.mp3?_=9\" \/><a href=\"https:\/\/pages.pedf.cuni.cz\/khv\/files\/2019\/02\/A09.mp3\">https:\/\/pages.pedf.cuni.cz\/khv\/files\/2019\/02\/A09.mp3<\/a><\/audio>\n<p>A10<\/p>\n<audio class=\"wp-audio-shortcode\" id=\"audio-2549-10\" preload=\"none\" style=\"width: 100%;\" controls=\"controls\"><source type=\"audio\/mpeg\" src=\"https:\/\/pages.pedf.cuni.cz\/khv\/files\/2019\/02\/A10.mp3?_=10\" \/><a href=\"https:\/\/pages.pedf.cuni.cz\/khv\/files\/2019\/02\/A10.mp3\">https:\/\/pages.pedf.cuni.cz\/khv\/files\/2019\/02\/A10.mp3<\/a><\/audio>\n<p>A11<\/p>\n<audio class=\"wp-audio-shortcode\" id=\"audio-2549-11\" preload=\"none\" style=\"width: 100%;\" controls=\"controls\"><source type=\"audio\/mpeg\" src=\"https:\/\/pages.pedf.cuni.cz\/khv\/files\/2019\/02\/A11.mp3?_=11\" \/><a href=\"https:\/\/pages.pedf.cuni.cz\/khv\/files\/2019\/02\/A11.mp3\">https:\/\/pages.pedf.cuni.cz\/khv\/files\/2019\/02\/A11.mp3<\/a><\/audio>\n<p>A12<\/p>\n<audio class=\"wp-audio-shortcode\" id=\"audio-2549-12\" preload=\"none\" style=\"width: 100%;\" controls=\"controls\"><source type=\"audio\/mpeg\" src=\"https:\/\/pages.pedf.cuni.cz\/khv\/files\/2019\/02\/A12.mp3?_=12\" \/><a href=\"https:\/\/pages.pedf.cuni.cz\/khv\/files\/2019\/02\/A12.mp3\">https:\/\/pages.pedf.cuni.cz\/khv\/files\/2019\/02\/A12.mp3<\/a><\/audio>\n<p>A13<\/p>\n<audio class=\"wp-audio-shortcode\" id=\"audio-2549-13\" preload=\"none\" style=\"width: 100%;\" controls=\"controls\"><source type=\"audio\/mpeg\" src=\"https:\/\/pages.pedf.cuni.cz\/khv\/files\/2019\/02\/A13.mp3?_=13\" \/><a href=\"https:\/\/pages.pedf.cuni.cz\/khv\/files\/2019\/02\/A13.mp3\">https:\/\/pages.pedf.cuni.cz\/khv\/files\/2019\/02\/A13.mp3<\/a><\/audio>\n<p>A14<\/p>\n<audio class=\"wp-audio-shortcode\" id=\"audio-2549-14\" preload=\"none\" style=\"width: 100%;\" controls=\"controls\"><source type=\"audio\/mpeg\" src=\"https:\/\/pages.pedf.cuni.cz\/khv\/files\/2019\/02\/A14.mp3?_=14\" \/><a href=\"https:\/\/pages.pedf.cuni.cz\/khv\/files\/2019\/02\/A14.mp3\">https:\/\/pages.pedf.cuni.cz\/khv\/files\/2019\/02\/A14.mp3<\/a><\/audio>\n<p>A15<\/p>\n<audio class=\"wp-audio-shortcode\" id=\"audio-2549-15\" preload=\"none\" style=\"width: 100%;\" controls=\"controls\"><source type=\"audio\/mpeg\" src=\"https:\/\/pages.pedf.cuni.cz\/khv\/files\/2019\/02\/A15.mp3?_=15\" \/><a href=\"https:\/\/pages.pedf.cuni.cz\/khv\/files\/2019\/02\/A15.mp3\">https:\/\/pages.pedf.cuni.cz\/khv\/files\/2019\/02\/A15.mp3<\/a><\/audio>\n<p>A16<\/p>\n<audio class=\"wp-audio-shortcode\" id=\"audio-2549-16\" preload=\"none\" style=\"width: 100%;\" controls=\"controls\"><source type=\"audio\/mpeg\" src=\"https:\/\/pages.pedf.cuni.cz\/khv\/files\/2019\/02\/A16.mp3?_=16\" \/><a href=\"https:\/\/pages.pedf.cuni.cz\/khv\/files\/2019\/02\/A16.mp3\">https:\/\/pages.pedf.cuni.cz\/khv\/files\/2019\/02\/A16.mp3<\/a><\/audio>\n<p>&nbsp;<\/p>\n<p><strong>Test ch\u00e1p\u00e1n\u00ed hudebn\u011b v\u00fdstavbov\u00e9 struktury<br \/>\n<\/strong><\/p>\n<p>B01<\/p>\n<audio class=\"wp-audio-shortcode\" id=\"audio-2549-17\" preload=\"none\" style=\"width: 100%;\" controls=\"controls\"><source type=\"audio\/mpeg\" src=\"https:\/\/pages.pedf.cuni.cz\/khv\/files\/2019\/02\/B01.mp3?_=17\" \/><a href=\"https:\/\/pages.pedf.cuni.cz\/khv\/files\/2019\/02\/B01.mp3\">https:\/\/pages.pedf.cuni.cz\/khv\/files\/2019\/02\/B01.mp3<\/a><\/audio>\n<p>B02<\/p>\n<audio class=\"wp-audio-shortcode\" id=\"audio-2549-18\" preload=\"none\" style=\"width: 100%;\" controls=\"controls\"><source type=\"audio\/mpeg\" src=\"https:\/\/pages.pedf.cuni.cz\/khv\/files\/2019\/02\/B02.mp3?_=18\" \/><a href=\"https:\/\/pages.pedf.cuni.cz\/khv\/files\/2019\/02\/B02.mp3\">https:\/\/pages.pedf.cuni.cz\/khv\/files\/2019\/02\/B02.mp3<\/a><\/audio>\n<p>B03<\/p>\n<audio class=\"wp-audio-shortcode\" id=\"audio-2549-19\" preload=\"none\" style=\"width: 100%;\" controls=\"controls\"><source type=\"audio\/mpeg\" src=\"https:\/\/pages.pedf.cuni.cz\/khv\/files\/2019\/02\/B03.mp3?_=19\" \/><a href=\"https:\/\/pages.pedf.cuni.cz\/khv\/files\/2019\/02\/B03.mp3\">https:\/\/pages.pedf.cuni.cz\/khv\/files\/2019\/02\/B03.mp3<\/a><\/audio>\n<p>B04<\/p>\n<audio class=\"wp-audio-shortcode\" id=\"audio-2549-20\" preload=\"none\" style=\"width: 100%;\" controls=\"controls\"><source type=\"audio\/mpeg\" src=\"https:\/\/pages.pedf.cuni.cz\/khv\/files\/2019\/02\/B04.mp3?_=20\" \/><a href=\"https:\/\/pages.pedf.cuni.cz\/khv\/files\/2019\/02\/B04.mp3\">https:\/\/pages.pedf.cuni.cz\/khv\/files\/2019\/02\/B04.mp3<\/a><\/audio>\n<p>B05<\/p>\n<audio class=\"wp-audio-shortcode\" id=\"audio-2549-21\" preload=\"none\" style=\"width: 100%;\" controls=\"controls\"><source type=\"audio\/mpeg\" src=\"https:\/\/pages.pedf.cuni.cz\/khv\/files\/2019\/02\/B05.mp3?_=21\" \/><a href=\"https:\/\/pages.pedf.cuni.cz\/khv\/files\/2019\/02\/B05.mp3\">https:\/\/pages.pedf.cuni.cz\/khv\/files\/2019\/02\/B05.mp3<\/a><\/audio>\n<p>B06<\/p>\n<audio class=\"wp-audio-shortcode\" id=\"audio-2549-22\" preload=\"none\" style=\"width: 100%;\" controls=\"controls\"><source type=\"audio\/mpeg\" src=\"https:\/\/pages.pedf.cuni.cz\/khv\/files\/2019\/02\/B06.mp3?_=22\" \/><a href=\"https:\/\/pages.pedf.cuni.cz\/khv\/files\/2019\/02\/B06.mp3\">https:\/\/pages.pedf.cuni.cz\/khv\/files\/2019\/02\/B06.mp3<\/a><\/audio>\n<p>B07<\/p>\n<audio class=\"wp-audio-shortcode\" id=\"audio-2549-23\" preload=\"none\" style=\"width: 100%;\" controls=\"controls\"><source type=\"audio\/mpeg\" src=\"https:\/\/pages.pedf.cuni.cz\/khv\/files\/2019\/02\/B07.mp3?_=23\" \/><a href=\"https:\/\/pages.pedf.cuni.cz\/khv\/files\/2019\/02\/B07.mp3\">https:\/\/pages.pedf.cuni.cz\/khv\/files\/2019\/02\/B07.mp3<\/a><\/audio>\n<p>B08<\/p>\n<audio class=\"wp-audio-shortcode\" id=\"audio-2549-24\" preload=\"none\" style=\"width: 100%;\" controls=\"controls\"><source type=\"audio\/mpeg\" src=\"https:\/\/pages.pedf.cuni.cz\/khv\/files\/2019\/02\/B08.mp3?_=24\" \/><a href=\"https:\/\/pages.pedf.cuni.cz\/khv\/files\/2019\/02\/B08.mp3\">https:\/\/pages.pedf.cuni.cz\/khv\/files\/2019\/02\/B08.mp3<\/a><\/audio>\n<p>B09<\/p>\n<audio class=\"wp-audio-shortcode\" id=\"audio-2549-25\" preload=\"none\" style=\"width: 100%;\" controls=\"controls\"><source type=\"audio\/mpeg\" src=\"https:\/\/pages.pedf.cuni.cz\/khv\/files\/2019\/02\/B09.mp3?_=25\" \/><a href=\"https:\/\/pages.pedf.cuni.cz\/khv\/files\/2019\/02\/B09.mp3\">https:\/\/pages.pedf.cuni.cz\/khv\/files\/2019\/02\/B09.mp3<\/a><\/audio>\n<p>B10<\/p>\n<audio class=\"wp-audio-shortcode\" id=\"audio-2549-26\" preload=\"none\" style=\"width: 100%;\" controls=\"controls\"><source type=\"audio\/mpeg\" src=\"https:\/\/pages.pedf.cuni.cz\/khv\/files\/2019\/02\/B10.mp3?_=26\" \/><a href=\"https:\/\/pages.pedf.cuni.cz\/khv\/files\/2019\/02\/B10.mp3\">https:\/\/pages.pedf.cuni.cz\/khv\/files\/2019\/02\/B10.mp3<\/a><\/audio>\n<p>B11<\/p>\n<audio class=\"wp-audio-shortcode\" id=\"audio-2549-27\" preload=\"none\" style=\"width: 100%;\" controls=\"controls\"><source type=\"audio\/mpeg\" src=\"https:\/\/pages.pedf.cuni.cz\/khv\/files\/2019\/02\/B11.mp3?_=27\" \/><a href=\"https:\/\/pages.pedf.cuni.cz\/khv\/files\/2019\/02\/B11.mp3\">https:\/\/pages.pedf.cuni.cz\/khv\/files\/2019\/02\/B11.mp3<\/a><\/audio>\n<p>B12<\/p>\n<audio class=\"wp-audio-shortcode\" id=\"audio-2549-28\" preload=\"none\" style=\"width: 100%;\" controls=\"controls\"><source type=\"audio\/mpeg\" src=\"https:\/\/pages.pedf.cuni.cz\/khv\/files\/2019\/02\/B12.mp3?_=28\" \/><a href=\"https:\/\/pages.pedf.cuni.cz\/khv\/files\/2019\/02\/B12.mp3\">https:\/\/pages.pedf.cuni.cz\/khv\/files\/2019\/02\/B12.mp3<\/a><\/audio>\n<p>B13<\/p>\n<audio class=\"wp-audio-shortcode\" id=\"audio-2549-29\" preload=\"none\" style=\"width: 100%;\" controls=\"controls\"><source type=\"audio\/mpeg\" src=\"https:\/\/pages.pedf.cuni.cz\/khv\/files\/2019\/02\/B13.mp3?_=29\" \/><a href=\"https:\/\/pages.pedf.cuni.cz\/khv\/files\/2019\/02\/B13.mp3\">https:\/\/pages.pedf.cuni.cz\/khv\/files\/2019\/02\/B13.mp3<\/a><\/audio>\n<p>B14<\/p>\n<audio class=\"wp-audio-shortcode\" id=\"audio-2549-30\" preload=\"none\" style=\"width: 100%;\" controls=\"controls\"><source type=\"audio\/mpeg\" src=\"https:\/\/pages.pedf.cuni.cz\/khv\/files\/2019\/02\/B14.mp3?_=30\" \/><a href=\"https:\/\/pages.pedf.cuni.cz\/khv\/files\/2019\/02\/B14.mp3\">https:\/\/pages.pedf.cuni.cz\/khv\/files\/2019\/02\/B14.mp3<\/a><\/audio>\n<p>B15<\/p>\n<audio class=\"wp-audio-shortcode\" id=\"audio-2549-31\" preload=\"none\" style=\"width: 100%;\" controls=\"controls\"><source type=\"audio\/mpeg\" src=\"https:\/\/pages.pedf.cuni.cz\/khv\/files\/2019\/02\/B15.mp3?_=31\" \/><a href=\"https:\/\/pages.pedf.cuni.cz\/khv\/files\/2019\/02\/B15.mp3\">https:\/\/pages.pedf.cuni.cz\/khv\/files\/2019\/02\/B15.mp3<\/a><\/audio>\n<p>B16<\/p>\n<audio class=\"wp-audio-shortcode\" id=\"audio-2549-32\" preload=\"none\" style=\"width: 100%;\" controls=\"controls\"><source type=\"audio\/mpeg\" src=\"https:\/\/pages.pedf.cuni.cz\/khv\/files\/2019\/02\/B16.mp3?_=32\" \/><a href=\"https:\/\/pages.pedf.cuni.cz\/khv\/files\/2019\/02\/B16.mp3\">https:\/\/pages.pedf.cuni.cz\/khv\/files\/2019\/02\/B16.mp3<\/a><\/audio>\n<p>B17<\/p>\n<audio class=\"wp-audio-shortcode\" id=\"audio-2549-33\" preload=\"none\" style=\"width: 100%;\" controls=\"controls\"><source type=\"audio\/mpeg\" src=\"https:\/\/pages.pedf.cuni.cz\/khv\/files\/2019\/02\/B17.mp3?_=33\" \/><a href=\"https:\/\/pages.pedf.cuni.cz\/khv\/files\/2019\/02\/B17.mp3\">https:\/\/pages.pedf.cuni.cz\/khv\/files\/2019\/02\/B17.mp3<\/a><\/audio>\n<p>B18<\/p>\n<audio class=\"wp-audio-shortcode\" id=\"audio-2549-34\" preload=\"none\" style=\"width: 100%;\" controls=\"controls\"><source type=\"audio\/mpeg\" src=\"https:\/\/pages.pedf.cuni.cz\/khv\/files\/2019\/02\/B18.mp3?_=34\" \/><a href=\"https:\/\/pages.pedf.cuni.cz\/khv\/files\/2019\/02\/B18.mp3\">https:\/\/pages.pedf.cuni.cz\/khv\/files\/2019\/02\/B18.mp3<\/a><\/audio>\n<p>&nbsp;<\/p>\n<p>&nbsp;<\/p>\n<p>&nbsp;<\/p>\n","protected":false},"excerpt":{"rendered":"<p>HolasPopisCD HolasTabulkaProAdministraciTestu &nbsp; Test hudebn\u011b sluchov\u00fdch schopnost\u00ed A01 A02 A03 A04 A05 A06 A07 A08 A09 A10 A11 A12 A13 A14 A15 A16 &nbsp; Test ch\u00e1p\u00e1n\u00ed hudebn\u011b v\u00fdstavbov\u00e9 struktury B01 B02 B03 B04 B05 B06 B07 B08 B09 B10 B11 B12 B13 B14 B15 B16 B17 B18 &nbsp; &nbsp; &nbsp;<\/p>\n","protected":false},"author":422,"featured_media":0,"parent":2546,"menu_order":0,"comment_status":"closed","ping_status":"closed","template":"","meta":{"footnotes":""},"class_list":["post-2549","page","type-page","status-publish","hentry"],"_links":{"self":[{"href":"https:\/\/pages.pedf.cuni.cz\/khv\/wp-json\/wp\/v2\/pages\/2549","targetHints":{"allow":["GET"]}}],"collection":[{"href":"https:\/\/pages.pedf.cuni.cz\/khv\/wp-json\/wp\/v2\/pages"}],"about":[{"href":"https:\/\/pages.pedf.cuni.cz\/khv\/wp-json\/wp\/v2\/types\/page"}],"author":[{"embeddable":true,"href":"https:\/\/pages.pedf.cuni.cz\/khv\/wp-json\/wp\/v2\/users\/422"}],"replies":[{"embeddable":true,"href":"https:\/\/pages.pedf.cuni.cz\/khv\/wp-json\/wp\/v2\/comments?post=2549"}],"version-history":[{"count":3,"href":"https:\/\/pages.pedf.cuni.cz\/khv\/wp-json\/wp\/v2\/pages\/2549\/revisions"}],"predecessor-version":[{"id":2611,"href":"https:\/\/pages.pedf.cuni.cz\/khv\/wp-json\/wp\/v2\/pages\/2549\/revisions\/2611"}],"up":[{"embeddable":true,"href":"https:\/\/pages.pedf.cuni.cz\/khv\/wp-json\/wp\/v2\/pages\/2546"}],"wp:attachment":[{"href":"https:\/\/pages.pedf.cuni.cz\/khv\/wp-json\/wp\/v2\/media?parent=2549"}],"curies":[{"name":"wp","href":"https:\/\/api.w.org\/{rel}","templated":true}]}}