{"id":285,"date":"2015-05-23T12:15:00","date_gmt":"2015-05-23T10:15:00","guid":{"rendered":"http:\/\/pages.pedf.cuni.cz\/khv\/?page_id=285"},"modified":"2026-01-07T17:43:18","modified_gmt":"2026-01-07T16:43:18","slug":"historie-katedry","status":"publish","type":"page","link":"https:\/\/pages.pedf.cuni.cz\/khv\/profil-katedry\/historie-katedry\/","title":{"rendered":"Historie katedry"},"content":{"rendered":"<p><strong>N\u011bkolik moment\u016f z historie katedry hudebn\u00ed v\u00fdchovy Pedagogick\u00e9 fakulty UK v Praze<\/strong><\/p>\n<p>Vysoko\u0161kolsk\u00e9 studium u\u010ditelstv\u00ed hudebn\u00ed v\u00fdchovy \u00fazce souvis\u00ed se vznikem pedagogick\u00fdch fakult, kdy podle z\u00e1kona z\u00a09. dubna 1946 byly p\u0159i tehdej\u0161\u00edch univerzit\u00e1ch v\u00a0Praze, v\u00a0Brn\u011b a v\u00a0Olomouci ustaveny pedagogick\u00e9 fakulty. Pedagogick\u00e1 fakulta Univerzity Karlovy v\u00a0Praze byla slavnostn\u011b otev\u0159ena 15. listopadu 1946; do tohoto obdob\u00ed tak\u00e9 spad\u00e1 vznik pra\u017esk\u00e9 katedry hudebn\u00ed v\u00fdchovy, \u010d\u00edm\u017e bylo zah\u00e1jeno <strong>vysoko\u0161kolsk\u00e9<\/strong> studium u\u010ditelstv\u00ed hudebn\u00ed v\u00fdchovy, co\u017e p\u0159edstavuje v\u00a0d\u011bjin\u00e1ch na\u0161\u00ed hudebn\u00ed v\u00fdchovy v\u00fdznamn\u00fd mezn\u00edk.<\/p>\n<p>P\u0159edchoz\u00ed v\u00fdvoj \u00fasil\u00ed o zkvalitn\u011bn\u00ed pedagogick\u00e9 p\u0159\u00edpravy u\u010ditel\u016f hudebn\u00ed v\u00fdchovy na v\u0161eobecn\u011b vzd\u011bl\u00e1vac\u00edch \u0161kol\u00e1ch od zaveden\u00ed tohoto p\u0159edm\u011btu jako povinn\u00e9ho v\u00a0roce 1869 byl mnohotv\u00e1rn\u00fd jak po str\u00e1nce organiza\u010dn\u00ed, tak i obsahov\u00e9, kone\u010dn\u011b z\u00e1kladn\u00ed probl\u00e9m t\u00e9to p\u0159\u00edpravy je st\u00e1l\u00fd a\u017e do dne\u0161n\u00edch dn\u016f: jak v\u00a0mal\u00e9 (a v\u011bt\u0161inou nedostate\u010dn\u00e9) \u010dasov\u00e9 \u2013 hodinov\u00e9 dotaci skloubit p\u0159\u00edm\u00e9 praktick\u00e9 (um\u011bleck\u00e9) studium hudby (hra na n\u00e1stroj, zp\u011bv s\u00f3lov\u00fd a sborov\u00fd, dirigov\u00e1n\u00ed, intonace) s\u00a0p\u0159edm\u011bty sp\u00ed\u0161e naukov\u00fdmi (d\u011bjiny a poslech hudby, hudebn\u011b skladebn\u00e9 nauky) a pedagogick\u00fdmi (didaktika oboru, psychologie, pedagogick\u00e1 praxe aj.). Velk\u00e9 diskuse na toto t\u00e9ma prob\u00edhaly tak\u00e9 t\u011bsn\u011b p\u0159ed z\u0159\u00edzen\u00edm pedagogick\u00fdch fakult, kdy nap\u0159\u00edklad p\u0159ich\u00e1zela v\u00a0\u00favahu a \u010d\u00e1ste\u010dn\u011b se snad i zkou\u0161ela kombinace studia na dosavadn\u00edm pedagogick\u00e9m odd\u011blen\u00ed konzervato\u0159e s\u00a0p\u0159edn\u00e1\u0161kami na univerzit\u011b, pop\u0159\u00edpad\u011b se navrhovalo z\u0159\u00edzen\u00ed tohoto studia na Akademii m\u00fazick\u00fdch um\u011bn\u00ed.<\/p>\n<p>Hudebn\u00ed \u017eivot na p\u0159elomu 40. a 50. let se sice hojn\u011b zam\u011b\u0159oval na amat\u00e9rsk\u00e9 hudebn\u011bv\u00fdchovn\u00e9 aktivity (p\u011bveck\u00e9 krou\u017eky, instrument\u00e1ln\u00ed soubory, komentovan\u00e9 rozhlasov\u00e9 hudebn\u00ed po\u0159ady, v\u00fdchovn\u00e9 koncerty pro d\u011bti), av\u0161ak samotn\u00e1 \u201e\u0161kolsk\u00e1\u201c hudebn\u00ed v\u00fdchova byla st\u00e1le v\u00edce upoza\u010fov\u00e1na (viz \u0161kolsk\u00e1 reforma z\u00a0roku 1953 \u2013 1hod.\/t\u00fdden pouze pro 1.\u20137. ro\u010dn\u00edk). Tato neuspokojiv\u00e1 situace vyvolala zejm\u00e9na v\u00a02. polovin\u011b 50. let hnut\u00ed \u0161irok\u00e9 hudebn\u00ed a kulturn\u00ed ve\u0159ejnosti a p\u0159edstavitel\u016f vrcholn\u00fdch hudebn\u00edch instituc\u00ed ve prosp\u011bch zaji\u0161t\u011bn\u00ed pat\u0159i\u010dn\u00e9ho postaven\u00ed hudebn\u00ed v\u00fdchovy na \u0161kol\u00e1ch a jej\u00edho n\u00e1le\u017eit\u00e9ho ocen\u011bn\u00ed.<\/p>\n<p>Na ve\u0161ker\u00e9 t\u00e9to \u010dinnosti se samoz\u0159ejm\u011b v\u00fdrazn\u011b pod\u00edleli i \u010dlenov\u00e9 pra\u017esk\u00e9 katedry hudebn\u00ed v\u00fdchovy. Pat\u0159il k\u00a0nim i <strong>Adolf Cm\u00edral <\/strong>(1882\u20131963), kter\u00fd se v\u00a0prvn\u00ed polovin\u011b 20. stolet\u00ed velmi zaslou\u017eil o rozvoj hudebn\u011b pedagogick\u00e9ho odd\u011blen\u00ed pra\u017esk\u00e9 konzervato\u0159e a o hudebn\u00ed v\u00fdchov\u011b publikoval \u0159adu z\u00e1va\u017en\u00fdch stat\u00ed. Jeho kolegy byli zku\u0161en\u00ed hudebn\u00edci a pedagogov\u00e9 z\u00a0r\u016fzn\u00fdch oblast\u00ed hudebn\u00ed praxe, nap\u0159. <strong>Franti\u0161ek S\u00fdkora<\/strong> (1900\u20131959), n\u011bkdej\u0161\u00ed profesor u\u010ditelsk\u00e9ho \u00fastavu.<\/p>\n<p>Prvn\u00edm vedouc\u00edm katedry byl jmenov\u00e1n <strong>Anton\u00edn Sychra<\/strong> (1918\u20131969), muzikolog a estetik, kter\u00fd p\u0159edt\u00edm p\u016fsobil v\u00a0hudebn\u00edm odd\u011blen\u00ed V\u00fdzkumn\u00e9ho \u00fastavu pedagogick\u00e9ho v\u00a0Praze. O problematice hudebn\u00ed v\u00fdchovy napsal n\u011bkolik pozoruhodn\u00fdch studi\u00ed a kated\u0159e dal do v\u00ednku vy\u0161\u0161\u00ed v\u011bdeck\u00fd nadhled k\u00a0jej\u00ed solidn\u00ed hudebn\u011b pedagogick\u00e9 \u010dinnosti. Z\u00a0n\u011bkolika student\u016f vytvo\u0159il debatn\u00ed krou\u017eek, do n\u011bj\u017e pat\u0159il nap\u0159. estetik <strong>Milo\u0161 J\u016fzl<\/strong> \u00a0(1928\u20131996), hudebn\u00ed teoretik a pedagog <strong>Lud\u011bk Zenkl<\/strong> (1926\u20132012), kter\u00fd pozd\u011bji na kated\u0159e tak\u00e9 vyu\u010doval, nebo redaktorka <strong>Pravdomila R\u016f\u017ei\u010dkov\u00e1<\/strong>&#8211;<strong>Etl\u00edkov\u00e1<\/strong> (1928). Druh\u00fdm vedouc\u00edm katedry se z\u00e1hy stal <strong>Josef Plavec<\/strong> (1905\u20131979), hudebn\u00ed kritik, pedagog, sbormistr a skladatel, jen\u017e se ob\u011btav\u011b a neohro\u017een\u011b anga\u017eoval v\u00a0boji za hudebn\u00ed v\u00fdchovu.<\/p>\n<p>K\u00a0dal\u0161\u00edm tehdej\u0161\u00edm pedagog\u016fm katedry se \u0159ad\u00ed i hudebn\u00ed teoretik <strong>Eduard Herzog<\/strong> (1916\u20131997). Z\u00a0jeho diplomant\u016f p\u0159ipome\u0148me nap\u0159. sbormistryni<strong> V\u011bru Kube\u010dkovou-Sokolovou <\/strong>(*1931) nebo historika a pozd\u011bj\u0161\u00edho vysoko\u0161kolsk\u00e9ho pedagoga <strong>Jaroslava Mihuleho <\/strong>(1930-2024). K dal\u0161\u00edm absolvent\u016fm katedry pat\u0159ila autorka u\u010debnic hudebn\u00ed v\u00fdchovy <strong>Olga Salfick\u00e1-Pragrov\u00e1<\/strong> nebo pozd\u011bj\u0161\u00ed vysoko\u0161kolsk\u00e1 pedago\u017eka <strong>Olga \u010cen\u010d\u00edkov\u00e1<\/strong> (metodika poslechu hudby).<\/p>\n<p>Proto\u017ee za nacistick\u00e9 okupace byly \u010desk\u00e9 vysok\u00e9 \u0161koly uzav\u0159eny, studovali na kated\u0159e v\u00a0jej\u00edch prvn\u00edch letech studenti v\u011bkov\u011b star\u0161\u00ed, zato v\u0161ak obohacen\u00ed zku\u0161enostmi z\u00a0praxe, co\u017e se p\u0159\u00edzniv\u011b projevovalo zvl\u00e1\u0161t\u011b v\u00a0hudebn\u011b pedagogick\u00fdch semin\u00e1\u0159\u00edch. Z\u00a0nam\u00e1tkou uv\u00e1d\u00edme hudebn\u00edho pedagoga <strong>Ladislava Daniela<\/strong> (1922-2015) nebo pedagoga a redaktora <strong>Vratislava Ber\u00e1nka<\/strong> (1926\u20132012), sbormistry <strong>Josefa Pazderku<\/strong> (1916\u20131979), <strong>Vlastimila Kobrleho <\/strong>(1928) nebo muzikologa <strong>Bohumila Du\u0161ka<\/strong> (1923\u20131981).<\/p>\n<p>Tak\u00e9 <strong>Franti\u0161ek Sedl\u00e1k <\/strong>(1916\u20132002) a <strong>Jaroslav Herden <\/strong>(1931\u20132010), oba pozd\u011bj\u0161\u00ed vedouc\u00ed pra\u017esk\u00e9 katedry hudebn\u00ed v\u00fdchovy, pat\u0159\u00ed k\u00a0jej\u00edm absolvent\u016fm, rovn\u011b\u017e tak <strong><strong>Vlastimil Kobrle <\/strong><\/strong>(1928),<strong> Tom\u00e1\u0161 Fiala<\/strong> (1933-2021) nebo <strong>Josef \u0158\u00edha <\/strong>(1934), v\u0161ichni t\u0159i pozd\u011bj\u0161\u00ed vedouc\u00ed katedry hudebn\u00ed v\u00fdchovy Pedagogick\u00e9 fakulty v \u00dast\u00ed nad Labem.<\/p>\n<p>Z\u00a0dal\u0161\u00edch osobnost\u00ed, kter\u00e9 pedagogicky p\u016fsobily na pra\u017esk\u00e9 kated\u0159e: <strong>Ji\u0159\u00ed Laburda<\/strong> (1931-2025), <strong>Ivan Poled\u0148\u00e1k<\/strong> (1931\u20132009), <strong>Ji\u0159\u00ed Kol\u00e1\u0159<\/strong> (1932), <strong>Eva Jen\u010dkov\u00e1<\/strong> (1949) a dal\u0161\u00ed\u2026<\/p>\n<p>P\u0159evzato a upraveno z\u00a0\u010dl\u00e1nku prof. Lu\u010fka Zenkla <em>K\u00a060. v\u00fdro\u010d\u00ed zalo\u017een\u00ed pra\u017esk\u00e9 katedry hudebn\u00ed v\u00fdchovy <\/em>(in <em>KONTEXTY HUDEBN\u00cd PEDAGOGIKY I<\/em>, Praha: PedF UK, 2008)<\/p>\n<p><strong>Vedouc\u00ed katedry hudebn\u00ed v\u00fdchovy Pedagogick\u00e9 fakulty UK v\u00a0Praze:<\/strong><\/p>\n<ul>\n<li><strong> <strong>1948<\/strong><\/strong><strong><strong><strong>\u20131953 <\/strong><\/strong><\/strong><strong><strong><strong><strong>\u2013 <\/strong><\/strong>prof. PhDr. <\/strong>Anton\u00edn Sychra, <\/strong><strong><strong>DrSc.<\/strong><\/strong>, muzikolog, estetik, hudebn\u00ed kritik, pedagog \u2013 <a href=\"https:\/\/www.ceskyhudebnislovnik.cz\/slovnik\/index.php?option=com_mdictionary&amp;task=record.record_detail&amp;id=7279\">v\u00edce o n\u011bm<\/a><\/li>\n<li><strong>1953<\/strong><strong>\u20131970 <\/strong><strong>\u2013 <\/strong><strong>prof. PhDr. Josef Plavec, DrSc.<\/strong>, hudebn\u00ed kritik, pedagog, sbormistr a skladatel \u2013 <a href=\"https:\/\/www.ceskyhudebnislovnik.cz\/slovnik\/index.php?option=com_mdictionary&amp;task=record.record_detail&amp;id=1315\">v\u00edce o n\u011bm<\/a><\/li>\n<li><strong>1970<\/strong><strong>\u20131982 <\/strong><strong>\u2013 <\/strong><strong>doc. PhDr. Franti\u0161ek Sedl\u00e1k, CSc.<\/strong>, hudebn\u00ed psycholog, pedagog \u2013 <a href=\"https:\/\/www.ceskyhudebnislovnik.cz\/slovnik\/index.php?option=com_mdictionary&amp;task=record.record_detail&amp;id=7346\">v\u00edce o n\u011bm<\/a><\/li>\n<li><strong>1982<\/strong><strong>\u20131990 <\/strong><strong>\u2013 doc. PhDr. Old\u0159ich Kadlec, CSc.<\/strong><\/li>\n<li><strong>1990<\/strong><strong>\u20132001 <\/strong><strong>\u2013 <\/strong><strong>prof. PaedDr. Jaroslav Herden, CSc.<\/strong>, hudebn\u00ed teoretik, pedagog a skladatel\u00a0 \u2013 <a href=\"https:\/\/www.ceskyhudebnislovnik.cz\/slovnik\/index.php?option=com_mdictionary&amp;task=record.record_detail&amp;id=8715\">v\u00edce o n\u011bm<\/a><\/li>\n<li><strong>2001<\/strong><strong>\u20132007 <\/strong><strong>\u2013 prof. PaedDr. Michal Ned\u011blka, Dr.<\/strong>, hudebn\u00ed teoretik a pedagog \u2013 <a href=\"https:\/\/www.ceskyhudebnislovnik.cz\/slovnik\/index.php?option=com_mdictionary&amp;task=record.record_detail&amp;id=1003118\">v\u00edce o n\u011bm<\/a><\/li>\n<li><strong>2007<\/strong><strong>\u20132018 <\/strong><strong>\u2013 doc. MgA. Jana Palkovsk\u00e1<\/strong>, klav\u00edristka, pedago\u017eka \u2013 <a href=\"http:\/\/www.repix.org\/khvweb\/index.php?option=com_content&amp;task=view&amp;id=105&amp;Itemid=7\">v\u00edce o n\u00ed<\/a><\/li>\n<li><strong>2018\u2013dosud \u2013 doc. MgA. et Mgr. Marek Val\u00e1\u0161ek, Ph.D.<\/strong>, sbormistr a pedagog <strong>\u2013 <\/strong><a href=\"http:\/\/www.piccola.cz\/o-nas\/dirigent\/\" target=\"_blank\" rel=\"noopener noreferrer\">v\u00edce o n\u011bm<\/a><strong><br \/>\n<\/strong><\/li>\n<\/ul>\n<p><strong>Dal\u0161\u00ed v\u00fdznamn\u00ed pedagogov\u00e9, kte\u0159\u00ed p\u016fsobili na kated\u0159e hudebn\u00ed v\u00fdchovy Pedagogick\u00e9 fakulty UK v\u00a0Praze:<\/strong><\/p>\n<ul>\n<li><strong>prof. Adolf Cm\u00edral<\/strong>, hudebn\u00ed teoretik, skladatel, publicista a pedagog \u2013 <a href=\"https:\/\/www.ceskyhudebnislovnik.cz\/slovnik\/index.php?option=com_mdictionary&amp;task=record.record_detail&amp;id=7206\">v\u00edce o n\u011bm<\/a><\/li>\n<li><strong>dr. Eduard Herzog<\/strong>, muzikolog, hudebn\u00ed teoretik, pedagog \u2013 <a href=\"https:\/\/www.ceskyhudebnislovnik.cz\/slovnik\/index.php?option=com_mdictionary&amp;task=record.record_detail&amp;id=5975\">v\u00edce o n\u011bm<\/a><\/li>\n<li><strong>prof. PaedDr. Lud\u011bk Zenkl, CSc.<\/strong>, muzikolog, hudebn\u00ed teoretik a pedagog \u2013 <a href=\"https:\/\/www.ceskyhudebnislovnik.cz\/slovnik\/index.php?option=com_mdictionary&amp;task=record.record_detail&amp;id=5100\">v\u00edce o n\u011bm<\/a><\/li>\n<li><strong>Prof. PhDr. Jaroslav Mihule, CSc.<\/strong>, muzikolog, skladatel, pedagog \u2013 <a href=\"http:\/\/www.ceskyhudebnislovnik.cz\/slovnik\/index.php?option=com_mdictionary&amp;task=record.record_detail&amp;id=1003381\">v\u00edce o n\u011bm<\/a> + <a href=\"https:\/\/pages.pedf.cuni.cz\/khv\/files\/2022\/02\/skenovani.pdf\" target=\"_blank\" rel=\"noopener noreferrer\">\u010destn\u00e9 ob\u010danstv\u00ed<\/a><\/li>\n<li><strong><strong>prof. PhDr. <\/strong>Ivan Poled\u0148\u00e1k<\/strong>, DrSc., muzikolog, publicista, pedagog \u2013 <a href=\"https:\/\/www.ceskyhudebnislovnik.cz\/slovnik\/index.php?option=com_mdictionary&amp;task=record.record_detail&amp;id=662\">v\u00edce o n\u011bm<\/a><\/li>\n<li><strong>PhDr. Ji\u0159\u00ed Laburda<\/strong>, skladatel a pedagog \u2013 <a href=\"https:\/\/www.ceskyhudebnislovnik.cz\/slovnik\/index.php?option=com_mdictionary&amp;task=record.record_detail&amp;id=676\">v\u00edce o n\u011bm<\/a><\/li>\n<li><strong>prof. PaedDr. Ji\u0159\u00ed Kol\u00e1\u0159<\/strong>, sbormist a pedagog \u2013 <a href=\"https:\/\/www.ceskyhudebnislovnik.cz\/slovnik\/index.php?option=com_mdictionary&amp;task=record.record_detail&amp;id=2050\">v\u00edce o n\u011bm<\/a><\/li>\n<li><strong>doc. PhDr. V\u00e1clav Dr\u00e1bek, CSc.<\/strong>, muzikolog a pedagog \u2013 <a href=\"https:\/\/www.ceskyhudebnislovnik.cz\/slovnik\/index.php?option=com_mdictionary&amp;task=record.record_detail&amp;id=8714\">v\u00edce o n\u011bm<\/a><\/li>\n<li><strong><strong>prof. PhDr. <\/strong>Eva Jen\u010dkov\u00e1, CSc.<\/strong>, muzikolo\u017eka a hudebn\u00ed pedago\u017eka \u2013 <a href=\"https:\/\/www.ceskyhudebnislovnik.cz\/slovnik\/index.php?option=com_mdictionary&amp;task=record.record_detail&amp;id=1000083\">v\u00edce o n\u00ed<\/a><\/li>\n<li><strong>doc. Jan Maria Dobrodinsk\u00fd<\/strong>, dirigent, sbormistr, pedagog &#8211; <a href=\"https:\/\/pages.pedf.cuni.cz\/khv\/files\/2022\/02\/J.M.D.-obsahly.docx\">v\u00edce o n\u011bm<\/a><\/li>\n<\/ul>\n","protected":false},"excerpt":{"rendered":"<p>N\u011bkolik moment\u016f z historie katedry hudebn\u00ed v\u00fdchovy Pedagogick\u00e9 fakulty UK v Praze Vysoko\u0161kolsk\u00e9 studium u\u010ditelstv\u00ed hudebn\u00ed v\u00fdchovy \u00fazce souvis\u00ed se vznikem pedagogick\u00fdch fakult, kdy podle z\u00e1kona z\u00a09. dubna 1946 byly p\u0159i tehdej\u0161\u00edch univerzit\u00e1ch v\u00a0Praze, v\u00a0Brn\u011b a v\u00a0Olomouci ustaveny pedagogick\u00e9 fakulty. Pedagogick\u00e1 fakulta Univerzity Karlovy v\u00a0Praze byla slavnostn\u011b otev\u0159ena 15. listopadu 1946; do tohoto obdob\u00ed tak\u00e9 [&hellip;]<\/p>\n","protected":false},"author":422,"featured_media":0,"parent":288,"menu_order":2,"comment_status":"closed","ping_status":"closed","template":"","meta":{"footnotes":""},"class_list":["post-285","page","type-page","status-publish","hentry"],"_links":{"self":[{"href":"https:\/\/pages.pedf.cuni.cz\/khv\/wp-json\/wp\/v2\/pages\/285","targetHints":{"allow":["GET"]}}],"collection":[{"href":"https:\/\/pages.pedf.cuni.cz\/khv\/wp-json\/wp\/v2\/pages"}],"about":[{"href":"https:\/\/pages.pedf.cuni.cz\/khv\/wp-json\/wp\/v2\/types\/page"}],"author":[{"embeddable":true,"href":"https:\/\/pages.pedf.cuni.cz\/khv\/wp-json\/wp\/v2\/users\/422"}],"replies":[{"embeddable":true,"href":"https:\/\/pages.pedf.cuni.cz\/khv\/wp-json\/wp\/v2\/comments?post=285"}],"version-history":[{"count":18,"href":"https:\/\/pages.pedf.cuni.cz\/khv\/wp-json\/wp\/v2\/pages\/285\/revisions"}],"predecessor-version":[{"id":6440,"href":"https:\/\/pages.pedf.cuni.cz\/khv\/wp-json\/wp\/v2\/pages\/285\/revisions\/6440"}],"up":[{"embeddable":true,"href":"https:\/\/pages.pedf.cuni.cz\/khv\/wp-json\/wp\/v2\/pages\/288"}],"wp:attachment":[{"href":"https:\/\/pages.pedf.cuni.cz\/khv\/wp-json\/wp\/v2\/media?parent=285"}],"curies":[{"name":"wp","href":"https:\/\/api.w.org\/{rel}","templated":true}]}}