{"id":2923,"date":"2019-09-07T22:50:38","date_gmt":"2019-09-07T20:50:38","guid":{"rendered":"http:\/\/pages.pedf.cuni.cz\/khv\/?page_id=2923"},"modified":"2019-09-19T22:42:34","modified_gmt":"2019-09-19T20:42:34","slug":"mgr-milena-kmentova-ph-d","status":"publish","type":"page","link":"https:\/\/pages.pedf.cuni.cz\/khv\/profil-katedry\/pracovnici-katedry\/profily-vyucujicich\/mgr-milena-kmentova-ph-d\/","title":{"rendered":"Kmentov\u00e1 Milena, Mgr., Ph.D."},"content":{"rendered":"<p>Rodn\u00e9 p\u0159\u00edjmen\u00ed: Pitterov\u00e1<br \/>\nTitul: Mgr., Ph.D.<br \/>\nKontakt: milena.kmentova@pedf.cuni.cz<\/p>\n<p>&nbsp;<\/p>\n<p><strong>Nejvy\u0161\u0161\u00ed dosa\u017een\u00e9 vzd\u011bl\u00e1n\u00ed<\/strong>:<\/p>\n<ul>\n<li>PedF UK, Ph.D., hudebn\u00ed teorie a pedagogika, 2017; diserta\u010dn\u00ed pr\u00e1ce: Hudba jako v\u00fdrazn\u00fd prost\u0159edek kultivace \u0159e\u010di p\u0159ed\u0161koln\u00edch d\u011bt\u00ed.<\/li>\n<\/ul>\n<ul>\n<li>PedF UK, Mgr., speci\u00e1ln\u00ed pedagogika \u2013 u\u010ditelstv\u00ed na speci\u00e1ln\u00edch \u0161kol\u00e1ch, 2000 (SZZ psychopedie, tyflopedie, hudebn\u00ed v\u00fdchova), diplomov\u00e1 pr\u00e1ce: Zp\u011bvn\u00edk a instrument\u00e1ln\u00ed \u00fapravy lidov\u00fdch p\u00edsn\u00ed etnick\u00fdch men\u0161in \u017eij\u00edc\u00edch na na\u0161em \u00fazem\u00ed, vedouc\u00ed PaedDr. Alena Tich\u00e1, Ph.D. (viz p\u0159\u00edlohy)<\/li>\n<\/ul>\n<p>&nbsp;<\/p>\n<p><strong>Dosavadn\u00ed pr\u016fb\u011bh zam\u011bstn\u00e1n\u00ed:<\/strong><\/p>\n<p>2004-dosud : C\u00edrkevn\u00ed mate\u0159sk\u00e1 \u0161kola Laura, Praha 8, V\u00edtkova 12, u\u010ditelka<\/p>\n<p>2012-dosud : PedF UK v Praze, Katedra hudebn\u00ed v\u00fdchovy, pod\u00edl na \u010dinnosti katedry v r\u00e1mci doktorsk\u00e9ho studia, od 2016 odborn\u00e1 asistentka, v\u00fduka student\u016f oboru u\u010ditelstv\u00ed v M\u0160<\/p>\n<p><strong>\u00a0<\/strong><\/p>\n<p><strong>Zapojen\u00ed do v\u011bdeck\u00fdch a rozvojov\u00fdch projekt\u016f v\u00a0oblasti p\u0159ed\u0161koln\u00edho vzd\u011bl\u00e1v\u00e1n\u00ed a v\u00fdstupy t\u011bchto projekt\u016f:<\/strong><\/p>\n<ul>\n<li>2013\u201315 \u0159e\u0161itelka projektu Grantov\u00e9 agentury UK \u010d. 934213 Hudba jako v\u00fdrazn\u00fd prost\u0159edek kultivace \u0159e\u010di p\u0159ed\u0161koln\u00edch d\u011bt\u00ed, PedF UK, publika\u010dn\u00ed v\u00fdstup:\n<ul>\n<li>KMENTOV\u00c1, Milena. <em>Hudebn\u00ed a \u0159e\u010dov\u00e9 projevy p\u0159ed\u0161koln\u00edch d\u011bt\u00ed a jejich vz\u00e1jemn\u00e9 ovliv\u0148ov\u00e1n\u00ed<\/em>. V Praze: UK Pedagogick\u00e1 fakulta, 2015. ISBN 978-80-7290-869-1.<\/li>\n<\/ul>\n<\/li>\n<li>2015 \u0159e\u0161itelka Intern\u00edho rozvojov\u00e9ho projektu PedF UK, Implementace nov\u00fdch metod a u\u010debn\u00edch materi\u00e1l\u016f v oblasti hudebn\u00ed v\u00fdchovy do studijn\u00edch program\u016f u\u010ditelstv\u00ed pro mate\u0159sk\u00e9 \u0161koly, IRP 2015 236-056-2015, \u010d. 2<\/li>\n<li>pod\u00edl na \u0159e\u0161en\u00ed projektu Podpora pedagogick\u00fdch pracovn\u00edk\u016f pro pr\u00e1ci s d\u011btmi\/\u017e\u00e1ky-cizinci, NIDV 2016 s\u00a0t\u011bmito v\u00fdstupy:\n<ul>\n<li><em>Metodick\u00fd materi\u00e1l pro v\u00fduku d\u011bt\u00ed s odli\u0161n\u00fdm mate\u0159sk\u00fdm jazykem<\/em> \u2013 dostupn\u00e9 z <a href=\"http:\/\/cizinci.nidv.cz\/\">nidv.cz<\/a> (tak\u00e9 jako DVD ISBN 978-80-86956-95-4, vytvo\u0159il NIDV za podpory M\u0160MT \u010cR a MV \u010cR)<\/li>\n<li>akreditovan\u00fd VP DVPP <em>Hudebn\u00ed \u010dinnosti p\u0159i osvojov\u00e1n\u00ed \u010de\u0161tiny jako druh\u00e9ho jazyka<\/em> MSMT-25243\/2016-1-731, organizuje NIDV od 2016 v\u00a0Praze a krajsk\u00fdch pracovi\u0161t\u00edch (viz p\u0159\u00edloha akreditace, p\u0159\u00edloha seznam realizovan\u00fdch VP 2016-18)<\/li>\n<\/ul>\n<\/li>\n<\/ul>\n<p><strong>P\u0159edn\u00e1\u0161kov\u00e1 \u010dinnost na konferenc\u00edch (v\u00fdb\u011br):<\/strong><\/p>\n<ul>\n<li>\u010desko-slovensk\u00e1 doktorandsk\u00e1 konferencia, Bansk\u00e1 Bystrica, 24. 10. 2018, p\u0159edn\u00e1\u0161ka: T\u00e9mbrov\u00fd sluch v\u00a0rozvoji hudebnosti p\u0159ed\u0161koln\u00edch a mlad\u0161\u00edch \u0161koln\u00edch d\u011bt\u00ed<\/li>\n<li>setk\u00e1n\u00ed Asociace u\u010ditel\u016f \u010de\u0161tiny jako ciz\u00edho jazyka, 2. 12. 2017, workshop: Hudebn\u011b-jazykov\u00e9 hry na podporu osvojov\u00e1n\u00ed \u010cJDJ<\/li>\n<li>P\u0159ij\u00edm\u00e1me, za\u010dle\u0148ujeme a vzd\u011bl\u00e1v\u00e1me d\u011bti\/\u017e\u00e1ky\/studenty \u2013 cizince, 20. 10. 2017 M\u0160MT Praha, workshop: Hudebn\u00ed \u010dinnosti p\u0159i osvojov\u00e1n\u00ed \u010de\u0161tiny jako druh\u00e9ho jazyka<\/li>\n<li>Teorie a praxe hudebn\u00ed v\u00fdchovy IV, listopad 2015, PedF UK v\u00a0Praze, workshop: Hudebn\u00ed \u010dinnosti pro d\u011bti s atypick\u00fdm v\u00fdvojem \u0159e\u010di<\/li>\n<li>Aktu\u00e1ln\u00ed probl\u00e9my pedagogiky ve v\u00fdzkumech student\u016f doktorsk\u00fdch studijn\u00edch program\u016f, PedF UP v\u00a0Olomouci, listopad 2015, p\u0159\u00edsp\u011bvek: T\u00e9mbrov\u00fd a fonematick\u00fd sluch p\u0159ed\u0161koln\u00edch d\u011bt\u00ed s atypick\u00fdm v\u00fdvojem \u0159e\u010di<\/li>\n<\/ul>\n<p><strong>\u00a0<\/strong><\/p>\n<p><strong>Dal\u0161\u00ed lektorsk\u00e1 \u010dinnost, semin\u00e1\u0159e (v\u00fdb\u011br):<\/strong><\/p>\n<ul>\n<li>SO\u0160P Evropsk\u00e1 33, Pha 6, \u010derven 2019 cyklus semin\u00e1\u0159\u016f Hudebn\u00ed \u010dinnosti v\u00a0prevenci specifick\u00fdch poruch u\u010den\u00ed, spoluorganizuje Hudebn\u00ed S.O.S<\/li>\n<li>M\u0160 Sem\u00ednko, Pha 10, 24. 4. 2018 pod\u00edl na \u0159e\u0161en\u00ed projektu OP PPR \u010cR \u201eMultikulturn\u00ed vzd\u011bl\u00e1v\u00e1n\u00ed v Mate\u0159sk\u00e9 \u0161kole Sem\u00ednko\u201c s registra\u010dn\u00edm \u010d\u00edslem: CZ.07.4.68\/0.0\/0.0\/15_005\/0000052 lektorov\u00e1n\u00edm semin\u00e1\u0159e \u201eHudebn\u00ed \u010dinnosti v M\u0160-podpora osvojov\u00e1n\u00ed \u010de\u0161tiny jako druh\u00e9ho jazyka\u201d (hodinov\u00e1 dotace: 5 hodin, po\u010det \u00fa\u010dastn\u00edk\u016f: 17)<\/li>\n<li>SO\u0160P Evropsk\u00e1 33, Pha 6, 20. 4., 18. 5. a z\u00e1\u0159\u00ed 2018 cyklus semin\u00e1\u0159\u016f Hudebn\u00ed \u010dinnosti v\u00a0logopedick\u00e9 prevenci, spoluorganizuje Hudebn\u00ed S.O.S<\/li>\n<li>PedF UK, 22. 4. 2016, p\u0159edn\u00e1\u0161ka s\u00a0r\u00e1mci p\u0159edm\u011btu V\u00fdb\u011brov\u00fd semin\u00e1\u0159 HV, Hudebn\u00ed v\u00fdchova p\u0159i osvojov\u00e1n\u00ed \u010de\u0161tiny jako mate\u0159sk\u00e9ho i druh\u00e9ho jazyka<\/li>\n<li>PedF UK, 22. 1. a 5. 2. 2016, Hudebn\u00ed \u010dinnosti pro rozvoj fonematick\u00e9ho sluchu<\/li>\n<li>Od 2014 lektorov\u00e1n\u00ed semin\u00e1\u0159\u016f pro \u010ceskou obec sokolskou v\u00a0oblasti hudebn\u011b-pohybov\u00e9 v\u00fdchovy<\/li>\n<\/ul>\n<p>&nbsp;<\/p>\n<p><strong>Publika\u010dn\u00ed \u010dinnost (v\u00fdb\u011br):<\/strong><\/p>\n<p>KMENTOV\u00c1, Milena. <em>T\u0159\u00edd\u00e1 zp\u00edv\u00e1 \u00cd\u00c1\u00cd\u00c1: hudebn\u00ed hry v rozvoji fonematick\u00e9ho uv\u011bdomov\u00e1n\u00ed<\/em>. Praha: Port\u00e1l, 2019. ISBN 978-80-262-1479-3.<\/p>\n<p>KMENTOV\u00c1, Milena. <em>Slovo, sl\u016fvko, slov\u00ed\u010dko, honem pob\u011b\u017e, p\u00edsni\u010dko!: hudebn\u00ed \u010dinnosti v\u00a0logopedick\u00e9 prevenci<\/em>. Praha: Port\u00e1l, 2018. ISBN 978-80-262-1333-8.<\/p>\n<p>KMENTOV\u00c1, Milena. <em>Hudebn\u00ed a \u0159e\u010dov\u00e9 projevy p\u0159ed\u0161koln\u00edch d\u011bt\u00ed a jejich vz\u00e1jemn\u00e9 ovliv\u0148ov\u00e1n\u00ed<\/em>. Vydavatelstv\u00ed PedF UK, Praha 2015, ISBN 978-80-7290-869-1.<\/p>\n<p>KMENTOV\u00c1, Milena. <em>Logoped\u00e1rium od A do \u017d<\/em>. Nakladatelstv\u00ed FORUM s.r.o., Praha 2015. (b\u0159ezen) \u010d\u00e1st 7.61-7.76. ISBN 978-80-87983-02-7.<\/p>\n<p>KMENTOV\u00c1, Milena. Hudebn\u011b pohybov\u00e9 \u010dinnosti pro rozvoj \u0159e\u010di p\u0159ed\u0161koln\u00edch d\u011bt\u00ed. <em>Metodick\u00e9 listy, samostatn\u00e1 p\u0159\u00edloha \u010dasopisu SOKOL<\/em>. \u010cesk\u00e1 obec sokolsk\u00e1, Praha 2014,<br \/>\nro\u010d. 71, \u010d. 6.<\/p>\n<p>KMENTOV\u00c1, Milena. <em>Inspiromat pro u\u010ditelky M\u0160<\/em>. Nakladatelstv\u00ed FORUM s.r.o., Praha 2014, ISSN 2336-2537 (z\u00e1\u0159\u00ed). Autorka p\u0159isp\u011bla 7 aktivitami v \u010d\u00e1sti Hudebn\u00ed, tane\u010dn\u00ed a dramatick\u00e1 v\u00fdchova.<\/p>\n","protected":false},"excerpt":{"rendered":"<p>Rodn\u00e9 p\u0159\u00edjmen\u00ed: Pitterov\u00e1 Titul: Mgr., Ph.D. Kontakt: milena.kmentova@pedf.cuni.cz &nbsp; Nejvy\u0161\u0161\u00ed dosa\u017een\u00e9 vzd\u011bl\u00e1n\u00ed: PedF UK, Ph.D., hudebn\u00ed teorie a pedagogika, 2017; diserta\u010dn\u00ed pr\u00e1ce: Hudba jako v\u00fdrazn\u00fd prost\u0159edek kultivace \u0159e\u010di p\u0159ed\u0161koln\u00edch d\u011bt\u00ed. PedF UK, Mgr., speci\u00e1ln\u00ed pedagogika \u2013 u\u010ditelstv\u00ed na speci\u00e1ln\u00edch \u0161kol\u00e1ch, 2000 (SZZ psychopedie, tyflopedie, hudebn\u00ed v\u00fdchova), diplomov\u00e1 pr\u00e1ce: Zp\u011bvn\u00edk a instrument\u00e1ln\u00ed \u00fapravy lidov\u00fdch p\u00edsn\u00ed etnick\u00fdch [&hellip;]<\/p>\n","protected":false},"author":422,"featured_media":0,"parent":271,"menu_order":0,"comment_status":"closed","ping_status":"closed","template":"","meta":{"footnotes":""},"class_list":["post-2923","page","type-page","status-publish","hentry"],"_links":{"self":[{"href":"https:\/\/pages.pedf.cuni.cz\/khv\/wp-json\/wp\/v2\/pages\/2923","targetHints":{"allow":["GET"]}}],"collection":[{"href":"https:\/\/pages.pedf.cuni.cz\/khv\/wp-json\/wp\/v2\/pages"}],"about":[{"href":"https:\/\/pages.pedf.cuni.cz\/khv\/wp-json\/wp\/v2\/types\/page"}],"author":[{"embeddable":true,"href":"https:\/\/pages.pedf.cuni.cz\/khv\/wp-json\/wp\/v2\/users\/422"}],"replies":[{"embeddable":true,"href":"https:\/\/pages.pedf.cuni.cz\/khv\/wp-json\/wp\/v2\/comments?post=2923"}],"version-history":[{"count":4,"href":"https:\/\/pages.pedf.cuni.cz\/khv\/wp-json\/wp\/v2\/pages\/2923\/revisions"}],"predecessor-version":[{"id":4951,"href":"https:\/\/pages.pedf.cuni.cz\/khv\/wp-json\/wp\/v2\/pages\/2923\/revisions\/4951"}],"up":[{"embeddable":true,"href":"https:\/\/pages.pedf.cuni.cz\/khv\/wp-json\/wp\/v2\/pages\/271"}],"wp:attachment":[{"href":"https:\/\/pages.pedf.cuni.cz\/khv\/wp-json\/wp\/v2\/media?parent=2923"}],"curies":[{"name":"wp","href":"https:\/\/api.w.org\/{rel}","templated":true}]}}