{"id":2940,"date":"2019-09-19T22:59:46","date_gmt":"2019-09-19T20:59:46","guid":{"rendered":"http:\/\/pages.pedf.cuni.cz\/khv\/?page_id=2940"},"modified":"2026-01-31T16:56:13","modified_gmt":"2026-01-31T15:56:13","slug":"selcanova-zuzana-mgr-ph-d","status":"publish","type":"page","link":"https:\/\/pages.pedf.cuni.cz\/khv\/profil-katedry\/pracovnici-katedry\/profily-vyucujicich\/selcanova-zuzana-mgr-ph-d\/","title":{"rendered":"V\u00edtov\u00e1 &#8211; Sel\u010danov\u00e1 Zuzana, Mgr., Ph.D."},"content":{"rendered":"<p><strong>Studium:<\/strong><\/p>\n<p><strong>2012 \u2013 2016 <\/strong>(Ph.D.)\u00a0\u00a0\u00a0\u00a0\u00a0\u00a0\u00a0\u00a0\u00a0\u00a0\u00a0\u00a0\u00a0\u00a0\u00a0\u00a0\u00a0\u00a0\u00a0\u00a0\u00a0\u00a0\u00a0\u00a0\u00a0\u00a0\u00a0\u00a0\u00a0\u00a0\u00a0\u00a0\u00a0\u00a0 <strong>\u00a0<\/strong><\/p>\n<p>Univerzita Karlova, Pedagogick\u00e1 fakulta \u2013 Katedra hudebn\u00ed v\u00fdchovy<\/p>\n<p>Studijn\u00ed obor: Hudebn\u00ed teorie a pedagogika<\/p>\n<p><strong>2000\u20132005 <\/strong>(Mgr.)<\/p>\n<p>Pre\u0161ovsk\u00e1 univerzita, Fakulta humanitn\u00edch a\u00a0p\u0159\u00edrodn\u00edch v\u011bd \u2013 Katedra hudebn\u00ed v\u00fdchovy<\/p>\n<p>Studijn\u00ed obor: pedagogika a\u00a0hudebn\u00ed v\u00fdchova<\/p>\n<p>Specializace: soci\u00e1ln\u011b-patologick\u00e9 jevy, pedagogicko-psychologick\u00fd poradce<\/p>\n<p><strong>1995\u20132001 <\/strong>(DiS.art.)<\/p>\n<p>Konzervat\u00f3rium v Ko\u0161iciach<\/p>\n<p>Studijn\u00ed obor hra na klav\u00edr<\/p>\n<p>&nbsp;<\/p>\n<p>B\u011bhem studia vyu\u010dovala hru na klav\u00edr na ZU\u0160 Mikul\u00e1\u0161e Moyzesa Pre\u0161ov, ZU\u0160 Sabinov a\u00a0ZU\u0160 Praha 10 \u2013 Hostiva\u0159, kde nad\u00e1le vyu\u010duje (v r\u00e1mci studijn\u00edho zam\u011b\u0159en\u00ed Hra na klav\u00edr, Hudebn\u00ed d\u00edlny aj.) a p\u016fsob\u00ed jako vedouc\u00ed klav\u00edrn\u00edho odd\u011blen\u00ed. Pracovala tak\u00e9 jako pedagog hudebn\u011b teoretick\u00fdch p\u0159edm\u011bt\u016f na\u00a0St\u0159edn\u00ed pedagogick\u00e9 \u0161kole Futurum. Od roku 2012 pracuje na\u00a0Pedagogick\u00e9 fakult\u011b Univerzity Karlovy, kde vyu\u010duje hru na klav\u00edr a p\u0159edm\u011bty zaji\u0161\u0165uj\u00edc\u00ed praxi student\u016f v\u00a0oboru Hudebn\u00ed v\u00fdchova.<\/p>\n<p>V\u00a0r\u00e1mci semestr\u00e1ln\u00ed st\u00e1\u017ee studovala v\u00a0USA na Duquesne Univerzity (Marry Pappert School of Music) a na Pedagogick\u00e9 fakult\u011b Masarykovy univerzity v\u00a0Brn\u011b (obor klav\u00edr a hudebn\u00ed v\u00fdchovu), kde z\u00edskala \u0159adu ocen\u011bn\u00ed v\u00a0interpreta\u010dn\u00edch sout\u011b\u017e\u00edch.\u00a0 Aktivn\u011b spolupracovala s\u00a0Divadlem J. Z\u00e1borsk\u00e9ho a Divadlem A. Duchovi\u010de v\u00a0Pre\u0161ov\u011b, kde se pod\u00edlela na\u00a0hudebn\u00edm nastudov\u00e1n\u00ed mnoha titul\u016f (K. Svoboda: <em>Dracula,<\/em> R. Mankoveck\u00fd: <em>V\u00edchor v\u00a0kon\u00e1roch Sasafrasu<\/em>, A. Popovi\u010d: <em>Perinbaba<\/em>, F. Her\u00e9: <em>Mam\u00b4zelle Nitouche<\/em> nebo M. B\u00e1zlik: <em>Vern\u00e1 nevera<\/em>).<\/p>\n<p><strong>\u00a0<\/strong><\/p>\n<p><strong>\u010cinnost a funkce v\u00a0r\u00e1mci katedry HV:<\/strong><\/p>\n<ul>\n<li>odborn\u00fd asistent<\/li>\n<li>tajemn\u00edk katedry<\/li>\n<li>garant pedagogick\u00fdch prax\u00ed<\/li>\n<li>garant p\u0159ij\u00edmac\u00edho \u0159\u00edzen\u00ed<\/li>\n<li>katedrov\u00fd koordin\u00e1tor v\u00a0r\u00e1mci institucion\u00e1ln\u00ed akreditace<\/li>\n<li>lektor celo\u017eivotn\u00edho vzd\u011bl\u00e1v\u00e1n\u00ed v\u00a0programech orientovan\u00fdch na pln\u011bn\u00ed kvalifika\u010dn\u00edch po\u017eadavk\u016f nebo roz\u0161\u00ed\u0159en\u00ed odborn\u00e9 kvalifikace v\u00a0oblasti hudebn\u00ed v\u00fdchova<\/li>\n<\/ul>\n<p>&nbsp;<\/p>\n<p><strong>Oblasti profesn\u00edho z\u00e1jmu<\/strong><\/p>\n<ul>\n<li>didaktika hudebn\u00ed v\u00fdchovy<\/li>\n<li>pedagogick\u00e1 interpretace d\u00edla<\/li>\n<li>vizualizace poslechu ve v\u00fduce<\/li>\n<li>hudebn\u00ed divadlo a tvo\u0159iv\u00e1 dramatika<\/li>\n<li>mezioborov\u00e1 spolupr\u00e1ce, projektov\u00e9 vyu\u010dov\u00e1n\u00ed, integrativn\u00ed hudebn\u00ed v\u00fdchova<\/li>\n<\/ul>\n<p>&nbsp;<\/p>\n<p><strong>Publika\u010dn\u00ed \u010dinnost (v\u00fdb\u011br):\u00a0 \u00a0\u00a0\u00a0\u00a0\u00a0\u00a0\u00a0\u00a0\u00a0\u00a0\u00a0\u00a0\u00a0\u00a0\u00a0\u00a0\u00a0\u00a0\u00a0\u00a0\u00a0\u00a0\u00a0\u00a0\u00a0\u00a0\u00a0\u00a0\u00a0\u00a0\u00a0\u00a0\u00a0\u00a0\u00a0\u00a0\u00a0\u00a0\u00a0\u00a0\u00a0\u00a0\u00a0\u00a0\u00a0\u00a0\u00a0\u00a0<\/strong><\/p>\n<ul>\n<li>SEL\u010cANOV\u00c1, Zuzana. Mo\u017enosti aplikace melodramu v\u00a0hudebn\u011b v\u00fdchovn\u00e9m procesu. In:\u00a0<em>Teorie a praxe hudebn\u00ed v\u00fdchovy IV<\/em>, Praha: Pedagogick\u00e1 fakulta UK, 2016, s.\u00a0205\u2013213. ISBN 978-80-7290-875-2.<\/li>\n<li>SEL\u010cANOV\u00c1, Zuzana. <em>Hudebn\u00ed v\u00fdchova v\u00a0praxi<\/em>. Univerzita Karlova: Praha [online], 2019, [cit. 2019-08-24]. Dostupn\u00e9 z: &lt;<a href=\"https:\/\/www.futurebooks.cz\/#\/cuni\/pedf\/\">https:\/\/www.futurebooks.cz\/#\/cuni\/pedf\/<\/a>&gt;<\/li>\n<li>SEL\u010cANOV\u00c1, Zuzana. <em>Tr\u00e9ma u hudebn\u00edk\u016f a jej\u00ed prevence ve vzd\u011bl\u00e1vac\u00edm syst\u00e9mu<\/em>. Harmonie, ro\u010d. 2019, \u010d. 2. ISSN 1210-8081.<\/li>\n<li>NED\u011aLKA, Michal a SEL\u010cANOV\u00c1, Zuzana. Hudebn\u00ed gramotnost. In: <em>Gramotnost, pregramotnost a vzd\u011bl\u00e1v\u00e1n\u00ed<\/em>, Univerzita Karlova: Praha: Univerzita Karlova, 2018, s.\u00a05\u201316. ro\u010d. II, \u010d. 3. ISSN 2633-7882.<\/li>\n<li>SEL\u010cANOV\u00c1, Zuzana. <em>Zden\u011bk Fibich a \u010desk\u00fd koncertn\u00ed melodram<\/em>. Harmonie [online]. 2015, (19. 11. 2015) [cit. 2019-08-24]. Dostupn\u00e9 z:\u00a0&lt;<a href=\"http:\/\/www.casopisharmonie.cz\/recenze\/zden\u011bk-fibich-a-cesky-koncertni-melodram.html\">http:\/\/www.casopisharmonie.cz\/recenze\/zden\u011bk-fibich-a-cesky-koncertni-melodram.html<\/a>&gt;<\/li>\n<li>SEL\u010cANOV\u00c1, Zuzana. <em>Mlad\u00fd melodram<\/em>. Harmonie [online], (1. 12. 2016) [cit.\u00a02019-08-10]. Dostupn\u00e9 na &lt;<a href=\"http:\/\/www.casopisharmonie.cz\/komentare\/mlady-melodram.html\">http:\/\/www.casopisharmonie.cz\/komentare\/mlady-melodram.html<\/a>&gt;<\/li>\n<li>SEL\u010cANOV\u00c1, Zuzana. <em>O 19. ro\u010dn\u00edku Mezin\u00e1rodn\u00edho festivalu koncertn\u00edho melodramu Praha a trojn\u00e1sobn\u00e9m slaven\u00ed<\/em>. Harmonie [online], (5. 11. 2016) [cit.\u00a02019-08-10]. Dostupn\u00e9 na &lt;<a href=\"http:\/\/www.casopisharmonie.cz\/komentare\/o-19-rocniku-mezinarodniho-festivalu-koncertniho-melodramu-praha-a-trojnasobnem-slaveni.html\">http:\/\/www.casopisharmonie.cz\/komentare\/o-19-rocniku-mezinarodniho-festivalu-koncertniho-melodramu-praha-a-trojnasobnem-slaveni.html<\/a>&gt;<\/li>\n<li>SEL\u010cANOV\u00c1, Zuzana. Melodram v \u010desk\u00e9 \u0161kole. Hudebn\u00ed v\u00fdchova, ro\u010d. 2015, \u010d. 2, s.\u00a029\u201331. ISSN 1210-3683.<\/li>\n<li>SEL\u010cANOV\u00c1, Zuzana. Melodram v\u00a0\u010desk\u00e9 kultu\u0159e<em>, <\/em>In:<em> Metamorf\u00f3zy, transform\u00e1cie a\u00a0vektory posunu centra a perif\u00e9rie v\u00a0priestoroch genia a kult\u00fary<\/em>, Pre\u0161ov: PU v\u00a0Pre\u0161ove, 2015, s. 157\u2013161, ISBN: 978-80-555-1467-3.<\/li>\n<li>SEL\u010cANOV\u00c1, Zuzana. <em>Zden\u011bk Fibich a \u010desk\u00fd koncertn\u00ed melodram<\/em>, Harmonie, 2015, ro\u010d. 23, \u010d. 11. ISSN. 1210-8081.<\/li>\n<li>SEL\u010cANOV\u00c1, Zuzana. <em>Mezin\u00e1rodn\u00ed sout\u011b\u017e Zde\u0148ka Fibicha v\u00a0interpretaci melodramu. Inspirace pro n\u00e1s v\u0161echny<\/em>. Harmonie [online], (5. 12. 2015) [cit. 2019-08-10]. Dostupn\u00e9 z\u00a0&lt;<a href=\"https:\/\/www.casopisharmonie.cz\/kritiky\/mezinarodni-soutez-zdenka-fibicha-v-interpretaci-melodramu-inspirace-pro-nas-vsechny.html\">https:\/\/www.casopisharmonie.cz\/kritiky\/mezinarodni-soutez-zdenka-fibicha-v-interpretaci-melodramu-inspirace-pro-nas-vsechny.html<\/a>&gt;<\/li>\n<li>SEL\u010cANOV\u00c1, Zuzana. Nejen nov\u00e9 metody pr\u00e1ce, ale i vhodn\u00fd v\u00fdb\u011br not hraje roli!, In:\u00a0Speci\u00e1l pro ZU\u0160, ro\u010d. 2015, \u010d. 2, s. 5\u20136. ISSN 1214-8679.<\/li>\n<\/ul>\n<ul>\n<li>SEL\u010cANOV\u00c1, Zuzana.<em> Mezioborov\u00e1 spolupr\u00e1ce \u2013 v\u00fdzva nejen pro klav\u00edristy, <\/em>Speci\u00e1l pro ZU\u0160, 2014\/4, str. 9 \u2013 10. ISSN 1214-8679.<\/li>\n<li>SEL\u010cANOV\u00c1, Zuzana.<em> Mezin\u00e1rodn\u00ed sout\u011b\u017e Zde\u0148ka Fibicha v\u00a0interpretaci melodram\u016f, <\/em>Hudebn\u00ed rozhledy, 2013, ro\u010d. 66, \u010d. 9, s. 17\u201318. ISSN 0018-6996.<\/li>\n<li>SEL\u010cANOV\u00c1, Zuzana.<em> 15 let koncertn\u00edho melodramu. <\/em>Harmonie, 2013, ro\u010d. 21, \u010d. 1. ISSN. 1210-8081.<\/li>\n<li>SEL\u010cANOV\u00c1, Zuzana.<em> Melodr\u00e1ma ako n\u00e1vrat k\u00a0hereck\u00e9mu remeslu. 15 rokov medzin\u00e1rodn\u00e9ho festivalu koncertnej melodramy. <\/em>Javisko 2013, ro\u010d. 45, \u010d. 1, s. 33-34. ISSN 0323-0883.<\/li>\n<\/ul>\n<p>&nbsp;<\/p>\n<p><strong>V\u011bdecko-organiza\u010dn\u00ed \u010dinnost: <\/strong><\/p>\n<p><strong>\u00a0<\/strong><\/p>\n<ul>\n<li>Teorie a praxe hudebn\u00ed v\u00fdchovy IV \u2013 visegr\u00e1dsk\u00e1 doktorandsk\u00e1 konference, 12. \u2013 13. listopadu 2015, Organiz\u00e1tor: Katedra hudebn\u00ed v\u00fdchova Pedagogick\u00e9 fakulty UK<\/li>\n<\/ul>\n<ul>\n<li>Konference p\u0159i p\u0159\u00edle\u017eitosti kon\u00e1n\u00ed 15. ro\u010d. Mezin\u00e1rodn\u00edho festivalu koncertn\u00edho melodramu, \u010cesk\u00e9 muzeum hudby \u2013 N\u00e1rodn\u00ed muzeum (2012)<\/li>\n<\/ul>\n<p>&nbsp;<\/p>\n<p>&nbsp;<\/p>\n<p><strong>Edi\u010dn\u00ed \u010dinnost: <\/strong><\/p>\n<ul>\n<li>SEL\u010cANOV\u00c1, Zuzana, \u0160OB\u00c1\u0147OV\u00c1, Barbora, KA\u0160\u010c\u00c1KOV\u00c1, Lenka, STEVANOVI\u0106, Ena, KODEJ\u0160KA, Milo\u0161 (ed.) <em>Teorie a praxe hudebn\u00ed v\u00fdchovy IV. <\/em>Praha: Pedagogick\u00e1 fakulta UK, 2016, 144 s. ISBN 978-80-7290-875-2.<\/li>\n<\/ul>\n<p>&nbsp;<\/p>\n<p><strong>Grantov\u00e1 \u010dinnost: <\/strong><\/p>\n<ul>\n<li><em>Zvy\u0161ov\u00e1n\u00ed kvality vzd\u011bl\u00e1v\u00e1n\u00ed na\u00a0UK a jeho relevance pro pot\u0159eby trhu pr\u00e1ce<\/em>, spolu\u0159e\u0161itel Mgr. Zuzana Sel\u010danov\u00e1, Ph.D. (registra\u010dn\u00ed \u010d\u00edslo projektu: 02.2.69\/0.0\/0.0\/16_015\/000236, p\u0159\u00edjemce projektu: Pedagogick\u00e1 fakulta Univerzity Karlovy)<\/li>\n<li><em>Anal\u00fdza a\u00a0\u00faprava syst\u00e9mu <\/em><em>p\u0159ij\u00edmac\u00edho \u0159\u00edzen\u00ed na PedF UK<\/em>, spolu\u0159e\u0161itel Mgr. Zuzana Sel\u010danov\u00e1, Ph.D. (registra\u010dn\u00ed \u010d\u00edslo projektu: 02.2.69\/0.0\/0.0\/16_015\/000236), p\u0159\u00edjemce projektu: Pedagogick\u00e1 fakulta Univerzity Karlovy)<\/li>\n<\/ul>\n","protected":false},"excerpt":{"rendered":"<p>Studium: 2012 \u2013 2016 (Ph.D.)\u00a0\u00a0\u00a0\u00a0\u00a0\u00a0\u00a0\u00a0\u00a0\u00a0\u00a0\u00a0\u00a0\u00a0\u00a0\u00a0\u00a0\u00a0\u00a0\u00a0\u00a0\u00a0\u00a0\u00a0\u00a0\u00a0\u00a0\u00a0\u00a0\u00a0\u00a0\u00a0\u00a0\u00a0 \u00a0 Univerzita Karlova, Pedagogick\u00e1 fakulta \u2013 Katedra hudebn\u00ed v\u00fdchovy Studijn\u00ed obor: Hudebn\u00ed teorie a pedagogika 2000\u20132005 (Mgr.) Pre\u0161ovsk\u00e1 univerzita, Fakulta humanitn\u00edch a\u00a0p\u0159\u00edrodn\u00edch v\u011bd \u2013 Katedra hudebn\u00ed v\u00fdchovy Studijn\u00ed obor: pedagogika a\u00a0hudebn\u00ed v\u00fdchova Specializace: soci\u00e1ln\u011b-patologick\u00e9 jevy, pedagogicko-psychologick\u00fd poradce 1995\u20132001 (DiS.art.) Konzervat\u00f3rium v Ko\u0161iciach Studijn\u00ed obor hra na klav\u00edr &nbsp; B\u011bhem studia [&hellip;]<\/p>\n","protected":false},"author":422,"featured_media":0,"parent":271,"menu_order":11,"comment_status":"closed","ping_status":"closed","template":"","meta":{"footnotes":""},"class_list":["post-2940","page","type-page","status-publish","hentry"],"_links":{"self":[{"href":"https:\/\/pages.pedf.cuni.cz\/khv\/wp-json\/wp\/v2\/pages\/2940","targetHints":{"allow":["GET"]}}],"collection":[{"href":"https:\/\/pages.pedf.cuni.cz\/khv\/wp-json\/wp\/v2\/pages"}],"about":[{"href":"https:\/\/pages.pedf.cuni.cz\/khv\/wp-json\/wp\/v2\/types\/page"}],"author":[{"embeddable":true,"href":"https:\/\/pages.pedf.cuni.cz\/khv\/wp-json\/wp\/v2\/users\/422"}],"replies":[{"embeddable":true,"href":"https:\/\/pages.pedf.cuni.cz\/khv\/wp-json\/wp\/v2\/comments?post=2940"}],"version-history":[{"count":2,"href":"https:\/\/pages.pedf.cuni.cz\/khv\/wp-json\/wp\/v2\/pages\/2940\/revisions"}],"predecessor-version":[{"id":6474,"href":"https:\/\/pages.pedf.cuni.cz\/khv\/wp-json\/wp\/v2\/pages\/2940\/revisions\/6474"}],"up":[{"embeddable":true,"href":"https:\/\/pages.pedf.cuni.cz\/khv\/wp-json\/wp\/v2\/pages\/271"}],"wp:attachment":[{"href":"https:\/\/pages.pedf.cuni.cz\/khv\/wp-json\/wp\/v2\/media?parent=2940"}],"curies":[{"name":"wp","href":"https:\/\/api.w.org\/{rel}","templated":true}]}}