{"id":297,"date":"2015-05-23T12:49:21","date_gmt":"2015-05-23T10:49:21","guid":{"rendered":"http:\/\/pages.pedf.cuni.cz\/khv\/?page_id=297"},"modified":"2024-11-06T08:48:05","modified_gmt":"2024-11-06T07:48:05","slug":"konference","status":"publish","type":"page","link":"https:\/\/pages.pedf.cuni.cz\/khv\/profil-katedry\/cinnost-katedry\/publikacni-cinnost\/konference\/","title":{"rendered":"Konference"},"content":{"rendered":"\n<p><strong>HUDEBN\u011a PEDAGOGICK\u00c1 KONFERENCE K V\u00ddZKUMU A PRAXI HUDEBN\u00cd V\u00ddCHOVY<\/strong>, u p\u0159\u00edle\u017eitosti 90. v\u00fdro\u010d\u00ed Spole\u010dnosti pro hudebn\u00ed v\u00fdchovu \u010cR, 19.\u201321. z\u00e1\u0159\u00ed 2024<br>Pedagogick\u00e1 fakulta Univerzity Karlovy, Celetn\u00e1 597\/13, Praha 1<\/p>\n\n\n\n<p>kompletn\u00ed informace <a href=\"https:\/\/pedf.cuni.cz\/PEDF-61.html?event=27950&amp;lang=cz\">zde<\/a><\/p>\n\n\n\n<p><strong>KONFERENCE UM\u011aLECK\u00ddCH V\u00ddCHOV NA FAKULT\u011a PEDAGOGICK\u00c9 Z\u010cU V PLZNI<\/strong>. <strong>1. 11. 2024 <\/strong> Veleslav\u00ednova 42 a Klatovsk\u00e1 t\u0159. 51, Plze\u0148<\/p>\n\n\n\n<p>kompletn\u00ed informce <a href=\"https:\/\/www.ucmesedivatazpivat.fpe.zcu.cz\/\">zde<\/a><\/p>\n\n\n\n<p>tiskov\u00e1 zpr\u00e1va <a href=\"https:\/\/pages.pedf.cuni.cz\/khv\/files\/2024\/11\/Ucme-se-divat-a-zpivat.docx\">zde<\/a><\/p>\n\n\n\n<p><\/p>\n","protected":false},"excerpt":{"rendered":"<p>HUDEBN\u011a PEDAGOGICK\u00c1 KONFERENCE K V\u00ddZKUMU A PRAXI HUDEBN\u00cd V\u00ddCHOVY, u p\u0159\u00edle\u017eitosti 90. v\u00fdro\u010d\u00ed Spole\u010dnosti pro hudebn\u00ed v\u00fdchovu \u010cR, 19.\u201321. z\u00e1\u0159\u00ed 2024Pedagogick\u00e1 fakulta Univerzity Karlovy, Celetn\u00e1 597\/13, Praha 1 kompletn\u00ed informace zde KONFERENCE UM\u011aLECK\u00ddCH V\u00ddCHOV NA FAKULT\u011a PEDAGOGICK\u00c9 Z\u010cU V PLZNI. 1. 11. 2024 Veleslav\u00ednova 42 a Klatovsk\u00e1 t\u0159. 51, Plze\u0148 kompletn\u00ed informce zde tiskov\u00e1 zpr\u00e1va [&hellip;]<\/p>\n","protected":false},"author":422,"featured_media":0,"parent":175,"menu_order":0,"comment_status":"closed","ping_status":"closed","template":"","meta":{"footnotes":""},"class_list":["post-297","page","type-page","status-publish","hentry"],"_links":{"self":[{"href":"https:\/\/pages.pedf.cuni.cz\/khv\/wp-json\/wp\/v2\/pages\/297","targetHints":{"allow":["GET"]}}],"collection":[{"href":"https:\/\/pages.pedf.cuni.cz\/khv\/wp-json\/wp\/v2\/pages"}],"about":[{"href":"https:\/\/pages.pedf.cuni.cz\/khv\/wp-json\/wp\/v2\/types\/page"}],"author":[{"embeddable":true,"href":"https:\/\/pages.pedf.cuni.cz\/khv\/wp-json\/wp\/v2\/users\/422"}],"replies":[{"embeddable":true,"href":"https:\/\/pages.pedf.cuni.cz\/khv\/wp-json\/wp\/v2\/comments?post=297"}],"version-history":[{"count":5,"href":"https:\/\/pages.pedf.cuni.cz\/khv\/wp-json\/wp\/v2\/pages\/297\/revisions"}],"predecessor-version":[{"id":6009,"href":"https:\/\/pages.pedf.cuni.cz\/khv\/wp-json\/wp\/v2\/pages\/297\/revisions\/6009"}],"up":[{"embeddable":true,"href":"https:\/\/pages.pedf.cuni.cz\/khv\/wp-json\/wp\/v2\/pages\/175"}],"wp:attachment":[{"href":"https:\/\/pages.pedf.cuni.cz\/khv\/wp-json\/wp\/v2\/media?parent=297"}],"curies":[{"name":"wp","href":"https:\/\/api.w.org\/{rel}","templated":true}]}}