{"id":305,"date":"2015-05-23T13:14:00","date_gmt":"2015-05-23T11:14:00","guid":{"rendered":"http:\/\/pages.pedf.cuni.cz\/khv\/?page_id=305"},"modified":"2021-05-18T13:52:16","modified_gmt":"2021-05-18T11:52:16","slug":"publikace","status":"publish","type":"page","link":"https:\/\/pages.pedf.cuni.cz\/khv\/profil-katedry\/cinnost-katedry\/publikacni-cinnost\/publikace\/","title":{"rendered":"Publikace"},"content":{"rendered":"<p><strong>Monografie (v\u00fdb\u011br)<\/strong><\/p>\n<ul>\n<li><a title=\"Knihy od autora Steyer Jan\" href=\"https:\/\/cupress.cuni.cz\/ink2_ext\/index.jsp?include=autorTituly&amp;id=268811\">Steyer Jan. U\u010cEBNICE IMPROVIZACE pro chr\u00e1mov\u00e9 varhan\u00edky,<\/a><span style=\"color: #000000\">Praha: UK, PedF, 2021, ISBN\u00a09788076032583<\/span><\/li>\n<\/ul>\n<h6><\/h6>\n<ul>\n<li><a href=\"http:\/\/cupress.cuni.cz\/ink2_ext\/index.jsp?include=podrobnosti&amp;id=223476\" target=\"_blank\" rel=\"noopener noreferrer\">GREGOR, V\u00edt. <em>Klav\u00edr &#8211; \u010dernob\u00edl\u00e9 tajemstv\u00ed interpretace<\/em><\/a>. Praha : Karolinum, 2012. ISBN 978-80-246-2141-8.<\/li>\n<li>NED\u011aLKA, Michal. <em>Klav\u00edr jako n\u00e1stroj tvo\u0159iv\u00e9ho rozvoje osobnosti<\/em>. Praha : UK, PedF, 2011. ISBN 978-80-7290-427-3.<\/li>\n<li><a href=\"http:\/\/cupress.cuni.cz\/ink2_ext\/index.jsp?include=podrobnosti&amp;id=183207\" target=\"_blank\" rel=\"noopener noreferrer\">NED\u011aLKA, Michal. <em>M\u0161e v\u00a0soudob\u00e9 \u010desk\u00e9 hudb\u011b<\/em><\/a>. Praha : Karolinum, 2005. ISBN 8024610140.<\/li>\n<li><a href=\"http:\/\/cupress.cuni.cz\/ink2_ext\/index.jsp?include=podrobnosti&amp;id=204027\" target=\"_blank\" rel=\"noopener noreferrer\">PECH\u00c1\u010cEK, Stanislav. <em>Lidov\u00e1 p\u00edse\u0148 a sborov\u00e1 tvorba<\/em><\/a>. Praha : Karolinum, 2010. ISBN 978-80-246-1830-2.<\/li>\n<li>\u0160A\u0160INKOV\u00c1, Eva. P\u0159ehled vydan\u00fdch titul\u016f <a href=\"http:\/\/evasasinkova.cz\/hudebni-nauka---hudebni-vychova\/\">zde<\/a><\/li>\n<li><a href=\"http:\/\/obchod.portal.cz\/zpivame-a-hrajeme-si-s-nejmensimi--cd\/\" target=\"_blank\" rel=\"noopener noreferrer\">TICH\u00c1, Alena. <em>Zp\u00edv\u00e1me a hrajeme si s nejmen\u0161\u00edmi<\/em><\/a>. Praha : Port\u00e1l, 2012. ISBN 978-80-262-0136-6.<\/li>\n<li><a href=\"http:\/\/obchod.portal.cz\/ucime-deti-zpivat\/\" target=\"_blank\" rel=\"noopener noreferrer\">TICH\u00c1, Alena. <em>U\u010d\u00edme d\u011bti zp\u00edvat<\/em><\/a>. Praha : Port\u00e1l, 2005. ISBN 978-80-7367-562-2.<\/li>\n<li><a href=\"https:\/\/www.namu.cz\/item.php?item=155\" target=\"_blank\" rel=\"noopener noreferrer\">TICH\u00c1, Libu\u0161e. <em>Sly\u0161et a myslet u klav\u00edru<\/em><\/a>. Praha : HAMU, 2009. ISBN 978-80-7331-151-3.<\/li>\n<li><a href=\"http:\/\/cupress.cuni.cz\/ink2_ext\/index.jsp?include=podrobnosti&amp;id=226855\" target=\"_blank\" rel=\"noopener noreferrer\">V\u00c1\u0147OV\u00c1, Hana. <em>Hudebn\u00ed psychologie pro u\u010ditele<\/em><\/a>. Praha : Karolinum, 2013. ISBN 978-80-246-2060-2.<\/li>\n<\/ul>\n<p><strong>Vysoko\u0161kolsk\u00e9 u\u010debnice, texty a skripta (v\u00fdb\u011br)<\/strong><\/p>\n<ul>\n<li>HURN\u00cdKOV\u00c1, Kate\u0159ina. <em>Stru\u010dn\u00fd pr\u016fvodce d\u011bjinami evropsk\u00e9 hudby<\/em>. Praha : UK, PedF, 2007. ISBN 978-80-7290-333-7.<\/li>\n<li>KODEJ\u0160KA,Milo\u0161. <em>Integrativn\u00ed hudebn\u00ed v\u00fdchova d\u011bt\u00ed p\u0159ed\u0161koln\u00edho v\u011bku.<\/em> Praha : PedF UK, 2002.\u00a0ISBN:80-7290-080-3.<\/li>\n<li>NED\u011aLKA, Michal. <em>Pr\u016fvodce u\u010ditele praktickou harmoni\u00ed<\/em>. Praha : UK, PedF, 2004. ISBN 80- 7290-152-4.<\/li>\n<li>PECHA\u010cEK, Stanislav, V\u00c1\u0147OV\u00c1, Hana a kol. <em>Praktick\u00e9 \u00fakoly z didaktiky hudebn\u00ed v\u00fdchovy pro 1. <\/em><em>stupe\u0148 Z\u0160<\/em>. Praha : Karolinum, 2001. ISBN 80-246-0365-9.<\/li>\n<li>PECH\u00c1\u010cEK, Stanislav. <em>Vok\u00e1ln\u00ed intonace a sluchov\u00e1 v\u00fdchova I. <\/em>Praha : UK, PedF, 2006. ISBN 80-7290-261-X.<\/li>\n<li>PECH\u00c1\u010cEK, Stanislav. <em>Vok\u00e1ln\u00ed intonace a sluchov\u00e1 v\u00fdchova II. <\/em>Praha : UK, PedF, 2006. ISBN 80-7290-263-6.<\/li>\n<li>PECH\u00c1\u010cEK, Stanislav. <em>Vok\u00e1ln\u00ed intonace a sluchov\u00e1 v\u00fdchova III. <\/em>Praha : UK, PedF, 2006. ISBN 80-7290-264-4.<\/li>\n<li>PECH\u00c1\u010cEK, Stanislav. <em>Vok\u00e1ln\u00ed intonace a sluchov\u00e1 v\u00fdchova IV. <\/em>Praha : UK, PedF, 2009.<\/li>\n<li>ISBN 978-80-7290-390-0.<\/li>\n<li>V\u00c1\u0147OV\u00c1. Hana. <em>Pr\u016fvodce u\u010ditele hudebn\u00ed v\u00fdchovy tvo\u0159ivou intonac\u00ed.<\/em> Praha : UK, PedF, 2004. ISBN 80-7290-155-9.<\/li>\n<li>V\u00c1\u0147OV\u00c1, Hana, SKOPAL, Ji\u0159\u00ed. <em>Metodologie a logika v\u00fdzkumu v hudebn\u00ed pedagogice.<\/em> Praha : Karolinum 2007.<\/li>\n<\/ul>\n","protected":false},"excerpt":{"rendered":"<p>Monografie (v\u00fdb\u011br) Steyer Jan. U\u010cEBNICE IMPROVIZACE pro chr\u00e1mov\u00e9 varhan\u00edky,Praha: UK, PedF, 2021, ISBN\u00a09788076032583 GREGOR, V\u00edt. Klav\u00edr &#8211; \u010dernob\u00edl\u00e9 tajemstv\u00ed interpretace. Praha : Karolinum, 2012. ISBN 978-80-246-2141-8. NED\u011aLKA, Michal. Klav\u00edr jako n\u00e1stroj tvo\u0159iv\u00e9ho rozvoje osobnosti. Praha : UK, PedF, 2011. ISBN 978-80-7290-427-3. NED\u011aLKA, Michal. M\u0161e v\u00a0soudob\u00e9 \u010desk\u00e9 hudb\u011b. Praha : Karolinum, 2005. ISBN 8024610140. PECH\u00c1\u010cEK, Stanislav. [&hellip;]<\/p>\n","protected":false},"author":422,"featured_media":0,"parent":175,"menu_order":0,"comment_status":"closed","ping_status":"closed","template":"","meta":{"footnotes":""},"class_list":["post-305","page","type-page","status-publish","hentry"],"_links":{"self":[{"href":"https:\/\/pages.pedf.cuni.cz\/khv\/wp-json\/wp\/v2\/pages\/305","targetHints":{"allow":["GET"]}}],"collection":[{"href":"https:\/\/pages.pedf.cuni.cz\/khv\/wp-json\/wp\/v2\/pages"}],"about":[{"href":"https:\/\/pages.pedf.cuni.cz\/khv\/wp-json\/wp\/v2\/types\/page"}],"author":[{"embeddable":true,"href":"https:\/\/pages.pedf.cuni.cz\/khv\/wp-json\/wp\/v2\/users\/422"}],"replies":[{"embeddable":true,"href":"https:\/\/pages.pedf.cuni.cz\/khv\/wp-json\/wp\/v2\/comments?post=305"}],"version-history":[{"count":3,"href":"https:\/\/pages.pedf.cuni.cz\/khv\/wp-json\/wp\/v2\/pages\/305\/revisions"}],"predecessor-version":[{"id":3901,"href":"https:\/\/pages.pedf.cuni.cz\/khv\/wp-json\/wp\/v2\/pages\/305\/revisions\/3901"}],"up":[{"embeddable":true,"href":"https:\/\/pages.pedf.cuni.cz\/khv\/wp-json\/wp\/v2\/pages\/175"}],"wp:attachment":[{"href":"https:\/\/pages.pedf.cuni.cz\/khv\/wp-json\/wp\/v2\/media?parent=305"}],"curies":[{"name":"wp","href":"https:\/\/api.w.org\/{rel}","templated":true}]}}