{"id":310,"date":"2015-05-23T13:20:25","date_gmt":"2015-05-23T11:20:25","guid":{"rendered":"http:\/\/pages.pedf.cuni.cz\/khv\/?page_id=310"},"modified":"2015-05-25T14:10:12","modified_gmt":"2015-05-25T12:10:12","slug":"umelecka-a-koncertni-cinnost","status":"publish","type":"page","link":"https:\/\/pages.pedf.cuni.cz\/khv\/profil-katedry\/cinnost-katedry\/umelecka-a-koncertni-cinnost\/","title":{"rendered":"Um\u011bleck\u00e1 a koncertn\u00ed \u010dinnost"},"content":{"rendered":"<ul class=\"list-pages-shortcode child-pages\"><li class=\"page_item page-item-308 page_item_has_children\"><a href=\"https:\/\/pages.pedf.cuni.cz\/khv\/profil-katedry\/cinnost-katedry\/umelecka-a-koncertni-cinnost\/pevecke-sbory-a-orchestry\/\">P\u011bveck\u00e9 sbory a orchestry<\/a>\n<ul class='children'>\n\t<li class=\"page_item page-item-317\"><a href=\"https:\/\/pages.pedf.cuni.cz\/khv\/profil-katedry\/cinnost-katedry\/umelecka-a-koncertni-cinnost\/pevecke-sbory-a-orchestry\/smiseny-sbor-pedf-uk-v-praze\/\">Collegium paedagogicum, sm\u00ed\u0161en\u00fd sbor PedF UK v Praze<\/a><\/li>\n\t<li class=\"page_item page-item-314\"><a href=\"https:\/\/pages.pedf.cuni.cz\/khv\/profil-katedry\/cinnost-katedry\/umelecka-a-koncertni-cinnost\/pevecke-sbory-a-orchestry\/zensky-komorni-sbor-pedf-uk\/\">Komorn\u00ed \u017eensk\u00fd sbor PedF UK v Praze<\/a><\/li>\n\t<li class=\"page_item page-item-320\"><a href=\"https:\/\/pages.pedf.cuni.cz\/khv\/profil-katedry\/cinnost-katedry\/umelecka-a-koncertni-cinnost\/pevecke-sbory-a-orchestry\/komorni-orchestr-collegium-paedagogicum\/\">Komorn\u00ed orchestr Collegium paedagogicum<\/a><\/li>\n<\/ul>\n<\/li>\n<li class=\"page_item page-item-339\"><a href=\"https:\/\/pages.pedf.cuni.cz\/khv\/profil-katedry\/cinnost-katedry\/umelecka-a-koncertni-cinnost\/diskografie-a-nahravky\/\">Diskografie a nahr\u00e1vky<\/a><\/li>\n<\/ul>\n","protected":false},"excerpt":{"rendered":"","protected":false},"author":422,"featured_media":0,"parent":512,"menu_order":2,"comment_status":"closed","ping_status":"closed","template":"","meta":{"footnotes":""},"class_list":["post-310","page","type-page","status-publish","hentry"],"_links":{"self":[{"href":"https:\/\/pages.pedf.cuni.cz\/khv\/wp-json\/wp\/v2\/pages\/310","targetHints":{"allow":["GET"]}}],"collection":[{"href":"https:\/\/pages.pedf.cuni.cz\/khv\/wp-json\/wp\/v2\/pages"}],"about":[{"href":"https:\/\/pages.pedf.cuni.cz\/khv\/wp-json\/wp\/v2\/types\/page"}],"author":[{"embeddable":true,"href":"https:\/\/pages.pedf.cuni.cz\/khv\/wp-json\/wp\/v2\/users\/422"}],"replies":[{"embeddable":true,"href":"https:\/\/pages.pedf.cuni.cz\/khv\/wp-json\/wp\/v2\/comments?post=310"}],"version-history":[{"count":0,"href":"https:\/\/pages.pedf.cuni.cz\/khv\/wp-json\/wp\/v2\/pages\/310\/revisions"}],"up":[{"embeddable":true,"href":"https:\/\/pages.pedf.cuni.cz\/khv\/wp-json\/wp\/v2\/pages\/512"}],"wp:attachment":[{"href":"https:\/\/pages.pedf.cuni.cz\/khv\/wp-json\/wp\/v2\/media?parent=310"}],"curies":[{"name":"wp","href":"https:\/\/api.w.org\/{rel}","templated":true}]}}