{"id":3116,"date":"2020-01-01T11:45:49","date_gmt":"2020-01-01T10:45:49","guid":{"rendered":"http:\/\/pages.pedf.cuni.cz\/khv\/?page_id=3116"},"modified":"2026-01-27T22:59:31","modified_gmt":"2026-01-27T21:59:31","slug":"nabidky-pracovnich-prilezitosti","status":"publish","type":"page","link":"https:\/\/pages.pedf.cuni.cz\/khv\/jine\/nabidky-seminaru-a-kurzu\/nabidky-pracovnich-prilezitosti\/","title":{"rendered":"Nab\u00eddky pracovn\u00edch p\u0159\u00edle\u017eitost\u00ed"},"content":{"rendered":"","protected":false},"excerpt":{"rendered":"","protected":false},"author":500,"featured_media":0,"parent":1074,"menu_order":3,"comment_status":"closed","ping_status":"closed","template":"","meta":{"footnotes":""},"class_list":["post-3116","page","type-page","status-publish","hentry"],"_links":{"self":[{"href":"https:\/\/pages.pedf.cuni.cz\/khv\/wp-json\/wp\/v2\/pages\/3116","targetHints":{"allow":["GET"]}}],"collection":[{"href":"https:\/\/pages.pedf.cuni.cz\/khv\/wp-json\/wp\/v2\/pages"}],"about":[{"href":"https:\/\/pages.pedf.cuni.cz\/khv\/wp-json\/wp\/v2\/types\/page"}],"author":[{"embeddable":true,"href":"https:\/\/pages.pedf.cuni.cz\/khv\/wp-json\/wp\/v2\/users\/500"}],"replies":[{"embeddable":true,"href":"https:\/\/pages.pedf.cuni.cz\/khv\/wp-json\/wp\/v2\/comments?post=3116"}],"version-history":[{"count":28,"href":"https:\/\/pages.pedf.cuni.cz\/khv\/wp-json\/wp\/v2\/pages\/3116\/revisions"}],"predecessor-version":[{"id":6469,"href":"https:\/\/pages.pedf.cuni.cz\/khv\/wp-json\/wp\/v2\/pages\/3116\/revisions\/6469"}],"up":[{"embeddable":true,"href":"https:\/\/pages.pedf.cuni.cz\/khv\/wp-json\/wp\/v2\/pages\/1074"}],"wp:attachment":[{"href":"https:\/\/pages.pedf.cuni.cz\/khv\/wp-json\/wp\/v2\/media?parent=3116"}],"curies":[{"name":"wp","href":"https:\/\/api.w.org\/{rel}","templated":true}]}}