{"id":314,"date":"2015-05-23T13:54:44","date_gmt":"2015-05-23T11:54:44","guid":{"rendered":"http:\/\/pages.pedf.cuni.cz\/khv\/?page_id=314"},"modified":"2026-04-04T16:06:42","modified_gmt":"2026-04-04T14:06:42","slug":"zensky-komorni-sbor-pedf-uk","status":"publish","type":"page","link":"https:\/\/pages.pedf.cuni.cz\/khv\/profil-katedry\/cinnost-katedry\/umelecka-a-koncertni-cinnost\/pevecke-sbory-a-orchestry\/zensky-komorni-sbor-pedf-uk\/","title":{"rendered":"Komorn\u00ed \u017eensk\u00fd sbor PedF UK v Praze"},"content":{"rendered":"<p><strong>Komorn\u00ed \u017eensk\u00fd sbor Pedagogick\u00e9 fakulty Univerzity Karlovy<\/strong> vznikl v\u00a0r. 2008. Nav\u00e1zal na \u010dinnost komorn\u00edho sm\u00ed\u0161en\u00e9ho sboru, kter\u00fd se v\u00a0roce 2002 vy\u010dlenil z fakultn\u00edho sboru. Jeho \u010dlenkami jsou v\u011bt\u0161inou studentky hudebn\u00ed v\u00fdchovy, nej\u010dast\u011bji v\u00a0kombinaci se sbormistrovstv\u00edm, v\u011bt\u0161inou s p\u0159edchoz\u00edmi s\u00f3lov\u00fdmi nebo sborov\u00fdmi zku\u0161enostmi, kter\u00e9 maj\u00ed z\u00e1jem o studium n\u00e1ro\u010dn\u011bj\u0161\u00edho sborov\u00fdch skladeb. Reperto\u00e1r sboru je koncipov\u00e1n tak, aby se budouc\u00ed u\u010ditelky hudebn\u00ed v\u00fdchovy a sbormistryn\u011b prakticky sezn\u00e1mily s\u00a0nejv\u00fdznamn\u011bj\u0161\u00edmi d\u00edly \u010desk\u00e9ho i sv\u011btov\u00e9ho reperto\u00e1ru pro \u017eensk\u00fd sbor. Za dobu sv\u00e9 existence uvedl sbor na koncertech nap\u0159. Pergolesiho Stabat mater, Dvo\u0159\u00e1kovy Moravsk\u00e9 dvojzp\u011bvy op. 32, \u010cty\u0159i dueta, Otv\u00edr\u00e1n\u00ed stud\u00e1nek B. Martin\u016f, Deset zp\u011bv\u016f pro \u017eensk\u00fd sbor J. Suka, P\u00edsn\u011b o vla\u0161tovk\u00e1ch a d\u00edvk\u00e1ch P. Ebena, Slezsk\u00e9 zp\u011bvanky V. Trojana, N\u00e1\u0159ek opu\u0161t\u011bn\u00e9 Ariadny V. Neumanna, skladby Z. Luk\u00e1\u0161e, A. Tu\u010dapsk\u00e9ho, L. Jan\u00e1\u010dka, J. Temla, J. M\u00e1lka, J. Hanu\u0161e, J. Laburdy, P. Koronth\u00e1lyho aj.<\/p>\n<p>V sou\u010dasn\u00e9 dob\u011b m\u00e1 komorn\u00ed \u017eensk\u00fd sbor okolo 20ti \u010dlenek a do sv\u00fdch \u0159ad p\u0159ij\u00edm\u00e1 zp\u011bva\u010dky i z jin\u00fdch studijn\u00edch obor\u016f a fakult.<\/p>\n<p>Sou\u010dasnou sbormistryn\u00ed je Mgr. Sylva Saskov\u00e1 sylvie.saskova@pedf.cuni.cz<\/p>\n<p>Zakladatelka sboru a sbormistryn\u011b do roku 2023<strong> <a href=\"https:\/\/pages.pedf.cuni.cz\/khv\/profil-katedry\/pracovnici-katedry\/profily-vyucujicich\/veverkova-jana-mgr-et-mgr\/\" target=\"_blank\" rel=\"noopener\">Jana Veverkov\u00e1<\/a><\/strong> je absolventkou Pedagogick\u00e9 fakulty v Plzni a Filozofick\u00e9 fakulty UK v Praze. Od roku 1990 p\u016fsobila na kated\u0159e hudebn\u00ed v\u00fdchovy Pedagogick\u00e9 fakulty, kde vyu\u010dovala p\u0159edev\u0161\u00edm intonaci, sborov\u00fd zp\u011bv a hlasovou v\u00fdchovu. B\u011bhem sv\u00e9 v\u00edce ne\u017e dvacetilet\u00e9 sbormistrovsk\u00e9 \u010dinnosti pracovala p\u0159ev\u00e1\u017en\u011b s \u017eensk\u00fdmi sbory (Canzona, Foersterovo komorn\u00ed p\u011bveck\u00e9 sdru\u017een\u00ed), se kter\u00fdmi se mnohokr\u00e1t um\u00edstila na p\u0159edn\u00edch m\u00edstech dom\u00e1c\u00edch i zahrani\u010dn\u00edch sout\u011b\u017e\u00ed. V letech 2002-2014 byla sbormistryn\u00ed fakultn\u00edho sm\u00ed\u0161en\u00e9ho sboru.<\/p>\n<p><img decoding=\"async\" src=\"https:\/\/pages.pedf.cuni.cz\/khv\/files\/2018\/03\/Komorni_zensky_sbor.jpg\" \/><\/p>\n","protected":false},"excerpt":{"rendered":"<p>Komorn\u00ed \u017eensk\u00fd sbor Pedagogick\u00e9 fakulty Univerzity Karlovy vznikl v\u00a0r. 2008. Nav\u00e1zal na \u010dinnost komorn\u00edho sm\u00ed\u0161en\u00e9ho sboru, kter\u00fd se v\u00a0roce 2002 vy\u010dlenil z fakultn\u00edho sboru. Jeho \u010dlenkami jsou v\u011bt\u0161inou studentky hudebn\u00ed v\u00fdchovy, nej\u010dast\u011bji v\u00a0kombinaci se sbormistrovstv\u00edm, v\u011bt\u0161inou s p\u0159edchoz\u00edmi s\u00f3lov\u00fdmi nebo sborov\u00fdmi zku\u0161enostmi, kter\u00e9 maj\u00ed z\u00e1jem o studium n\u00e1ro\u010dn\u011bj\u0161\u00edho sborov\u00fdch skladeb. Reperto\u00e1r sboru je koncipov\u00e1n tak, [&hellip;]<\/p>\n","protected":false},"author":422,"featured_media":0,"parent":308,"menu_order":0,"comment_status":"closed","ping_status":"closed","template":"","meta":{"footnotes":""},"class_list":["post-314","page","type-page","status-publish","hentry"],"_links":{"self":[{"href":"https:\/\/pages.pedf.cuni.cz\/khv\/wp-json\/wp\/v2\/pages\/314","targetHints":{"allow":["GET"]}}],"collection":[{"href":"https:\/\/pages.pedf.cuni.cz\/khv\/wp-json\/wp\/v2\/pages"}],"about":[{"href":"https:\/\/pages.pedf.cuni.cz\/khv\/wp-json\/wp\/v2\/types\/page"}],"author":[{"embeddable":true,"href":"https:\/\/pages.pedf.cuni.cz\/khv\/wp-json\/wp\/v2\/users\/422"}],"replies":[{"embeddable":true,"href":"https:\/\/pages.pedf.cuni.cz\/khv\/wp-json\/wp\/v2\/comments?post=314"}],"version-history":[{"count":4,"href":"https:\/\/pages.pedf.cuni.cz\/khv\/wp-json\/wp\/v2\/pages\/314\/revisions"}],"predecessor-version":[{"id":6576,"href":"https:\/\/pages.pedf.cuni.cz\/khv\/wp-json\/wp\/v2\/pages\/314\/revisions\/6576"}],"up":[{"embeddable":true,"href":"https:\/\/pages.pedf.cuni.cz\/khv\/wp-json\/wp\/v2\/pages\/308"}],"wp:attachment":[{"href":"https:\/\/pages.pedf.cuni.cz\/khv\/wp-json\/wp\/v2\/media?parent=314"}],"curies":[{"name":"wp","href":"https:\/\/api.w.org\/{rel}","templated":true}]}}