{"id":329,"date":"2015-05-24T14:33:36","date_gmt":"2015-05-24T12:33:36","guid":{"rendered":"http:\/\/pages.pedf.cuni.cz\/khv\/?page_id=329"},"modified":"2021-10-21T13:23:33","modified_gmt":"2021-10-21T11:23:33","slug":"czv","status":"publish","type":"page","link":"https:\/\/pages.pedf.cuni.cz\/khv\/celozivotni-vzdelavani\/czv\/","title":{"rendered":"C\u017dV &#8211; nab\u00eddka kurz\u016f"},"content":{"rendered":"<p>Nejaktu\u00e1ln\u011bj\u0161\u00ed informace najdete na <a href=\"https:\/\/pages.pedf.cuni.cz\/czv\/\"><strong>webu C\u017dV<\/strong><\/a><\/p>\n<p><strong>Katedra hudebn\u00ed v\u00fdchovy nab\u00edz\u00ed v r\u00e1mci celo\u017eivotn\u00edho vzd\u011bl\u00e1v\u00e1n\u00ed tyto z\u00e1jmov\u00e9 programy:<\/strong><\/p>\n<p><span style=\"color: #ff0000\"><strong>Program dovednost\u00ed pro u\u010ditele HV \u2013 hra na klav\u00edr<\/strong><\/span><\/p>\n<p>D\u00e9lka programu: dvousemestr\u00e1ln\u00ed, celkem 36 hodin<br \/>\nC\u00edlov\u00e1 skupina: u\u010ditel\u00e9 HV ze v\u0161ech stup\u0148\u016f \u0161kol<br \/>\nGarant programu: doc. Libu\u0161e Tich\u00e1<br \/>\nInformace: libuse.ticha@pedf.cuni.cz<br \/>\nPoplatek: 5 700,- K\u010d\/cel\u00fd program<\/p>\n<p>Charakteristika: Z\u00e1kladn\u00edm c\u00edlem kurzu je osvojen\u00ed si optim\u00e1ln\u00edho zvl\u00e1dnut\u00ed klav\u00edrn\u00ed hry jako n\u00e1stroje pro rozvoj um\u011bleck\u00e9ho vn\u00edm\u00e1n\u00ed a c\u00edt\u011bn\u00ed. Roz\u0161i\u0159ov\u00e1n\u00ed spektra praktick\u00fdch dovednost\u00ed, spole\u010dn\u011b s prohlubov\u00e1n\u00edm znalost\u00ed, informac\u00ed a souvislost\u00ed z okruhu klav\u00edrn\u00ed hry i s n\u00ed bezprost\u0159edn\u011b souvisej\u00edc\u00edch hudebn\u011b teoretick\u00fdch discipl\u00edn jako harmonie, formy, tektonika a d\u011bjiny hudby, umo\u017en\u00ed student\u016fm kurzu ovl\u00e1dnout klav\u00edrn\u00ed hru dle jejich schopnost\u00ed co nejl\u00e9pe tak, aby mohli klav\u00edr prakticky pou\u017e\u00edvat p\u0159i sv\u00e9m pedagogick\u00e9m p\u016fsoben\u00ed. Hra hudebn\u00edch d\u011bl dle notov\u00e9ho z\u00e1pisu bude kombinov\u00e1na se hrou podle sluchu a s improvizac\u00ed doprovodu p\u00edsn\u00ed, kter\u00fd m\u00e1 ve \u0161koln\u00ed praxi bohat\u00e9 uplatn\u011bn\u00ed.<\/p>\n<hr \/>\n<p><span style=\"color: #ff0000\"><strong>Program dovednost\u00ed pro u\u010ditele HV \u2013 zp\u011bv<br \/>\n<\/strong><\/span><\/p>\n<p>D\u00e9lka programu: dvousemestr\u00e1ln\u00ed, celkem 36 hodin<br \/>\nC\u00edlov\u00e1 skupina: u\u010ditel\u00e9 HV ze v\u0161ech stup\u0148\u016f \u0161kol<br \/>\nGarant programu: Mgr. Lucie Hilscherov\u00e1<br \/>\nInformace: lucihila@email.cz<br \/>\nPoplatek: 5 700,- K\u010d\/cel\u00fd program<\/p>\n<p>Charakteristika: Praktick\u00e9 osvojen\u00ed z\u00e1klad\u016f p\u011bveck\u00e9 techniky, kter\u00e1 je pro profesn\u00ed p\u011bveck\u00fd, ale i \u0159e\u010dov\u00fd projev u\u010ditele z\u00e1kladn\u00ed podm\u00ednkou. Uv\u011bdom\u011bn\u00ed si princip\u016f, uplat\u0148uj\u00edc\u00edch se p\u0159i tvorb\u011b hlasu. Upevn\u011bn\u00ed p\u011bveck\u00fdch dovednost\u00ed, pochopen\u00ed a osvojen\u00ed p\u011bveck\u00e9 metodiky, znalost a osvojen\u00ed p\u00eds\u0148ov\u00e9ho reperto\u00e1ru pro d\u011bti i dosp\u011bl\u00e9, kter\u00fd se d\u00e1 metodicky vyu\u017e\u00edt ve \u0161koln\u00ed praxi.<\/p>\n<hr \/>\n<p><strong><span style=\"color: #ff0000\">Program dovednost\u00ed pro u\u010ditele HV \u2013 housle<br \/>\n<\/span><\/strong><\/p>\n<p>D\u00e9lka programu: dvousemestr\u00e1ln\u00ed, celkem 36 hodin<br \/>\nC\u00edlov\u00e1 skupina: u\u010ditel\u00e9 HV ze v\u0161ech stup\u0148\u016f \u0161kol<br \/>\nGarant programu: PhDr. Gabriela Kub\u00e1tov\u00e1, Ph.D.<br \/>\nInformace: gabriela. kubatova@pedf.cuni.cz<br \/>\nPoplatek: 5 700,- K\u010d\/cel\u00fd program<\/p>\n<p>Charakteristika: C\u00edlem vzd\u011bl\u00e1vac\u00edho programu je proniknout do sv\u011bta housl\u00ed a houslov\u00e9 hry a vyplnit tak mezeru, kter\u00e1 vznik\u00e1 absenc\u00ed housl\u00ed v hodin\u00e1ch hudebn\u00ed v\u00fdchovy. Komplexn\u00ed p\u0159edn\u00e1\u0161ky p\u0159edstav\u00ed p\u0159edch\u016fdce smy\u010dcov\u00fdch n\u00e1stroj\u016f s akcentem na atraktivn\u00ed violu d\u2019amore, v\u010detn\u011b \u017eiv\u00e9 uk\u00e1zky, dotknou se nejzaj\u00edmav\u011bj\u0161\u00edch okolnost\u00ed t\u00fdkaj\u00edc\u00edch se zrodu, v\u00fdvoje a konstrukce housl\u00ed a smy\u010dce, proniknou i do magick\u00e9ho sv\u011bta housla\u0159stv\u00ed. Ned\u00edlnou sou\u010d\u00e1st\u00ed budou poslechov\u00e9 aktivity a praktick\u00e9 uk\u00e1zky zahrnuj\u00edc\u00ed skladby v\u0161ech slohov\u00fdch obdob\u00ed klasick\u00e9 hudby. V p\u0159\u00edpad\u011b aktivn\u00ed \u00fa\u010dasti houslist\u016f budou lekce flexibiln\u011b zam\u011b\u0159en\u00e9 i na vybran\u00e9 ot\u00e1zky z metodiky houslov\u00e9 hry zam\u011b\u0159en\u00e9 zejm\u00e9na na tvorbu t\u00f3nu, vibrato, svobodnou hru, postoj a dr\u017een\u00ed n\u00e1stroje, funkce lev\u00e9 a prav\u00e9 ruky a pa\u017ee, problematiku tr\u00e9my a kompenza\u010dn\u00ed cvi\u010den\u00ed. Za\u010d\u00e1te\u010dn\u00edk\u016fm poskytne kurz mo\u017enost z\u00edsk\u00e1n\u00ed z\u00e1klad\u016f houslov\u00e9 hry.<\/p>\n<hr \/>\n<p><strong><span style=\"color: #ff0000\">Program dovednost\u00ed pro u\u010ditele HV \u2013 pr\u00e1ce se sborem<br \/>\n<\/span><\/strong><\/p>\n<p>D\u00e9lka programu: dvousemestr\u00e1ln\u00ed, celkem 36 hodin<br \/>\nC\u00edlov\u00e1 skupina: u\u010ditel\u00e9 HV ze v\u0161ech stup\u0148\u016f \u0161kol<br \/>\nGarant programu: MgA., Mgr. Marek Val\u00e1\u0161ek, Ph.D.<br \/>\nInformace: marek.valasek.pedf.cuni.cz<br \/>\nPoplatek: 5 700,- K\u010d\/cel\u00fd program<\/p>\n<p>Charakteristika: Prohlouben\u00ed dovednost\u00ed v praktick\u00fdch discipl\u00edn\u00e1ch (dirigov\u00e1n\u00ed, zp\u011bv, \u010dten\u00ed a hra partitur) a roz\u0161\u00ed\u0159en\u00ed a systematizace teoretick\u00fdch znalost\u00ed (metodika zp\u011bvu, n\u00e1cviku, mo\u017enosti propojen\u00ed s pohybov\u00fdmi \u010dinnostmi, zapojen\u00ed sborov\u00e9ho zp\u011bvu do v\u00fduky HV) pot\u0159ebn\u00fdch p\u0159i pr\u00e1ci s p\u011bveck\u00fdm sborem na M\u0160, Z\u0160, S\u0160 nebo ZU\u0160. Absolventi z\u00edskaj\u00ed nov\u00e9 poznatky o zdroj\u00edch vhodn\u00e9ho notov\u00e9ho materi\u00e1lu, o internetov\u00fdch port\u00e1lech mapuj\u00edc\u00edch sborov\u00e9 d\u011bn\u00ed, o p\u0159ehl\u00eddk\u00e1ch, festivalech, sout\u011b\u017e\u00edch apod.<\/p>\n<hr \/>\n<p><span style=\"color: #ff0000\"><strong>Hudebn\u00ed v\u00fdchova pro u\u010ditele M\u0160 a Z\u0160<br \/>\n<\/strong><\/span><\/p>\n<p>D\u00e9lka programu: jednosemestr\u00e1ln\u00ed, celkem 30 hodin<br \/>\nC\u00edlov\u00e1 skupina: u\u010ditel\u00e9 mate\u0159sk\u00e9 \u0161koly nebo 1. stupn\u011b Z\u0160<br \/>\nGarant programu: PhDr. Kate\u0159ina Hurn\u00edkov\u00e1, Ph.D.<br \/>\nInformace: katerina.hurnikova@pedf.cuni.cz<br \/>\nPoplatek: 3 500,- \/cel\u00fd program<\/p>\n<p>Charakteristika: V jednotliv\u00fdch vyu\u010dovan\u00fdch p\u0159edm\u011btech si frekventanti programu prohloub\u00ed sv\u00e9 st\u00e1vaj\u00edc\u00ed hudebn\u00ed dovednosti podle sv\u00fdch mo\u017enost\u00ed a schopnost\u00ed. P\u0159edchoz\u00ed n\u00e1strojov\u00e1 zku\u0161enost (hra na klav\u00edr a na zobcovou fl\u00e9tnu) nen\u00ed nutn\u00e1, s ka\u017ed\u00fdm \u00fa\u010dastn\u00edkem se bude postupovat individu\u00e1ln\u011b. Obsah vzd\u011bl\u00e1vac\u00edho programu: formy pr\u00e1ce p\u0159i realizaci instrument\u00e1ln\u00edch \u010dinnost\u00ed (prezentace element\u00e1rn\u00edch hudebn\u00edch forem spojen\u00fdch s hrou na t\u011blo a na n\u00e1stroje Orffova instrument\u00e1\u0159e), improvizace klav\u00edrn\u00edch doprovod\u016f lidov\u00fdch a um\u011bl\u00fdch p\u00edsn\u00ed, sezn\u00e1men\u00ed se z\u00e1kladn\u00edmi formami hudebn\u011b pohybov\u00e9 v\u00fdchovy, osvojen\u00ed z\u00e1klad\u016f p\u011bveck\u00e9 techniky, metodika pr\u00e1ce s d\u011btsk\u00fdm hlasem, z\u00edsk\u00e1n\u00ed z\u00e1klad\u016f a prohlouben\u00ed dovednost\u00ed v oblasti hry na sopr\u00e1novou zobcovou fl\u00e9tnu se z\u0159eteli ke spr\u00e1vn\u00e9 technice hry, p\u0159ibl\u00ed\u017een\u00ed modern\u00edch trend\u016f hudebn\u00edho vzd\u011bl\u00e1v\u00e1n\u00ed v p\u0159ed\u0161koln\u00edm a mlad\u0161\u00edm \u0161koln\u00edm v\u011bku, praktick\u00e9 osvojen\u00ed princip\u016f integrativn\u00ed a polyestetick\u00e9 v\u00fdchovy.<\/p>\n<hr \/>\n<p><span style=\"color: #ff0000\"><strong>Aktivizuj\u00edc\u00ed metody v HV na 1. stupni Z\u0160<\/strong><\/span><\/p>\n<p>D\u00e9lka programu: jednosemestr\u00e1ln\u00ed, celkem 25 hodin<br \/>\nC\u00edlov\u00e1 skupina: u\u010ditel\u00e9 1. stupn\u011b Z\u0160<br \/>\nGarant programu: PhDr. Ji\u0159ina Ji\u0159i\u010dkov\u00e1, Ph.D.<br \/>\nInformace: jirina.jirickova@pedf.cuni.cz<br \/>\nPoplatek: 3 000,- K\u010d\/cel\u00fd program<\/p>\n<p>Charakteristika: Osvojen\u00ed z\u00e1klad\u016f p\u011bveck\u00e9 techniky, metody n\u00e1cviku p\u00edsn\u011b. Sezn\u00e1men\u00ed se z\u00e1kladn\u00edmi formami hudebn\u011b pohybov\u00e9 v\u00fdchovy a jej\u00edm v\u00fdznamem u d\u011bt\u00ed mlad\u0161\u00edho \u0161koln\u00edho v\u011bku. P\u0159ibl\u00ed\u017een\u00ed aktiviza\u010dn\u00edch metod v hudebn\u011b pohybov\u00e9 v\u00fdchov\u011b. Rozvoj individu\u00e1ln\u00edch dovednost\u00ed ve h\u0159e na t\u011blo. Rozv\u00edjen\u00ed dovednost\u00ed v oblasti uplat\u0148ov\u00e1n\u00ed Orffov\u00fdch n\u00e1stroj\u016f a dovednosti p\u016fsobiv\u00e9ho element\u00e1rn\u00edho doprovodu p\u00edsn\u00ed na vybran\u00e9 klasick\u00e9 n\u00e1stroje. Sezn\u00e1men\u00ed s konkr\u00e9tn\u00edmi uk\u00e1zkami aktivn\u00edho poslechu. P\u0159ibl\u00ed\u017een\u00ed modern\u00edch trend\u016f hudebn\u00edho vzd\u011bl\u00e1v\u00e1n\u00ed v mlad\u0161\u00edm \u0161koln\u00edm v\u011bku. P\u0159edstaven\u00ed komplexn\u00ed modelov\u00e9 hudebn\u011b v\u00fdchovn\u00e9 situace jako inspirace pro vlastn\u00ed tvo\u0159ivou p\u0159\u00edpravu a realizaci hudebn\u00edho vyu\u010dov\u00e1n\u00ed. Propojen\u00ed mezip\u0159edm\u011btov\u00fdch vztah\u016f, uplatn\u011bn\u00ed dramatick\u00e9 v\u00fdchovy a element\u00e1rn\u00ed improvizace. Motivace k aktivn\u00edmu a tv\u016fr\u010d\u00edmu p\u0159\u00edstupu k hudebn\u00edmu vyu\u010dov\u00e1n\u00ed.<\/p>\n<hr \/>\n<p><span style=\"color: #ff0000\"><strong>Aktivizuj\u00edc\u00ed metody v HV na 2. stupni Z\u0160 a S\u0160<\/strong><\/span><\/p>\n<p>D\u00e9lka programu: jednosemestr\u00e1ln\u00ed, celkem 25 hodin<br \/>\nC\u00edlov\u00e1 skupina: u\u010ditel\u00e9 2. stupn\u011b Z\u0160 a S\u0160<br \/>\nGarant programu: PhDr. Ji\u0159ina Ji\u0159i\u010dkov\u00e1, Ph.D.<br \/>\nInformace: jirina.jirickova@pedf.cuni.cz<br \/>\nPoplatek: 3 000,- K\u010d\/cel\u00fd program<\/p>\n<p>Charakteristika: Rozvoj p\u011bveck\u00fdch dovednost\u00ed, zautomatizov\u00e1n\u00ed a propojen\u00ed d\u0159\u00edve osvojen\u00fdch poznatk\u016f. Pozn\u00e1n\u00ed r\u016fzn\u00fdch variant instrument\u00e1ln\u00edch \u010dinnost\u00ed ve \u0161kole. Metodika hry na rytmick\u00e9 bic\u00ed a melodick\u00e9 bic\u00ed n\u00e1stroje Orffova instrument\u00e1\u0159e. Hra na t\u011blo jako pr\u016fprava pro hru na orffovsk\u00e9 n\u00e1stroje. Tvorba partitur vhodn\u00fdch pro \u017e\u00e1ky na 2. stupni Z\u0160 a studenty na S\u0160 a jejich praktick\u00e1 realizace. Praktick\u00e9 sezn\u00e1men\u00ed s typologi\u00ed hudebn\u011b pohybov\u00fdch \u010dinnost\u00ed, se z\u00e1kladn\u00edmi formami hudebn\u011b pohybov\u00e9 v\u00fdchovy a jej\u00edm v\u00fdznamem nejen pro rozv\u00edjen\u00ed hudebn\u00edch schopnost\u00ed. V\u00fdznam metody E-U-R a dal\u0161\u00edch evoka\u010dn\u00edch \u010dinnost\u00ed v r\u00e1mci vzd\u011bl\u00e1vac\u00edho procesu \u017e\u00e1k\u016f a pl\u00e1nov\u00e1n\u00ed hodiny. Osvojen\u00ed z\u00e1kladn\u00edch \u00fakon\u016f v nota\u010dn\u00edm programu Sibelius a uk\u00e1zka postup\u016f zrychluj\u00edc\u00edch pr\u00e1ci s t\u00edmto programem. Z\u00e1kladn\u00ed editace zvuku pomoc\u00ed DAW softwaru. Tvorba interaktivn\u00edch prezentac\u00ed v PowerPointu vyu\u017eiteln\u00fdch ve vzd\u011bl\u00e1v\u00e1n\u00ed. Sezn\u00e1men\u00ed se s programy pro v\u00fduku hudebn\u00ed nauky a intonace. Sezn\u00e1men\u00ed s konkr\u00e9tn\u00edmi uk\u00e1zkami aktivn\u00edho poslechu. Rozvoj schopnosti didaktick\u00e9 anal\u00fdzy hudebn\u00edho d\u00edla. Inspirace pr\u016fpravn\u00fdmi aktivitami a aktiviza\u010dn\u00edmi \u00fakoly.<\/p>\n<hr \/>\n<p><strong><span style=\"color: #ff0000\">Didaktika a metodika HV v preprim\u00e1rn\u00edm vzd\u011bl\u00e1v\u00e1n\u00ed<\/span><\/strong><\/p>\n<p>D\u00e9lka programu: jednosemestr\u00e1ln\u00ed, celkem 25 hodin<br \/>\nC\u00edlov\u00e1 skupina: u\u010ditel\u00e9 M\u0160, p\u0159\u00edpravn\u00fdch ro\u010dn\u00edk\u016f nebo ZU\u0160<br \/>\nGarant programu: Mgr. Milena Kmentov\u00e1, Ph.D.<br \/>\nInformace: milena.kmentova@pedf.cuni.cz<br \/>\nPoplatek: 3 000,- K\u010d\/cel\u00fd program<\/p>\n<p>Charakteristika: Frekventanti jsou vedeni k metodick\u00e9 pr\u00e1ci v kompletn\u00edm spektru hudebn\u00edch \u010dinnost\u00ed (poslechov\u00fdch, hudebn\u011b pohybov\u00fdch, p\u011bveck\u00fdch a instrument\u00e1ln\u00edch), a to v jejich autonomn\u00ed podob\u011b, kombinac\u00edch i v didaktick\u00e9 posloupnosti. Studenti z\u00edsk\u00e1vaj\u00ed dovednost organizovat a z\u0159eteln\u011b v\u00e9st hudebn\u00ed \u010dinnosti p\u0159im\u011b\u0159en\u00e9 d\u011btem p\u0159ed\u0161koln\u00edho v\u011bku a realizovateln\u00e9 v M\u0160, v p\u0159\u00edpravn\u00fdch ro\u010dn\u00edc\u00edch a v p\u0159ed\u0161koln\u00edch odd\u011blen\u00edch ZU\u0160. Frekventanti z\u00edskaj\u00ed \u0161irok\u00fd reperto\u00e1r co do obsahu i organiza\u010dn\u00edch forem HV a schopnost p\u0159izp\u016fsobit tyto prost\u0159edky konkr\u00e9tn\u00edm podm\u00ednk\u00e1m v p\u0159ed\u0161koln\u00edm vzd\u011bl\u00e1v\u00e1n\u00ed.<\/p>\n<hr \/>\n<p><span style=\"color: #ff0000\"><strong>Hudba v \u0161ir\u0161\u00edch historick\u00fdch a um\u011bleck\u00fdch souvislostech<\/strong><\/span><\/p>\n<p>D\u00e9lka programu: 12 hodin (rozlo\u017een\u00fdch do 2 setk\u00e1n\u00ed)<br \/>\nC\u00edlov\u00e1 skupina: u\u010ditel\u00e9 gymn\u00e1zi\u00ed, SO\u0160, SOU, ZU\u0160, SU\u0160, VO\u0160<br \/>\nGarant programu: PhDr. Kate\u0159ina Hurn\u00edkov\u00e1, Ph.D.<br \/>\nInformace: katerina.hurnikova@pedf.cuni.cz<br \/>\nPoplatek: 1 850,- \/program<\/p>\n<p>Charakteristika: C\u00edlem programu je p\u0159edstavit vybran\u00e9 um\u011bleck\u00e9 slohy v jejich komplexnosti a uk\u00e1zat cesty, jak lze \u017e\u00e1ky a studenty v\u00e9st k vn\u00edm\u00e1n\u00ed um\u011bleck\u00fdch styl\u016f a konkr\u00e9tn\u00edch hudebn\u00edch d\u011bl v \u0161ir\u0161\u00edm historick\u00e9m, spole\u010densk\u00e9m a um\u011bleck\u00e9m kontextu. Po ukon\u010den\u00ed vzd\u011bl\u00e1vac\u00edho programu budou \u00fa\u010dastn\u00edci um\u011bt: &#8211; prezentovat slohov\u00e1 obdob\u00ed v historick\u00fdch, spole\u010densk\u00fdch a um\u011bleck\u00fdch souvislostech, &#8211; p\u0159edstavit hudbu jako inspira\u010dn\u00ed zdroj liter\u00e1rn\u00edch a v\u00fdtvarn\u00fdch d\u011bl, &#8211; vysv\u011btlit student\u016fm prov\u00e1zanost jednotliv\u00fdch druh\u016f um\u011bn\u00ed, &#8211; uk\u00e1zat, \u017ee hudebn\u00ed d\u00edla odr\u00e1\u017e\u00ed my\u0161len\u00ed spole\u010dnosti, osobnost a \u017eivotn\u00ed osudy skladatele. V\u00fd\u0161e uveden\u00e9 znalosti a dovednosti si \u00fa\u010dastn\u00edci osvoj\u00ed na uk\u00e1zk\u00e1ch pr\u00e1ce s konkr\u00e9tn\u00edm um\u011bleck\u00fdm materi\u00e1lem (hudebn\u00ed skladby, liter\u00e1rn\u00ed uk\u00e1zky, architektonick\u00e1 a v\u00fdtvarn\u00e1 d\u00edla).<\/p>\n<p>Vzd\u011bl\u00e1vac\u00ed program lze absolvovat v r\u00e1mci projektu v\u00fdzvy \u0160ablony II.<\/p>\n<hr \/>\n<p><strong><span style=\"color: #ff0000\">Metodika hry na boomwhackery pro u\u010ditele na 2. stupni Z\u0160<\/span><\/strong><\/p>\n<p>D\u00e9lka programu: 8 hodin<br \/>\nC\u00edlov\u00e1 skupina: u\u010ditel\u00e9 hudebn\u00ed v\u00fdchovy 2. stupn\u011b Z\u0160<br \/>\nGarant programu: PhDr. Ji\u0159ina Ji\u0159i\u010dkov\u00e1, Ph.D.<br \/>\nInformace: jirina.jirickova@pedf.cuni.cz<br \/>\nPoplatek: 1 000,-\/program<\/p>\n<p>Charakteristika: Vzd\u011bl\u00e1vac\u00ed program je ur\u010den vyu\u010duj\u00edc\u00edm na 2. stupni z\u00e1kladn\u00ed \u0161koly. Je zam\u00fd\u0161len jako osmihodinov\u00fd celek, kter\u00fd je napln\u011bn progresivn\u011b se\u0159azen\u00fdmi hudebn\u00edmi \u010dinnostmi s uplatn\u011bn\u00edm ozvu\u010dn\u00fdch trubic boomwhacker\u016f. N\u00e1pln\u00ed programu je metodika hry na boomwhackery, kdy jednotliv\u00e9 aktivity jsou oz\u0159ejm\u011bny, pro\u017eity a vyzkou\u0161eny \u00fa\u010dastn\u00edky. Tvo\u0159iv\u00e9 aktivity a prostor pro reflexi tvo\u0159\u00ed ned\u00edlnou sou\u010d\u00e1st programu. Vzd\u011bl\u00e1vac\u00ed program lze absolvovat v r\u00e1mci projektu v\u00fdzvy \u0160ablony II.<\/p>\n<hr \/>\n<p><strong><span style=\"color: #ff0000\">Profesn\u00ed \u00fanava hlasu a mo\u017enosti n\u00e1pravy<\/span><\/strong><\/p>\n<p>D\u00e9lka programu: 6 hodin<br \/>\nC\u00edlov\u00e1 skupina: u\u010ditel\u00e9 M\u0160, Z\u0160, S\u0160 a ZU\u0160<br \/>\nGarant programu: PaedDr. Alena Tich\u00e1, Ph.D.<br \/>\nInformace: alenaticha@alenaticha.cz<br \/>\nPoplatek: 650,- K\u010d\/program<\/p>\n<p>Charakteristika: Prakticky zam\u011b\u0159en\u00fd semin\u00e1\u0159 d\u00e1v\u00e1 mo\u017enost \u00fa\u010dastn\u00edk\u016fm poznat individu\u00e1ln\u00ed p\u0159\u00ed\u010diny jejich hlasov\u00fdch obt\u00ed\u017e\u00ed, nab\u00edz\u00ed v\u0161ak i prevenci t\u011bm, jejich\u017e hlas zat\u00edm zvl\u00e1d\u00e1 n\u00e1ro\u010dn\u00e9 povol\u00e1n\u00ed hlasov\u00e9ho profesion\u00e1la. V semin\u00e1\u0159i budou nab\u00eddnuty hry, cvi\u010den\u00ed a motivace, kter\u00e9 vedou k p\u0159edch\u00e1zen\u00ed a k n\u00e1prav\u011b hlasov\u00e9 \u00fanavy. Jde o prakticky zam\u011b\u0159en\u00fd semin\u00e1\u0159, v n\u011bm\u017e bude respektov\u00e1n individu\u00e1ln\u00ed p\u0159\u00edstup ke ka\u017ed\u00e9mu \u00fa\u010dastn\u00edku.<\/p>\n<hr \/>\n<p><span style=\"color: #ff0000\"><strong>Rozezp\u00edv\u00e1n\u00ed tzv. nezp\u011bv\u00e1k\u016f a hlasov\u00e1 v\u00fdchova d\u011bt\u00ed<\/strong><\/span><\/p>\n<p>D\u00e9lka programu: 6 hodin<br \/>\nC\u00edlov\u00e1 skupina: u\u010ditel\u00e9 hudebn\u00ed v\u00fdchovy v M\u0160, Z\u0160 a ZU\u0160<br \/>\nGarant programu: PaedDr. Alena Tich\u00e1, Ph.D.<br \/>\nInformace: alenaticha@alenaticha.cz<br \/>\nPoplatek: 650,- K\u010d\/program<\/p>\n<p>Charakteristika: C\u00edlem semin\u00e1\u0159e je sezn\u00e1mit s problematikou tzv. nezp\u011bv\u00e1k\u016f a na z\u00e1klad\u011b p\u0159\u00ed\u010din, kter\u00e9 zp\u016fsobily mal\u00fd rozvoj jejich zp\u011bvn\u00edho a mluvn\u00edho hlasu (p\u0159\u00edpadn\u011b naru\u0161en\u00ed fyziologick\u00e9ho tvo\u0159en\u00ed hlasu), nab\u00eddnout cvi\u010den\u00ed, hry a motivace, kter\u00e9 pomohou d\u011bti uvolnit a rozezp\u00edvat.<\/p>\n<hr \/>\n<p><strong>Pro v\u00edce informac\u00ed kontaktujte PhDr. Kate\u0159inu Hurn\u00edkovou, Ph.D.:<\/strong><br \/>\n<strong>katerina.hurnikova@pedf.cuni.cz<\/strong><\/p>\n","protected":false},"excerpt":{"rendered":"<p>Nejaktu\u00e1ln\u011bj\u0161\u00ed informace najdete na webu C\u017dV Katedra hudebn\u00ed v\u00fdchovy nab\u00edz\u00ed v r\u00e1mci celo\u017eivotn\u00edho vzd\u011bl\u00e1v\u00e1n\u00ed tyto z\u00e1jmov\u00e9 programy: Program dovednost\u00ed pro u\u010ditele HV \u2013 hra na klav\u00edr D\u00e9lka programu: dvousemestr\u00e1ln\u00ed, celkem 36 hodin C\u00edlov\u00e1 skupina: u\u010ditel\u00e9 HV ze v\u0161ech stup\u0148\u016f \u0161kol Garant programu: doc. Libu\u0161e Tich\u00e1 Informace: libuse.ticha@pedf.cuni.cz Poplatek: 5 700,- K\u010d\/cel\u00fd program Charakteristika: Z\u00e1kladn\u00edm c\u00edlem [&hellip;]<\/p>\n","protected":false},"author":422,"featured_media":0,"parent":152,"menu_order":1,"comment_status":"closed","ping_status":"closed","template":"","meta":{"footnotes":""},"class_list":["post-329","page","type-page","status-publish","hentry"],"_links":{"self":[{"href":"https:\/\/pages.pedf.cuni.cz\/khv\/wp-json\/wp\/v2\/pages\/329","targetHints":{"allow":["GET"]}}],"collection":[{"href":"https:\/\/pages.pedf.cuni.cz\/khv\/wp-json\/wp\/v2\/pages"}],"about":[{"href":"https:\/\/pages.pedf.cuni.cz\/khv\/wp-json\/wp\/v2\/types\/page"}],"author":[{"embeddable":true,"href":"https:\/\/pages.pedf.cuni.cz\/khv\/wp-json\/wp\/v2\/users\/422"}],"replies":[{"embeddable":true,"href":"https:\/\/pages.pedf.cuni.cz\/khv\/wp-json\/wp\/v2\/comments?post=329"}],"version-history":[{"count":5,"href":"https:\/\/pages.pedf.cuni.cz\/khv\/wp-json\/wp\/v2\/pages\/329\/revisions"}],"predecessor-version":[{"id":4262,"href":"https:\/\/pages.pedf.cuni.cz\/khv\/wp-json\/wp\/v2\/pages\/329\/revisions\/4262"}],"up":[{"embeddable":true,"href":"https:\/\/pages.pedf.cuni.cz\/khv\/wp-json\/wp\/v2\/pages\/152"}],"wp:attachment":[{"href":"https:\/\/pages.pedf.cuni.cz\/khv\/wp-json\/wp\/v2\/media?parent=329"}],"curies":[{"name":"wp","href":"https:\/\/api.w.org\/{rel}","templated":true}]}}