{"id":344,"date":"2015-05-24T15:52:57","date_gmt":"2015-05-24T13:52:57","guid":{"rendered":"http:\/\/pages.pedf.cuni.cz\/khv\/?page_id=344"},"modified":"2019-11-20T16:56:23","modified_gmt":"2019-11-20T15:56:23","slug":"prijimaci-rizeni-hudebni-vychova","status":"publish","type":"page","link":"https:\/\/pages.pedf.cuni.cz\/khv\/pro-uchazece\/https-is-cuni-cz-studium-prijimacky-index-phpdooboryfakulta11410fstddruhstuprobor17504r233obor2nazevjazykdelkazobrazzobrazit9polo%c5%beek\/prijimaci-rizeni-hudebni-vychova\/","title":{"rendered":"Hudebn\u00ed v\u00fdchova"},"content":{"rendered":"<ul class=\"list-pages-shortcode child-pages\"><li class=\"page_item page-item-396\"><a href=\"https:\/\/pages.pedf.cuni.cz\/khv\/pro-uchazece\/https-is-cuni-cz-studium-prijimacky-index-phpdooboryfakulta11410fstddruhstuprobor17504r233obor2nazevjazykdelkazobrazzobrazit9polo%c5%beek\/prijimaci-rizeni-hudebni-vychova\/bakalarske-studium\/\">Bakal\u00e1\u0159sk\u00e9 studium<\/a><\/li>\n<li class=\"page_item page-item-402\"><a href=\"https:\/\/pages.pedf.cuni.cz\/khv\/pro-uchazece\/https-is-cuni-cz-studium-prijimacky-index-phpdooboryfakulta11410fstddruhstuprobor17504r233obor2nazevjazykdelkazobrazzobrazit9polo%c5%beek\/prijimaci-rizeni-hudebni-vychova\/navazujici-magisterske-studium\/\">Navazuj\u00edc\u00ed magistersk\u00e9 studium<\/a><\/li>\n<\/ul>\n","protected":false},"excerpt":{"rendered":"","protected":false},"author":422,"featured_media":0,"parent":145,"menu_order":1,"comment_status":"closed","ping_status":"closed","template":"","meta":{"footnotes":""},"class_list":["post-344","page","type-page","status-publish","hentry"],"_links":{"self":[{"href":"https:\/\/pages.pedf.cuni.cz\/khv\/wp-json\/wp\/v2\/pages\/344","targetHints":{"allow":["GET"]}}],"collection":[{"href":"https:\/\/pages.pedf.cuni.cz\/khv\/wp-json\/wp\/v2\/pages"}],"about":[{"href":"https:\/\/pages.pedf.cuni.cz\/khv\/wp-json\/wp\/v2\/types\/page"}],"author":[{"embeddable":true,"href":"https:\/\/pages.pedf.cuni.cz\/khv\/wp-json\/wp\/v2\/users\/422"}],"replies":[{"embeddable":true,"href":"https:\/\/pages.pedf.cuni.cz\/khv\/wp-json\/wp\/v2\/comments?post=344"}],"version-history":[{"count":1,"href":"https:\/\/pages.pedf.cuni.cz\/khv\/wp-json\/wp\/v2\/pages\/344\/revisions"}],"predecessor-version":[{"id":3056,"href":"https:\/\/pages.pedf.cuni.cz\/khv\/wp-json\/wp\/v2\/pages\/344\/revisions\/3056"}],"up":[{"embeddable":true,"href":"https:\/\/pages.pedf.cuni.cz\/khv\/wp-json\/wp\/v2\/pages\/145"}],"wp:attachment":[{"href":"https:\/\/pages.pedf.cuni.cz\/khv\/wp-json\/wp\/v2\/media?parent=344"}],"curies":[{"name":"wp","href":"https:\/\/api.w.org\/{rel}","templated":true}]}}