{"id":3474,"date":"2020-06-13T12:52:37","date_gmt":"2020-06-13T10:52:37","guid":{"rendered":"http:\/\/pages.pedf.cuni.cz\/khv\/?page_id=3474"},"modified":"2025-05-23T11:07:44","modified_gmt":"2025-05-23T09:07:44","slug":"rudolfinum-22-1-2019","status":"publish","type":"page","link":"https:\/\/pages.pedf.cuni.cz\/khv\/fotogalerie\/koncerty\/rudolfinum-22-1-2019\/","title":{"rendered":"Rudolfinum, 22. 1. 2019"},"content":{"rendered":"<p><iframe loading=\"lazy\" title=\"Tis\u00edce sv\u011btel rozsv\u00edt\u00edm: koncert k poct\u011b Jana Palacha\" width=\"660\" height=\"371\" src=\"https:\/\/www.youtube.com\/embed\/d2g8ehC-OKI?feature=oembed\" frameborder=\"0\" allow=\"accelerometer; autoplay; clipboard-write; encrypted-media; gyroscope; picture-in-picture; web-share\" referrerpolicy=\"strict-origin-when-cross-origin\" allowfullscreen><\/iframe><\/p>\n","protected":false},"excerpt":{"rendered":"","protected":false},"author":500,"featured_media":0,"parent":380,"menu_order":48,"comment_status":"closed","ping_status":"closed","template":"","meta":{"footnotes":""},"class_list":["post-3474","page","type-page","status-publish","hentry"],"_links":{"self":[{"href":"https:\/\/pages.pedf.cuni.cz\/khv\/wp-json\/wp\/v2\/pages\/3474","targetHints":{"allow":["GET"]}}],"collection":[{"href":"https:\/\/pages.pedf.cuni.cz\/khv\/wp-json\/wp\/v2\/pages"}],"about":[{"href":"https:\/\/pages.pedf.cuni.cz\/khv\/wp-json\/wp\/v2\/types\/page"}],"author":[{"embeddable":true,"href":"https:\/\/pages.pedf.cuni.cz\/khv\/wp-json\/wp\/v2\/users\/500"}],"replies":[{"embeddable":true,"href":"https:\/\/pages.pedf.cuni.cz\/khv\/wp-json\/wp\/v2\/comments?post=3474"}],"version-history":[{"count":2,"href":"https:\/\/pages.pedf.cuni.cz\/khv\/wp-json\/wp\/v2\/pages\/3474\/revisions"}],"predecessor-version":[{"id":3476,"href":"https:\/\/pages.pedf.cuni.cz\/khv\/wp-json\/wp\/v2\/pages\/3474\/revisions\/3476"}],"up":[{"embeddable":true,"href":"https:\/\/pages.pedf.cuni.cz\/khv\/wp-json\/wp\/v2\/pages\/380"}],"wp:attachment":[{"href":"https:\/\/pages.pedf.cuni.cz\/khv\/wp-json\/wp\/v2\/media?parent=3474"}],"curies":[{"name":"wp","href":"https:\/\/api.w.org\/{rel}","templated":true}]}}