{"id":355,"date":"2015-05-24T15:58:46","date_gmt":"2015-05-24T13:58:46","guid":{"rendered":"http:\/\/pages.pedf.cuni.cz\/khv\/?page_id=355"},"modified":"2019-11-20T17:20:11","modified_gmt":"2019-11-20T16:20:11","slug":"hudebni-teorie-a-pedagogika","status":"publish","type":"page","link":"https:\/\/pages.pedf.cuni.cz\/khv\/pro-uchazece\/https-is-cuni-cz-studium-prijimacky-index-phpdooboryfakulta11410fstddruhstuprobor17504r233obor2nazevjazykdelkazobrazzobrazit9polo%c5%beek\/hudebni-teorie-a-pedagogika\/","title":{"rendered":"Hudebn\u00ed teorie a pedagogika"},"content":{"rendered":"<p><a href=\"https:\/\/pedf.cuni.cz\/PEDF-87.html\">P\u0159ij\u00edmac\u00ed \u0159\u00edzen\u00ed<\/a><\/p>\n<p>&nbsp;<\/p>\n","protected":false},"excerpt":{"rendered":"<p>P\u0159ij\u00edmac\u00ed \u0159\u00edzen\u00ed &nbsp;<\/p>\n","protected":false},"author":422,"featured_media":0,"parent":145,"menu_order":4,"comment_status":"closed","ping_status":"closed","template":"","meta":{"footnotes":""},"class_list":["post-355","page","type-page","status-publish","hentry"],"_links":{"self":[{"href":"https:\/\/pages.pedf.cuni.cz\/khv\/wp-json\/wp\/v2\/pages\/355","targetHints":{"allow":["GET"]}}],"collection":[{"href":"https:\/\/pages.pedf.cuni.cz\/khv\/wp-json\/wp\/v2\/pages"}],"about":[{"href":"https:\/\/pages.pedf.cuni.cz\/khv\/wp-json\/wp\/v2\/types\/page"}],"author":[{"embeddable":true,"href":"https:\/\/pages.pedf.cuni.cz\/khv\/wp-json\/wp\/v2\/users\/422"}],"replies":[{"embeddable":true,"href":"https:\/\/pages.pedf.cuni.cz\/khv\/wp-json\/wp\/v2\/comments?post=355"}],"version-history":[{"count":5,"href":"https:\/\/pages.pedf.cuni.cz\/khv\/wp-json\/wp\/v2\/pages\/355\/revisions"}],"predecessor-version":[{"id":3072,"href":"https:\/\/pages.pedf.cuni.cz\/khv\/wp-json\/wp\/v2\/pages\/355\/revisions\/3072"}],"up":[{"embeddable":true,"href":"https:\/\/pages.pedf.cuni.cz\/khv\/wp-json\/wp\/v2\/pages\/145"}],"wp:attachment":[{"href":"https:\/\/pages.pedf.cuni.cz\/khv\/wp-json\/wp\/v2\/media?parent=355"}],"curies":[{"name":"wp","href":"https:\/\/api.w.org\/{rel}","templated":true}]}}