{"id":367,"date":"2015-05-24T16:14:01","date_gmt":"2015-05-24T14:14:01","guid":{"rendered":"http:\/\/pages.pedf.cuni.cz\/khv\/?page_id=367"},"modified":"2020-06-13T11:22:40","modified_gmt":"2020-06-13T09:22:40","slug":"hudebne-pedagogicka-cinnost","status":"publish","type":"page","link":"https:\/\/pages.pedf.cuni.cz\/khv\/profil-katedry\/cinnost-katedry\/hudebne-pedagogicka-cinnost\/","title":{"rendered":"Hudebn\u011b pedagogick\u00e1 \u010dinnost"},"content":{"rendered":"<p>Katedra hudebn\u00ed v\u00fdchovy vzd\u011bl\u00e1v\u00e1 budouc\u00ed u\u010ditele hudby ve t\u0159\u00edlet\u00e9m bakal\u00e1\u0159sk\u00e9m a dvoulet\u00e9m navazuj\u00edc\u00edm magistersk\u00e9m studijn\u00edm programu v oborech Hudebn\u00ed v\u00fdchova, Hra na n\u00e1stroj a Sbormistrovstv\u00ed. Tyto programy jsou akreditov\u00e1ny i v anglick\u00e9m jazyce pro studium zahrani\u010dn\u00edch student\u016f. Katedra HV se t\u00e9\u017e pod\u00edl\u00ed na p\u0159\u00edprav\u011b u\u010ditel\u016f 1. stupn\u011b z\u00e1kladn\u00edch \u0161kol a mate\u0159sk\u00fdch \u0161kol, a to jak v prezen\u010dn\u00ed tak v kombinovan\u00e9 form\u011b studia. D\u00e1le zaji\u0161\u0165uje rigor\u00f3zn\u00ed \u0159\u00edzen\u00ed (PhDr.) a nab\u00edz\u00ed doktorsk\u00e9 studium v programu Hudebn\u00ed teorie a pedagogika (Ph.D.). Katedra spolupracuje s evropsk\u00fdmi univerzitami (nap\u0159. Irsko, Norsko, Polsko, N\u011bmecko, Slovensko, Rusko) a zaji\u0161\u0165uje studentskou i u\u010ditelskou mobilitu v r\u00e1mci LLP Erasmus+.<\/p>\n","protected":false},"excerpt":{"rendered":"<p>Katedra hudebn\u00ed v\u00fdchovy vzd\u011bl\u00e1v\u00e1 budouc\u00ed u\u010ditele hudby ve t\u0159\u00edlet\u00e9m bakal\u00e1\u0159sk\u00e9m a dvoulet\u00e9m navazuj\u00edc\u00edm magistersk\u00e9m studijn\u00edm programu v oborech Hudebn\u00ed v\u00fdchova, Hra na n\u00e1stroj a Sbormistrovstv\u00ed. Tyto programy jsou akreditov\u00e1ny i v anglick\u00e9m jazyce pro studium zahrani\u010dn\u00edch student\u016f. Katedra HV se t\u00e9\u017e pod\u00edl\u00ed na p\u0159\u00edprav\u011b u\u010ditel\u016f 1. stupn\u011b z\u00e1kladn\u00edch \u0161kol a mate\u0159sk\u00fdch \u0161kol, a to jak [&hellip;]<\/p>\n","protected":false},"author":422,"featured_media":0,"parent":512,"menu_order":1,"comment_status":"closed","ping_status":"closed","template":"","meta":{"footnotes":""},"class_list":["post-367","page","type-page","status-publish","hentry"],"_links":{"self":[{"href":"https:\/\/pages.pedf.cuni.cz\/khv\/wp-json\/wp\/v2\/pages\/367","targetHints":{"allow":["GET"]}}],"collection":[{"href":"https:\/\/pages.pedf.cuni.cz\/khv\/wp-json\/wp\/v2\/pages"}],"about":[{"href":"https:\/\/pages.pedf.cuni.cz\/khv\/wp-json\/wp\/v2\/types\/page"}],"author":[{"embeddable":true,"href":"https:\/\/pages.pedf.cuni.cz\/khv\/wp-json\/wp\/v2\/users\/422"}],"replies":[{"embeddable":true,"href":"https:\/\/pages.pedf.cuni.cz\/khv\/wp-json\/wp\/v2\/comments?post=367"}],"version-history":[{"count":3,"href":"https:\/\/pages.pedf.cuni.cz\/khv\/wp-json\/wp\/v2\/pages\/367\/revisions"}],"predecessor-version":[{"id":3466,"href":"https:\/\/pages.pedf.cuni.cz\/khv\/wp-json\/wp\/v2\/pages\/367\/revisions\/3466"}],"up":[{"embeddable":true,"href":"https:\/\/pages.pedf.cuni.cz\/khv\/wp-json\/wp\/v2\/pages\/512"}],"wp:attachment":[{"href":"https:\/\/pages.pedf.cuni.cz\/khv\/wp-json\/wp\/v2\/media?parent=367"}],"curies":[{"name":"wp","href":"https:\/\/api.w.org\/{rel}","templated":true}]}}