{"id":396,"date":"2015-05-24T17:38:30","date_gmt":"2015-05-24T15:38:30","guid":{"rendered":"http:\/\/pages.pedf.cuni.cz\/khv\/?page_id=396"},"modified":"2020-12-19T14:16:07","modified_gmt":"2020-12-19T13:16:07","slug":"bakalarske-studium","status":"publish","type":"page","link":"https:\/\/pages.pedf.cuni.cz\/khv\/pro-uchazece\/https-is-cuni-cz-studium-prijimacky-index-phpdooboryfakulta11410fstddruhstuprobor17504r233obor2nazevjazykdelkazobrazzobrazit9polo%c5%beek\/prijimaci-rizeni-hudebni-vychova\/bakalarske-studium\/","title":{"rendered":"Bakal\u00e1\u0159sk\u00e9 studium"},"content":{"rendered":"<p><a href=\"https:\/\/is.cuni.cz\/studium\/prijimacky\/index.php?do=obory&amp;fulltext=&amp;fakulta=11410&amp;fst=D&amp;druh=B&amp;stupr=B0114A320001&amp;obor1=&amp;obor2=&amp;iscedkod=&amp;nazev=&amp;jazyk=&amp;delka=\">P\u0159ij\u00edmac\u00ed \u0159\u00edzen\u00ed k bakal\u00e1\u0159sk\u00e9mu studiu<\/a><\/p>\n\n\n<p><\/p>\n","protected":false},"excerpt":{"rendered":"<p>P\u0159ij\u00edmac\u00ed \u0159\u00edzen\u00ed k bakal\u00e1\u0159sk\u00e9mu studiu<\/p>\n","protected":false},"author":422,"featured_media":0,"parent":344,"menu_order":1,"comment_status":"closed","ping_status":"closed","template":"","meta":{"footnotes":""},"class_list":["post-396","page","type-page","status-publish","hentry"],"_links":{"self":[{"href":"https:\/\/pages.pedf.cuni.cz\/khv\/wp-json\/wp\/v2\/pages\/396","targetHints":{"allow":["GET"]}}],"collection":[{"href":"https:\/\/pages.pedf.cuni.cz\/khv\/wp-json\/wp\/v2\/pages"}],"about":[{"href":"https:\/\/pages.pedf.cuni.cz\/khv\/wp-json\/wp\/v2\/types\/page"}],"author":[{"embeddable":true,"href":"https:\/\/pages.pedf.cuni.cz\/khv\/wp-json\/wp\/v2\/users\/422"}],"replies":[{"embeddable":true,"href":"https:\/\/pages.pedf.cuni.cz\/khv\/wp-json\/wp\/v2\/comments?post=396"}],"version-history":[{"count":8,"href":"https:\/\/pages.pedf.cuni.cz\/khv\/wp-json\/wp\/v2\/pages\/396\/revisions"}],"predecessor-version":[{"id":3708,"href":"https:\/\/pages.pedf.cuni.cz\/khv\/wp-json\/wp\/v2\/pages\/396\/revisions\/3708"}],"up":[{"embeddable":true,"href":"https:\/\/pages.pedf.cuni.cz\/khv\/wp-json\/wp\/v2\/pages\/344"}],"wp:attachment":[{"href":"https:\/\/pages.pedf.cuni.cz\/khv\/wp-json\/wp\/v2\/media?parent=396"}],"curies":[{"name":"wp","href":"https:\/\/api.w.org\/{rel}","templated":true}]}}