{"id":398,"date":"2015-05-24T17:42:59","date_gmt":"2015-05-24T15:42:59","guid":{"rendered":"http:\/\/pages.pedf.cuni.cz\/khv\/?page_id=398"},"modified":"2020-12-19T14:22:01","modified_gmt":"2020-12-19T13:22:01","slug":"bakalarske-studium","status":"publish","type":"page","link":"https:\/\/pages.pedf.cuni.cz\/khv\/pro-uchazece\/https-is-cuni-cz-studium-prijimacky-index-phpdooboryfakulta11410fstddruhstuprobor17504r233obor2nazevjazykdelkazobrazzobrazit9polo%c5%beek\/prijimaci-rizeni-hra-na-nastroj\/bakalarske-studium\/","title":{"rendered":"Bakal\u00e1\u0159sk\u00e9 studium"},"content":{"rendered":"<p><a href=\"https:\/\/is.cuni.cz\/studium\/prijimacky\/index.php?do=detail_obor&amp;id_obor=24655\">P\u0159ij\u00edmac\u00ed \u0159\u00edzen\u00ed pro bakal\u00e1\u0159sk\u00e9 studium<\/a><\/p>\n","protected":false},"excerpt":{"rendered":"<p>P\u0159ij\u00edmac\u00ed \u0159\u00edzen\u00ed pro bakal\u00e1\u0159sk\u00e9 studium<\/p>\n","protected":false},"author":422,"featured_media":0,"parent":349,"menu_order":0,"comment_status":"closed","ping_status":"closed","template":"","meta":{"footnotes":""},"class_list":["post-398","page","type-page","status-publish","hentry"],"_links":{"self":[{"href":"https:\/\/pages.pedf.cuni.cz\/khv\/wp-json\/wp\/v2\/pages\/398","targetHints":{"allow":["GET"]}}],"collection":[{"href":"https:\/\/pages.pedf.cuni.cz\/khv\/wp-json\/wp\/v2\/pages"}],"about":[{"href":"https:\/\/pages.pedf.cuni.cz\/khv\/wp-json\/wp\/v2\/types\/page"}],"author":[{"embeddable":true,"href":"https:\/\/pages.pedf.cuni.cz\/khv\/wp-json\/wp\/v2\/users\/422"}],"replies":[{"embeddable":true,"href":"https:\/\/pages.pedf.cuni.cz\/khv\/wp-json\/wp\/v2\/comments?post=398"}],"version-history":[{"count":3,"href":"https:\/\/pages.pedf.cuni.cz\/khv\/wp-json\/wp\/v2\/pages\/398\/revisions"}],"predecessor-version":[{"id":3712,"href":"https:\/\/pages.pedf.cuni.cz\/khv\/wp-json\/wp\/v2\/pages\/398\/revisions\/3712"}],"up":[{"embeddable":true,"href":"https:\/\/pages.pedf.cuni.cz\/khv\/wp-json\/wp\/v2\/pages\/349"}],"wp:attachment":[{"href":"https:\/\/pages.pedf.cuni.cz\/khv\/wp-json\/wp\/v2\/media?parent=398"}],"curies":[{"name":"wp","href":"https:\/\/api.w.org\/{rel}","templated":true}]}}