{"id":420,"date":"2015-05-25T09:25:43","date_gmt":"2015-05-25T07:25:43","guid":{"rendered":"http:\/\/pages.pedf.cuni.cz\/khv\/?page_id=420"},"modified":"2016-01-05T14:17:05","modified_gmt":"2016-01-05T13:17:05","slug":"hudebni-vychova","status":"publish","type":"page","link":"https:\/\/pages.pedf.cuni.cz\/khv\/studium\/bc-studium\/hudebni-vychova\/","title":{"rendered":"Hudebn\u00ed v\u00fdchova"},"content":{"rendered":"<ul class=\"list-pages-shortcode child-pages\"><li class=\"page_item page-item-490\"><a href=\"https:\/\/pages.pedf.cuni.cz\/khv\/studium\/bc-studium\/hudebni-vychova\/statni-bakalarska-zkouska\/\">St\u00e1tn\u00ed bakal\u00e1\u0159sk\u00e1 zkou\u0161ka &#8211; HV<\/a><\/li>\n<\/ul>\n","protected":false},"excerpt":{"rendered":"","protected":false},"author":422,"featured_media":0,"parent":30,"menu_order":1,"comment_status":"closed","ping_status":"closed","template":"","meta":{"footnotes":""},"class_list":["post-420","page","type-page","status-publish","hentry"],"_links":{"self":[{"href":"https:\/\/pages.pedf.cuni.cz\/khv\/wp-json\/wp\/v2\/pages\/420","targetHints":{"allow":["GET"]}}],"collection":[{"href":"https:\/\/pages.pedf.cuni.cz\/khv\/wp-json\/wp\/v2\/pages"}],"about":[{"href":"https:\/\/pages.pedf.cuni.cz\/khv\/wp-json\/wp\/v2\/types\/page"}],"author":[{"embeddable":true,"href":"https:\/\/pages.pedf.cuni.cz\/khv\/wp-json\/wp\/v2\/users\/422"}],"replies":[{"embeddable":true,"href":"https:\/\/pages.pedf.cuni.cz\/khv\/wp-json\/wp\/v2\/comments?post=420"}],"version-history":[{"count":0,"href":"https:\/\/pages.pedf.cuni.cz\/khv\/wp-json\/wp\/v2\/pages\/420\/revisions"}],"up":[{"embeddable":true,"href":"https:\/\/pages.pedf.cuni.cz\/khv\/wp-json\/wp\/v2\/pages\/30"}],"wp:attachment":[{"href":"https:\/\/pages.pedf.cuni.cz\/khv\/wp-json\/wp\/v2\/media?parent=420"}],"curies":[{"name":"wp","href":"https:\/\/api.w.org\/{rel}","templated":true}]}}