{"id":422,"date":"2015-05-25T09:26:16","date_gmt":"2015-05-25T07:26:16","guid":{"rendered":"http:\/\/pages.pedf.cuni.cz\/khv\/?page_id=422"},"modified":"2016-01-05T14:17:13","modified_gmt":"2016-01-05T13:17:13","slug":"hra-na-nastroj","status":"publish","type":"page","link":"https:\/\/pages.pedf.cuni.cz\/khv\/studium\/bc-studium\/hra-na-nastroj\/","title":{"rendered":"Hra na n\u00e1stroj"},"content":{"rendered":"<ul class=\"list-pages-shortcode child-pages\"><li class=\"page_item page-item-852\"><a href=\"https:\/\/pages.pedf.cuni.cz\/khv\/studium\/bc-studium\/hra-na-nastroj\/hra-na-housle-ramcove-pokyny-pro-sestaveni-isp\/\">Hra na housle &#8211; r\u00e1mcov\u00e9 pokyny pro sestavov\u00e1n\u00ed ISP<\/a><\/li>\n<li class=\"page_item page-item-848\"><a href=\"https:\/\/pages.pedf.cuni.cz\/khv\/studium\/bc-studium\/hra-na-nastroj\/hra-na-klavir-ramcove-pokyny-pro-isp\/\">Hra na klav\u00edr &#8211; r\u00e1mcov\u00e9 pokyny pro sestavov\u00e1n\u00ed ISP<\/a><\/li>\n<li class=\"page_item page-item-494\"><a href=\"https:\/\/pages.pedf.cuni.cz\/khv\/studium\/bc-studium\/hra-na-nastroj\/statni-bakalarska-zkouska\/\">St\u00e1tn\u00ed bakal\u00e1\u0159sk\u00e1 zkou\u0161ka<\/a><\/li>\n<\/ul>\n","protected":false},"excerpt":{"rendered":"","protected":false},"author":422,"featured_media":0,"parent":30,"menu_order":2,"comment_status":"closed","ping_status":"closed","template":"","meta":{"footnotes":""},"class_list":["post-422","page","type-page","status-publish","hentry"],"_links":{"self":[{"href":"https:\/\/pages.pedf.cuni.cz\/khv\/wp-json\/wp\/v2\/pages\/422","targetHints":{"allow":["GET"]}}],"collection":[{"href":"https:\/\/pages.pedf.cuni.cz\/khv\/wp-json\/wp\/v2\/pages"}],"about":[{"href":"https:\/\/pages.pedf.cuni.cz\/khv\/wp-json\/wp\/v2\/types\/page"}],"author":[{"embeddable":true,"href":"https:\/\/pages.pedf.cuni.cz\/khv\/wp-json\/wp\/v2\/users\/422"}],"replies":[{"embeddable":true,"href":"https:\/\/pages.pedf.cuni.cz\/khv\/wp-json\/wp\/v2\/comments?post=422"}],"version-history":[{"count":0,"href":"https:\/\/pages.pedf.cuni.cz\/khv\/wp-json\/wp\/v2\/pages\/422\/revisions"}],"up":[{"embeddable":true,"href":"https:\/\/pages.pedf.cuni.cz\/khv\/wp-json\/wp\/v2\/pages\/30"}],"wp:attachment":[{"href":"https:\/\/pages.pedf.cuni.cz\/khv\/wp-json\/wp\/v2\/media?parent=422"}],"curies":[{"name":"wp","href":"https:\/\/api.w.org\/{rel}","templated":true}]}}