{"id":4377,"date":"2022-02-08T12:27:54","date_gmt":"2022-02-08T11:27:54","guid":{"rendered":"https:\/\/pages.pedf.cuni.cz\/khv\/?page_id=4377"},"modified":"2022-02-08T13:31:40","modified_gmt":"2022-02-08T12:31:40","slug":"sbornik","status":"publish","type":"page","link":"https:\/\/pages.pedf.cuni.cz\/khv\/jine\/studijni-materialy\/sbornik\/","title":{"rendered":"Sborn\u00edk Teorie a praxe hudebn\u00ed v\u00fdchovy VII &#8211; p\u0159\u00edlohy"},"content":{"rendered":"\n<p><strong>P\u0159\u00edlohy ke sborn\u00edku konference Teorie a praxe hudebn\u00ed \u00fdchovy VII, <br>Milena Kmentov\u00e1: <em>Potenci\u00e1l lidov\u00fdch p\u00edsn\u00ed v integraci vzd\u011bl\u00e1vac\u00edho obsahu z\u00e1kladn\u00edho vzd\u011bl\u00e1v\u00e1n\u00ed<\/em><\/strong><\/p>\n\n\n\n<p>Finan\u010dn\u00ed gramotnost v lidov\u00e9 p\u00edsni &#8211; melodie a texty p\u00edsn\u00ed &#8211; viz <a href=\"https:\/\/pages.pedf.cuni.cz\/khv\/files\/2022\/02\/TPHV7_Kmentova_FG_melodie_a_texty_pisni.pdf\" target=\"_blank\" rel=\"noreferrer noopener\">p\u0159\u00edloha<\/a><\/p>\n\n\n\n<p>Finan\u010dn\u00ed gramotnost v lidov\u00e9 p\u00edsni &#8211; partitura &#8211; viz <a href=\"https:\/\/pages.pedf.cuni.cz\/khv\/files\/2022\/02\/TPHV7_Kmentova_FG_partitura.pdf\" target=\"_blank\" rel=\"noreferrer noopener\">p\u0159\u00edloha<\/a><\/p>\n\n\n\n<p>Finan\u010dn\u00ed gramotnost v lidov\u00e9 p\u00edsni &#8211; sc\u00e9n\u00e1\u0159 &#8211; viz <a href=\"https:\/\/pages.pedf.cuni.cz\/khv\/files\/2022\/02\/TPHV7_Kmentova_FG_scenar.pdf\" target=\"_blank\" rel=\"noreferrer noopener\">p\u0159\u00edloha<\/a><\/p>\n\n\n\n<p><\/p>\n","protected":false},"excerpt":{"rendered":"<p>P\u0159\u00edlohy ke sborn\u00edku konference Teorie a praxe hudebn\u00ed \u00fdchovy VII, Milena Kmentov\u00e1: Potenci\u00e1l lidov\u00fdch p\u00edsn\u00ed v integraci vzd\u011bl\u00e1vac\u00edho obsahu z\u00e1kladn\u00edho vzd\u011bl\u00e1v\u00e1n\u00ed Finan\u010dn\u00ed gramotnost v lidov\u00e9 p\u00edsni &#8211; melodie a texty p\u00edsn\u00ed &#8211; viz p\u0159\u00edloha Finan\u010dn\u00ed gramotnost v lidov\u00e9 p\u00edsni &#8211; partitura &#8211; viz p\u0159\u00edloha Finan\u010dn\u00ed gramotnost v lidov\u00e9 p\u00edsni &#8211; sc\u00e9n\u00e1\u0159 &#8211; viz p\u0159\u00edloha<\/p>\n","protected":false},"author":422,"featured_media":0,"parent":2546,"menu_order":0,"comment_status":"closed","ping_status":"closed","template":"","meta":{"footnotes":""},"class_list":["post-4377","page","type-page","status-publish","hentry"],"_links":{"self":[{"href":"https:\/\/pages.pedf.cuni.cz\/khv\/wp-json\/wp\/v2\/pages\/4377","targetHints":{"allow":["GET"]}}],"collection":[{"href":"https:\/\/pages.pedf.cuni.cz\/khv\/wp-json\/wp\/v2\/pages"}],"about":[{"href":"https:\/\/pages.pedf.cuni.cz\/khv\/wp-json\/wp\/v2\/types\/page"}],"author":[{"embeddable":true,"href":"https:\/\/pages.pedf.cuni.cz\/khv\/wp-json\/wp\/v2\/users\/422"}],"replies":[{"embeddable":true,"href":"https:\/\/pages.pedf.cuni.cz\/khv\/wp-json\/wp\/v2\/comments?post=4377"}],"version-history":[{"count":4,"href":"https:\/\/pages.pedf.cuni.cz\/khv\/wp-json\/wp\/v2\/pages\/4377\/revisions"}],"predecessor-version":[{"id":4386,"href":"https:\/\/pages.pedf.cuni.cz\/khv\/wp-json\/wp\/v2\/pages\/4377\/revisions\/4386"}],"up":[{"embeddable":true,"href":"https:\/\/pages.pedf.cuni.cz\/khv\/wp-json\/wp\/v2\/pages\/2546"}],"wp:attachment":[{"href":"https:\/\/pages.pedf.cuni.cz\/khv\/wp-json\/wp\/v2\/media?parent=4377"}],"curies":[{"name":"wp","href":"https:\/\/api.w.org\/{rel}","templated":true}]}}